{"id":23908,"date":"2025-04-13T17:40:39","date_gmt":"2025-04-13T17:40:39","guid":{"rendered":"https:\/\/researchchemworld.com\/?post_type=product&#038;p=23908"},"modified":"2026-02-26T12:24:59","modified_gmt":"2026-02-26T12:24:59","slug":"nb-5-meo-mipt-oxalat","status":"publish","type":"product","link":"https:\/\/researchchemworld.com\/cs\/nakupovat\/nb-5-meo-mipt\/nb-5-meo-mipt-oxalat\/","title":{"rendered":"NB-5-MeO-MiPT oxal\u00e1t"},"content":{"rendered":"<h3><strong>Oxal\u00e1t NB-5-MeO-MiPT \u2013 Research Chemicals<\/strong><\/h3>\n<p class=\"ds-markdown-paragraph\"><strong>Popis produktu:<\/strong><br \/>\n<strong>NB-5-MeO-MiPT oxal\u00e1t<\/strong>\u00a0(tak\u00e9 zn\u00e1m\u00fd jako\u00a0<strong>\u201eMoxy\u201c<\/strong>) je syntetick\u00fd tryptamin pou\u017e\u00edvan\u00fd p\u0159edev\u0161\u00edm k\u00a0<strong>v\u011bdeck\u00fd v\u00fdzkum<\/strong>Je to analog 5-MeO-DMT a psilocinu s jedine\u010dn\u00fdmi \u00fa\u010dinky na serotonergn\u00ed receptory. Tato l\u00e1tka je \u010dasto studov\u00e1na pro sv\u016fj potenci\u00e1ln\u00ed vliv na...\u00a0<strong>vn\u00edm\u00e1n\u00ed, n\u00e1lada a kognitivn\u00ed procesy<\/strong>.<\/p>\n<p class=\"ds-markdown-paragraph\">Produkt je k dispozici jako\u00a0<strong>vysoce \u010dist\u00fd pr\u00e1\u0161ek (ve form\u011b oxal\u00e1tov\u00e9 soli)<\/strong>\u00a0a p\u0159ich\u00e1z\u00ed s\u00a0<strong>podrobn\u00e1 laboratorn\u00ed zpr\u00e1va<\/strong>\u00a0pro kontrolu kvality.<\/p>\n<hr \/>\n<h3><strong>Pou\u017eit\u00ed oxal\u00e1tu NB-5-MeO-MiPT<\/strong><\/h3>\n<ul>\n<li>\n<p class=\"ds-markdown-paragraph\"><strong>V\u011bdeck\u00fd v\u00fdzkum:<\/strong>\u00a0Studium interakc\u00ed receptor\u016f (5-HT1A\/2A).<\/p>\n<\/li>\n<li>\n<p class=\"ds-markdown-paragraph\"><strong>Psychonautick\u00fd pr\u016fzkum<\/strong>\u00a0(nen\u00ed ur\u010deno k rekrea\u010dn\u00edmu pou\u017eit\u00ed).<\/p>\n<\/li>\n<li>\n<p class=\"ds-markdown-paragraph\"><strong>Mikrod\u00e1vkov\u00e1n\u00ed:<\/strong>\u00a0Mo\u017en\u00e9 jemn\u00e9 \u00fa\u010dinky na kreativitu a empatii (klinicky neprok\u00e1z\u00e1no).<\/p>\n<\/li>\n<\/ul>\n<p class=\"ds-markdown-paragraph\">\u26a0\ufe0f\u00a0<strong>Nen\u00ed ur\u010deno k lidsk\u00e9 spot\u0159eb\u011b \u2013 pouze pro v\u00fdzkum in vitro.<\/strong><\/p>\n<hr \/>\n<h3><strong>Doporu\u010den\u00e9 d\u00e1vkov\u00e1n\u00ed (pro v\u00fdzkum)<\/strong><\/h3>\n<ul>\n<li>\n<p class=\"ds-markdown-paragraph\"><strong>Prahov\u00e1 hodnota (v\u00fdzkumn\u00e1 d\u00e1vka):<\/strong>\u00a01\u20133 mg<\/p>\n<\/li>\n<li>\n<p class=\"ds-markdown-paragraph\"><strong>Sv\u011bteln\u00e9 efekty:<\/strong>\u00a03\u20136 mg<\/p>\n<\/li>\n<li>\n<p class=\"ds-markdown-paragraph\"><strong>Pr\u016fm\u011brn\u00e1 v\u00fdzkumn\u00e1 d\u00e1vka:<\/strong>\u00a06\u201310 mg<\/p>\n<\/li>\n<li>\n<p class=\"ds-markdown-paragraph\"><strong>Siln\u00e9 \u00fa\u010dinky (pouze pro zku\u0161en\u00e9 v\u00fdzkumn\u00edky):<\/strong>\u00a010\u201315 mg+<\/p>\n<\/li>\n<\/ul>\n<p class=\"ds-markdown-paragraph\">\ud83d\udd2c\u00a0<strong>Metoda:<\/strong>\u00a0Peror\u00e1ln\u00ed, sublingv\u00e1ln\u00ed nebo v roztoku (pou\u017eijte\u00a0<strong>miligramov\u00e1 stupnice<\/strong>\u00a0pro p\u0159esnost).<\/p>\n<hr \/>\n<h3><strong>Mo\u017en\u00e9 \u00fa\u010dinky a vedlej\u0161\u00ed \u00fa\u010dinky<\/strong><\/h3>\n<h4><strong>O\u010dek\u00e1van\u00e9 \u00fa\u010dinky (na z\u00e1klad\u011b neofici\u00e1ln\u00edho v\u00fdzkumu)<\/strong><\/h4>\n<ul>\n<li>\n<p class=\"ds-markdown-paragraph\">Zv\u00fd\u0161en\u00e9 hmatov\u00e9 vjemy<\/p>\n<\/li>\n<li>\n<p class=\"ds-markdown-paragraph\">Zrakov\u00e9 a sluchov\u00e9 vylep\u0161en\u00ed<\/p>\n<\/li>\n<li>\n<p class=\"ds-markdown-paragraph\">Empatogenn\u00ed vlastnosti<\/p>\n<\/li>\n<li>\n<p class=\"ds-markdown-paragraph\">Kognitivn\u00ed flexibilita<\/p>\n<\/li>\n<\/ul>\n<h4><strong>Mo\u017en\u00e9 vedlej\u0161\u00ed \u00fa\u010dinky<\/strong><\/h4>\n<ul>\n<li>\n<p class=\"ds-markdown-paragraph\">Nevolnost (zejm\u00e9na p\u0159i vy\u0161\u0161\u00edch d\u00e1vk\u00e1ch)<\/p>\n<\/li>\n<li>\n<p class=\"ds-markdown-paragraph\">M\u00edrn\u00e1 a\u017e st\u0159edn\u011b t\u011b\u017ek\u00e1 \u00fazkost nebo neklid<\/p>\n<\/li>\n<li>\n<p class=\"ds-markdown-paragraph\">Zv\u00fd\u0161en\u00e1 tepov\u00e1 frekvence<\/p>\n<\/li>\n<li>\n<p class=\"ds-markdown-paragraph\">Poruchy sp\u00e1nku p\u0159i pozdn\u00edm u\u017e\u00edv\u00e1n\u00ed<\/p>\n<\/li>\n<\/ul>\n<p class=\"ds-markdown-paragraph\">\u26a0\ufe0f\u00a0<strong>Nekombinujte s inhibitory MAO, SSRI nebo jin\u00fdmi serotonergn\u00edmi l\u00e1tkami.<\/strong><\/p>\n<hr \/>\n<h3><strong>\u010casto kladen\u00e9 ot\u00e1zky (FAQ)<\/strong><\/h3>\n<p class=\"ds-markdown-paragraph\"><strong>1. Je NB-5-MeO-MiPT v Nizozemsku leg\u00e1ln\u00ed?<\/strong><br \/>\nSpad\u00e1 pod\u00a0<strong>Opiov\u00fd z\u00e1kon<\/strong>\u00a0jako v\u00fdzkumn\u00e1 l\u00e1tka a je\u00a0<strong>nen\u00ed schv\u00e1len pro pou\u017eit\u00ed u lid\u00ed<\/strong>.<\/p>\n<p class=\"ds-markdown-paragraph\"><strong>2. Jak dlouho \u00fa\u010dinky trvaj\u00ed?<\/strong><\/p>\n<ul>\n<li>\n<p class=\"ds-markdown-paragraph\"><strong>Peror\u00e1ln\u00ed p\u0159\u00edjem:<\/strong>\u00a0~4-7 hodin<\/p>\n<\/li>\n<li>\n<p class=\"ds-markdown-paragraph\"><strong>Sublingv\u00e1ln\u00ed p\u0159\u00edjem:<\/strong>\u00a0~3-5 hodin<\/p>\n<\/li>\n<\/ul>\n<p class=\"ds-markdown-paragraph\"><strong>3. Lze jej pou\u017e\u00edt pro mikrod\u00e1vkov\u00e1n\u00ed?<\/strong><br \/>\nN\u011bkte\u0159\u00ed v\u00fdzkumn\u00edci experimentuj\u00ed s\u00a0<strong>mikrod\u00e1vky (0,5\u20132 mg)<\/strong>, ale k dispozici je jen m\u00e1lo v\u011bdeck\u00fdch \u00fadaj\u016f.<\/p>\n<p class=\"ds-markdown-paragraph\"><strong>4. Jak by se to m\u011blo skladovat?<\/strong><br \/>\nUlo\u017eit do\u00a0<strong>chladn\u00e9m, such\u00e9m a tmav\u00e9m prost\u0159ed\u00ed<\/strong>\u00a0(nejl\u00e9pe ve vakuov\u00e9m balen\u00ed).<\/p>\n<hr \/>\n<h3><strong>Laboratorn\u00ed zpr\u00e1va a zaji\u0161t\u011bn\u00ed kvality<\/strong><\/h3>\n<ul>\n<li>\n<p class=\"ds-markdown-paragraph\"><strong>\u010cistota:<\/strong>\u00a0\u226598% (testov\u00e1no HPLC)<\/p>\n<\/li>\n<li>\n<p class=\"ds-markdown-paragraph\"><strong>Bez t\u011b\u017ek\u00fdch kov\u016f a zbytk\u016f<\/strong><\/p>\n<\/li>\n<li>\n<p class=\"ds-markdown-paragraph\"><strong>Konzistentn\u00ed slo\u017een\u00ed<\/strong><\/p>\n<\/li>\n<\/ul>\n<p class=\"ds-markdown-paragraph\">\ud83d\udcc4\u00a0<strong>Laboratorn\u00ed anal\u00fdzy jsou k dispozici na vy\u017e\u00e1d\u00e1n\u00ed.<\/strong><\/p>\n<hr \/>\n<h3><strong>Bezpe\u010dnostn\u00ed rady<\/strong><\/h3>\n<ul>\n<li>\n<p class=\"ds-markdown-paragraph\"><strong>V\u017edy za\u010dn\u011bte s n\u00edzkou d\u00e1vkou<\/strong>\u00a0(1-2 mg) k testov\u00e1n\u00ed tolerance.<\/p>\n<\/li>\n<li>\n<p class=\"ds-markdown-paragraph\"><strong>Nepou\u017e\u00edvejte samostatn\u011b<\/strong>\u00a0\u2013 v\u00fdzkum v kontrolovan\u00e9m prost\u0159ed\u00ed.<\/p>\n<\/li>\n<li>\n<p class=\"ds-markdown-paragraph\"><strong>Nepou\u017e\u00edvejte v p\u0159\u00edpad\u011b du\u0161evn\u00edch poruch.<\/strong>\u00a0(riziko zhor\u0161en\u00ed).<\/p>\n<\/li>\n<\/ul>\n<p class=\"ds-markdown-paragraph\">\ud83d\udd2c\u00a0<strong>Pouze pro v\u00fdzkumn\u00e9 \u00fa\u010dely \u2013 ne pro konzumaci.<\/strong><\/p>\n<hr \/>\n<p class=\"ds-markdown-paragraph\"><strong>zeptat se?<\/strong>\u00a0Neem contact op voor meer informatie over verantwoord onderzoek. \ud83e\uddea<\/p>","protected":false},"excerpt":{"rendered":"<h3><span data-sheets-value=\"{\" data-sheets-userformat=\"{\"><span style=\"vertical-align: inherit;\"><span style=\"vertical-align: inherit;\">NB-5-MeO-MiPT oxalate properties<\/span><\/span><\/span><\/h3>\n<p><strong><span style=\"vertical-align: inherit;\"><span style=\"vertical-align: inherit;\">Synonym:<\/span><\/span><\/strong><span style=\"vertical-align: inherit;\"><span style=\"vertical-align: inherit;\"> tert-butyl 3-(2-(isopropyl(methyl)amino)ethyl)-5-methoxy-1H-indole-1-carboxylate oxalate <\/span><\/span><br \/>\n<strong><span style=\"vertical-align: inherit;\"><span style=\"vertical-align: inherit;\">CAS Number:<\/span><\/span><\/strong><span style=\"vertical-align: inherit;\"><span style=\"vertical-align: inherit;\"> none <\/span><\/span><br \/>\n<strong><span style=\"vertical-align: inherit;\"><span style=\"vertical-align: inherit;\">Formula:<\/span><\/span><\/strong><span style=\"vertical-align: inherit;\"><span style=\"vertical-align: inherit;\"> 3-[2-(isopropylmethylamino)ethyl]-5-methoxyindole freebase <\/span><\/span><br \/>\n<strong><span style=\"vertical-align: inherit;\"><span style=\"vertical-align: inherit;\">Mole mass:<\/span><\/span><\/strong><span style=\"vertical-align: inherit;\"><span style=\"vertical-align: inherit;\"> xx <\/span><\/span><br \/>\n<strong><span style=\"vertical-align: inherit;\"><span style=\"vertical-align: inherit;\">Purity:<\/span><\/span><\/strong><span style=\"vertical-align: inherit;\"><span style=\"vertical-align: inherit;\"> 98%&gt;<\/span><\/span><\/p>\n","protected":false},"featured_media":29396,"comment_status":"closed","ping_status":"closed","template":"","meta":[],"product_brand":[],"product_cat":[490,381],"product_tag":[452],"class_list":{"0":"post-23908","1":"product","2":"type-product","3":"status-publish","4":"has-post-thumbnail","6":"product_cat-nb-5-meo-mipt","7":"product_cat-tryptamines","8":"product_tag-de","10":"first","11":"instock","12":"taxable","13":"shipping-taxable","14":"purchasable","15":"product-type-variable"},"_links":{"self":[{"href":"https:\/\/researchchemworld.com\/cs\/wp-json\/wp\/v2\/product\/23908","targetHints":{"allow":["GET"]}}],"collection":[{"href":"https:\/\/researchchemworld.com\/cs\/wp-json\/wp\/v2\/product"}],"about":[{"href":"https:\/\/researchchemworld.com\/cs\/wp-json\/wp\/v2\/types\/product"}],"replies":[{"embeddable":true,"href":"https:\/\/researchchemworld.com\/cs\/wp-json\/wp\/v2\/comments?post=23908"}],"version-history":[{"count":4,"href":"https:\/\/researchchemworld.com\/cs\/wp-json\/wp\/v2\/product\/23908\/revisions"}],"predecessor-version":[{"id":26667,"href":"https:\/\/researchchemworld.com\/cs\/wp-json\/wp\/v2\/product\/23908\/revisions\/26667"}],"wp:featuredmedia":[{"embeddable":true,"href":"https:\/\/researchchemworld.com\/cs\/wp-json\/wp\/v2\/media\/29396"}],"wp:attachment":[{"href":"https:\/\/researchchemworld.com\/cs\/wp-json\/wp\/v2\/media?parent=23908"}],"wp:term":[{"taxonomy":"product_brand","embeddable":true,"href":"https:\/\/researchchemworld.com\/cs\/wp-json\/wp\/v2\/product_brand?post=23908"},{"taxonomy":"product_cat","embeddable":true,"href":"https:\/\/researchchemworld.com\/cs\/wp-json\/wp\/v2\/product_cat?post=23908"},{"taxonomy":"product_tag","embeddable":true,"href":"https:\/\/researchchemworld.com\/cs\/wp-json\/wp\/v2\/product_tag?post=23908"}],"curies":[{"name":"wp","href":"https:\/\/api.w.org\/{rel}","templated":true}]}}