{"id":24179,"date":"2025-04-13T17:41:13","date_gmt":"2025-04-13T17:41:13","guid":{"rendered":"https:\/\/researchchemworld.com\/?post_type=product&#038;p=24179"},"modified":"2026-02-25T17:12:41","modified_gmt":"2026-02-25T17:12:41","slug":"rc-bromazolam-25mg-box","status":"publish","type":"product","link":"https:\/\/researchchemworld.com\/cs\/nakupovat\/b2b\/rc-bromazolam-25mg-box\/","title":{"rendered":"Krabi\u010dka RC+ Bromazolam 2,5 mg"},"content":{"rendered":"<h1><strong>Bromazolam 2,5mg Box \u2013 Chemick\u00e9 l\u00e1tky pro kvalitativn\u00ed v\u00fdzkum<\/strong><\/h1>\n<p class=\"ds-markdown-paragraph\"><strong>N\u00e1zev produktu:<\/strong>\u00a0RC+ Bromazolam 2,5 mg na tabletu (krabice)<br \/>\n<strong>Hlavn\u00ed \u00fa\u010dinn\u00e1 l\u00e1tka:<\/strong><br \/>\n<strong>Obsah:<\/strong>\u00a02,5 mg na tabletu, baleno v praktick\u00e9 krabi\u010dce<br \/>\n<strong>Vhodn\u00e9 pro:<\/strong>\u00a0V\u011bdeck\u00fd v\u00fdzkum (ne pro lidskou spot\u0159ebu)<a title=\"1V-LSD 150 MCG saje\" href=\"https:\/\/researchchemworld.com\/cs\/nakupovat\/lysergamidy\/1v-lsd-150-mcg-blotters\/\" target=\"_blank\" rel=\"noopener\">1V-LSD 150 MCG saje<\/a><\/p>\n<p class=\"ds-markdown-paragraph\">je v\u00fdzkumn\u00e1 chemik\u00e1lie pat\u0159\u00edc\u00ed do t\u0159\u00eddy benzodiazepin\u016f. Je zn\u00e1m\u00fd pro sv\u00e9 potenci\u00e1ln\u00ed \u00fa\u010dinky ve v\u011bdeck\u00fdch studi\u00edch a prod\u00e1v\u00e1 se pouze pro v\u00fdzkumn\u00e9 \u00fa\u010dely.<\/p>\n<h2><strong>Pro\u010d si koupit RC+ 2,5mg Box?<\/strong><\/h2>\n<p class=\"ds-markdown-paragraph\">\u2705\u00a0<strong>Vysok\u00e1 kvalita:<\/strong>\u00a0\u010cist\u011b a d\u016fsledn\u011b formulov\u00e1no pro spolehliv\u00e9 v\u00fdsledky v\u00fdzkumu.<br \/>\n\u2705\u00a0<strong>P\u0159esn\u011b d\u00e1vkovan\u00e9:<\/strong>\u00a0Ka\u017ed\u00e1 tableta obsahuje 2,5 mg bromazolamu pro p\u0159esn\u00e9 experimenty.<br \/>\n\u2705\u00a0<strong>Bezpe\u010dn\u011b zabalen\u00e9:<\/strong>\u00a0Diskr\u00e9tn\u00ed a profesion\u00e1ln\u00ed balen\u00ed.<br \/>\n\u2705\u00a0<strong>Rychl\u00e9 dod\u00e1n\u00ed:<\/strong>\u00a0Objedn\u00e1no p\u0159ed 15:00? \u010casto odes\u00edl\u00e1no ve stejn\u00fd den!<a title=\"2-CMC 250 mg pelety\" href=\"https:\/\/researchchemworld.com\/cs\/nakupovat\/katinony\/%f0%9f%92%a1-2-mmc-krystalicky-prasek-pro-vsechny-otazky-a-odpovedi-k-nakupu\/\" target=\"_blank\" rel=\"noopener\">2-CMC 250 mg pelety<\/a><\/p>\n<h2><strong>D\u016fle\u017eit\u00e9 informace o pou\u017eit\u00ed<\/strong><\/h2>\n<p class=\"ds-markdown-paragraph\">\u26a0\ufe0f\u00a0<strong>Pouze pro v\u00fdzkumn\u00e9 \u00fa\u010dely<\/strong>\u00a0\u2013 Nen\u00ed ur\u010deno pro lidskou ani zv\u00ed\u0159ec\u00ed spot\u0159ebu.<br \/>\n\u26a0\ufe0f\u00a0<strong>Tip na skladov\u00e1n\u00ed:<\/strong>\u00a0Uchov\u00e1vejte v suchu a mimo dosah d\u011bt\u00ed.<\/p>\n<h2><strong>Objednejte nyn\u00ed RC+ 2,5mg box<\/strong><\/h2>\n<p class=\"ds-markdown-paragraph\">Jste v\u00fdzkumn\u00fd pracovn\u00edk, kter\u00fd hled\u00e1 vysoce kvalitn\u00ed v\u00fdzkumn\u00e9 chemik\u00e1lie? Pak objednejte je\u0161t\u011b dnes\u00a0<strong>RC+ 2,5mg krabi\u010dka<\/strong>\u00a0a rychle obdr\u017e\u00edte sv\u016fj produkt!<a title=\"6-CL-ADBA\" href=\"https:\/\/researchchemworld.com\/cs\/nakupovat\/temer-zakazano\/6-cl-adba\/\" target=\"_blank\" rel=\"noopener\">6-CL-ADBA<\/a><\/p>","protected":false},"excerpt":{"rendered":"<p>Bromazolam 2,5mg Box \u2013 Quality Research Chemicals N\u00e1zev produktu: RC+ Bromazolam 2,5mg na tabletu (Box) Hlavn\u00ed \u00fa\u010dinn\u00e1 l\u00e1tka: Obsah: 2,5mg na tabletu, baleno v<\/p>","protected":false},"featured_media":29428,"comment_status":"closed","ping_status":"closed","template":"","meta":[],"product_brand":[82],"product_cat":[555],"product_tag":[174,183,184,176,175,178,177,180,326,179],"class_list":{"0":"post-24179","1":"product","2":"type-product","3":"status-publish","4":"has-post-thumbnail","6":"product_brand-research-chemical","7":"product_cat-b2b","8":"product_tag-bromazolam","9":"product_tag-bromazolam-bijwerkingen","10":"product_tag-bromazolam-dosing","11":"product_tag-bromazolam-ervaringen","12":"product_tag-bromazolam-kopen","13":"product_tag-bromazolam-na-drugs","14":"product_tag-bromazolam-psychonaut","15":"product_tag-hoe-lang-werkt-bromazolam","16":"product_tag-nl","17":"product_tag-wat-is-bromazolam","19":"first","20":"instock","21":"taxable","22":"shipping-taxable","23":"purchasable","24":"product-type-variable"},"_links":{"self":[{"href":"https:\/\/researchchemworld.com\/cs\/wp-json\/wp\/v2\/product\/24179","targetHints":{"allow":["GET"]}}],"collection":[{"href":"https:\/\/researchchemworld.com\/cs\/wp-json\/wp\/v2\/product"}],"about":[{"href":"https:\/\/researchchemworld.com\/cs\/wp-json\/wp\/v2\/types\/product"}],"replies":[{"embeddable":true,"href":"https:\/\/researchchemworld.com\/cs\/wp-json\/wp\/v2\/comments?post=24179"}],"version-history":[{"count":5,"href":"https:\/\/researchchemworld.com\/cs\/wp-json\/wp\/v2\/product\/24179\/revisions"}],"predecessor-version":[{"id":26024,"href":"https:\/\/researchchemworld.com\/cs\/wp-json\/wp\/v2\/product\/24179\/revisions\/26024"}],"wp:featuredmedia":[{"embeddable":true,"href":"https:\/\/researchchemworld.com\/cs\/wp-json\/wp\/v2\/media\/29428"}],"wp:attachment":[{"href":"https:\/\/researchchemworld.com\/cs\/wp-json\/wp\/v2\/media?parent=24179"}],"wp:term":[{"taxonomy":"product_brand","embeddable":true,"href":"https:\/\/researchchemworld.com\/cs\/wp-json\/wp\/v2\/product_brand?post=24179"},{"taxonomy":"product_cat","embeddable":true,"href":"https:\/\/researchchemworld.com\/cs\/wp-json\/wp\/v2\/product_cat?post=24179"},{"taxonomy":"product_tag","embeddable":true,"href":"https:\/\/researchchemworld.com\/cs\/wp-json\/wp\/v2\/product_tag?post=24179"}],"curies":[{"name":"wp","href":"https:\/\/api.w.org\/{rel}","templated":true}]}}