{"id":24265,"date":"2025-04-13T17:41:21","date_gmt":"2025-04-13T17:41:21","guid":{"rendered":"https:\/\/researchchemworld.com\/?post_type=product&#038;p=24265"},"modified":"2026-02-25T16:55:22","modified_gmt":"2026-02-25T16:55:22","slug":"rc-metocinovy-sacek-3-pelety","status":"publish","type":"product","link":"https:\/\/researchchemworld.com\/cs\/nakupovat\/b2b\/rc-metocinovy-sacek-3-pelety\/","title":{"rendered":"RC+ Metocin s\u00e1\u010dek 3 pelety"},"content":{"rendered":"<h2 class=\"ds-markdown-paragraph\"><strong>Metocin <span class=\"___SText_anxqe-ko_\" data-ui-name=\"Link.Text\">4-ho-met<\/span> 3 pelety \u2013 pr\u00e9miov\u00e1 v\u00fdzkumn\u00e1 chemie pro v\u011bdeck\u00e9 studium<\/strong><\/h2>\n<p class=\"ds-markdown-paragraph\"><strong>N\u00e1zev produktu:<\/strong>\u00a0RC+ Metocin (4-HO-MET \/ Metocin) \u2013 3 pelety na s\u00e1\u010dek<br \/>\n<strong>Kategorie:<\/strong>\u00a0V\u00fdzkumn\u00e9 chemik\u00e1lie (t\u0159\u00edda psychedelick\u00fdch tryptamin\u016f)<br \/>\n<strong>Aplikace:<\/strong> Neuropsychologick\u00fd v\u00fdzkum a studie receptor\u016f.<a title=\"2C-EF 2mg tobolky\" href=\"https:\/\/researchchemworld.com\/cs\/nakupovat\/fenethylamin\/2c-ef-2mg-kapsle\/\" target=\"_blank\" rel=\"noopener\">2C-EF 2mg tobolky<\/a><\/p>\n<hr \/>\n<h3><strong>Vlastnosti produktu:<\/strong><\/h3>\n<p class=\"ds-markdown-paragraph\">\ud83d\udd2c\u00a0<strong>Vysoce \u010dist\u00e1 slou\u010denina<\/strong>\u00a0(\u010distota &gt;98%)<br \/>\n\ud83d\udc8a\u00a0<strong>3 pelety na s\u00e1\u010dek<\/strong>\u00a0(standardizovan\u00e9 d\u00e1vkov\u00e1n\u00ed)<br \/>\n\ud83d\udce6\u00a0<strong>Vzduchot\u011bsn\u00e9, sv\u011btlot\u011bsn\u00e9 balen\u00ed<\/strong><br \/>\n\ud83d\udcca\u00a0<strong>Rozs\u00e1hl\u00e1 kontrola kvality<\/strong> (Anal\u00fdza HPLC a GC\/MS).<a title=\"2-CMC 250 mg pelety\" href=\"https:\/\/researchchemworld.com\/cs\/nakupovat\/katinony\/%f0%9f%92%a1-2-mmc-krystalicky-prasek-pro-vsechny-otazky-a-odpovedi-k-nakupu\/\" target=\"_blank\" rel=\"noopener\">2-CMC 250 mg pelety<\/a><\/p>\n<h3><strong>V\u011bdeck\u00e1 relevance:<\/strong><\/h3>\n<p class=\"ds-markdown-paragraph\">4-HO-MET je zaj\u00edmav\u00e1 slou\u010denina pro v\u00fdzkum:<\/p>\n<ul>\n<li>\n<p class=\"ds-markdown-paragraph\">Interakce se serotonergn\u00edmi receptory (5-HT2A)<\/p>\n<\/li>\n<li>\n<p class=\"ds-markdown-paragraph\">Vzory aktivace zrakov\u00e9 k\u016fry<\/p>\n<\/li>\n<li>\n<p class=\"ds-markdown-paragraph\">Srovn\u00e1vac\u00ed farmakologie s klasick\u00fdmi tryptaminy.<a title=\"1V-LSD 150 MCG saje\" href=\"https:\/\/researchchemworld.com\/cs\/nakupovat\/lysergamidy\/1v-lsd-150-mcg-blotters\/\" target=\"_blank\" rel=\"noopener\">1V-LSD 150 MCG saje<\/a><\/p>\n<\/li>\n<\/ul>\n<p class=\"ds-markdown-paragraph\"><strong>D\u016fle\u017eit\u00e1 pozn\u00e1mka:<\/strong><\/p>\n<ul>\n<li>\n<p class=\"ds-markdown-paragraph\">Pouze pro v\u00fdzkum in vitro<\/p>\n<\/li>\n<li>\n<p class=\"ds-markdown-paragraph\">Nen\u00ed ur\u010deno pro lidskou\/zv\u00ed\u0159ec\u00ed spot\u0159ebu<\/p>\n<\/li>\n<li>\n<p class=\"ds-markdown-paragraph\">Nen\u00ed ur\u010deno k l\u00e9\u010debn\u00fdm ani rekrea\u010dn\u00edm \u00fa\u010del\u016fm<\/p>\n<\/li>\n<\/ul>\n<hr \/>\n<h3><strong>Bezpe\u010dnost v laborato\u0159i:<\/strong><\/h3>\n<p class=\"ds-markdown-paragraph\">\u26a0\u00a0<strong>Standardn\u00ed protokoly:<\/strong><\/p>\n<ul>\n<li>\n<p class=\"ds-markdown-paragraph\">Pr\u00e1ce v podm\u00edn\u011bn\u00e9m prost\u0159ed\u00ed<\/p>\n<\/li>\n<li>\n<p class=\"ds-markdown-paragraph\">Kompletn\u00ed osobn\u00ed ochrana (laboratorn\u00ed pl\u00e1\u0161\u0165, nitrilov\u00e9 rukavice, ochrann\u00e9 br\u00fdle).<a title=\"2C-EF 2mg tobolky\" href=\"https:\/\/researchchemworld.com\/cs\/nakupovat\/fenethylamin\/2c-ef-2mg-kapsle\/\" target=\"_blank\" rel=\"noopener\">2C-EF 2mg tobolky<\/a><\/p>\n<\/li>\n<li>\n<p class=\"ds-markdown-paragraph\">Je nutn\u00e9 dostate\u010dn\u00e9 v\u011btr\u00e1n\u00ed<\/p>\n<\/li>\n<\/ul>\n<p class=\"ds-markdown-paragraph\">\u26a0\u00a0<strong>Pr\u00e1vn\u00ed stav:<\/strong><\/p>\n<ul>\n<li>\n<p class=\"ds-markdown-paragraph\">V mnoha zem\u00edch regulov\u00e1no jako NPS (nov\u00e1 psychoaktivn\u00ed l\u00e1tka)<\/p>\n<\/li>\n<li>\n<p class=\"ds-markdown-paragraph\">V\u00fdzkumn\u00edci by si m\u011bli ov\u011b\u0159it m\u00edstn\u00ed z\u00e1kony<\/p>\n<\/li>\n<li>\n<p class=\"ds-markdown-paragraph\">Pln\u00e1 odpov\u011bdnost s kupuj\u00edc\u00edm<\/p>\n<\/li>\n<\/ul>\n<hr \/>\n<h3><strong>V\u00fdhody v\u00fdzkumu:<\/strong><\/h3>\n<p class=\"ds-markdown-paragraph\">\u2705\u00a0<strong>Standardizovan\u00e1 kvalita<\/strong>\u00a0na d\u00e1vku<br \/>\n\u2705\u00a0<strong>Mal\u00e9 mno\u017estv\u00ed<\/strong>\u00a0pro pilotn\u00ed studie<br \/>\n\u2705\u00a0<strong>V\u011bdeck\u00e1 podpora<\/strong>\u00a0k dispozici<br \/>\n\u2705\u00a0<strong>Rychl\u00e9 a diskr\u00e9tn\u00ed dod\u00e1n\u00ed<\/strong>\u00a0v r\u00e1mci EU<\/p>","protected":false},"excerpt":{"rendered":"<p>\u010c\u00edslo CAS: 77872-41-4<br \/>\nVzorec: C13H18N2O<br \/>\nMol\u00e1rn\u00ed hmotnost: 218,3 g\/mol<br \/>\n\u010cistota: \u226598%<\/p>","protected":false},"featured_media":29439,"comment_status":"closed","ping_status":"closed","template":"","meta":[],"product_brand":[82],"product_cat":[555],"product_tag":[858,857,871,636,673,635,870,326],"class_list":{"0":"post-24265","1":"product","2":"type-product","3":"status-publish","4":"has-post-thumbnail","6":"product_brand-research-chemical","7":"product_cat-b2b","8":"product_tag-4-acetoxy-met","9":"product_tag-4-ho-met-psychonaut","10":"product_tag-methylcybin","11":"product_tag-metocin","12":"product_tag-metocin-4-ho-met","13":"product_tag-metocin-kopen","14":"product_tag-metocin-tablet","15":"product_tag-nl","17":"first","18":"instock","19":"taxable","20":"shipping-taxable","21":"purchasable","22":"product-type-variable"},"_links":{"self":[{"href":"https:\/\/researchchemworld.com\/cs\/wp-json\/wp\/v2\/product\/24265","targetHints":{"allow":["GET"]}}],"collection":[{"href":"https:\/\/researchchemworld.com\/cs\/wp-json\/wp\/v2\/product"}],"about":[{"href":"https:\/\/researchchemworld.com\/cs\/wp-json\/wp\/v2\/types\/product"}],"replies":[{"embeddable":true,"href":"https:\/\/researchchemworld.com\/cs\/wp-json\/wp\/v2\/comments?post=24265"}],"version-history":[{"count":3,"href":"https:\/\/researchchemworld.com\/cs\/wp-json\/wp\/v2\/product\/24265\/revisions"}],"predecessor-version":[{"id":26006,"href":"https:\/\/researchchemworld.com\/cs\/wp-json\/wp\/v2\/product\/24265\/revisions\/26006"}],"wp:featuredmedia":[{"embeddable":true,"href":"https:\/\/researchchemworld.com\/cs\/wp-json\/wp\/v2\/media\/29439"}],"wp:attachment":[{"href":"https:\/\/researchchemworld.com\/cs\/wp-json\/wp\/v2\/media?parent=24265"}],"wp:term":[{"taxonomy":"product_brand","embeddable":true,"href":"https:\/\/researchchemworld.com\/cs\/wp-json\/wp\/v2\/product_brand?post=24265"},{"taxonomy":"product_cat","embeddable":true,"href":"https:\/\/researchchemworld.com\/cs\/wp-json\/wp\/v2\/product_cat?post=24265"},{"taxonomy":"product_tag","embeddable":true,"href":"https:\/\/researchchemworld.com\/cs\/wp-json\/wp\/v2\/product_tag?post=24265"}],"curies":[{"name":"wp","href":"https:\/\/api.w.org\/{rel}","templated":true}]}}