{"id":24268,"date":"2025-04-13T17:41:22","date_gmt":"2025-04-13T17:41:22","guid":{"rendered":"https:\/\/researchchemworld.com\/?post_type=product&#038;p=24268"},"modified":"2026-02-25T16:46:19","modified_gmt":"2026-02-25T16:46:19","slug":"promal-metallyleskalin","status":"publish","type":"product","link":"https:\/\/researchchemworld.com\/cs\/nakupovat\/b2b\/promal-metallyleskalin\/","title":{"rendered":"RC+ Promal s\u00e1\u010dek 3 pelety"},"content":{"rendered":"<h2><span data-sheets-value=\"{\" data-sheets-userformat=\"{\">Promal Methallylescaline 21mg s\u00e1\u010dek se 3 peletami<\/span><\/h2>\n<p class=\"ds-markdown-paragraph\"><strong>N\u00e1zev produktu:<\/strong> RC+ (analog proscalinu) \u2013 3 pelety na s\u00e1\u010dek<br \/>\n<strong>Kategorie:<\/strong>\u00a0V\u00fdzkumn\u00e9 chemik\u00e1lie (t\u0159\u00edda fenetylaminu)<br \/>\n<strong>Aplikace:<\/strong> Neurochemick\u00e9 studie a farmakologick\u00fd v\u00fdzkum.<a title=\"2C-EF 2mg tobolky\" href=\"https:\/\/researchchemworld.com\/cs\/nakupovat\/fenethylamin\/2c-ef-2mg-kapsle\/\" target=\"_blank\" rel=\"noopener\">2C-EF 2mg tobolky<\/a><\/p>\n<hr \/>\n<h3><strong>Vlastnosti produktu:<\/strong><\/h3>\n<p class=\"ds-markdown-paragraph\">\ud83d\udd2c\u00a0<strong>Standardizovan\u00e9 slo\u017een\u00ed<\/strong>\u00a0\u2013 Optimalizov\u00e1no pro reprodukovateln\u00e9 v\u00fdsledky<br \/>\n\ud83d\udc8a\u00a0<strong>3 pelety v balen\u00ed<\/strong>\u00a0\u2013 Ide\u00e1ln\u00ed pro kontrolovan\u00e9 experimenty<br \/>\n\ud83d\udce6\u00a0<strong>Vzduchot\u011bsn\u00e9 balen\u00ed s\u00e1\u010dku<\/strong>\u00a0- Maxim\u00e1ln\u00ed stabilita a ochrana<br \/>\n\ud83d\udcca\u00a0<strong>Kontrola kvality<\/strong> \u2013 Zpr\u00e1vy o analytick\u00fdch testech dostupn\u00e9 v\u00fdzkumn\u00fdm pracovn\u00edk\u016fm.<a title=\"2-CMC 250 mg pelety\" href=\"https:\/\/researchchemworld.com\/cs\/nakupovat\/katinony\/%f0%9f%92%a1-2-mmc-krystalicky-prasek-pro-vsechny-otazky-a-odpovedi-k-nakupu\/\" target=\"_blank\" rel=\"noopener\">2-CMC 250 mg pelety<\/a><\/p>\n<h3><strong>O Promalu (analog Proscaline):<\/strong><\/h3>\n<p class=\"ds-markdown-paragraph\">V\u00fdzkumn\u00e1 l\u00e1tka se zaj\u00edmav\u00fdmi vlastnostmi pro:<\/p>\n<ul>\n<li>\n<p class=\"ds-markdown-paragraph\">Studie vazby na receptory (serotonergn\u00ed syst\u00e9m)<\/p>\n<\/li>\n<li>\n<p class=\"ds-markdown-paragraph\">V\u00fdzkum vztah\u016f mezi strukturou a aktivitou (SAR).<\/p>\n<\/li>\n<li>\n<p class=\"ds-markdown-paragraph\">Srovn\u00e1vac\u00ed farmakodynamick\u00e9 anal\u00fdzy<\/p>\n<\/li>\n<\/ul>\n<p class=\"ds-markdown-paragraph\"><strong>D\u016fle\u017eit\u00e1 pozn\u00e1mka:<\/strong><\/p>\n<ul>\n<li>\n<p class=\"ds-markdown-paragraph\">Pouze pro \u00fa\u010dely v\u00fdzkumu in vitro<\/p>\n<\/li>\n<li>\n<p class=\"ds-markdown-paragraph\">Absolutn\u011b ne pro lidskou\/zv\u00ed\u0159ec\u00ed spot\u0159ebu<\/p>\n<\/li>\n<li>\n<p class=\"ds-markdown-paragraph\">\u017d\u00e1dn\u00e9 l\u00e9\u010debn\u00e9 nebo rekrea\u010dn\u00ed pou\u017eit\u00ed<\/p>\n<\/li>\n<\/ul>\n<hr \/>\n<h3><strong>Bezpe\u010dnostn\u00ed pokyny:<\/strong><\/h3>\n<p class=\"ds-markdown-paragraph\">\u26a0\u00a0<strong>Laboratorn\u00ed protokol:<\/strong><\/p>\n<ul>\n<li>\n<p class=\"ds-markdown-paragraph\">V\u017edy pou\u017e\u00edvejte osobn\u00ed ochrann\u00e9 prost\u0159edky<\/p>\n<\/li>\n<li>\n<p class=\"ds-markdown-paragraph\">Pracujte v\u00fdhradn\u011b v kontrolovan\u00e9m laboratorn\u00edm prost\u0159ed\u00ed<\/p>\n<\/li>\n<li>\n<p class=\"ds-markdown-paragraph\">Vyhn\u011bte se kontaktu s poko\u017ekou <a href=\"http:\/\/google.nl\" target=\"_blank\" rel=\"noopener\">a<\/a> sliznice<\/p>\n<\/li>\n<\/ul>\n<p class=\"ds-markdown-paragraph\">\u26a0\u00a0<strong>Pr\u00e1vn\u00ed status:<\/strong><\/p>\n<ul>\n<li>\n<p class=\"ds-markdown-paragraph\">Mo\u017en\u00e1 regulov\u00e1no nizozemsk\u00fdm z\u00e1konem o opiu<\/p>\n<\/li>\n<li>\n<p class=\"ds-markdown-paragraph\">Mohou platit celoevropsk\u00e1 omezen\u00ed<\/p>\n<\/li>\n<li>\n<p class=\"ds-markdown-paragraph\">Pln\u00e1 odpov\u011bdnost v\u00fdzkumn\u00edka\/kupuj\u00edc\u00edho.<a title=\"1V-LSD 150 MCG saje\" href=\"https:\/\/researchchemworld.com\/cs\/nakupovat\/lysergamidy\/1v-lsd-150-mcg-blotters\/\" target=\"_blank\" rel=\"noopener\">1V-LSD 150 MCG saje<\/a><\/p>\n<\/li>\n<\/ul>\n<hr \/>\n<h3><strong>Pro\u010d RC+ Promal Pellets?<\/strong><\/h3>\n<p class=\"ds-markdown-paragraph\">\u2705\u00a0<strong>Konzistentn\u00ed kvalita<\/strong>\u00a0\u2013 P\u0159\u00edsn\u00fd v\u00fdrobn\u00ed protokol<br \/>\n\u2705\u00a0<strong>Form\u00e1t vhodn\u00fd pro v\u00fdzkum<\/strong>\u00a0\u2013 Mal\u00e1 \u010d\u00e1stka na pilotn\u00ed studie<br \/>\n\u2705\u00a0<strong>Diskr\u00e9tn\u00ed doprava<\/strong>\u00a0\u2013 Neutr\u00e1ln\u00ed balen\u00ed bez ozna\u010den\u00ed<br \/>\n\u2705\u00a0<strong>Rychl\u00e9 dod\u00e1n\u00ed<\/strong>\u00a0\u2013 Evropsk\u00e1 z\u00e1soba pro \u00fa\u010dinn\u00fd v\u00fdzkum<\/p>","protected":false},"excerpt":{"rendered":"<p>Promal Methallylescaline 21mg s\u00e1\u010dek se 3 peletami N\u00e1zev produktu: RC+ (Proscaline Analog) \u2013 3 pelety na s\u00e1\u010dek Kategorie: V\u00fdzkumn\u00e9 chemik\u00e1lie (t\u0159\u00edda fenetylaminu) Pou\u017eit\u00ed: Neurochemick\u00e9 studie<\/p>","protected":false},"featured_media":29447,"comment_status":"closed","ping_status":"closed","template":"","meta":[],"product_brand":[82],"product_cat":[555],"product_tag":[326,864,209],"class_list":{"0":"post-24268","1":"product","2":"type-product","3":"status-publish","4":"has-post-thumbnail","6":"product_brand-research-chemical","7":"product_cat-b2b","8":"product_tag-nl","9":"product_tag-promal","10":"product_tag-promal-methallylescaline","12":"first","13":"instock","14":"taxable","15":"shipping-taxable","16":"purchasable","17":"product-type-variable"},"_links":{"self":[{"href":"https:\/\/researchchemworld.com\/cs\/wp-json\/wp\/v2\/product\/24268","targetHints":{"allow":["GET"]}}],"collection":[{"href":"https:\/\/researchchemworld.com\/cs\/wp-json\/wp\/v2\/product"}],"about":[{"href":"https:\/\/researchchemworld.com\/cs\/wp-json\/wp\/v2\/types\/product"}],"replies":[{"embeddable":true,"href":"https:\/\/researchchemworld.com\/cs\/wp-json\/wp\/v2\/comments?post=24268"}],"version-history":[{"count":3,"href":"https:\/\/researchchemworld.com\/cs\/wp-json\/wp\/v2\/product\/24268\/revisions"}],"predecessor-version":[{"id":26000,"href":"https:\/\/researchchemworld.com\/cs\/wp-json\/wp\/v2\/product\/24268\/revisions\/26000"}],"wp:featuredmedia":[{"embeddable":true,"href":"https:\/\/researchchemworld.com\/cs\/wp-json\/wp\/v2\/media\/29447"}],"wp:attachment":[{"href":"https:\/\/researchchemworld.com\/cs\/wp-json\/wp\/v2\/media?parent=24268"}],"wp:term":[{"taxonomy":"product_brand","embeddable":true,"href":"https:\/\/researchchemworld.com\/cs\/wp-json\/wp\/v2\/product_brand?post=24268"},{"taxonomy":"product_cat","embeddable":true,"href":"https:\/\/researchchemworld.com\/cs\/wp-json\/wp\/v2\/product_cat?post=24268"},{"taxonomy":"product_tag","embeddable":true,"href":"https:\/\/researchchemworld.com\/cs\/wp-json\/wp\/v2\/product_tag?post=24268"}],"curies":[{"name":"wp","href":"https:\/\/api.w.org\/{rel}","templated":true}]}}