{"id":24332,"date":"2025-04-13T17:41:30","date_gmt":"2025-04-13T17:41:30","guid":{"rendered":"https:\/\/researchchemworld.com\/?post_type=product&#038;p=24332"},"modified":"2026-02-25T16:33:27","modified_gmt":"2026-02-25T16:33:27","slug":"rc-moxy-10mg-blistr","status":"publish","type":"product","link":"https:\/\/researchchemworld.com\/cs\/nakupovat\/b2b\/rc-moxy-10mg-blistr\/","title":{"rendered":"RC+ Moxy 10mg blistr"},"content":{"rendered":"<p class=\"ds-markdown-paragraph\"><strong><span class=\"___SText_anxqe-ko_\" data-ui-name=\"Link.Text\">Moxy 5 meo mipt <\/span>10mg blistr \u2013 pr\u00e9miov\u00e1 v\u00fdzkumn\u00e1 chemie pro v\u011bdeck\u00e9 \u00fa\u010dely<\/strong><\/p>\n<p class=\"ds-markdown-paragraph\"><strong>N\u00e1zev produktu:<\/strong>\u00a0RC+ Moxy (5-MeO-MiPT) \u2013 10 mg na tabletu \u2013 blistrov\u00e9 balen\u00ed<br \/>\n<strong>Kategorie:<\/strong>\u00a0V\u00fdzkumn\u00e9 chemik\u00e1lie (t\u0159\u00edda psychedelick\u00e9\/tryptaminov\u00e9)<br \/>\n<strong>Rozsah pou\u017eit\u00ed:<\/strong> Neurochemick\u00fd v\u00fdzkum a farmakologick\u00e9 studie.<a title=\"Um\u011bleck\u00e9 blottery 1cP-LSD 150 MCG\" href=\"https:\/\/researchchemworld.com\/cs\/nakupovat\/lysergamidy\/1-cp-lsd-150-mcg-pelety\/\" target=\"_blank\" rel=\"noopener\">Um\u011bleck\u00e9 blottery 1cP-LSD 150 MCG<\/a><\/p>\n<hr \/>\n<h3><strong>Vlastnosti produktu: <span class=\"___SText_anxqe-ko_\" data-ui-name=\"Link.Text\">moxy 5 meo mipt<\/span><\/strong><\/h3>\n<p class=\"ds-markdown-paragraph\">\ud83d\udd2c\u00a0<strong>Vysok\u00e1 \u010distota<\/strong>\u00a0(&gt;98%) \u2013 Optimalizov\u00e1no pro p\u0159esn\u00e9 v\u00fdsledky v\u00fdzkumu<br \/>\n\ud83d\udc8a\u00a0<strong>10 mg na tabletu<\/strong>\u00a0\u2013 P\u0159esn\u00e9 mikrod\u00e1vkov\u00e1n\u00ed pro kontrolovan\u00e9 experimenty<br \/>\n\ud83d\udce6\u00a0<strong>Profesion\u00e1ln\u00ed blistrov\u00e9 balen\u00ed<\/strong>\u00a0- Chr\u00e1n\u00ed p\u0159ed degradac\u00ed sv\u011btlem\/vlhkost\u00ed<br \/>\n\ud83d\udcca\u00a0<strong>Kvalita certifikov\u00e1na<\/strong>\u00a0\u2013 Zpr\u00e1vy o anal\u00fdze HPLC\/MS jsou k dispozici na vy\u017e\u00e1d\u00e1n\u00ed<\/p>\n<h3><strong>O <span class=\"___SText_anxqe-ko_\" data-ui-name=\"Link.Text\">moxy 5 meo mipt<\/span>:<\/strong><\/h3>\n<p class=\"ds-markdown-paragraph\">V\u00fdzkumn\u00e1 l\u00e1tka z rodiny tryptamin\u016f se zaj\u00edmav\u00fdmi farmakologick\u00fdmi vlastnostmi pro:<\/p>\n<ul>\n<li>\n<p class=\"ds-markdown-paragraph\">V\u00fdzkum serotonergn\u00edch receptor\u016f<\/p>\n<\/li>\n<li>\n<p class=\"ds-markdown-paragraph\">Studie neurotransmise<\/p>\n<\/li>\n<li>\n<p class=\"ds-markdown-paragraph\">Srovn\u00e1vac\u00ed anal\u00fdzy psychoaktivn\u00edho profilu.<a title=\"O-DSMT 50 mg pelety\" href=\"https:\/\/researchchemworld.com\/cs\/nakupovat\/pelety-2\/o-dsmt-50mg-pelety\/\" target=\"_blank\" rel=\"noopener\">O-DSMT 50 mg pelety<\/a><\/p>\n<\/li>\n<\/ul>\n<p class=\"ds-markdown-paragraph\"><strong>D\u016fle\u017eit\u00e9:<\/strong><\/p>\n<ul>\n<li>\n<p class=\"ds-markdown-paragraph\">Pouze pro v\u00fdzkum in vitro<\/p>\n<\/li>\n<li>\n<p class=\"ds-markdown-paragraph\">Nen\u00ed ur\u010deno pro lidskou\/zv\u00ed\u0159ec\u00ed spot\u0159ebu<\/p>\n<\/li>\n<li>\n<p class=\"ds-markdown-paragraph\">Nen\u00ed ur\u010deno pro l\u00e9\u010debn\u00e9 nebo rekrea\u010dn\u00ed pou\u017eit\u00ed.<a title=\"2-CMC 250 mg pelety\" href=\"https:\/\/researchchemworld.com\/cs\/nakupovat\/katinony\/%f0%9f%92%a1-2-mmc-krystalicky-prasek-pro-vsechny-otazky-a-odpovedi-k-nakupu\/\" target=\"_blank\" rel=\"noopener\">2-CMC 250 mg pelety<\/a><\/p>\n<\/li>\n<\/ul>\n<hr \/>\n<h3><strong>Bezpe\u010dnostn\u00ed protokol:<span class=\"___SText_anxqe-ko_\" data-ui-name=\"Link.Text\">moxy 5 meo mipt<\/span><\/strong><\/h3>\n<p class=\"ds-markdown-paragraph\">\u26a0\u00a0<strong>Laboratorn\u00ed pokyny:<\/strong><\/p>\n<ul>\n<li>\n<p class=\"ds-markdown-paragraph\">V\u017edy pracujte v rukavic\u00edch\/laboratorn\u00edm pl\u00e1\u0161ti<\/p>\n<\/li>\n<li>\n<p class=\"ds-markdown-paragraph\">Pou\u017e\u00edvejte pouze v kontrolovan\u00e9m laboratorn\u00edm prost\u0159ed\u00ed<\/p>\n<\/li>\n<li>\n<p class=\"ds-markdown-paragraph\">Vyhn\u011bte se p\u0159\u00edm\u00e9mu kontaktu s k\u016f\u017e\u00ed\/o\u010dima<\/p>\n<\/li>\n<\/ul>\n<p class=\"ds-markdown-paragraph\">\u26a0\u00a0<strong>Pr\u00e1vn\u00ed status:<\/strong><\/p>\n<ul>\n<li>\n<p class=\"ds-markdown-paragraph\">Regulov\u00e1no v Nizozemsku podle z\u00e1kona o opiu<\/p>\n<\/li>\n<li>\n<p class=\"ds-markdown-paragraph\">Mohou platit celoevropsk\u00e1 omezen\u00ed<\/p>\n<\/li>\n<li>\n<p class=\"ds-markdown-paragraph\">Odpov\u011bdnost za n\u00e1kup le\u017e\u00ed na v\u00fdzkumn\u00edkovi<\/p>\n<\/li>\n<\/ul>\n<hr \/>\n<h3><strong>Pro\u010d RC+ Moxy 10mg Blister?<\/strong><\/h3>\n<p class=\"ds-markdown-paragraph\">\u2705\u00a0<strong>Pokro\u010dil\u00e1 kontrola kvality<\/strong>\u00a0\u2013 Ka\u017ed\u00e1 \u0161ar\u017ee nez\u00e1visle testov\u00e1na<br \/>\n\u2705\u00a0<strong>Diskr\u00e9tn\u00ed doprava<\/strong>\u00a0\u2013 Zcela anonymn\u00ed balen\u00ed<br \/>\n\u2705\u00a0<strong>Rychl\u00e9 dod\u00e1n\u00ed po EU<\/strong>\u00a0\u2013 Dostupn\u00e9 v evropsk\u00fdch skladech<br \/>\n\u2705\u00a0<strong>V\u011bdeck\u00e1 dokumentace<\/strong> \u2013 Dostupn\u00e9 podrobn\u00e9 informace o produktu.<a title=\"2C-EF 2mg tobolky\" href=\"https:\/\/researchchemworld.com\/cs\/nakupovat\/fenethylamin\/2c-ef-2mg-kapsle\/\" target=\"_blank\" rel=\"noopener\">2C-EF 2mg tobolky<\/a><\/p>","protected":false},"excerpt":{"rendered":"<p><strong>CAS Nummer:<\/strong> 96096-55-8<br \/>\n<strong>Formule:<\/strong> N-[2-(5-methoxy-1H-indol-3-yl)ethyl]-N-methylpropan-2-amine<br \/>\n<strong>Molmassa:<\/strong> 246.354 g\u00b7mol<br \/>\n<strong>Zuiverheid:<\/strong> &gt;97%<\/p>\n","protected":false},"featured_media":29440,"comment_status":"closed","ping_status":"closed","template":"","meta":[],"product_brand":[82],"product_cat":[555],"product_tag":[824,826,825,326,827],"class_list":{"0":"post-24332","1":"product","2":"type-product","3":"status-publish","4":"has-post-thumbnail","6":"product_brand-research-chemical","7":"product_cat-b2b","8":"product_tag-5-meo-mipt-moxy","9":"product_tag-5-meo-mipt-moxy-purifie","10":"product_tag-moxy-5-meo-mipt","11":"product_tag-nl","12":"product_tag-purifie-moxy-5-meo-mipt","14":"first","15":"instock","16":"taxable","17":"shipping-taxable","18":"purchasable","19":"product-type-variable"},"_links":{"self":[{"href":"https:\/\/researchchemworld.com\/cs\/wp-json\/wp\/v2\/product\/24332","targetHints":{"allow":["GET"]}}],"collection":[{"href":"https:\/\/researchchemworld.com\/cs\/wp-json\/wp\/v2\/product"}],"about":[{"href":"https:\/\/researchchemworld.com\/cs\/wp-json\/wp\/v2\/types\/product"}],"replies":[{"embeddable":true,"href":"https:\/\/researchchemworld.com\/cs\/wp-json\/wp\/v2\/comments?post=24332"}],"version-history":[{"count":3,"href":"https:\/\/researchchemworld.com\/cs\/wp-json\/wp\/v2\/product\/24332\/revisions"}],"predecessor-version":[{"id":25994,"href":"https:\/\/researchchemworld.com\/cs\/wp-json\/wp\/v2\/product\/24332\/revisions\/25994"}],"wp:featuredmedia":[{"embeddable":true,"href":"https:\/\/researchchemworld.com\/cs\/wp-json\/wp\/v2\/media\/29440"}],"wp:attachment":[{"href":"https:\/\/researchchemworld.com\/cs\/wp-json\/wp\/v2\/media?parent=24332"}],"wp:term":[{"taxonomy":"product_brand","embeddable":true,"href":"https:\/\/researchchemworld.com\/cs\/wp-json\/wp\/v2\/product_brand?post=24332"},{"taxonomy":"product_cat","embeddable":true,"href":"https:\/\/researchchemworld.com\/cs\/wp-json\/wp\/v2\/product_cat?post=24332"},{"taxonomy":"product_tag","embeddable":true,"href":"https:\/\/researchchemworld.com\/cs\/wp-json\/wp\/v2\/product_tag?post=24332"}],"curies":[{"name":"wp","href":"https:\/\/api.w.org\/{rel}","templated":true}]}}