{"id":24334,"date":"2025-04-13T17:41:30","date_gmt":"2025-04-13T17:41:30","guid":{"rendered":"https:\/\/researchchemworld.com\/?post_type=product&#038;p=24334"},"modified":"2026-02-25T16:34:56","modified_gmt":"2026-02-25T16:34:56","slug":"rc-benzo-fury-100mg-blistr","status":"publish","type":"product","link":"https:\/\/researchchemworld.com\/cs\/nakupovat\/b2b\/rc-benzo-fury-100mg-blistr\/","title":{"rendered":"RC+ Benzo Fury 100mg blistr"},"content":{"rendered":"<h3><strong>Benzo Fury 100mg blistr \u2013 v\u00fdkonn\u00e1 v\u00fdzkumn\u00e1 chemie<\/strong><\/h3>\n<p class=\"ds-markdown-paragraph\"><strong>N\u00e1zev produktu:<\/strong>\u00a0RC Benzo Fury (6-APB \/ 5-APB) \u2013 100 mg na tabletu \u2013 blistrov\u00e9 balen\u00ed<br \/>\n<strong>Hlavn\u00ed kategorie:<\/strong>\u00a0V\u00fdzkum chemik\u00e1li\u00ed<br \/>\n<strong>Typ:<\/strong>\u00a0Stimuluj\u00edc\u00ed entaktogen (o\u010dek\u00e1van\u00fd \u00fa\u010dinek: euforie, energie, soci\u00e1ln\u00ed propojen\u00ed)<\/p>\n<h4><strong>Vlastnosti produktu:<\/strong><\/h4>\n<p class=\"ds-markdown-paragraph\">\u2705\u00a0<strong>Vysok\u00e1 kvalita<\/strong>\u00a0\u2013 \u010cist\u011b a d\u016fsledn\u011b formulov\u00e1no<br \/>\n\u2705\u00a0<strong>100 mg na tabletu<\/strong>\u00a0\u2013 P\u0159esn\u00e9 d\u00e1vkov\u00e1n\u00ed pro v\u00fdzkum<br \/>\n\u2705\u00a0<strong>Blistrov\u00e9 balen\u00ed<\/strong>\u00a0- Chr\u00e1n\u00ed p\u0159ed vlhkost\u00ed <a href=\"http:\/\/google.nl\" target=\"_blank\" rel=\"noopener\">a<\/a> po\u0161kozen\u00ed<br \/>\n\u2705\u00a0<strong>Rozs\u00e1hl\u00e9 laboratorn\u00ed testov\u00e1n\u00ed<\/strong>\u00a0\u2013 Optimalizace \u010distoty<\/p>\n<h4><strong>Co je Benzo Fury (6-APB \/ 5-APB)?<\/strong><\/h4>\n<p class=\"ds-markdown-paragraph\">Benzo Fury je v\u00fdzkumn\u00e1 chemik\u00e1lie zn\u00e1m\u00e1 sv\u00fdmi stimula\u010dn\u00edmi a empatogenn\u00edmi \u00fa\u010dinky, podobn\u011b jako slou\u010deniny jako MDMA. Prod\u00e1v\u00e1 se v\u00fdhradn\u011b za\u00a0<strong>v\u011bdeck\u00fd v\u00fdzkum<\/strong>\u00a0a je\u00a0<strong>nen\u00ed ur\u010deno k lidsk\u00e9 spot\u0159eb\u011b<\/strong>.<a title=\"2C-EF 2mg tobolky\" href=\"https:\/\/researchchemworld.com\/cs\/nakupovat\/fenethylamin\/2c-ef-2mg-kapsle\/\" target=\"_blank\" rel=\"noopener\">2C-EF 2mg tobolky<\/a><\/p>\n<h4><strong>D\u016fle\u017eit\u00e9 informace:<\/strong><\/h4>\n<p class=\"ds-markdown-paragraph\">\u26a0\u00a0<strong>Pouze pro v\u00fdzkumn\u00e9 \u00fa\u010dely<\/strong>\u00a0\u2013 Nevhodn\u00e9 pro lidi nebo zv\u00ed\u0159ata<br \/>\n\u26a0\u00a0<strong>Zkontrolujte legislativu<\/strong>\u00a0\u2013 Status se li\u0161\u00ed podle zem\u011b (v Nizozemsku pod\u00a0<strong>Opiov\u00fd z\u00e1kon<\/strong>)<br \/>\n\u26a0\u00a0<strong>Bezpe\u010dnostn\u00ed opat\u0159en\u00ed:<\/strong> V\u017edy pou\u017e\u00edvejte osobn\u00ed ochranu (rukavice, laboratorn\u00ed prost\u0159ed\u00ed).<a title=\"2-CMC 250 mg pelety\" href=\"https:\/\/researchchemworld.com\/cs\/nakupovat\/katinony\/%f0%9f%92%a1-2-mmc-krystalicky-prasek-pro-vsechny-otazky-a-odpovedi-k-nakupu\/\" target=\"_blank\" rel=\"noopener\">2-CMC 250 mg pelety<\/a><\/p>\n<h4><strong>Pro\u010d zvolit tento produkt?<\/strong><\/h4>\n<p class=\"ds-markdown-paragraph\">\u2714\u00a0<strong>Spolehliv\u00e1 kvalita<\/strong>\u00a0\u2013 D\u016fkladn\u011b testov\u00e1no na \u010distotu<br \/>\n\u2714\u00a0<strong>Diskr\u00e9tn\u00ed doprava<\/strong>\u00a0\u2013 Anonymn\u00ed balen\u00ed v r\u00e1mci EU<br \/>\n\u2714\u00a0<strong>Rychl\u00e9 dod\u00e1n\u00ed<\/strong>\u00a0\u2013 Objedn\u00e1no do 15:00, odesl\u00e1no n\u00e1sleduj\u00edc\u00ed pracovn\u00ed den<\/p>\n<p class=\"ds-markdown-paragraph\"><strong>Pozn.:<\/strong>\u00a0Tento produkt je\u00a0<strong>ur\u010den\u00e9 pouze pro v\u011bdeck\u00fd v\u00fdzkum<\/strong>\u00a0a ne pro rekrea\u010dn\u00ed vyu\u017eit\u00ed. P\u0159ed objedn\u00e1n\u00edm si pros\u00edm ov\u011b\u0159te m\u00edstn\u00ed z\u00e1kony.<a title=\"1V-LSD 150 MCG saje\" href=\"https:\/\/researchchemworld.com\/cs\/nakupovat\/lysergamidy\/1v-lsd-150-mcg-blotters\/\" target=\"_blank\" rel=\"noopener\">1V-LSD 150 MCG saje<\/a><\/p>","protected":false},"excerpt":{"rendered":"<p><strong>Synonymum<\/strong>6-(2-aminopropyl)benzofuran<br \/>\n<strong>\u010c\u00edslo CAS:<\/strong> 286834-85-3<br \/>\n<strong>Vzorec<\/strong>: <span title=\"Uhl\u00edk\">C<\/span><sub>11<\/sub><span title=\"Vod\u00edk\">H<\/span><sub>13<\/sub><span title=\"Dus\u00edk\">N<\/span><span title=\"Kysl\u00edk\">\u00d3<\/span><br \/>\n<strong>Mol\u00e1rn\u00ed hmotnost<\/strong>: <span class=\"nowrap\">175.231<\/span>\u00a0g\/mol<br \/>\n<strong>\u010cistota<\/strong>: &gt;98%<\/p>","protected":false},"featured_media":29425,"comment_status":"closed","ping_status":"closed","template":"","meta":[],"product_brand":[82],"product_cat":[555],"product_tag":[117,126,130,850,118,120,119,121,851,326,122],"class_list":{"0":"post-24334","1":"product","2":"type-product","3":"status-publish","4":"has-post-thumbnail","6":"product_brand-research-chemical","7":"product_cat-b2b","8":"product_tag-6-apb-benzo-fury","9":"product_tag-6-apb-kopen","10":"product_tag-6-apb-ervaring","11":"product_tag-6apb","12":"product_tag-benzo-fury","13":"product_tag-benzo-fury-bestellen-nederland","14":"product_tag-benzo-fury-drugs","15":"product_tag-benzo-fury-kopen","16":"product_tag-benzos-drugs","17":"product_tag-nl","18":"product_tag-wat-is-benzo-fury","20":"first","21":"instock","22":"taxable","23":"shipping-taxable","24":"purchasable","25":"product-type-variable"},"_links":{"self":[{"href":"https:\/\/researchchemworld.com\/cs\/wp-json\/wp\/v2\/product\/24334","targetHints":{"allow":["GET"]}}],"collection":[{"href":"https:\/\/researchchemworld.com\/cs\/wp-json\/wp\/v2\/product"}],"about":[{"href":"https:\/\/researchchemworld.com\/cs\/wp-json\/wp\/v2\/types\/product"}],"replies":[{"embeddable":true,"href":"https:\/\/researchchemworld.com\/cs\/wp-json\/wp\/v2\/comments?post=24334"}],"version-history":[{"count":3,"href":"https:\/\/researchchemworld.com\/cs\/wp-json\/wp\/v2\/product\/24334\/revisions"}],"predecessor-version":[{"id":25988,"href":"https:\/\/researchchemworld.com\/cs\/wp-json\/wp\/v2\/product\/24334\/revisions\/25988"}],"wp:featuredmedia":[{"embeddable":true,"href":"https:\/\/researchchemworld.com\/cs\/wp-json\/wp\/v2\/media\/29425"}],"wp:attachment":[{"href":"https:\/\/researchchemworld.com\/cs\/wp-json\/wp\/v2\/media?parent=24334"}],"wp:term":[{"taxonomy":"product_brand","embeddable":true,"href":"https:\/\/researchchemworld.com\/cs\/wp-json\/wp\/v2\/product_brand?post=24334"},{"taxonomy":"product_cat","embeddable":true,"href":"https:\/\/researchchemworld.com\/cs\/wp-json\/wp\/v2\/product_cat?post=24334"},{"taxonomy":"product_tag","embeddable":true,"href":"https:\/\/researchchemworld.com\/cs\/wp-json\/wp\/v2\/product_tag?post=24334"}],"curies":[{"name":"wp","href":"https:\/\/api.w.org\/{rel}","templated":true}]}}