{"id":24179,"date":"2025-04-13T17:41:13","date_gmt":"2025-04-13T17:41:13","guid":{"rendered":"https:\/\/researchchemworld.com\/?post_type=product&#038;p=24179"},"modified":"2026-02-25T17:12:41","modified_gmt":"2026-02-25T17:12:41","slug":"bromazolam-25-mg-aeske","status":"publish","type":"product","link":"https:\/\/researchchemworld.com\/da\/butik\/b2b\/bromazolam-25-mg-aeske\/","title":{"rendered":"RC+ Bromazolam 2,5 mg \u00e6ske"},"content":{"rendered":"<h1><strong>Bromazolam 2,5 mg \u00e6ske \u2013 Kvalitative forskningskemikalier<\/strong><\/h1>\n<p class=\"ds-markdown-paragraph\"><strong>Produktnavn:<\/strong>\u00a0RC+ Bromazolam 2,5 mg pr. tablet (\u00e6ske)<br \/>\n<strong>Prim\u00e6rt aktivt stof:<\/strong><br \/>\n<strong>Indhold:<\/strong>\u00a02,5 mg pr. tablet, pakket i en praktisk \u00e6ske<br \/>\n<strong>Velegnet til:<\/strong>\u00a0Videnskabelig forskning (ikke til konsum)<a title=\"1V-LSD 150 MCG Blotters\" href=\"https:\/\/researchchemworld.com\/da\/butik\/lysergamider\/1v-lsd-150-mcg-blotters\/\" target=\"_blank\" rel=\"noopener\">1V-LSD 150 MCG Blotters<\/a><\/p>\n<p class=\"ds-markdown-paragraph\">er et forskningskemikalie, der tilh\u00f8rer benzodiazepinklassen. Det er kendt for sine potentielle virkninger i videnskabelige studier og s\u00e6lges udelukkende til forskningsform\u00e5l.<\/p>\n<h2><strong>Hvorfor k\u00f8be RC+ 2,5 mg \u00e6ske?<\/strong><\/h2>\n<p class=\"ds-markdown-paragraph\">\u2705\u00a0<strong>H\u00f8j kvalitet:<\/strong>\u00a0Ren og ensartet formuleret for p\u00e5lidelige forskningsresultater.<br \/>\n\u2705\u00a0<strong>Pr\u00e6cis doseret:<\/strong>\u00a0Hver tablet indeholder 2,5 mg bromazolam for n\u00f8jagtige eksperimenter.<br \/>\n\u2705\u00a0<strong>Sikkert pakket:<\/strong>\u00a0Diskret og professionel emballage.<br \/>\n\u2705\u00a0<strong>Hurtig levering:<\/strong>\u00a0Bestilt f\u00f8r kl. 15? Sendes ofte samme dag!<a title=\"2-CMC 250 mg pellets\" href=\"https:\/\/researchchemworld.com\/da\/butik\/katinoner\/kob-2-cm-2\/\" target=\"_blank\" rel=\"noopener\">2-CMC 250 mg pellets<\/a><\/p>\n<h2><strong>Vigtig brugsinformation<\/strong><\/h2>\n<p class=\"ds-markdown-paragraph\">\u26a0\ufe0f\u00a0<strong>Kun til forskningsform\u00e5l<\/strong>\u00a0\u2013 Ikke beregnet til konsum af mennesker eller dyr.<br \/>\n\u26a0\ufe0f\u00a0<strong>Opbevaringsr\u00e5d:<\/strong>\u00a0Opbevares t\u00f8rt og utilg\u00e6ngeligt for b\u00f8rn.<\/p>\n<h2><strong>Bestil RC+ 2,5 mg \u00e6ske nu<\/strong><\/h2>\n<p class=\"ds-markdown-paragraph\">Er du forsker og leder efter forskningskemikalier af h\u00f8j kvalitet? Bestil i dag\u00a0<strong>RC+ 2,5 mg \u00e6ske<\/strong>\u00a0og modtag dit produkt hurtigt!<a title=\"6-CL-ADBA\" href=\"https:\/\/researchchemworld.com\/da\/butik\/naesten-forbudt\/6-cl-adba\/\" target=\"_blank\" rel=\"noopener\">6-CL-ADBA<\/a><\/p>","protected":false},"excerpt":{"rendered":"<p>Bromazolam 2,5 mg \u00e6ske \u2013 Kvalitative forskningskemikalier Produktnavn: RC+ Bromazolam 2,5 mg pr. tablet (\u00e6ske) Vigtigste aktive ingrediens: Indhold: 2,5 mg pr. tablet, pakket i en<\/p>","protected":false},"featured_media":29428,"comment_status":"closed","ping_status":"closed","template":"","meta":[],"product_brand":[82],"product_cat":[555],"product_tag":[174,183,184,176,175,178,177,180,326,179],"class_list":{"0":"post-24179","1":"product","2":"type-product","3":"status-publish","4":"has-post-thumbnail","6":"product_brand-research-chemical","7":"product_cat-b2b","8":"product_tag-bromazolam","9":"product_tag-bromazolam-bijwerkingen","10":"product_tag-bromazolam-dosing","11":"product_tag-bromazolam-ervaringen","12":"product_tag-bromazolam-kopen","13":"product_tag-bromazolam-na-drugs","14":"product_tag-bromazolam-psychonaut","15":"product_tag-hoe-lang-werkt-bromazolam","16":"product_tag-nl","17":"product_tag-wat-is-bromazolam","19":"first","20":"instock","21":"taxable","22":"shipping-taxable","23":"purchasable","24":"product-type-variable"},"_links":{"self":[{"href":"https:\/\/researchchemworld.com\/da\/wp-json\/wp\/v2\/product\/24179","targetHints":{"allow":["GET"]}}],"collection":[{"href":"https:\/\/researchchemworld.com\/da\/wp-json\/wp\/v2\/product"}],"about":[{"href":"https:\/\/researchchemworld.com\/da\/wp-json\/wp\/v2\/types\/product"}],"replies":[{"embeddable":true,"href":"https:\/\/researchchemworld.com\/da\/wp-json\/wp\/v2\/comments?post=24179"}],"version-history":[{"count":5,"href":"https:\/\/researchchemworld.com\/da\/wp-json\/wp\/v2\/product\/24179\/revisions"}],"predecessor-version":[{"id":26024,"href":"https:\/\/researchchemworld.com\/da\/wp-json\/wp\/v2\/product\/24179\/revisions\/26024"}],"wp:featuredmedia":[{"embeddable":true,"href":"https:\/\/researchchemworld.com\/da\/wp-json\/wp\/v2\/media\/29428"}],"wp:attachment":[{"href":"https:\/\/researchchemworld.com\/da\/wp-json\/wp\/v2\/media?parent=24179"}],"wp:term":[{"taxonomy":"product_brand","embeddable":true,"href":"https:\/\/researchchemworld.com\/da\/wp-json\/wp\/v2\/product_brand?post=24179"},{"taxonomy":"product_cat","embeddable":true,"href":"https:\/\/researchchemworld.com\/da\/wp-json\/wp\/v2\/product_cat?post=24179"},{"taxonomy":"product_tag","embeddable":true,"href":"https:\/\/researchchemworld.com\/da\/wp-json\/wp\/v2\/product_tag?post=24179"}],"curies":[{"name":"wp","href":"https:\/\/api.w.org\/{rel}","templated":true}]}}