{"id":24194,"date":"2025-04-13T17:41:13","date_gmt":"2025-04-13T17:41:13","guid":{"rendered":"https:\/\/researchchemworld.com\/?post_type=product&#038;p=24194"},"modified":"2026-02-26T11:24:34","modified_gmt":"2026-02-26T11:24:34","slug":"2-fma","status":"publish","type":"product","link":"https:\/\/researchchemworld.com\/da\/butik\/b2b\/2-fma\/","title":{"rendered":"RC+ Fluor 2-FMA 30 mg \u00e6ske"},"content":{"rendered":"<h2><strong>2-FMA<\/strong><\/h2>\n<p><strong>2-FMA<\/strong>\u00a0er et stof, vi kun s\u00e6lger til forskningsform\u00e5l, og er derfor ikke beregnet til konsum. 2-FMA leveres i pulverform og kan bruges til forskning i op til to \u00e5r, n\u00e5r det opbevares i det rette milj\u00f8.<a title=\"1V-LSD 150 MCG Blotters\" href=\"https:\/\/researchchemworld.com\/da\/butik\/lysergamider\/1v-lsd-150-mcg-blotters\/\" target=\"_blank\" rel=\"noopener\">1V-LSD 150 MCG Blotters<\/a><\/p>\n<p>Da 2-FMA kun er til forskningsform\u00e5l og ikke til forbrug, er det vigtigt, at 2-FMA opbevares utilg\u00e6ngeligt for b\u00f8rn og k\u00e6ledyr.<a title=\"6-CL-ADBA\" href=\"https:\/\/researchchemworld.com\/da\/butik\/naesten-forbudt\/6-cl-adba\/\" target=\"_blank\" rel=\"noopener\">6-CL-ADBA<\/a><\/p>\n<p>Vi tilbyder forskningskemikalier af h\u00f8j kvalitet til en fair pris. Din ordre sendes inden for 24 timer hver dag. Bestil 2FMA sikkert og hurtigt gennem os!<a title=\"2-CMC 250 mg pellets\" href=\"https:\/\/researchchemworld.com\/da\/butik\/katinoner\/kob-2-cm-2\/\" target=\"_blank\" rel=\"noopener\">2-CMC 250 mg pellets<\/a><\/p>\n<h2>2-FMA-egenskaber<\/h2>\n<p><strong>Synonym<\/strong>Fluoromethamfetamin<br \/>\n<strong>CAS-nummer<\/strong>: 1780004-19-4<br \/>\n<strong>Formel<\/strong>C10H14FN \u2022 HCL<br \/>\n<strong>Mol\u00e6r masse<\/strong>: 203,7 g\/mol<br \/>\n<strong>Renhed<\/strong>: \u226599%<\/p>\n<h2>Fares\u00e6tninger<\/h2>\n<p>2-FMA kan for\u00e5rsage irritation af luftvejene<br \/>\n2-FMA kan for\u00e5rsage irritation hos <a href=\"http:\/\/google.nl\" target=\"_blank\" rel=\"noopener\">de<\/a> \u00f8jne for\u00e5rsager<br \/>\nDet er forbudt at udlede forskningskemikalier i milj\u00f8et.<\/p>\n<p>2-FMA I \u00d8JNENE: Skyl \u00f8jnene forsigtigt med vand i fem minutter. Fjern kontaktlinser, hvis de er til stede og det er nemt at g\u00f8re.<\/p>\n<p>2-FMA VED KONTAKT MED HUDEN: Vask huden med s\u00e6be og vand.<\/p>\n<p>VED IND\u00c5NDING AF 2-FMA: Flyt personen til frisk luft og s\u00f8rg for, at vejrtr\u00e6kningen er behagelig.<\/p>","protected":false},"excerpt":{"rendered":"<p><strong>Synonym<\/strong>Fluoromethamfetamin<br \/>\n<strong>CAS-nummer<\/strong>: 1780004-19-4<br \/>\n<strong>Formel<\/strong>C10H14FN \u2022 HCL<br \/>\n<strong>Mol\u00e6r masse<\/strong>: 203,7 g\/mol<br \/>\n<strong>Renhed<\/strong>: \u226599%<\/p>","protected":false},"featured_media":29433,"comment_status":"closed","ping_status":"closed","template":"","meta":[],"product_brand":[82],"product_cat":[555],"product_tag":[572,617,618,589,619,326],"class_list":{"0":"post-24194","1":"product","2":"type-product","3":"status-publish","4":"has-post-thumbnail","6":"product_brand-research-chemical","7":"product_cat-b2b","8":"product_tag-2-fma-kopen","9":"product_tag-2-fma","10":"product_tag-2fma","11":"product_tag-2fma-drugs","12":"product_tag-2fma-kopen","13":"product_tag-nl","15":"first","16":"instock","17":"taxable","18":"shipping-taxable","19":"purchasable","20":"product-type-variable"},"_links":{"self":[{"href":"https:\/\/researchchemworld.com\/da\/wp-json\/wp\/v2\/product\/24194","targetHints":{"allow":["GET"]}}],"collection":[{"href":"https:\/\/researchchemworld.com\/da\/wp-json\/wp\/v2\/product"}],"about":[{"href":"https:\/\/researchchemworld.com\/da\/wp-json\/wp\/v2\/types\/product"}],"replies":[{"embeddable":true,"href":"https:\/\/researchchemworld.com\/da\/wp-json\/wp\/v2\/comments?post=24194"}],"version-history":[{"count":4,"href":"https:\/\/researchchemworld.com\/da\/wp-json\/wp\/v2\/product\/24194\/revisions"}],"predecessor-version":[{"id":25400,"href":"https:\/\/researchchemworld.com\/da\/wp-json\/wp\/v2\/product\/24194\/revisions\/25400"}],"wp:featuredmedia":[{"embeddable":true,"href":"https:\/\/researchchemworld.com\/da\/wp-json\/wp\/v2\/media\/29433"}],"wp:attachment":[{"href":"https:\/\/researchchemworld.com\/da\/wp-json\/wp\/v2\/media?parent=24194"}],"wp:term":[{"taxonomy":"product_brand","embeddable":true,"href":"https:\/\/researchchemworld.com\/da\/wp-json\/wp\/v2\/product_brand?post=24194"},{"taxonomy":"product_cat","embeddable":true,"href":"https:\/\/researchchemworld.com\/da\/wp-json\/wp\/v2\/product_cat?post=24194"},{"taxonomy":"product_tag","embeddable":true,"href":"https:\/\/researchchemworld.com\/da\/wp-json\/wp\/v2\/product_tag?post=24194"}],"curies":[{"name":"wp","href":"https:\/\/api.w.org\/{rel}","templated":true}]}}