{"id":26112,"date":"2025-05-01T01:20:16","date_gmt":"2025-05-01T01:20:16","guid":{"rendered":"https:\/\/researchchemworld.com\/?post_type=product&#038;p=26112"},"modified":"2026-02-19T11:16:29","modified_gmt":"2026-02-19T11:16:29","slug":"caluanie-muelear-oxidere","status":"publish","type":"product","link":"https:\/\/researchchemworld.com\/da\/butik\/okategoriseret\/caluanie-muelear-oxidere\/","title":{"rendered":"Caluanie Muelear Oxider"},"content":{"rendered":"<p class=\"\" data-start=\"268\" data-end=\"544\"><strong data-start=\"268\" data-end=\"296\">Caluanie Muelear Oxider<\/strong> er en kraftfuld <strong data-start=\"314\" data-end=\"337\">kemiske reagenser<\/strong> som er bedst kendt for sin evne til at <strong data-start=\"382\" data-end=\"427\">at nedbryde st\u00e6rke metaller og materialer<\/strong>Det er meget udbredt i <strong data-start=\"459\" data-end=\"541\">industrisektoren, metallurgi, laboratorieforskning og minedrift<\/strong>Caluanie Muelear Oxider, Caluanie Muelear Oxider pris i USA, Caluanie Muelear Oxider USA, Caluanie Muelear Oxider pris, Caluanie Muelear Oxider producent i USA, Caluanie Muelear Oxider til salg<\/p>\n<p class=\"\" data-start=\"546\" data-end=\"822\">Denne ravfarvede v\u00e6ske med h\u00f8j viskositet er kendt for sin dybe <strong data-start=\"644\" data-end=\"672\">oxidative egenskaber<\/strong>P\u00e5 grund af sin unikke kemiske sammens\u00e6tning kan Caluanie angribe molekyl\u00e6re bindinger i h\u00e5rde materialer, hvilket g\u00f8r dem bl\u00f8dere eller spr\u00f8de.<a href=\"https:\/\/researchchemworld.com\/da\/butik\/top-10-research-chemicals\/3-cmc-hcl\/\">3-CMC HCl pose 1 g<\/a><\/p>\n<hr class=\"\" data-start=\"824\" data-end=\"827\" \/>\n<h2 class=\"\" data-start=\"829\" data-end=\"862\">\u2699\ufe0f Belangrijkste Eigenschappen<\/h2>\n<ul data-start=\"864\" data-end=\"1189\">\n<li class=\"\" data-start=\"864\" data-end=\"918\">\n<p class=\"\" data-start=\"866\" data-end=\"918\"><strong data-start=\"866\" data-end=\"885\">Kemisk form:<\/strong> Tyk, ravfarvet v\u00e6ske<\/p>\n<\/li>\n<li class=\"\" data-start=\"919\" data-end=\"1018\">\n<p class=\"\" data-start=\"921\" data-end=\"1018\"><strong data-start=\"921\" data-end=\"943\">Vigtigste anvendelser:<\/strong> Metalforarbejdning, nedrivning af materialer, minedrift, videnskabelig forskning<\/p>\n<\/li>\n<li class=\"\" data-start=\"1019\" data-end=\"1071\">\n<p class=\"\" data-start=\"1021\" data-end=\"1071\"><strong data-start=\"1021\" data-end=\"1038\">Reaktivitet:<\/strong> Meget kraftigt oxidationsmiddel<\/p>\n<\/li>\n<li class=\"\" data-start=\"1072\" data-end=\"1129\">\n<p class=\"\" data-start=\"1074\" data-end=\"1129\"><strong data-start=\"1074\" data-end=\"1085\">Fare:<\/strong> \u00c6tsende og skadelig ved forkert brug<\/p>\n<\/li>\n<li class=\"\" data-start=\"1130\" data-end=\"1189\">\n<p class=\"\" data-start=\"1132\" data-end=\"1189\"><strong data-start=\"1132\" data-end=\"1147\">Emballage:<\/strong> Luftt\u00e6t og l\u00e6kagesikker, sikker at transportere, <a href=\"https:\/\/researchchemworld.com\/da\/butik\/skalaer\/digital-bio-minivaegt\/\">Digital Bio Miniv\u00e6gt \u2013 20 g x 0,001 g<\/a><\/p>\n<\/li>\n<\/ul>\n<hr class=\"\" data-start=\"1191\" data-end=\"1194\" \/>\n<h2 class=\"\" data-start=\"1196\" data-end=\"1243\">\ud83d\udcbc Toepassingen van Caluanie Muelear Oxidize<\/h2>\n<h3 class=\"\" data-start=\"1245\" data-end=\"1287\">1. <strong data-start=\"1252\" data-end=\"1285\">Metalforarbejdning og genbrug<\/strong><\/h3>\n<p class=\"\" data-start=\"1288\" data-end=\"1468\">Caluanie bruges til at fjerne h\u00e5rde metaller som jern og st\u00e5l <strong data-start=\"1349\" data-end=\"1386\">at bl\u00f8dg\u00f8re eller sv\u00e6kke<\/strong>, hvilket g\u00f8r forarbejdningsprocessen betydeligt nemmere uden tungt udstyr. <a href=\"https:\/\/researchchemworld.com\/da\/butik\/top-10-research-chemicals\/pyrazolams-virkning\/\">Pyrazolam 2,5 mg pellets<\/a><\/p>\n<h3 class=\"\" data-start=\"1470\" data-end=\"1514\">2. <strong data-start=\"1477\" data-end=\"1512\">Minedrift og udvinding af \u00e6delmetaller<\/strong><\/h3>\n<p class=\"\" data-start=\"1515\" data-end=\"1665\">I sm\u00e5 minedriftsaktiviteter er Caluanie vant til <strong data-start=\"1570\" data-end=\"1593\">at nedbryde malm<\/strong> og udvinde v\u00e6rdifulde metaller som guld eller platin mere effektivt.<\/p>\n<h3 class=\"\" data-start=\"1667\" data-end=\"1701\">3. <strong data-start=\"1674\" data-end=\"1699\">Laboratorieforskning<\/strong><\/h3>\n<p class=\"\" data-start=\"1702\" data-end=\"1834\">P\u00e5 forskningsinstitutioner bruges det til <strong data-start=\"1752\" data-end=\"1779\">test af materialenedbrydning<\/strong> og <strong data-start=\"1783\" data-end=\"1802\">oxidationsstudier<\/strong> i kemi og materialevidenskab.<\/p>\n<h3 class=\"\" data-start=\"1836\" data-end=\"1872\">4. <strong data-start=\"1843\" data-end=\"1870\">Maling- og harpiksbehandling<\/strong><\/h3>\n<p class=\"\" data-start=\"1873\" data-end=\"2033\">I lavere koncentrationer kan Caluanie anvendes til <strong data-start=\"1935\" data-end=\"1975\">fjernelse af industrielle bel\u00e6gninger<\/strong>, harpikslag eller polymerer i specialiserede anvendelser.<\/p>\n<hr class=\"\" data-start=\"2035\" data-end=\"2038\" \/>\n<h2 class=\"\" data-start=\"2040\" data-end=\"2068\">\u26a0\ufe0f Veiligheidsmaatregelen<\/h2>\n<p class=\"\" data-start=\"2070\" data-end=\"2185\">Caluanie Muelear Oxidize er en <strong data-start=\"2102\" data-end=\"2132\">\u00e6tsende og reaktivt stof<\/strong>Brug kr\u00e6ver strenge sikkerhedsprotokoller:<\/p>\n<ul data-start=\"2187\" data-end=\"2535\">\n<li class=\"\" data-start=\"2187\" data-end=\"2261\">\n<p class=\"\" data-start=\"2189\" data-end=\"2261\">B\u00e6r altid <strong data-start=\"2202\" data-end=\"2259\">handsker, sikkerhedsbriller og beskyttelsest\u00f8j<\/strong><\/p>\n<\/li>\n<li class=\"\" data-start=\"2262\" data-end=\"2334\">\n<p class=\"\" data-start=\"2264\" data-end=\"2334\">M\u00e5 kun anvendes i godt ventilerede omr\u00e5der eller under et stinkskab.<\/p>\n<\/li>\n<li class=\"\" data-start=\"2335\" data-end=\"2397\">\n<p class=\"\" data-start=\"2337\" data-end=\"2397\">M\u00e5 ikke blandes med andre kemikalier, medmindre det er specifikt testet.<\/p>\n<\/li>\n<li class=\"\" data-start=\"2398\" data-end=\"2454\">\n<p class=\"\" data-start=\"2400\" data-end=\"2454\">Opbevares utilg\u00e6ngeligt for b\u00f8rn og uautoriserede personer.<\/p>\n<\/li>\n<li class=\"\" data-start=\"2455\" data-end=\"2535\">\n<p class=\"\" data-start=\"2457\" data-end=\"2535\">Opbevares k\u00f8ligt, t\u00f8rt og sikkert i kemikaliebestandig emballage. <a href=\"https:\/\/researchchemworld.com\/da\/butik\/skalaer\/digital-tank-minivaegt\/\">Digital tank miniv\u00e6gt \u2013 20 g x 0,001 g<\/a><\/p>\n<\/li>\n<\/ul>\n<hr class=\"\" data-start=\"2537\" data-end=\"2540\" \/>\n<h2 class=\"\" data-start=\"2542\" data-end=\"2601\">\u2705 Waarom Caluanie Kopen bij een Betrouwbare Leverancier?<\/h2>\n<p class=\"\" data-start=\"2603\" data-end=\"2729\">Hvis du leder efter <strong data-start=\"2628\" data-end=\"2671\">ren, industriel kvalitet Caluanie<\/strong>, s\u00e5 er det afg\u00f8rende at k\u00f8be fra en leverand\u00f8r, der:<\/p>\n<ul data-start=\"2731\" data-end=\"2973\">\n<li class=\"\" data-start=\"2731\" data-end=\"2793\">\n<p class=\"\" data-start=\"2733\" data-end=\"2793\"><strong data-start=\"2733\" data-end=\"2755\">Laboratorietests<\/strong> og tilbyder renhedscertifikater<\/p>\n<\/li>\n<li class=\"\" data-start=\"2794\" data-end=\"2843\">\n<p class=\"\" data-start=\"2796\" data-end=\"2843\"><strong data-start=\"2796\" data-end=\"2830\">Sikker og diskret emballage<\/strong> garantier<\/p>\n<\/li>\n<li class=\"\" data-start=\"2844\" data-end=\"2908\">\n<p class=\"\" data-start=\"2846\" data-end=\"2908\"><strong data-start=\"2846\" data-end=\"2877\">Hurtig og forsikret transport<\/strong> inden for Europa muligt<\/p>\n<\/li>\n<li class=\"\" data-start=\"2909\" data-end=\"2973\">\n<p class=\"\" data-start=\"2911\" data-end=\"2973\"><strong data-start=\"2911\" data-end=\"2939\">Teknisk support<\/strong> tilbud i brug og applikationer<\/p>\n<\/li>\n<\/ul>\n<hr class=\"\" data-start=\"2975\" data-end=\"2978\" \/>\n<h2 class=\"\" data-start=\"2980\" data-end=\"2995\">\ud83d\udd1a Conclusie<\/h2>\n<p class=\"\" data-start=\"2997\" data-end=\"3265\"><strong data-start=\"2997\" data-end=\"3025\">Caluanie Muelear Oxider<\/strong> er en unik og kraftfuld v\u00e6ske med en bred vifte af industrielle og videnskabelige anvendelser. Den kan \u00f8ge effektiviteten af materialeh\u00e5ndtering og metalbearbejdning betydeligt, n\u00e5r den anvendes korrekt og ansvarligt.<\/p>\n<p class=\"\" data-start=\"3267\" data-end=\"3398\">For professionelle inden for <strong data-start=\"3289\" data-end=\"3322\">kemi, minedrift eller genbrug<\/strong> Er Caluanie et v\u00e6rdifuldt v\u00e6rkt\u00f8j i forsknings- eller produktionsprocessen. <a href=\"https:\/\/researchchemworld.com\/da\/butik\/skalaer\/digital-cs-vaegt\/\">Digital CS-v\u00e6gt \u2013 100 g x 0,01 g<\/a><\/p>","protected":false},"excerpt":{"rendered":"<p>Caluanie Muelear Oxidize er et kraftfuldt kemisk reagens, der er bedst kendt for dets evne til at oxidere st\u00e6rke metaller og materialer.<\/p>","protected":false},"featured_media":29312,"comment_status":"open","ping_status":"closed","template":"","meta":[],"product_brand":[],"product_cat":[1085],"product_tag":[905,897,904,902,903,901,906,900,907,898,899],"class_list":{"0":"post-26112","1":"product","2":"type-product","3":"status-publish","4":"has-post-thumbnail","6":"product_cat-okategoriserad","7":"product_tag-buy-caluanie-muelear-oxidize-online","8":"product_tag-caluanie-muelear-oxidize","9":"product_tag-caluanie-muelear-oxidize-deutschland","10":"product_tag-caluanie-muelear-oxidize-for-sale","11":"product_tag-caluanie-muelear-oxidize-kaufen","12":"product_tag-caluanie-muelear-oxidize-manufacturer-in-usa","13":"product_tag-caluanie-muelear-oxidize-pasteurize","14":"product_tag-caluanie-muelear-oxidize-price","15":"product_tag-caluanie-muelear-oxidize-price-in-india","16":"product_tag-caluanie-muelear-oxidize-price-in-usa","17":"product_tag-caluanie-muelear-oxidize-usa","19":"first","20":"instock","21":"taxable","22":"shipping-taxable","23":"purchasable","24":"product-type-simple"},"_links":{"self":[{"href":"https:\/\/researchchemworld.com\/da\/wp-json\/wp\/v2\/product\/26112","targetHints":{"allow":["GET"]}}],"collection":[{"href":"https:\/\/researchchemworld.com\/da\/wp-json\/wp\/v2\/product"}],"about":[{"href":"https:\/\/researchchemworld.com\/da\/wp-json\/wp\/v2\/types\/product"}],"replies":[{"embeddable":true,"href":"https:\/\/researchchemworld.com\/da\/wp-json\/wp\/v2\/comments?post=26112"}],"version-history":[{"count":2,"href":"https:\/\/researchchemworld.com\/da\/wp-json\/wp\/v2\/product\/26112\/revisions"}],"predecessor-version":[{"id":26116,"href":"https:\/\/researchchemworld.com\/da\/wp-json\/wp\/v2\/product\/26112\/revisions\/26116"}],"wp:featuredmedia":[{"embeddable":true,"href":"https:\/\/researchchemworld.com\/da\/wp-json\/wp\/v2\/media\/29312"}],"wp:attachment":[{"href":"https:\/\/researchchemworld.com\/da\/wp-json\/wp\/v2\/media?parent=26112"}],"wp:term":[{"taxonomy":"product_brand","embeddable":true,"href":"https:\/\/researchchemworld.com\/da\/wp-json\/wp\/v2\/product_brand?post=26112"},{"taxonomy":"product_cat","embeddable":true,"href":"https:\/\/researchchemworld.com\/da\/wp-json\/wp\/v2\/product_cat?post=26112"},{"taxonomy":"product_tag","embeddable":true,"href":"https:\/\/researchchemworld.com\/da\/wp-json\/wp\/v2\/product_tag?post=26112"}],"curies":[{"name":"wp","href":"https:\/\/api.w.org\/{rel}","templated":true}]}}