{"id":24966,"date":"2025-04-13T17:43:53","date_gmt":"2025-04-13T17:43:53","guid":{"rendered":"https:\/\/researchchemworld.com\/?post_type=product&#038;p=24966"},"modified":"2026-02-19T11:20:43","modified_gmt":"2026-02-19T11:20:43","slug":"1v-lsd-150-mcg-loschblatter","status":"publish","type":"product","link":"https:\/\/researchchemworld.com\/de\/geschaft\/1v-lsd\/1v-lsd-150-mcg-loschblatter\/","title":{"rendered":"1V-LSD 150 MCG Blotter"},"content":{"rendered":"<h1 class=\"ds-markdown-paragraph\"><strong>1V-LSD 150 mcg Blotter \u2013 Leistungsstark und zuverl\u00e4ssig f\u00fcr die Forschung<\/strong><\/h1>\n<p>1vlsd\u200b<\/p>\n<h3><strong>Was ist 1V-LSD?<\/strong><\/h3>\n<p class=\"ds-markdown-paragraph\">1VLSD, 1V-LSD (1-Valeryl-D-Lysergs\u00e4urediethylamid) ist eine Forschungschemikalie, die strukturell mit LSD verwandt ist. Sie ist f\u00fcr ihre potenziell psychoaktiven Eigenschaften bekannt und wird in wissenschaftlichen und pharmakologischen Studien verwendet.<\/p>\n<h3><strong>Warum sollten Sie sich f\u00fcr unsere 1V-LSD 150 mcg Blotter entscheiden?<\/strong><\/h3>\n<p class=\"ds-markdown-paragraph\">\u2714\u00a0<strong>Genaue Dosierung<\/strong>\u00a0\u2013 Jeder L\u00f6scher enth\u00e4lt genau 150 \u00b5g f\u00fcr konsistente Forschungsergebnisse.<br \/>\n\u2714\u00a0<strong>Hohe Qualit\u00e4t<\/strong>\u00a0\u2013 Hergestellt unter strengen Laborbedingungen f\u00fcr optimale Reinheit.<br \/>\n\u2714\u00a0<strong>Einfach zu verwenden<\/strong>\u00a0\u2013 Die L\u00f6schblattform erm\u00f6glicht eine einfache Dosierung und Aufbewahrung.<\/p>\n<h3><strong>H\u00e4ufig gestellte Fragen (FAQ)<\/strong><\/h3>\n<h4><strong>1. Ist 1V-LSD legal?<\/strong><\/h4>\n<p class=\"ds-markdown-paragraph\">Die Legalit\u00e4t von 1V-LSD variiert je nach Land. Es ist\u00a0<strong>nur f\u00fcr Forschungszwecke bestimmt<\/strong>\u00a0und nicht f\u00fcr den menschlichen Verzehr bestimmt. \u00dcberpr\u00fcfen Sie vor der Bestellung immer die \u00f6rtlichen Gesetze.<\/p>\n<h4><strong>2. Wie sollte ich 1V-LSD-Blotter aufbewahren?<\/strong><\/h4>\n<p class=\"ds-markdown-paragraph\">Bewahren Sie die L\u00f6schbl\u00e4tter in einem\u00a0<strong>k\u00fchl, trocken und dunkel lagern<\/strong>, vorzugsweise in einem luftdichten Beh\u00e4lter. Vermeiden Sie Licht- und Feuchtigkeitseinwirkung f\u00fcr eine l\u00e4ngere Haltbarkeit.<\/p>\n<h4><strong>3. Sind diese L\u00f6schbl\u00e4tter f\u00fcr den menschlichen Gebrauch sicher?<\/strong><\/h4>\n<p class=\"ds-markdown-paragraph\"><em>NEIN.<\/em>\u00a0Dieses Produkt ist\u00a0<strong>nur f\u00fcr wissenschaftliche Forschung bestimmt<\/strong>\u00a0und nicht f\u00fcr Freizeit- oder medizinische Zwecke. Unsere L\u00f6schbl\u00e4tter sind nur f\u00fcr kontrollierte Laborstudien bestimmt.<\/p>\n<h4><strong>4. Welche Forschungsanwendungen sind m\u00f6glich?<\/strong><\/h4>\n<p class=\"ds-markdown-paragraph\">\ud83d\udd2c\u00a0<strong>Neuropharmakologische Studien<\/strong><br \/>\n\ud83e\udde0\u00a0<strong>Verhaltenswissenschaftliche Forschung<\/strong><br \/>\n\ud83d\udcca\u00a0<strong>Analytische Chemie und Stoffwechselstudien<\/strong><\/p>\n<h3><strong>Jetzt bestellen f\u00fcr eine schnelle Lieferung!<\/strong><\/h3>\n<p class=\"ds-markdown-paragraph\">Nur f\u00fcr registrierte Forscher und Labore verf\u00fcgbar. Diskrete Verpackung und schneller Service garantiert.<\/p>\n<p><a href=\"https:\/\/researchchemworld.com\/de\/geschaft\/iboga-ibogain\/iboga-wurzelrinde\/\">Iboga-Wurzelrinde<\/a><a href=\"https:\/\/researchchemworld.com\/de\/geschaft\/iboga-ibogain\/ibogain-hcl-kaufen\/\">Kaufen Sie Ibogain HCL<\/a><a href=\"https:\/\/researchchemworld.com\/de\/geschaft\/lysergamide\/1cp-lsd-150-mcg-kunstloscher\/\">1cP-LSD 150 MCG Art Blotters<\/a><a href=\"https:\/\/researchchemworld.com\/de\/geschaft\/pellets\/o-dsmt-50-mg-pellets\/\">O-DSMT 50 mg Pellets<\/a><a href=\"https:\/\/researchchemworld.com\/de\/geschaft\/fast-verboten\/6-cl-adba\/\">6-CL-ADBA<\/a><\/p>","protected":false},"excerpt":{"rendered":"<h2>1V-LSD-Blotter-Eigenschaften<\/h2>\n<p><strong>Synonyme<\/strong>: 1-Valeroyl-Lysergs\u00e4urediethylamid-Hemi-L-tartrat<br \/>\n<strong>CAS-Nummer<\/strong>: n \/ A<br \/>\n<strong>Formel<\/strong>: C25H33N3O2<br \/>\n<strong>Molmasse<\/strong>: 407,558 g\/mol<br \/>\n<strong>Reinheit<\/strong>: \u226599,3%<\/p>","protected":false},"featured_media":29180,"comment_status":"open","ping_status":"closed","template":"","meta":[],"product_brand":[],"product_cat":[364,358],"product_tag":[631,582,326],"class_list":{"0":"post-24966","1":"product","2":"type-product","3":"status-publish","4":"has-post-thumbnail","6":"product_cat-1v-lsd","7":"product_cat-lysergamides","8":"product_tag-1v-lsd","9":"product_tag-1vlsd","10":"product_tag-nl","12":"first","13":"instock","14":"taxable","15":"shipping-taxable","16":"purchasable","17":"product-type-variable"},"_links":{"self":[{"href":"https:\/\/researchchemworld.com\/de\/wp-json\/wp\/v2\/product\/24966","targetHints":{"allow":["GET"]}}],"collection":[{"href":"https:\/\/researchchemworld.com\/de\/wp-json\/wp\/v2\/product"}],"about":[{"href":"https:\/\/researchchemworld.com\/de\/wp-json\/wp\/v2\/types\/product"}],"replies":[{"embeddable":true,"href":"https:\/\/researchchemworld.com\/de\/wp-json\/wp\/v2\/comments?post=24966"}],"version-history":[{"count":8,"href":"https:\/\/researchchemworld.com\/de\/wp-json\/wp\/v2\/product\/24966\/revisions"}],"predecessor-version":[{"id":25280,"href":"https:\/\/researchchemworld.com\/de\/wp-json\/wp\/v2\/product\/24966\/revisions\/25280"}],"wp:featuredmedia":[{"embeddable":true,"href":"https:\/\/researchchemworld.com\/de\/wp-json\/wp\/v2\/media\/29180"}],"wp:attachment":[{"href":"https:\/\/researchchemworld.com\/de\/wp-json\/wp\/v2\/media?parent=24966"}],"wp:term":[{"taxonomy":"product_brand","embeddable":true,"href":"https:\/\/researchchemworld.com\/de\/wp-json\/wp\/v2\/product_brand?post=24966"},{"taxonomy":"product_cat","embeddable":true,"href":"https:\/\/researchchemworld.com\/de\/wp-json\/wp\/v2\/product_cat?post=24966"},{"taxonomy":"product_tag","embeddable":true,"href":"https:\/\/researchchemworld.com\/de\/wp-json\/wp\/v2\/product_tag?post=24966"}],"curies":[{"name":"wp","href":"https:\/\/api.w.org\/{rel}","templated":true}]}}