{"id":27570,"date":"2025-09-23T07:05:38","date_gmt":"2025-09-23T07:05:38","guid":{"rendered":"https:\/\/researchchemworld.com\/?post_type=product&#038;p=27570"},"modified":"2026-02-19T10:58:40","modified_gmt":"2026-02-19T10:58:40","slug":"4mmc-kaufen","status":"publish","type":"product","link":"https:\/\/researchchemworld.com\/de_at\/geschaft\/okategoriserad\/4mmc-kaufen\/","title":{"rendered":"4mmc kaufen"},"content":{"rendered":"<h1 data-start=\"660\" data-end=\"708\"><strong data-start=\"662\" data-end=\"706\">4-MMC (Mephedron) \u2013 Substanzprofil &amp; FAQ<\/strong><\/h1>\n<h3 data-start=\"710\" data-end=\"732\"><strong data-start=\"714\" data-end=\"730\">Beschreibung<\/strong><\/h3>\n<p data-start=\"733\" data-end=\"1149\">Kaufen Sie 4mmc, 4-MMC, sonst bekannt als <strong data-start=\"757\" data-end=\"770\">Mephedron<\/strong>, verwandt mit der synthetischen Gruppe <strong data-start=\"808\" data-end=\"821\">Cathinon<\/strong>Es handelt sich an sich um eine psychoaktive Substanz, die in den 2000er Jahren als sogenannte <strong data-start=\"910\" data-end=\"933\">Forschungschemikalien<\/strong> (RC) tauchte auf. Aufgrund ihrer <strong data-start=\"966\" data-end=\"1009\">stimulierende und empathogene Wirkung<\/strong> Wenn sie als \u201eLegal High\u201c fungieren w\u00fcrden, w\u00e4ren sie im Land und auch in Deutschland gesch\u00fctzt, <strong data-start=\"1117\" data-end=\"1140\">gesetzlich verboten<\/strong> wurde.<\/p>\n<p data-start=\"1151\" data-end=\"1386\">Mephedron ist chemisch damit verwandt <strong data-start=\"1187\" data-end=\"1203\">Amphetamine<\/strong> Und <strong data-start=\"1208\" data-end=\"1216\">MDMA<\/strong> und wird h\u00e4ufig in Form von <strong data-start=\"1245\" data-end=\"1280\">Pulver, Kristalle oder Kapseln<\/strong> angeboten. Heute gilt es als <strong data-start=\"1310\" data-end=\"1328\">illegal Trocken<\/strong> mit gutem Gesundheits- und Wohlbefindensrisiko.<\/p>\n<h3 data-start=\"1393\" data-end=\"1432\"><strong data-start=\"1397\" data-end=\"1430\">Wirkung von 4-MMC (Mephedron)<\/strong><\/h3>\n<p data-start=\"1433\" data-end=\"1503\">Die Wirkung ist meist <strong data-start=\"1455\" data-end=\"1468\">kurzlebig<\/strong> und andere Stimulanzien:<\/p>\n<ul data-start=\"1504\" data-end=\"1691\">\n<li data-start=\"1504\" data-end=\"1549\">\n<p data-start=\"1506\" data-end=\"1549\">H\u00f6he <strong data-start=\"1514\" data-end=\"1526\">Euphorie<\/strong> Und <strong data-start=\"1531\" data-end=\"1547\">Geselligkeit<\/strong><\/p>\n<\/li>\n<li data-start=\"1550\" data-end=\"1616\">\n<p data-start=\"1552\" data-end=\"1616\">Intensivkurse <strong data-start=\"1563\" data-end=\"1579\">Wohlbefinden<\/strong> und einger\u00fcstet <strong data-start=\"1596\" data-end=\"1614\">Konversationsf\u00e4higkeit<\/strong><\/p>\n<\/li>\n<li data-start=\"1617\" data-end=\"1659\">\n<p data-start=\"1619\" data-end=\"1659\">H\u00f6he <strong data-start=\"1627\" data-end=\"1657\">Herzfrequenz und Blutdruck<\/strong><\/p>\n<\/li>\n<li data-start=\"1660\" data-end=\"1691\">\n<p data-start=\"1662\" data-end=\"1691\">Unterdr\u00fcckung von M\u00fcdigkeit<\/p>\n<\/li>\n<\/ul>\n<h3 data-start=\"1698\" data-end=\"1732\"><strong data-start=\"1702\" data-end=\"1730\">Risiken &amp; Nebenwirkungen<\/strong><\/h3>\n<p data-start=\"1733\" data-end=\"1813\">Der Konsum von Mephedron ist mit <strong data-start=\"1766\" data-end=\"1800\">ernsthafte Gesundheitsrisiken<\/strong> verbunden:<\/p>\n<ul data-start=\"1814\" data-end=\"2094\">\n<li data-start=\"1814\" data-end=\"1893\">\n<p data-start=\"1816\" data-end=\"1893\"><strong data-start=\"1816\" data-end=\"1844\">Herz-Rund-Lauf-Steuer<\/strong> (Herzrasen, Bluthochdruck, Herzinfarkt-Risiko)<\/p>\n<\/li>\n<li data-start=\"1894\" data-end=\"1965\">\n<p data-start=\"1896\" data-end=\"1965\"><strong data-start=\"1896\" data-end=\"1918\">Psychische Effekte<\/strong> wie Angstzust\u00e4nde, Paranoia, Schlaflosigkeit<\/p>\n<\/li>\n<li data-start=\"1966\" data-end=\"2020\">\n<p data-start=\"1968\" data-end=\"2020\"><strong data-start=\"1968\" data-end=\"1994\">Abh\u00e4ngigkeitspotenzial<\/strong> bei regelm\u00e4\u00dfigem Konsum<\/p>\n<\/li>\n<li data-start=\"2021\" data-end=\"2094\">\n<p data-start=\"2023\" data-end=\"2094\"><strong data-start=\"2023\" data-end=\"2053\">Akute \u00dcberdosierungsgefahr<\/strong> durch unsichere Sauberkeit und Dosierung<\/p>\n<\/li>\n<\/ul>\n<h3 data-start=\"2101\" data-end=\"2136\"><strong data-start=\"2105\" data-end=\"2134\">Gerichtsverfahren in Deutschland<\/strong><\/h3>\n<ul data-start=\"2137\" data-end=\"2384\">\n<li data-start=\"2137\" data-end=\"2232\">\n<p data-start=\"2139\" data-end=\"2232\">4-MMC ist in Deutschland <strong data-start=\"2164\" data-end=\"2175\">illegal<\/strong> und f\u00e4llt unter das <strong data-start=\"2196\" data-end=\"2229\">Bet\u00e4ubungsmittelgesetz (BtMG)<\/strong>.<\/p>\n<\/li>\n<li data-start=\"2233\" data-end=\"2287\">\n<p data-start=\"2235\" data-end=\"2287\">Besitz, Handel oder Herstellung sind <strong data-start=\"2272\" data-end=\"2284\">strafbar<\/strong>.<\/p>\n<\/li>\n<li data-start=\"2288\" data-end=\"2384\">\n<p data-start=\"2290\" data-end=\"2384\">Der Kauf im Internet ist <strong data-start=\"2325\" data-end=\"2343\">gesetzeswidrig<\/strong> und kann strafrechtlich verfolgt werden.<\/p>\n<\/li>\n<\/ul>\n<h2 data-start=\"2391\" data-end=\"2450\"><strong data-start=\"2394\" data-end=\"2448\">Basisinformationen (FAQ) zu 4-MMC (Mephedron)<\/strong><\/h2>\n<p data-start=\"2452\" data-end=\"2575\"><strong data-start=\"2452\" data-end=\"2473\">1. Was ist 4-MMC?<\/strong><br data-start=\"2473\" data-end=\"2476\" \/>4-MMC (Mephedron) ist ein synthetisches Trockenmittel aus der Gruppe <strong data-start=\"2541\" data-end=\"2572\">kathinonhaltigen Substanzen<\/strong>.<\/p>\n<p data-start=\"2577\" data-end=\"2779\"><strong data-start=\"2577\" data-end=\"2609\">2. Warum ist 4-MMC verboten?<\/strong><br data-start=\"2609\" data-end=\"2612\" \/>Wege der <strong data-start=\"2622\" data-end=\"2707\">Gesundheitsrisiken, gesundheitliche Vorteile und medizinische Versorgung<\/strong> wurden in den L\u00e4ndern gem\u00e4\u00df der geltenden Gesetzgebung festgestellt.<\/p>\n<p data-start=\"2781\" data-end=\"2914\"><strong data-start=\"2781\" data-end=\"2817\">3. Wie wenden Sie Mephedron an?<\/strong><br data-start=\"2817\" data-end=\"2820\" \/>Es funktioniert <strong data-start=\"2829\" data-end=\"2876\">anregend, euphorisierend und einf\u00fchlsam<\/strong>, auch mit MDMA oder Amphetamin.<\/p>\n<p data-start=\"2916\" data-end=\"3090\"><strong data-start=\"2916\" data-end=\"2958\">4. Wie wohl f\u00fchlen Sie sich?<\/strong><br data-start=\"2958\" data-end=\"2961\" \/>Nebenwirkungen reichen von <strong data-start=\"2988\" data-end=\"3022\">Herzrasen, \u00dcbelkeit, Schwitzen<\/strong> bis hin zu <strong data-start=\"3034\" data-end=\"3059\">psychische St\u00f6rungen<\/strong> wie Angst oder Aggressionen.<\/p>\n<p data-start=\"3092\" data-end=\"3224\"><strong data-start=\"3092\" data-end=\"3130\">5. Ist 4-MMC in Deutschland legal?<\/strong><br data-start=\"3130\" data-end=\"3133\" \/>Nein, Mephedron ist in Deutschland <strong data-start=\"3168\" data-end=\"3187\">strengstens verboten<\/strong>. Besitz und Verkauf sind strafbar.<\/p>\n<p data-start=\"3226\" data-end=\"3495\"><strong data-start=\"3226\" data-end=\"3261\">6. Gibt es legale Alternativen?<\/strong><br data-start=\"3261\" data-end=\"3264\" \/>Es existieren keine <strong data-start=\"3284\" data-end=\"3322\">sichere oder legale Ersatzstoffe<\/strong> mit identischen Arbeitsmethoden. Seri\u00f6se Beratung empfiehlt ausschlie\u00dflich <strong data-start=\"3390\" data-end=\"3414\">gesunde Alternativen<\/strong> wie Sport, Ern\u00e4hrung und psychologische Unterst\u00fctzung zur Stimmungsaufhellung.<\/p>","protected":false},"excerpt":{"rendered":"<p>4-MMC (Mephedron) \u2013 Substanzprofil &amp; FAQ Beschreibung 4mmc kopen, 4-MMC, auch bekannt als Mephedron, geh\u00f6rt zur Gruppe der synthetischen Cathinone.<\/p>","protected":false},"featured_media":29270,"comment_status":"open","ping_status":"closed","template":"","meta":[],"product_brand":[],"product_cat":[1085],"product_tag":[],"class_list":{"0":"post-27570","1":"product","2":"type-product","3":"status-publish","4":"has-post-thumbnail","6":"product_cat-okategoriserad","8":"first","9":"instock","10":"taxable","11":"shipping-taxable","12":"purchasable","13":"product-type-variable"},"_links":{"self":[{"href":"https:\/\/researchchemworld.com\/de_at\/wp-json\/wp\/v2\/product\/27570","targetHints":{"allow":["GET"]}}],"collection":[{"href":"https:\/\/researchchemworld.com\/de_at\/wp-json\/wp\/v2\/product"}],"about":[{"href":"https:\/\/researchchemworld.com\/de_at\/wp-json\/wp\/v2\/types\/product"}],"replies":[{"embeddable":true,"href":"https:\/\/researchchemworld.com\/de_at\/wp-json\/wp\/v2\/comments?post=27570"}],"version-history":[{"count":3,"href":"https:\/\/researchchemworld.com\/de_at\/wp-json\/wp\/v2\/product\/27570\/revisions"}],"predecessor-version":[{"id":29159,"href":"https:\/\/researchchemworld.com\/de_at\/wp-json\/wp\/v2\/product\/27570\/revisions\/29159"}],"wp:featuredmedia":[{"embeddable":true,"href":"https:\/\/researchchemworld.com\/de_at\/wp-json\/wp\/v2\/media\/29270"}],"wp:attachment":[{"href":"https:\/\/researchchemworld.com\/de_at\/wp-json\/wp\/v2\/media?parent=27570"}],"wp:term":[{"taxonomy":"product_brand","embeddable":true,"href":"https:\/\/researchchemworld.com\/de_at\/wp-json\/wp\/v2\/product_brand?post=27570"},{"taxonomy":"product_cat","embeddable":true,"href":"https:\/\/researchchemworld.com\/de_at\/wp-json\/wp\/v2\/product_cat?post=27570"},{"taxonomy":"product_tag","embeddable":true,"href":"https:\/\/researchchemworld.com\/de_at\/wp-json\/wp\/v2\/product_tag?post=27570"}],"curies":[{"name":"wp","href":"https:\/\/api.w.org\/{rel}","templated":true}]}}