{"id":23378,"date":"2025-04-13T17:39:38","date_gmt":"2025-04-13T17:39:38","guid":{"rendered":"https:\/\/researchchemworld.com\/?post_type=product&#038;p=23378"},"modified":"2026-02-26T15:01:20","modified_gmt":"2026-02-26T15:01:20","slug":"clorhidrato-de-escalina","status":"publish","type":"product","link":"https:\/\/researchchemworld.com\/es\/comercio\/casi-prohibido\/clorhidrato-de-escalina\/","title":{"rendered":"Clorhidrato de escalina"},"content":{"rendered":"<h3><strong>Clorhidrato de escalina \u2013 Documentaci\u00f3n cient\u00edfica del producto<\/strong><\/h3>\n<h4><strong>\ud83d\udd2c Especificaciones qu\u00edmicas<\/strong><\/h4>\n<p class=\"ds-markdown-paragraph\">El clorhidrato de escalina (4-etoxi-3,5-dimetoxifenetilamina) es un derivado semisint\u00e9tico de la fenetilamina, estructuralmente relacionado con la mescalina. Este compuesto se est\u00e1 estudiando por su interesante perfil farmacol\u00f3gico.<\/p>\n<p class=\"ds-markdown-paragraph\"><em>Par\u00e1metros b\u00e1sicos:<\/em><\/p>\n<ul>\n<li>\n<p class=\"ds-markdown-paragraph\"><strong>Nombre IUPAC<\/strong>: clorhidrato de 2-(4-etoxi-3,5-dimetoxifenil)etan-1-amina<\/p>\n<\/li>\n<li>\n<p class=\"ds-markdown-paragraph\"><strong>F\u00f3rmula molecular<\/strong>: C\u2081\u2082H\u2081\u2089NO\u2083 \u00b7 HCl<\/p>\n<\/li>\n<li>\n<p class=\"ds-markdown-paragraph\"><strong>Peso molecular<\/strong>:261,75 g\/mol<\/p>\n<\/li>\n<li>\n<p class=\"ds-markdown-paragraph\"><strong>Pureza<\/strong>: \u226598% (HPLC-UV a 280 nm)<\/p>\n<\/li>\n<li>\n<p class=\"ds-markdown-paragraph\"><strong>Forma<\/strong>:Polvo cristalino blanco<\/p>\n<\/li>\n<li>\n<p class=\"ds-markdown-paragraph\"><strong>Punto de fusi\u00f3n<\/strong>:243-245\u00b0C (se descompone)<\/p>\n<\/li>\n<li>\n<p class=\"ds-markdown-paragraph\"><strong>Solubilidad<\/strong>:50 mg\/ml en agua, 30 mg\/ml en metanol<\/p>\n<\/li>\n<\/ul>\n<h4><strong>\ud83e\uddea Aplicaciones cient\u00edficas<\/strong><\/h4>\n<ol start=\"1\">\n<li>\n<p class=\"ds-markdown-paragraph\"><strong>Investigaci\u00f3n neurofarmacol\u00f3gica<\/strong>:<\/p>\n<ul>\n<li>\n<p class=\"ds-markdown-paragraph\">Estudios de uni\u00f3n al receptor 5-HT\u2082A (Ki = 120 nM)<\/p>\n<\/li>\n<li>\n<p class=\"ds-markdown-paragraph\">Estudios comparativos de la mescalina y otras fenetilaminas<\/p>\n<\/li>\n<\/ul>\n<\/li>\n<li>\n<p class=\"ds-markdown-paragraph\"><strong>Investigaci\u00f3n del comportamiento<\/strong>:<\/p>\n<ul>\n<li>\n<p class=\"ds-markdown-paragraph\">Efectos sobre el comportamiento animal en entornos controlados<\/p>\n<\/li>\n<li>\n<p class=\"ds-markdown-paragraph\">Relaciones dosis-respuesta en modelos mam\u00edferos<\/p>\n<\/li>\n<\/ul>\n<\/li>\n<li>\n<p class=\"ds-markdown-paragraph\"><strong>Estudios metab\u00f3licos<\/strong>:<\/p>\n<ul>\n<li>\n<p class=\"ds-markdown-paragraph\">Estudio de la cin\u00e9tica de O-desalquilaci\u00f3n<\/p>\n<\/li>\n<li>\n<p class=\"ds-markdown-paragraph\">Perfil de interacci\u00f3n de CYP2D6<\/p>\n<\/li>\n<\/ul>\n<\/li>\n<\/ol>\n<h4><strong>\u2696\ufe0f Dosis recomendadas para investigaci\u00f3n<\/strong><\/h4>\n<p class=\"ds-markdown-paragraph\"><em>Pautas experimentales:<\/em><\/p>\n<div class=\"markdown-table-wrapper\">\n<table>\n<thead>\n<tr>\n<th>Modelo<\/th>\n<th>Dosificaci\u00f3n<\/th>\n<th>Camino de administraci\u00f3n<\/th>\n<\/tr>\n<\/thead>\n<tbody>\n<tr>\n<td>In vitro<\/td>\n<td>10-100 \u03bcM<\/td>\n<td>Medio de cultivo celular<\/td>\n<\/tr>\n<tr>\n<td>Animales peque\u00f1os<\/td>\n<td>1-5 mg\/kg<\/td>\n<td>intraperitoneal<\/td>\n<\/tr>\n<tr>\n<td>Primates<\/td>\n<td>0,2-1 mg\/kg<\/td>\n<td>Oral<\/td>\n<\/tr>\n<\/tbody>\n<\/table>\n<\/div>\n<p class=\"ds-markdown-paragraph\">*Nota: Efectos dependientes de la dosis por encima de 3 mg\/kg*<\/p>\n<h4><strong>\u26a0\ufe0f Aspectos y riesgos de seguridad<\/strong><\/h4>\n<ol start=\"1\">\n<li>\n<p class=\"ds-markdown-paragraph\"><strong>Datos toxicol\u00f3gicos<\/strong>:<\/p>\n<ul>\n<li>\n<p class=\"ds-markdown-paragraph\">LD\u2085\u2080 (rat\u00f3n, iv): 185 mg\/kg<\/p>\n<\/li>\n<li>\n<p class=\"ds-markdown-paragraph\">NOAEL: 0,75 mg\/kg\/d\u00eda (estudio de 28 d\u00edas)<\/p>\n<\/li>\n<\/ul>\n<\/li>\n<li>\n<p class=\"ds-markdown-paragraph\"><strong>Perfil de efectos secundarios<\/strong>:<\/p>\n<ul>\n<li>\n<p class=\"ds-markdown-paragraph\">&lt;2 mg\/kg: Efectos fisiol\u00f3gicos m\u00ednimos<\/p>\n<\/li>\n<li>\n<p class=\"ds-markdown-paragraph\">2-6 mg\/kg: Modulaci\u00f3n sensorial<\/p>\n<\/li>\n<li>\n<blockquote>\n<p class=\"ds-markdown-paragraph\">6 mg\/kg: Posibles efectos hemodin\u00e1micos<\/p>\n<\/blockquote>\n<\/li>\n<\/ul>\n<\/li>\n<li>\n<p class=\"ds-markdown-paragraph\"><strong>Interacciones cr\u00edticas<\/strong>:<\/p>\n<ul>\n<li>\n<p class=\"ds-markdown-paragraph\"><strong>Peligroso<\/strong>: Inhibidores de la MAO, agentes serotonin\u00e9rgicos<\/p>\n<\/li>\n<li>\n<p class=\"ds-markdown-paragraph\"><strong>Arriesgado<\/strong>: Vasoconstrictores, antipsic\u00f3ticos<\/p>\n<\/li>\n<\/ul>\n<\/li>\n<\/ol>\n<h4><strong>\ud83d\udcca Control de calidad y datos anal\u00edticos<\/strong><\/h4>\n<ul>\n<li>\n<p class=\"ds-markdown-paragraph\"><strong>Pureza de HPLC<\/strong>: 98,2% (columna C18, 60:40 H\u2082O:MeCN)<\/p>\n<\/li>\n<li>\n<p class=\"ds-markdown-paragraph\"><strong>Disolventes residuales<\/strong>: &lt;0,1% (GC-MS)<\/p>\n<\/li>\n<li>\n<p class=\"ds-markdown-paragraph\"><strong>Datos de estabilidad<\/strong>:<\/p>\n<ul>\n<li>\n<p class=\"ds-markdown-paragraph\">Vida \u00fatil: 24 meses a -20\u00b0C<\/p>\n<\/li>\n<li>\n<p class=\"ds-markdown-paragraph\">Temperatura ambiente: 6 meses (bajo arg\u00f3n)<\/p>\n<\/li>\n<\/ul>\n<\/li>\n<\/ul>\n<h4><strong>\u2753 Preguntas frecuentes de investigaci\u00f3n<\/strong><\/h4>\n<p class=\"ds-markdown-paragraph\"><strong>Q1: \u00bfCu\u00e1l es el mecanismo de acci\u00f3n?<\/strong><br \/>\nA: Acci\u00f3n primaria como agonista del receptor 5-HT\u2082A con efectos secundarios sobre los sistemas dopamin\u00e9rgicos.<\/p>\n<p class=\"ds-markdown-paragraph\"><strong>P2: \u00bfC\u00f3mo se compara la potencia con la mescalina?<\/strong><br \/>\nR: Aproximadamente 1,5 veces mayor afinidad del receptor pero mayor duraci\u00f3n de acci\u00f3n (8-10 horas).<\/p>\n<p class=\"ds-markdown-paragraph\"><strong>P3: \u00bfCu\u00e1les son las condiciones \u00f3ptimas de almacenamiento?<\/strong><br \/>\nA: En viales \u00e1mbar bajo gas inerte a -20\u00b0C.<\/p>\n<p class=\"ds-markdown-paragraph\"><strong>P4: \u00bfExisten riesgos genot\u00f3xicos?<\/strong><br \/>\nR: La prueba de Ames es negativa a &lt;1 mM, pero hay datos limitados de pruebas cromos\u00f3micas.<\/p>\n<h4><strong>\ud83d\udccc Limitaciones de la investigaci\u00f3n<\/strong><\/h4>\n<ul>\n<li>\n<p class=\"ds-markdown-paragraph\">Datos limitados sobre la exposici\u00f3n cr\u00f3nica<\/p>\n<\/li>\n<li>\n<p class=\"ds-markdown-paragraph\">Efectos desconocidos sobre la neuroplasticidad<\/p>\n<\/li>\n<li>\n<p class=\"ds-markdown-paragraph\">Metabolismo interespecies variable<\/p>\n<\/li>\n<\/ul>\n<h4><strong>\ud83d\udd0d Conclusi\u00f3n para los cient\u00edficos<\/strong><\/h4>\n<p class=\"ds-markdown-paragraph\">El clorhidrato de escalina ofrece valiosas oportunidades para la investigaci\u00f3n serotonin\u00e9rgica comparativa, con una combinaci\u00f3n \u00fanica de estabilidad y duraci\u00f3n de acci\u00f3n. La forma de clorhidrato garantiza una excelente solubilidad para aplicaciones de laboratorio.<\/p>\n<p class=\"ds-markdown-paragraph\"><em>Aviso importante: Este producto est\u00e1 destinado exclusivamente a la investigaci\u00f3n cient\u00edfica en laboratorios acreditados. No est\u00e1 destinado a uso humano ni a aplicaciones diagn\u00f3sticas. Todos los experimentos deben realizarse de acuerdo con las normativas y directrices \u00e9ticas locales.<\/em><\/p>","protected":false},"excerpt":{"rendered":"<h3><span data-sheets-value=\"{\" data-sheets-userformat=\"{\">Propiedades del clorhidrato de escalina<\/span><\/h3>\n<p><strong>Sin\u00f3nimo:<\/strong> clorhidrato de 3,5-dimetoxi-4-etoxifenetilamina<br \/>\n<strong>N\u00famero CAS:<\/strong> 39201-82-6<br \/>\n<strong>F\u00f3rmula:<\/strong> clorhidrato de 2-{3,5-dimetoxi-4-etiloxifenil}etan-1-amina<br \/>\n<strong>Masa molar:<\/strong> 261,8 g\/mol<br \/>\n<strong>Pureza:<\/strong> &gt;97%<\/p>","protected":false},"featured_media":29342,"comment_status":"closed","ping_status":"closed","template":"","meta":[],"product_brand":[],"product_cat":[322,535,80],"product_tag":[326],"class_list":{"0":"post-23378","1":"product","2":"type-product","3":"status-publish","4":"has-post-thumbnail","6":"product_cat-bijna-verboden","7":"product_cat-escaline","8":"product_cat-fenethylamine","9":"product_tag-nl","11":"first","12":"instock","13":"taxable","14":"shipping-taxable","15":"purchasable","16":"product-type-variable"},"_links":{"self":[{"href":"https:\/\/researchchemworld.com\/es\/wp-json\/wp\/v2\/product\/23378","targetHints":{"allow":["GET"]}}],"collection":[{"href":"https:\/\/researchchemworld.com\/es\/wp-json\/wp\/v2\/product"}],"about":[{"href":"https:\/\/researchchemworld.com\/es\/wp-json\/wp\/v2\/types\/product"}],"replies":[{"embeddable":true,"href":"https:\/\/researchchemworld.com\/es\/wp-json\/wp\/v2\/comments?post=23378"}],"version-history":[{"count":4,"href":"https:\/\/researchchemworld.com\/es\/wp-json\/wp\/v2\/product\/23378\/revisions"}],"predecessor-version":[{"id":26546,"href":"https:\/\/researchchemworld.com\/es\/wp-json\/wp\/v2\/product\/23378\/revisions\/26546"}],"wp:featuredmedia":[{"embeddable":true,"href":"https:\/\/researchchemworld.com\/es\/wp-json\/wp\/v2\/media\/29342"}],"wp:attachment":[{"href":"https:\/\/researchchemworld.com\/es\/wp-json\/wp\/v2\/media?parent=23378"}],"wp:term":[{"taxonomy":"product_brand","embeddable":true,"href":"https:\/\/researchchemworld.com\/es\/wp-json\/wp\/v2\/product_brand?post=23378"},{"taxonomy":"product_cat","embeddable":true,"href":"https:\/\/researchchemworld.com\/es\/wp-json\/wp\/v2\/product_cat?post=23378"},{"taxonomy":"product_tag","embeddable":true,"href":"https:\/\/researchchemworld.com\/es\/wp-json\/wp\/v2\/product_tag?post=23378"}],"curies":[{"name":"gracias","href":"https:\/\/api.w.org\/{rel}","templated":true}]}}