{"id":24175,"date":"2025-04-13T17:41:13","date_gmt":"2025-04-13T17:41:13","guid":{"rendered":"https:\/\/researchchemworld.com\/?post_type=product&#038;p=24175"},"modified":"2026-02-25T17:09:19","modified_gmt":"2026-02-25T17:09:19","slug":"caja-de-norflurazepam-rc-de-5-mg","status":"publish","type":"product","link":"https:\/\/researchchemworld.com\/es\/comercio\/b2b\/caja-de-norflurazepam-rc-de-5-mg\/","title":{"rendered":"Caja de RC+ Norflurazepam 5 mg"},"content":{"rendered":"<h2><strong>Efectos del norflurazepam: lo que necesita saber<\/strong><\/h2>\n<p>El norflurazepam es un derivado de las benzodiazepinas con efectos sedantes, relajantes musculares y ansiol\u00edticos. Aunque a veces se utiliza como somn\u00edfero o para la ansiedad, en muchos pa\u00edses, incluidos los Pa\u00edses Bajos y B\u00e9lgica, <strong>no aprobado<\/strong> para uso medicinal. Debido al riesgo de abuso y dependencia, a menudo cae bajo la categor\u00eda <strong>Ley del Opio<\/strong>.<\/p>\n<hr \/>\n<h3>Informaci\u00f3n sobre Norflurazepam 5 mg (50 comprimidos)<\/h3>\n<h4>1. <strong>Estatus legal<\/strong><\/h4>\n<ul>\n<li><strong>Pa\u00edses Bajos<\/strong>:Norflurazepam est\u00e1 en <strong>Lista I de la Ley del Opio<\/strong>. La posesi\u00f3n, el comercio y la producci\u00f3n sin permiso son punibles.<\/li>\n<li><strong>B\u00e9lgica<\/strong>:Tambi\u00e9n est\u00e1 prohibido por la <strong>leyes sobre drogas<\/strong>. No est\u00e1 reconocido como medicamento.<a href=\"https:\/\/researchchemworld.com\/es\/comercio\/b2b\/caja-de-norflurazepam-rc-de-10-mg\/\">Caja de RC+ Norflurazepam 10 mg<\/a><\/li>\n<\/ul>\n<h4>2. <strong>Riesgos para la salud<\/strong><\/h4>\n<ul>\n<li><strong>Alto riesgo de adicci\u00f3n<\/strong>:Dependencia tanto f\u00edsica como psicol\u00f3gica.<\/li>\n<li><strong>Uso a largo plazo<\/strong> Puede conducir a:\n<ul>\n<li>Tolerancia (se requieren dosis cada vez m\u00e1s altas)<\/li>\n<li>S\u00edntomas de abstinencia como ansiedad, insomnio, convulsiones.<\/li>\n<\/ul>\n<\/li>\n<li><strong>Combinaciones peligrosas<\/strong>:La ingesti\u00f3n con alcohol u otros depresores (como los opioides) puede provocar depresi\u00f3n respiratoria y la muerte.<a title=\"6-CL-ADBA\" href=\"https:\/\/researchchemworld.com\/es\/comercio\/casi-prohibido\/6-cl-de-adba\/\" target=\"_blank\" rel=\"noopener\">6-CL-ADBA<\/a><\/li>\n<\/ul>\n<h4>3. <strong>Consejo m\u00e9dico<\/strong><\/h4>\n<ul>\n<li>Utilice este remedio <strong>s\u00f3lo bajo supervisi\u00f3n m\u00e9dica<\/strong> en pa\u00edses donde es legal.<\/li>\n<li>\u00bfSufre usted de abuso o dependencia? <strong>Busque ayuda profesional.<a title=\"C\u00e1psulas de 2 mg de 2C-EF\" href=\"https:\/\/researchchemworld.com\/es\/comercio\/fenetilamina\/capsulas-2c-ef-2mg\/\" target=\"_blank\" rel=\"noopener\">C\u00e1psulas de 2 mg de 2C-EF<\/a><\/strong><\/li>\n<\/ul>\n<hr \/>\n<h3>\u26a0\ufe0fAdvertencia importante<\/h3>\n<p>Uso <strong>nunca<\/strong> Norflurazepam sin receta m\u00e9dica. El comercio ilegal, a trav\u00e9s de Internet o de vendedores ambulantes, conlleva importantes riesgos:<\/p>\n<ul>\n<li>Posible contaminaci\u00f3n de las pastillas<\/li>\n<li>Dosis poco fiable<\/li>\n<\/ul>\n<p>Para <strong>alternativas seguras y legales<\/strong> Si tiene problemas de sue\u00f1o o quejas de ansiedad, comun\u00edquese con su <strong>m\u00e9dico general o farmac\u00e9utico<\/strong>.<\/p>\n<p>&nbsp;<\/p>","protected":false},"excerpt":{"rendered":"<p>Efectos del norflurazepam: lo que necesita saber Efectos del norflurazepam es un derivado de la benzodiazepina con efectos sedantes, relajantes musculares y ansiol\u00edticos. Aunque sea<\/p>","protected":false},"featured_media":29443,"comment_status":"closed","ping_status":"closed","template":"","meta":[],"product_brand":[82],"product_cat":[555],"product_tag":[326,132,137,135,134,136,133],"class_list":{"0":"post-24175","1":"product","2":"type-product","3":"status-publish","4":"has-post-thumbnail","6":"product_brand-research-chemical","7":"product_cat-b2b","8":"product_tag-nl","9":"product_tag-norflurazepam","10":"product_tag-norflurazepam-dosering","11":"product_tag-norflurazepam-ervaring","12":"product_tag-norflurazepam-ervaringen","13":"product_tag-norflurazepam-psychonaut","14":"product_tag-norflurazepam-werking","16":"first","17":"instock","18":"taxable","19":"shipping-taxable","20":"purchasable","21":"product-type-variable"},"_links":{"self":[{"href":"https:\/\/researchchemworld.com\/es\/wp-json\/wp\/v2\/product\/24175","targetHints":{"allow":["GET"]}}],"collection":[{"href":"https:\/\/researchchemworld.com\/es\/wp-json\/wp\/v2\/product"}],"about":[{"href":"https:\/\/researchchemworld.com\/es\/wp-json\/wp\/v2\/types\/product"}],"replies":[{"embeddable":true,"href":"https:\/\/researchchemworld.com\/es\/wp-json\/wp\/v2\/comments?post=24175"}],"version-history":[{"count":3,"href":"https:\/\/researchchemworld.com\/es\/wp-json\/wp\/v2\/product\/24175\/revisions"}],"predecessor-version":[{"id":26023,"href":"https:\/\/researchchemworld.com\/es\/wp-json\/wp\/v2\/product\/24175\/revisions\/26023"}],"wp:featuredmedia":[{"embeddable":true,"href":"https:\/\/researchchemworld.com\/es\/wp-json\/wp\/v2\/media\/29443"}],"wp:attachment":[{"href":"https:\/\/researchchemworld.com\/es\/wp-json\/wp\/v2\/media?parent=24175"}],"wp:term":[{"taxonomy":"product_brand","embeddable":true,"href":"https:\/\/researchchemworld.com\/es\/wp-json\/wp\/v2\/product_brand?post=24175"},{"taxonomy":"product_cat","embeddable":true,"href":"https:\/\/researchchemworld.com\/es\/wp-json\/wp\/v2\/product_cat?post=24175"},{"taxonomy":"product_tag","embeddable":true,"href":"https:\/\/researchchemworld.com\/es\/wp-json\/wp\/v2\/product_tag?post=24175"}],"curies":[{"name":"gracias","href":"https:\/\/api.w.org\/{rel}","templated":true}]}}