{"id":24186,"date":"2025-04-13T17:41:13","date_gmt":"2025-04-13T17:41:13","guid":{"rendered":"https:\/\/researchchemworld.com\/?post_type=product&#038;p=24186"},"modified":"2026-02-26T11:06:33","modified_gmt":"2026-02-26T11:06:33","slug":"caja-de-bromonordiazepam-rc-de-25-mg","status":"publish","type":"product","link":"https:\/\/researchchemworld.com\/es\/comercio\/b2b\/caja-de-bromonordiazepam-rc-de-25-mg\/","title":{"rendered":"Caja de RC+ Bromonordiazepam 2,5 mg"},"content":{"rendered":"<h2><span data-sheets-value=\"{\" data-sheets-userformat=\"{\">Bromonordiazepam 2,5 mg Caja con 50 gr\u00e1nulos<br \/>\n<\/span><\/h2>\n<ul>\n<li><strong>Embalaje para venta al por menor, <span class=\"___SText_pr68d-red-team\" data-ui-name=\"Link.Text\">bromonodiazepam<\/span><br \/>\n<\/strong><\/li>\n<li><strong>Cantidad de pellets por caja: 50 (5 bl\u00edsteres)<\/strong><\/li>\n<li><strong>Los precios no incluyen el IVA 21%<\/strong><\/li>\n<li><strong>Precio de venta recomendado: 41,95 \u20ac IVA incluido. TINA<\/strong><\/li>\n<\/ul>\n<p><a href=\"https:\/\/researchchemworld.com\/es\/comercio\/lisergamidas\/1-pastilla-de-lsd-de-150-mcg\/\">Papel secante para arte de 1 cP-LSD 150 MCG<\/a><a href=\"https:\/\/researchchemworld.com\/es\/comercio\/pellets\/granulos-de-o-dsmt-50-mg\/\">Gr\u00e1nulos de O-DSMT de 50 mg<\/a><a href=\"https:\/\/researchchemworld.com\/es\/comercio\/lisergamidas\/1v-lsd-150-mcg-blotters\/\">Papel secante 1V-LSD 150 MCG<\/a><a href=\"https:\/\/researchchemworld.com\/es\/comercio\/casi-prohibido\/6-cl-de-adba\/\">6-CL-ADBA<\/a><a href=\"https:\/\/researchchemworld.com\/es\/comercio\/catinonas\/%f0%9f%92%a1-polvo-cristalino-de-2-mmc-para-todas-las-preguntas-y-respuestas-para-la-compra\/\">Gr\u00e1nulos de 2-CMC de 250 mg<\/a><\/p>","protected":false},"excerpt":{"rendered":"<p>Bromonordiazepam 2,5 MG Caja de 50 gr\u00e1nulos Envase minorista, bromonordiazepam Cantidad de gr\u00e1nulos por caja: 50 (5 bl\u00edsteres) Los precios no incluyen el IVA 21%<\/p>","protected":false},"featured_media":29429,"comment_status":"closed","ping_status":"closed","template":"","meta":[],"product_brand":[],"product_cat":[555],"product_tag":[185,326],"class_list":{"0":"post-24186","1":"product","2":"type-product","3":"status-publish","4":"has-post-thumbnail","6":"product_cat-b2b","7":"product_tag-bromonordiazepam","8":"product_tag-nl","10":"first","11":"instock","12":"taxable","13":"shipping-taxable","14":"purchasable","15":"product-type-variable"},"_links":{"self":[{"href":"https:\/\/researchchemworld.com\/es\/wp-json\/wp\/v2\/product\/24186","targetHints":{"allow":["GET"]}}],"collection":[{"href":"https:\/\/researchchemworld.com\/es\/wp-json\/wp\/v2\/product"}],"about":[{"href":"https:\/\/researchchemworld.com\/es\/wp-json\/wp\/v2\/types\/product"}],"replies":[{"embeddable":true,"href":"https:\/\/researchchemworld.com\/es\/wp-json\/wp\/v2\/comments?post=24186"}],"version-history":[{"count":3,"href":"https:\/\/researchchemworld.com\/es\/wp-json\/wp\/v2\/product\/24186\/revisions"}],"predecessor-version":[{"id":25916,"href":"https:\/\/researchchemworld.com\/es\/wp-json\/wp\/v2\/product\/24186\/revisions\/25916"}],"wp:featuredmedia":[{"embeddable":true,"href":"https:\/\/researchchemworld.com\/es\/wp-json\/wp\/v2\/media\/29429"}],"wp:attachment":[{"href":"https:\/\/researchchemworld.com\/es\/wp-json\/wp\/v2\/media?parent=24186"}],"wp:term":[{"taxonomy":"product_brand","embeddable":true,"href":"https:\/\/researchchemworld.com\/es\/wp-json\/wp\/v2\/product_brand?post=24186"},{"taxonomy":"product_cat","embeddable":true,"href":"https:\/\/researchchemworld.com\/es\/wp-json\/wp\/v2\/product_cat?post=24186"},{"taxonomy":"product_tag","embeddable":true,"href":"https:\/\/researchchemworld.com\/es\/wp-json\/wp\/v2\/product_tag?post=24186"}],"curies":[{"name":"gracias","href":"https:\/\/api.w.org\/{rel}","templated":true}]}}