{"id":24259,"date":"2025-04-13T17:41:21","date_gmt":"2025-04-13T17:41:21","guid":{"rendered":"https:\/\/researchchemworld.com\/?post_type=product&#038;p=24259"},"modified":"2026-02-25T16:51:54","modified_gmt":"2026-02-25T16:51:54","slug":"bolsa-de-3-perdigones-newphoria-rc","status":"publish","type":"product","link":"https:\/\/researchchemworld.com\/es\/comercio\/b2b\/bolsa-de-3-perdigones-newphoria-rc\/","title":{"rendered":"Bolsa de 3 pellets RC+ Newphoria"},"content":{"rendered":"<h2><span data-sheets-value=\"{\" data-sheets-userformat=\"{\"><strong>Comprar Newphoria 2\/3-FEA 35 MG\/100MG bolsa con 3 pellets<\/strong> <\/span><\/h2>\n<p class=\"ds-markdown-paragraph\"><strong>Nombre del producto:<\/strong> Comprar RC+ Newphoria (Nuevo Compuesto Entact\u00f3geno) \u2013 3 gr\u00e1nulos por bolsa<br \/>\n<strong>Categor\u00eda:<\/strong>\u00a0Productos qu\u00edmicos de investigaci\u00f3n (clase de entact\u00f3genos)<br \/>\n<strong>\u00c1mbito de aplicaci\u00f3n:<\/strong>\u00a0Investigaci\u00f3n neuropsicol\u00f3gica y farmacol\u00f3gica<\/p>\n<hr \/>\n<h3><strong>Caracter\u00edsticas del producto:<\/strong><\/h3>\n<p class=\"ds-markdown-paragraph\">\ud83d\udd2c\u00a0<strong>Formulaci\u00f3n avanzada<\/strong>\u00a0\u2013 Desarrollado para obtener resultados de investigaci\u00f3n consistentes<br \/>\n\ud83d\udc8a\u00a0<strong>3 pellets por bolsa<\/strong>\u00a0\u2013 Ideal para estudios piloto e investigaci\u00f3n de respuesta a dosis<br \/>\n\ud83d\udce6\u00a0<strong>Envases patentados sin ox\u00edgeno<\/strong>\u00a0\u2013 Garantiza la estabilidad a largo plazo<br \/>\n\ud83d\udcca\u00a0<strong>An\u00e1lisis de espectro completo<\/strong> \u2013 Informes de pruebas GC\/MS y HPLC disponibles.<a title=\"Papel secante 1V-LSD 150 MCG\" href=\"https:\/\/researchchemworld.com\/es\/comercio\/lisergamidas\/1v-lsd-150-mcg-blotters\/\" target=\"_blank\" rel=\"noopener\">Papel secante 1V-LSD 150 MCG<\/a><\/p>\n<h3><strong>Acerca de Newphoria:<\/strong><\/h3>\n<p class=\"ds-markdown-paragraph\">Un compuesto de investigaci\u00f3n innovador con propiedades farmacol\u00f3gicas \u00fanicas, relevante para:<\/p>\n<ul>\n<li>\n<p class=\"ds-markdown-paragraph\">Mecanismos de liberaci\u00f3n de neurotransmisores<\/p>\n<\/li>\n<li>\n<p class=\"ds-markdown-paragraph\">Estudios de afinidad de receptores (SERT, DAT)<\/p>\n<\/li>\n<li>\n<p class=\"ds-markdown-paragraph\">Estudio comparativo con entact\u00f3genos cl\u00e1sicos<\/p>\n<\/li>\n<\/ul>\n<p class=\"ds-markdown-paragraph\"><strong>Nota cr\u00edtica:<\/strong><\/p>\n<ul>\n<li>\n<p class=\"ds-markdown-paragraph\">S\u00f3lo para investigaci\u00f3n cient\u00edfica in vitro<\/p>\n<\/li>\n<li>\n<p class=\"ds-markdown-paragraph\">Absolutamente no apto para bioensayos (humanos\/animales)<\/p>\n<\/li>\n<li>\n<p class=\"ds-markdown-paragraph\">No hay aplicaciones de consumo.<a title=\"6-CL-ADBA\" href=\"https:\/\/researchchemworld.com\/es\/comercio\/casi-prohibido\/6-cl-de-adba\/\" target=\"_blank\" rel=\"noopener\">6-CL-ADBA<\/a><\/p>\n<\/li>\n<\/ul>\n<hr \/>\n<h3><strong>Protocolos de seguridad:<\/strong><\/h3>\n<p class=\"ds-markdown-paragraph\">\u26a0\u00a0<strong>Requisitos de laboratorio:<\/strong><\/p>\n<ul>\n<li>\n<p class=\"ds-markdown-paragraph\">Se recomienda el uso de un gabinete de seguridad de clase II.<\/p>\n<\/li>\n<li>\n<p class=\"ds-markdown-paragraph\">EPP completo (bata de laboratorio, guantes, protecci\u00f3n ocular)<\/p>\n<\/li>\n<li>\n<p class=\"ds-markdown-paragraph\">Trabajar en un entorno acondicionado<\/p>\n<\/li>\n<\/ul>\n<p class=\"ds-markdown-paragraph\">\u26a0\u00a0<strong>Estado regulatorio:<\/strong><\/p>\n<ul>\n<li>\n<p class=\"ds-markdown-paragraph\">Estado de la Ley del Opio holandesa: Nueva sustancia psicoactiva (NSP)<\/p>\n<\/li>\n<li>\n<p class=\"ds-markdown-paragraph\">Lista de vigilancia de drogas de la UE (posiblemente regulada)<\/p>\n<\/li>\n<li>\n<p class=\"ds-markdown-paragraph\">Las instituciones de investigaci\u00f3n deben verificar su propio cumplimiento.<a title=\"Gr\u00e1nulos de 2-CMC de 250 mg\" href=\"https:\/\/researchchemworld.com\/es\/comercio\/catinonas\/%f0%9f%92%a1-polvo-cristalino-de-2-mmc-para-todas-las-preguntas-y-respuestas-para-la-compra\/\" target=\"_blank\" rel=\"noopener\">Gr\u00e1nulos de 2-CMC de 250 mg<\/a><\/p>\n<\/li>\n<\/ul>\n<hr \/>\n<h3><strong>Beneficios de la investigaci\u00f3n:<\/strong><\/h3>\n<p class=\"ds-markdown-paragraph\">\u2705\u00a0<strong>F\u00f3rmula innovadora<\/strong>\u00a0\u2013 Arquitectura qu\u00edmica \u00fanica<br \/>\n\u2705\u00a0<strong>Opciones de microdosificaci\u00f3n<\/strong>\u00a0\u2013 Investigaci\u00f3n de precisi\u00f3n posible<br \/>\n\u2705\u00a0<strong>Apoyo cient\u00edfico<\/strong>\u00a0\u2013 Ficha t\u00e9cnica disponible<br \/>\n\u2705\u00a0<strong>Log\u00edstica r\u00e1pida de la UE<\/strong>\u00a0\u2013 Env\u00edos de laboratorio certificados<\/p>","protected":false},"excerpt":{"rendered":"<p><strong>N\u00famero CAS<\/strong>: 1780004-19-4<br \/>\n<strong>F\u00f3rmula<\/strong>:C11H16FN<br \/>\n<strong>Masa molar<\/strong>: 181,25 g\/mol<br \/>\n<strong>Pureza<\/strong>: \u226598%<\/p>","protected":false},"featured_media":29442,"comment_status":"closed","ping_status":"closed","template":"","meta":[],"product_brand":[82],"product_cat":[555],"product_tag":[843,840,844,841,845,846,842,866,865,839,326],"class_list":{"0":"post-24259","1":"product","2":"type-product","3":"status-publish","4":"has-post-thumbnail","6":"product_brand-research-chemical","7":"product_cat-b2b","8":"product_tag-100mg-newphoria-review","9":"product_tag-2-fea-3-fea-research-chemical","10":"product_tag-2-fea-stimulant-effect","11":"product_tag-2-3-fea-ervaring","12":"product_tag-3-fea-comparison","13":"product_tag-fluorinated-amphetamines","14":"product_tag-newphoria-35mg-pellets","15":"product_tag-newphoria-drug","16":"product_tag-newphoria-kopen","17":"product_tag-newphoria-pellets","18":"product_tag-nl","20":"first","21":"instock","22":"taxable","23":"shipping-taxable","24":"purchasable","25":"product-type-variable"},"_links":{"self":[{"href":"https:\/\/researchchemworld.com\/es\/wp-json\/wp\/v2\/product\/24259","targetHints":{"allow":["GET"]}}],"collection":[{"href":"https:\/\/researchchemworld.com\/es\/wp-json\/wp\/v2\/product"}],"about":[{"href":"https:\/\/researchchemworld.com\/es\/wp-json\/wp\/v2\/types\/product"}],"replies":[{"embeddable":true,"href":"https:\/\/researchchemworld.com\/es\/wp-json\/wp\/v2\/comments?post=24259"}],"version-history":[{"count":3,"href":"https:\/\/researchchemworld.com\/es\/wp-json\/wp\/v2\/product\/24259\/revisions"}],"predecessor-version":[{"id":26002,"href":"https:\/\/researchchemworld.com\/es\/wp-json\/wp\/v2\/product\/24259\/revisions\/26002"}],"wp:featuredmedia":[{"embeddable":true,"href":"https:\/\/researchchemworld.com\/es\/wp-json\/wp\/v2\/media\/29442"}],"wp:attachment":[{"href":"https:\/\/researchchemworld.com\/es\/wp-json\/wp\/v2\/media?parent=24259"}],"wp:term":[{"taxonomy":"product_brand","embeddable":true,"href":"https:\/\/researchchemworld.com\/es\/wp-json\/wp\/v2\/product_brand?post=24259"},{"taxonomy":"product_cat","embeddable":true,"href":"https:\/\/researchchemworld.com\/es\/wp-json\/wp\/v2\/product_cat?post=24259"},{"taxonomy":"product_tag","embeddable":true,"href":"https:\/\/researchchemworld.com\/es\/wp-json\/wp\/v2\/product_tag?post=24259"}],"curies":[{"name":"gracias","href":"https:\/\/api.w.org\/{rel}","templated":true}]}}