{"id":24262,"date":"2025-04-13T17:41:21","date_gmt":"2025-04-13T17:41:21","guid":{"rendered":"https:\/\/researchchemworld.com\/?post_type=product&#038;p=24262"},"modified":"2026-02-25T16:53:38","modified_gmt":"2026-02-25T16:53:38","slug":"rc-beta-k-2c-b-bolsa-de-3-perdigones","status":"publish","type":"product","link":"https:\/\/researchchemworld.com\/es\/comercio\/b2b\/rc-beta-k-2c-b-bolsa-de-3-perdigones\/","title":{"rendered":"RC+ Beta-k-2C-B bolsa de 3 pellets"},"content":{"rendered":"<h2 class=\"ds-markdown-paragraph\"><strong>P\u00edldoras de Beta-K-2C-B 3: Investigaci\u00f3n qu\u00edmica innovadora de la fenetilamina<\/strong><\/h2>\n<p class=\"ds-markdown-paragraph\"><strong>Nombre del producto:<\/strong>\u00a0RC+ Beta-K-2C-B (\u03b2k-2C-B) \u2013 3 gr\u00e1nulos por bolsa<br \/>\n<strong>Categor\u00eda:<\/strong>\u00a0Productos qu\u00edmicos de investigaci\u00f3n (clase de fenetilamina psicod\u00e9lica)<br \/>\n<strong>Solicitud:<\/strong> Investigaci\u00f3n neuropsicol\u00f3gica y estudios de receptores.<a title=\"C\u00e1psulas de 2 mg de 2C-EF\" href=\"https:\/\/researchchemworld.com\/es\/comercio\/fenetilamina\/capsulas-2c-ef-2mg\/\" target=\"_blank\" rel=\"noopener\">C\u00e1psulas de 2 mg de 2C-EF<\/a><\/p>\n<hr \/>\n<h3><strong>Caracter\u00edsticas del producto:<\/strong><\/h3>\n<p class=\"ds-markdown-paragraph\">\ud83d\udd2c\u00a0<strong>Compuesto de alta pureza<\/strong>\u00a0(&gt;98% pureza)<br \/>\n\ud83d\udc8a\u00a0<strong>3 pellets por bolsa<\/strong>\u00a0(dosis estandarizada)<br \/>\n\ud83d\udce6\u00a0<strong>Envases sellados al vac\u00edo<\/strong>\u00a0para una estabilidad \u00f3ptima<br \/>\n\ud83d\udcca\u00a0<strong>Amplio control de calidad<\/strong>\u00a0(An\u00e1lisis HPLC y GC\/MS)<\/p>\n<h3><strong>Relevancia cient\u00edfica:<\/strong><\/h3>\n<p class=\"ds-markdown-paragraph\">Beta-K-2C-B es un compuesto interesante para la investigaci\u00f3n en:<\/p>\n<ul>\n<li>\n<p class=\"ds-markdown-paragraph\">Interacciones del receptor serotonin\u00e9rgico (5-HT2A\/2C)<\/p>\n<\/li>\n<li>\n<p class=\"ds-markdown-paragraph\">Estudios de relaci\u00f3n estructura-actividad (SAR)<\/p>\n<\/li>\n<li>\n<p class=\"ds-markdown-paragraph\">Farmacodin\u00e1mica comparativa con psicod\u00e9licos cl\u00e1sicos.<a title=\"Gr\u00e1nulos de 2-CMC de 250 mg\" href=\"https:\/\/researchchemworld.com\/es\/comercio\/catinonas\/%f0%9f%92%a1-polvo-cristalino-de-2-mmc-para-todas-las-preguntas-y-respuestas-para-la-compra\/\" target=\"_blank\" rel=\"noopener\">Gr\u00e1nulos de 2-CMC de 250 mg<\/a><\/p>\n<\/li>\n<\/ul>\n<p class=\"ds-markdown-paragraph\"><strong>Nota importante:<\/strong><\/p>\n<ul>\n<li>\n<p class=\"ds-markdown-paragraph\">S\u00f3lo para investigaci\u00f3n in vitro<\/p>\n<\/li>\n<li>\n<p class=\"ds-markdown-paragraph\">No apto para consumo humano\/animal.<\/p>\n<\/li>\n<li>\n<p class=\"ds-markdown-paragraph\">No destinado a uso medicinal o recreativo.<\/p>\n<\/li>\n<\/ul>\n<hr \/>\n<h3><strong>Seguridad en el laboratorio:<\/strong><\/h3>\n<p class=\"ds-markdown-paragraph\">\u26a0\u00a0<strong>Protocolos est\u00e1ndar:<\/strong><\/p>\n<ul>\n<li>\n<p class=\"ds-markdown-paragraph\">Trabajar en un entorno acondicionado<\/p>\n<\/li>\n<li>\n<p class=\"ds-markdown-paragraph\">Protecci\u00f3n personal completa (bata, guantes, gafas de seguridad).<a title=\"Papel secante 1V-LSD 150 MCG\" href=\"https:\/\/researchchemworld.com\/es\/comercio\/lisergamidas\/1v-lsd-150-mcg-blotters\/\" target=\"_blank\" rel=\"noopener\">Papel secante 1V-LSD 150 MCG<\/a><\/p>\n<\/li>\n<li>\n<p class=\"ds-markdown-paragraph\">Se requiere ventilaci\u00f3n adecuada<\/p>\n<\/li>\n<\/ul>\n<p class=\"ds-markdown-paragraph\">\u26a0\u00a0<strong>Estado legal:<\/strong><\/p>\n<ul>\n<li>\n<p class=\"ds-markdown-paragraph\">Posiblemente regulada como NPS (nueva sustancia psicoactiva)<\/p>\n<\/li>\n<li>\n<p class=\"ds-markdown-paragraph\">Los investigadores deben verificar las leyes locales<\/p>\n<\/li>\n<li>\n<p class=\"ds-markdown-paragraph\">Responsabilidad total ante el comprador<\/p>\n<\/li>\n<\/ul>\n<hr \/>\n<h3><strong>Beneficios de la investigaci\u00f3n:<\/strong><\/h3>\n<p class=\"ds-markdown-paragraph\">\u2705\u00a0<strong>Calidad constante<\/strong>\u00a0por lote de producci\u00f3n<br \/>\n\u2705\u00a0<strong>Peque\u00f1as cantidades<\/strong>\u00a0para estudios piloto<br \/>\n\u2705\u00a0<strong>Documentaci\u00f3n cient\u00edfica<\/strong>\u00a0disponible<br \/>\n\u2705\u00a0<strong>Env\u00edo discreto<\/strong>\u00a0dentro de la UE<\/p>","protected":false},"excerpt":{"rendered":"<p><strong>Sin\u00f3nimo:<\/strong> bk-2C-B<br \/>\n<strong>N\u00famero CAS:<\/strong><br \/>\n<strong>F\u00f3rmula:<\/strong> clorhidrato de 2-amino-1-(4-bromo-2,5-dimetoxifenil)-etanona<br \/>\n<strong>Masa molar:<\/strong> 296,6 g\/mol<br \/>\n<strong>Pureza:<\/strong> &gt;97%<\/p>","protected":false},"featured_media":29427,"comment_status":"closed","ping_status":"closed","template":"","meta":[],"product_brand":[82],"product_cat":[555],"product_tag":[869,244,867,326,868],"class_list":{"0":"post-24262","1":"product","2":"type-product","3":"status-publish","4":"has-post-thumbnail","6":"product_brand-research-chemical","7":"product_cat-b2b","8":"product_tag-2c-b-analogon-pellets","9":"product_tag-beta-k-2c-b","10":"product_tag-beta-k-2c-b-onderzoek","11":"product_tag-nl","12":"product_tag-rc-psychedelische-fenethylamine","14":"first","15":"instock","16":"taxable","17":"shipping-taxable","18":"purchasable","19":"product-type-variable"},"_links":{"self":[{"href":"https:\/\/researchchemworld.com\/es\/wp-json\/wp\/v2\/product\/24262","targetHints":{"allow":["GET"]}}],"collection":[{"href":"https:\/\/researchchemworld.com\/es\/wp-json\/wp\/v2\/product"}],"about":[{"href":"https:\/\/researchchemworld.com\/es\/wp-json\/wp\/v2\/types\/product"}],"replies":[{"embeddable":true,"href":"https:\/\/researchchemworld.com\/es\/wp-json\/wp\/v2\/comments?post=24262"}],"version-history":[{"count":3,"href":"https:\/\/researchchemworld.com\/es\/wp-json\/wp\/v2\/product\/24262\/revisions"}],"predecessor-version":[{"id":26004,"href":"https:\/\/researchchemworld.com\/es\/wp-json\/wp\/v2\/product\/24262\/revisions\/26004"}],"wp:featuredmedia":[{"embeddable":true,"href":"https:\/\/researchchemworld.com\/es\/wp-json\/wp\/v2\/media\/29427"}],"wp:attachment":[{"href":"https:\/\/researchchemworld.com\/es\/wp-json\/wp\/v2\/media?parent=24262"}],"wp:term":[{"taxonomy":"product_brand","embeddable":true,"href":"https:\/\/researchchemworld.com\/es\/wp-json\/wp\/v2\/product_brand?post=24262"},{"taxonomy":"product_cat","embeddable":true,"href":"https:\/\/researchchemworld.com\/es\/wp-json\/wp\/v2\/product_cat?post=24262"},{"taxonomy":"product_tag","embeddable":true,"href":"https:\/\/researchchemworld.com\/es\/wp-json\/wp\/v2\/product_tag?post=24262"}],"curies":[{"name":"gracias","href":"https:\/\/api.w.org\/{rel}","templated":true}]}}