{"id":24268,"date":"2025-04-13T17:41:22","date_gmt":"2025-04-13T17:41:22","guid":{"rendered":"https:\/\/researchchemworld.com\/?post_type=product&#038;p=24268"},"modified":"2026-02-25T16:46:19","modified_gmt":"2026-02-25T16:46:19","slug":"bolsa-de-promal-rc-de-3-perdigones","status":"publish","type":"product","link":"https:\/\/researchchemworld.com\/es\/comercio\/b2b\/bolsa-de-promal-rc-de-3-perdigones\/","title":{"rendered":"Bolsa RC+ Promal 3 pellets"},"content":{"rendered":"<h2><span data-sheets-value=\"{\" data-sheets-userformat=\"{\">Promal Metalilescalina 21 mg bolsa con 3 gr\u00e1nulos<\/span><\/h2>\n<p class=\"ds-markdown-paragraph\"><strong>Nombre del producto:<\/strong> RC+ (an\u00e1logo de proscalina) \u2013 3 pastillas por bolsa<br \/>\n<strong>Categor\u00eda:<\/strong>\u00a0Productos qu\u00edmicos de investigaci\u00f3n (clase fenetilamina)<br \/>\n<strong>Solicitud:<\/strong> Estudios neuroqu\u00edmicos e investigaci\u00f3n farmacol\u00f3gica.<a title=\"C\u00e1psulas de 2 mg de 2C-EF\" href=\"https:\/\/researchchemworld.com\/es\/comercio\/fenetilamina\/capsulas-2c-ef-2mg\/\" target=\"_blank\" rel=\"noopener\">C\u00e1psulas de 2 mg de 2C-EF<\/a><\/p>\n<hr \/>\n<h3><strong>Caracter\u00edsticas del producto:<\/strong><\/h3>\n<p class=\"ds-markdown-paragraph\">\ud83d\udd2c\u00a0<strong>Composici\u00f3n estandarizada<\/strong>\u00a0\u2013 Optimizado para obtener resultados reproducibles<br \/>\n\ud83d\udc8a\u00a0<strong>3 pellets por paquete<\/strong>\u00a0\u2013 Ideal para experimentos controlados<br \/>\n\ud83d\udce6\u00a0<strong>Embalaje en bolsa herm\u00e9tica<\/strong>\u00a0\u2013 M\u00e1xima estabilidad y protecci\u00f3n<br \/>\n\ud83d\udcca\u00a0<strong>Control de calidad<\/strong> \u2013 Informes de pruebas anal\u00edticas disponibles para los investigadores.<a title=\"Gr\u00e1nulos de 2-CMC de 250 mg\" href=\"https:\/\/researchchemworld.com\/es\/comercio\/catinonas\/%f0%9f%92%a1-polvo-cristalino-de-2-mmc-para-todas-las-preguntas-y-respuestas-para-la-compra\/\" target=\"_blank\" rel=\"noopener\">Gr\u00e1nulos de 2-CMC de 250 mg<\/a><\/p>\n<h3><strong>Acerca de Promal (an\u00e1logo de proscalina):<\/strong><\/h3>\n<p class=\"ds-markdown-paragraph\">Una sustancia de investigaci\u00f3n con propiedades interesantes para:<\/p>\n<ul>\n<li>\n<p class=\"ds-markdown-paragraph\">Estudios de uni\u00f3n a receptores (sistema serotonin\u00e9rgico)<\/p>\n<\/li>\n<li>\n<p class=\"ds-markdown-paragraph\">Investigaci\u00f3n de la relaci\u00f3n estructura-actividad (SAR)<\/p>\n<\/li>\n<li>\n<p class=\"ds-markdown-paragraph\">An\u00e1lisis farmacodin\u00e1micos comparativos<\/p>\n<\/li>\n<\/ul>\n<p class=\"ds-markdown-paragraph\"><strong>Nota importante:<\/strong><\/p>\n<ul>\n<li>\n<p class=\"ds-markdown-paragraph\">S\u00f3lo para fines de investigaci\u00f3n in vitro<\/p>\n<\/li>\n<li>\n<p class=\"ds-markdown-paragraph\">Absolutamente no apto para consumo humano\/animal.<\/p>\n<\/li>\n<li>\n<p class=\"ds-markdown-paragraph\">Sin uso medicinal ni recreativo.<\/p>\n<\/li>\n<\/ul>\n<hr \/>\n<h3><strong>Instrucciones de seguridad:<\/strong><\/h3>\n<p class=\"ds-markdown-paragraph\">\u26a0\u00a0<strong>Protocolo de laboratorio:<\/strong><\/p>\n<ul>\n<li>\n<p class=\"ds-markdown-paragraph\">Utilice siempre equipo de protecci\u00f3n personal<\/p>\n<\/li>\n<li>\n<p class=\"ds-markdown-paragraph\">Trabajar exclusivamente en un entorno de laboratorio controlado.<\/p>\n<\/li>\n<li>\n<p class=\"ds-markdown-paragraph\">Evite la exposici\u00f3n de la piel. <a href=\"http:\/\/google.nl\" target=\"_blank\" rel=\"noopener\">y<\/a> membranas mucosas<\/p>\n<\/li>\n<\/ul>\n<p class=\"ds-markdown-paragraph\">\u26a0\u00a0<strong>Estatus legal:<\/strong><\/p>\n<ul>\n<li>\n<p class=\"ds-markdown-paragraph\">Posiblemente regulado por la Ley del Opio holandesa<\/p>\n<\/li>\n<li>\n<p class=\"ds-markdown-paragraph\">Pueden aplicarse restricciones en toda la UE<\/p>\n<\/li>\n<li>\n<p class=\"ds-markdown-paragraph\">Responsabilidad total con el investigador\/comprador.<a title=\"Papel secante 1V-LSD 150 MCG\" href=\"https:\/\/researchchemworld.com\/es\/comercio\/lisergamidas\/1v-lsd-150-mcg-blotters\/\" target=\"_blank\" rel=\"noopener\">Papel secante 1V-LSD 150 MCG<\/a><\/p>\n<\/li>\n<\/ul>\n<hr \/>\n<h3><strong>\u00bfPor qu\u00e9 RC+ Promal Pellets?<\/strong><\/h3>\n<p class=\"ds-markdown-paragraph\">\u2705\u00a0<strong>Calidad constante<\/strong>\u00a0\u2013 Protocolo de producci\u00f3n estricto<br \/>\n\u2705\u00a0<strong>Formato f\u00e1cil de usar para la investigaci\u00f3n<\/strong>\u00a0\u2013 Peque\u00f1a cantidad para estudios piloto<br \/>\n\u2705\u00a0<strong>Env\u00edo discreto<\/strong>\u00a0\u2013 Embalaje neutro sin marcas<br \/>\n\u2705\u00a0<strong>Entrega r\u00e1pida<\/strong>\u00a0\u2013 Reserva europea para una investigaci\u00f3n eficiente<\/p>","protected":false},"excerpt":{"rendered":"<p>Promal Metallylescalina 21 mg bolsa de 3 gr\u00e1nulos Nombre del producto: RC+ (An\u00e1logo de proscalina) \u2013 3 gr\u00e1nulos por bolsa Categor\u00eda: Productos qu\u00edmicos de investigaci\u00f3n (clase de fenetilamina) Aplicaci\u00f3n: Estudios neuroqu\u00edmicos<\/p>","protected":false},"featured_media":29447,"comment_status":"closed","ping_status":"closed","template":"","meta":[],"product_brand":[82],"product_cat":[555],"product_tag":[326,864,209],"class_list":{"0":"post-24268","1":"product","2":"type-product","3":"status-publish","4":"has-post-thumbnail","6":"product_brand-research-chemical","7":"product_cat-b2b","8":"product_tag-nl","9":"product_tag-promal","10":"product_tag-promal-methallylescaline","12":"first","13":"instock","14":"taxable","15":"shipping-taxable","16":"purchasable","17":"product-type-variable"},"_links":{"self":[{"href":"https:\/\/researchchemworld.com\/es\/wp-json\/wp\/v2\/product\/24268","targetHints":{"allow":["GET"]}}],"collection":[{"href":"https:\/\/researchchemworld.com\/es\/wp-json\/wp\/v2\/product"}],"about":[{"href":"https:\/\/researchchemworld.com\/es\/wp-json\/wp\/v2\/types\/product"}],"replies":[{"embeddable":true,"href":"https:\/\/researchchemworld.com\/es\/wp-json\/wp\/v2\/comments?post=24268"}],"version-history":[{"count":3,"href":"https:\/\/researchchemworld.com\/es\/wp-json\/wp\/v2\/product\/24268\/revisions"}],"predecessor-version":[{"id":26000,"href":"https:\/\/researchchemworld.com\/es\/wp-json\/wp\/v2\/product\/24268\/revisions\/26000"}],"wp:featuredmedia":[{"embeddable":true,"href":"https:\/\/researchchemworld.com\/es\/wp-json\/wp\/v2\/media\/29447"}],"wp:attachment":[{"href":"https:\/\/researchchemworld.com\/es\/wp-json\/wp\/v2\/media?parent=24268"}],"wp:term":[{"taxonomy":"product_brand","embeddable":true,"href":"https:\/\/researchchemworld.com\/es\/wp-json\/wp\/v2\/product_brand?post=24268"},{"taxonomy":"product_cat","embeddable":true,"href":"https:\/\/researchchemworld.com\/es\/wp-json\/wp\/v2\/product_cat?post=24268"},{"taxonomy":"product_tag","embeddable":true,"href":"https:\/\/researchchemworld.com\/es\/wp-json\/wp\/v2\/product_tag?post=24268"}],"curies":[{"name":"gracias","href":"https:\/\/api.w.org\/{rel}","templated":true}]}}