{"id":24332,"date":"2025-04-13T17:41:30","date_gmt":"2025-04-13T17:41:30","guid":{"rendered":"https:\/\/researchchemworld.com\/?post_type=product&#038;p=24332"},"modified":"2026-02-25T16:33:27","modified_gmt":"2026-02-25T16:33:27","slug":"blister-de-rc-moxy-de-10-mg","status":"publish","type":"product","link":"https:\/\/researchchemworld.com\/es\/comercio\/b2b\/blister-de-rc-moxy-de-10-mg\/","title":{"rendered":"RC+ Moxy 10 mg Bl\u00edster"},"content":{"rendered":"<p class=\"ds-markdown-paragraph\"><strong><span class=\"___SText_anxqe-ko_\" data-ui-name=\"Link.Text\">Moxy 5 meo mipt <\/span>Bl\u00edster de 10 mg: Qu\u00edmica de investigaci\u00f3n de primera calidad para fines cient\u00edficos<\/strong><\/p>\n<p class=\"ds-markdown-paragraph\"><strong>Nombre del producto:<\/strong>\u00a0RC+ Moxy (5-MeO-MiPT) \u2013 10 mg por comprimido \u2013 Envase bl\u00edster<br \/>\n<strong>Categor\u00eda:<\/strong>\u00a0Sustancias qu\u00edmicas de investigaci\u00f3n (clase psicod\u00e9lica\/triptamina)<br \/>\n<strong>\u00c1mbito de aplicaci\u00f3n:<\/strong> Investigaci\u00f3n neuroqu\u00edmica y estudios farmacol\u00f3gicos.<a title=\"Papel secante para arte de 1 cP-LSD 150 MCG\" href=\"https:\/\/researchchemworld.com\/es\/comercio\/lisergamidas\/1-pastilla-de-lsd-de-150-mcg\/\" target=\"_blank\" rel=\"noopener\">Papel secante para arte de 1 cP-LSD 150 MCG<\/a><\/p>\n<hr \/>\n<h3><strong>Caracter\u00edsticas del producto: <span class=\"___SText_anxqe-ko_\" data-ui-name=\"Link.Text\">Moxy 5 meo mipt<\/span><\/strong><\/h3>\n<p class=\"ds-markdown-paragraph\">\ud83d\udd2c\u00a0<strong>Alta pureza<\/strong>\u00a0(&gt;98%) \u2013 Optimizado para obtener resultados de investigaci\u00f3n precisos<br \/>\n\ud83d\udc8a\u00a0<strong>10 mg por comprimido<\/strong>\u00a0\u2013 Microdosificaci\u00f3n precisa para experimentos controlados<br \/>\n\ud83d\udce6\u00a0<strong>Embalaje bl\u00edster profesional<\/strong>\u00a0\u2013 Protege contra la degradaci\u00f3n por la luz\/humedad.<br \/>\n\ud83d\udcca\u00a0<strong>Calidad certificada<\/strong>\u00a0\u2013 Informes de an\u00e1lisis HPLC\/MS disponibles a pedido<\/p>\n<h3><strong>Acerca de <span class=\"___SText_anxqe-ko_\" data-ui-name=\"Link.Text\">Moxy 5 meo mipt<\/span>:<\/strong><\/h3>\n<p class=\"ds-markdown-paragraph\">Sustancia de investigaci\u00f3n de la familia de las triptaminas con interesantes propiedades farmacol\u00f3gicas para:<\/p>\n<ul>\n<li>\n<p class=\"ds-markdown-paragraph\">Investigaci\u00f3n sobre los receptores serotonin\u00e9rgicos<\/p>\n<\/li>\n<li>\n<p class=\"ds-markdown-paragraph\">Estudios de neurotransmisi\u00f3n<\/p>\n<\/li>\n<li>\n<p class=\"ds-markdown-paragraph\">An\u00e1lisis comparativos del perfil psicoactivo.<a title=\"Gr\u00e1nulos de O-DSMT de 50 mg\" href=\"https:\/\/researchchemworld.com\/es\/comercio\/pellets\/granulos-de-o-dsmt-50-mg\/\" target=\"_blank\" rel=\"noopener\">Gr\u00e1nulos de O-DSMT de 50 mg<\/a><\/p>\n<\/li>\n<\/ul>\n<p class=\"ds-markdown-paragraph\"><strong>Importante:<\/strong><\/p>\n<ul>\n<li>\n<p class=\"ds-markdown-paragraph\">S\u00f3lo para investigaci\u00f3n in vitro<\/p>\n<\/li>\n<li>\n<p class=\"ds-markdown-paragraph\">No apto para consumo humano\/animal.<\/p>\n<\/li>\n<li>\n<p class=\"ds-markdown-paragraph\">No destinado a uso medicinal ni recreativo.<a title=\"Gr\u00e1nulos de 2-CMC de 250 mg\" href=\"https:\/\/researchchemworld.com\/es\/comercio\/catinonas\/%f0%9f%92%a1-polvo-cristalino-de-2-mmc-para-todas-las-preguntas-y-respuestas-para-la-compra\/\" target=\"_blank\" rel=\"noopener\">Gr\u00e1nulos de 2-CMC de 250 mg<\/a><\/p>\n<\/li>\n<\/ul>\n<hr \/>\n<h3><strong>Protocolo de seguridad:<span class=\"___SText_anxqe-ko_\" data-ui-name=\"Link.Text\">Moxy 5 meo mipt<\/span><\/strong><\/h3>\n<p class=\"ds-markdown-paragraph\">\u26a0\u00a0<strong>Instrucciones de laboratorio:<\/strong><\/p>\n<ul>\n<li>\n<p class=\"ds-markdown-paragraph\">Trabajar siempre con guantes\/bata de laboratorio.<\/p>\n<\/li>\n<li>\n<p class=\"ds-markdown-paragraph\">Utilizar \u00fanicamente en un entorno de laboratorio controlado.<\/p>\n<\/li>\n<li>\n<p class=\"ds-markdown-paragraph\">Evite el contacto directo con la piel\/ojos.<\/p>\n<\/li>\n<\/ul>\n<p class=\"ds-markdown-paragraph\">\u26a0\u00a0<strong>Estatus legal:<\/strong><\/p>\n<ul>\n<li>\n<p class=\"ds-markdown-paragraph\">Regulado en los Pa\u00edses Bajos por la Ley del Opio<\/p>\n<\/li>\n<li>\n<p class=\"ds-markdown-paragraph\">Pueden aplicarse restricciones en toda la UE<\/p>\n<\/li>\n<li>\n<p class=\"ds-markdown-paragraph\">La responsabilidad de la compra recae en el investigador.<\/p>\n<\/li>\n<\/ul>\n<hr \/>\n<h3><strong>\u00bfPor qu\u00e9 RC+ Moxy 10mg Blister?<\/strong><\/h3>\n<p class=\"ds-markdown-paragraph\">\u2705\u00a0<strong>Control de calidad avanzado<\/strong>\u00a0\u2013 Cada lote se prob\u00f3 de forma independiente<br \/>\n\u2705\u00a0<strong>Env\u00edo discreto<\/strong>\u00a0\u2013 Embalaje completamente an\u00f3nimo<br \/>\n\u2705\u00a0<strong>Entrega r\u00e1pida en la UE<\/strong>\u00a0\u2013 Disponible en almacenes europeos<br \/>\n\u2705\u00a0<strong>Documentaci\u00f3n cient\u00edfica<\/strong> \u2013 Informaci\u00f3n detallada del producto disponible.<a title=\"C\u00e1psulas de 2 mg de 2C-EF\" href=\"https:\/\/researchchemworld.com\/es\/comercio\/fenetilamina\/capsulas-2c-ef-2mg\/\" target=\"_blank\" rel=\"noopener\">C\u00e1psulas de 2 mg de 2C-EF<\/a><\/p>","protected":false},"excerpt":{"rendered":"<p><strong>CAS Nummer:<\/strong> 96096-55-8<br \/>\n<strong>Formule:<\/strong> N-[2-(5-methoxy-1H-indol-3-yl)ethyl]-N-methylpropan-2-amine<br \/>\n<strong>Molmassa:<\/strong> 246.354 g\u00b7mol<br \/>\n<strong>Zuiverheid:<\/strong> &gt;97%<\/p>\n","protected":false},"featured_media":29440,"comment_status":"closed","ping_status":"closed","template":"","meta":[],"product_brand":[82],"product_cat":[555],"product_tag":[824,826,825,326,827],"class_list":{"0":"post-24332","1":"product","2":"type-product","3":"status-publish","4":"has-post-thumbnail","6":"product_brand-research-chemical","7":"product_cat-b2b","8":"product_tag-5-meo-mipt-moxy","9":"product_tag-5-meo-mipt-moxy-purifie","10":"product_tag-moxy-5-meo-mipt","11":"product_tag-nl","12":"product_tag-purifie-moxy-5-meo-mipt","14":"first","15":"instock","16":"taxable","17":"shipping-taxable","18":"purchasable","19":"product-type-variable"},"_links":{"self":[{"href":"https:\/\/researchchemworld.com\/es\/wp-json\/wp\/v2\/product\/24332","targetHints":{"allow":["GET"]}}],"collection":[{"href":"https:\/\/researchchemworld.com\/es\/wp-json\/wp\/v2\/product"}],"about":[{"href":"https:\/\/researchchemworld.com\/es\/wp-json\/wp\/v2\/types\/product"}],"replies":[{"embeddable":true,"href":"https:\/\/researchchemworld.com\/es\/wp-json\/wp\/v2\/comments?post=24332"}],"version-history":[{"count":3,"href":"https:\/\/researchchemworld.com\/es\/wp-json\/wp\/v2\/product\/24332\/revisions"}],"predecessor-version":[{"id":25994,"href":"https:\/\/researchchemworld.com\/es\/wp-json\/wp\/v2\/product\/24332\/revisions\/25994"}],"wp:featuredmedia":[{"embeddable":true,"href":"https:\/\/researchchemworld.com\/es\/wp-json\/wp\/v2\/media\/29440"}],"wp:attachment":[{"href":"https:\/\/researchchemworld.com\/es\/wp-json\/wp\/v2\/media?parent=24332"}],"wp:term":[{"taxonomy":"product_brand","embeddable":true,"href":"https:\/\/researchchemworld.com\/es\/wp-json\/wp\/v2\/product_brand?post=24332"},{"taxonomy":"product_cat","embeddable":true,"href":"https:\/\/researchchemworld.com\/es\/wp-json\/wp\/v2\/product_cat?post=24332"},{"taxonomy":"product_tag","embeddable":true,"href":"https:\/\/researchchemworld.com\/es\/wp-json\/wp\/v2\/product_tag?post=24332"}],"curies":[{"name":"gracias","href":"https:\/\/api.w.org\/{rel}","templated":true}]}}