{"id":24961,"date":"2025-04-13T17:43:53","date_gmt":"2025-04-13T17:43:53","guid":{"rendered":"https:\/\/researchchemworld.com\/?post_type=product&#038;p=24961"},"modified":"2026-02-19T11:18:56","modified_gmt":"2026-02-19T11:18:56","slug":"granulos-de-o-dsmt-50-mg","status":"publish","type":"product","link":"https:\/\/researchchemworld.com\/es\/comercio\/el-dsmt\/granulos-de-o-dsmt-50-mg\/","title":{"rendered":"Gr\u00e1nulos de O-DSMT de 50 mg"},"content":{"rendered":"<p class=\"ds-markdown-paragraph\"><strong>Pastillas de O-DSMT de 50 mg: respuestas a tus preguntas<\/strong><\/p>\n<h3><strong>1. \u00bfQu\u00e9 es O-DSMT?<\/strong><\/h3>\n<p class=\"ds-markdown-paragraph\">El O-DSMT (desmetramadol) es una sustancia qu\u00edmica de investigaci\u00f3n y un metabolito principal del tramadol. Es conocido por sus posibles propiedades analg\u00e9sicas y se utiliza en estudios cient\u00edficos.<\/p>\n<h3><strong>2. \u00bfPor qu\u00e9 elegir pellets de O-DSMT 50 mg?<\/strong><\/h3>\n<p class=\"ds-markdown-paragraph\">Nuestros pellets ofrecen:<br \/>\n\u2705\u00a0<strong>Dosificaci\u00f3n de precisi\u00f3n<\/strong>\u00a0\u2013 Cada pellet contiene exactamente 50 mg para obtener resultados confiables.<br \/>\n\u2705\u00a0<strong>Calidad constante<\/strong>\u00a0\u2013 Purificaci\u00f3n de alta calidad para resultados de investigaci\u00f3n \u00f3ptimos.<br \/>\n\u2705\u00a0<strong>F\u00e1cil procesamiento<\/strong>\u00a0\u2013 La forma de pellet simplifica la dosificaci\u00f3n en entornos de laboratorio.<\/p>\n<h3><strong>3. \u00bfEste producto es seguro para uso humano?<\/strong><\/h3>\n<p class=\"ds-markdown-paragraph\"><em>No.<\/em>\u00a0Los pellets de O-DSMT 50 mg son\u00a0<strong>destinado \u00fanicamente a fines de investigaci\u00f3n<\/strong>\u00a0y no para consumo. Es importante seguir los protocolos de seguridad al usarlo cient\u00edficamente.<\/p>\n<h3><strong>4. \u00bfC\u00f3mo debo almacenar los pellets de O-DSMT?<\/strong><\/h3>\n<p class=\"ds-markdown-paragraph\">Guarde los pellets en un\u00a0<strong>lugar fresco y seco<\/strong>Fuera del alcance de los ni\u00f1os y personas no autorizadas. Se recomienda un recipiente oscuro y herm\u00e9tico.<\/p>\n<h3><strong>5. \u00bfPara qu\u00e9 aplicaciones son adecuados estos pellets?<\/strong><\/h3>\n<p class=\"ds-markdown-paragraph\">Se utilizan en:<br \/>\n\ud83d\udd2c\u00a0<strong>Investigaci\u00f3n farmacol\u00f3gica<\/strong><br \/>\n\ud83e\uddea\u00a0<strong>Estudios anal\u00edticos<\/strong><br \/>\n\ud83d\udcca\u00a0<strong>experimentos cient\u00edficos<\/strong><\/p>\n<h3><strong>6. \u00bfD\u00f3nde puedo comprar pellets de O-DSMT 50 mg?<\/strong><\/h3>\n<p class=\"ds-markdown-paragraph\">Haga su pedido ahora a trav\u00e9s de nuestra tienda web para\u00a0<strong>Entrega r\u00e1pida y embalaje discreto.<\/strong>. Disponible s\u00f3lo para investigadores y laboratorios registrados.<\/p>\n<p><a href=\"https:\/\/researchchemworld.com\/es\/comercio\/iboga-ibogaina\/comprar-ibogaina-hcl-en-linea\/\">Comprar iboga\u00edna HCL<\/a><a href=\"https:\/\/researchchemworld.com\/es\/comercio\/iboga-ibogaina\/corteza-de-raiz-de-iboga\/\">corteza de ra\u00edz de iboga<\/a><a href=\"https:\/\/researchchemworld.com\/es\/comercio\/lisergamidas\/1-cp-de-lsd-150-mcg\/\">Papel secante para arte de 1 cP-LSD 150 MCG<\/a><a href=\"https:\/\/researchchemworld.com\/es\/comercio\/lisergamidas\/1v-lsd-150-mcg-blotters\/\">Papel secante 1V-LSD 150 MCG<\/a><a href=\"https:\/\/researchchemworld.com\/es\/comercio\/2-pastillas-de-cmc\/%f0%9f%92%a1-polvo-cristalino-de-2-mmc-para-todas-las-preguntas-y-respuestas-para-la-compra\/%f0%9f%92%a1-polvo-cristalino-de-2-mmc-para-todas-las-preguntas-y-respuestas-para-la-compra\/\">Gr\u00e1nulos de 2-CMC de 250 mg<\/a><\/p>","protected":false},"excerpt":{"rendered":"<h3>Propiedades del O-DSMT<\/h3>\n<p><strong>Sin\u00f3nimo:<\/strong> <i>O-desmetiltramadol, 3-(2-((dimetilamino)metil)-1-hidroxiciclohexil)fenol<\/i><br \/>\n<strong>N\u00famero CAS:<\/strong> 80456-81-1<br \/>\n<strong>F\u00f3rmula:<\/strong> <span title=\"Carb\u00f3n\">do<\/span><sub>15<\/sub><span title=\"Hidr\u00f3geno\">H<\/span><sub>23<\/sub><span title=\"Nitr\u00f3geno\">norte<\/span><span title=\"Ox\u00edgeno\">Oh<\/span><sub>2<\/sub><br \/>\n<strong>Masa molar:<\/strong> 249,354 g\/mol<br \/>\n<strong>Pureza:<\/strong>\u00a0&gt;97%<\/p>","protected":false},"featured_media":29409,"comment_status":"closed","ping_status":"closed","template":"","meta":[],"product_brand":[82],"product_cat":[337,420,336,324],"product_tag":[326,727,725,728,726,729,730],"class_list":{"0":"post-24961","1":"product","2":"type-product","3":"status-publish","4":"has-post-thumbnail","6":"product_brand-research-chemical","7":"product_cat-o-dsmt","8":"product_cat-o-dsmt-pellets","9":"product_cat-overig","10":"product_cat-pellets-for-pellet","11":"product_tag-nl","12":"product_tag-o-dsmt-ervaringen","13":"product_tag-o-dsmt","14":"product_tag-o-dsmt-bestellen","15":"product_tag-o-dsmt-kopen","16":"product_tag-o-dsmt-psychonaut","17":"product_tag-what-is-o-dsmt","19":"first","20":"instock","21":"taxable","22":"shipping-taxable","23":"purchasable","24":"product-type-variable"},"_links":{"self":[{"href":"https:\/\/researchchemworld.com\/es\/wp-json\/wp\/v2\/product\/24961","targetHints":{"allow":["GET"]}}],"collection":[{"href":"https:\/\/researchchemworld.com\/es\/wp-json\/wp\/v2\/product"}],"about":[{"href":"https:\/\/researchchemworld.com\/es\/wp-json\/wp\/v2\/types\/product"}],"replies":[{"embeddable":true,"href":"https:\/\/researchchemworld.com\/es\/wp-json\/wp\/v2\/comments?post=24961"}],"version-history":[{"count":6,"href":"https:\/\/researchchemworld.com\/es\/wp-json\/wp\/v2\/product\/24961\/revisions"}],"predecessor-version":[{"id":25567,"href":"https:\/\/researchchemworld.com\/es\/wp-json\/wp\/v2\/product\/24961\/revisions\/25567"}],"wp:featuredmedia":[{"embeddable":true,"href":"https:\/\/researchchemworld.com\/es\/wp-json\/wp\/v2\/media\/29409"}],"wp:attachment":[{"href":"https:\/\/researchchemworld.com\/es\/wp-json\/wp\/v2\/media?parent=24961"}],"wp:term":[{"taxonomy":"product_brand","embeddable":true,"href":"https:\/\/researchchemworld.com\/es\/wp-json\/wp\/v2\/product_brand?post=24961"},{"taxonomy":"product_cat","embeddable":true,"href":"https:\/\/researchchemworld.com\/es\/wp-json\/wp\/v2\/product_cat?post=24961"},{"taxonomy":"product_tag","embeddable":true,"href":"https:\/\/researchchemworld.com\/es\/wp-json\/wp\/v2\/product_tag?post=24961"}],"curies":[{"name":"gracias","href":"https:\/\/api.w.org\/{rel}","templated":true}]}}