{"id":26118,"date":"2025-05-01T01:31:17","date_gmt":"2025-05-01T01:31:17","guid":{"rendered":"https:\/\/researchchemworld.com\/?post_type=product&#038;p=26118"},"modified":"2026-02-19T11:11:05","modified_gmt":"2026-02-19T11:11:05","slug":"semillas-de-iboga","status":"publish","type":"product","link":"https:\/\/researchchemworld.com\/es\/comercio\/okategoriserad\/semillas-de-iboga\/","title":{"rendered":"Semillas de iboga"},"content":{"rendered":"<h2>comprar semillas de iboga<\/h2>\n<p>Comprar semillas de iboga. Tabernanthe iboga es un miembro de la familia Apocynaceae, originaria de las zonas tropicales h\u00famedas del centro-oeste de \u00c1frica, principalmente Congo y Gab\u00f3n. Los nombres comunes incluyen Iboga, Eboka y Eboga. Tabernanthe es un g\u00e9nero peque\u00f1o que comprende s\u00f3lo dos especies, T<a href=\"https:\/\/caluanieoxidizeshop.com\" target=\"_blank\" rel=\"noopener\">.<\/a> iboga y T. elliptica (esta especie tiene frutos espinosos similares a Datura spp.). Se ha registrado que las dos especies pueden polinizarse de forma cruzada para producir un h\u00edbrido f\u00e9rtil (<em>Iboga e iboga\u00edna, Nico Dauphin<\/em>). Semillas de iboga, semillas de iboga tabernanthe, semillas de la planta de iboga, comprar semillas de iboga<\/p>\n<p>Los tabernanthe son plantas le\u00f1osas end\u00e9micas del sotobosque de los bosques tropicales h\u00famedos. Los arbustos de Tabernanthe generalmente crecen hasta una altura de medio metro a dos metros. Las ramas se presentan en pares y dos inflorescencias delgadas y pedunculadas aparecen en pares justo encima de los puntos de ramificaci\u00f3n. Tabernanthe tambi\u00e9n tiene br\u00e1cteas en forma de s\u00e9palos y cicatrices de hojas visibles. Al igual que muchos otros miembros de las Apocynaceae<a href=\"https:\/\/caluanieoxidizeshop.com\/product\/caluanie-muelear-oxidize-for-sale\/\" target=\"_blank\" rel=\"noopener\">,<\/a> Tabernanthe se caracteriza por su savia lechosa y la presencia de muchos alcaloides \u00fatiles en la corteza, hojas y ra\u00edz (Iboga e Iboga\u00edna, Nico Dauphin). <a href=\"https:\/\/researchchemworld.com\/es\/comercio\/top-10-research-chemicals\/caluanie-muelear-oxidar\/\">Caluanie Muelear Oxidar<\/a><a href=\"https:\/\/researchchemworld.com\/es\/comercio\/balanza\/bascula-digital-cs-100-g-x-001-g\/\">B\u00e1scula digital CS \u2013 100 g x 0,01 g<\/a><a href=\"https:\/\/researchchemworld.com\/es\/comercio\/top-10-research-chemicals\/accion-del-pirazolam\/\">Gr\u00e1nulos de pirazolam de 2,5 mg<\/a><a href=\"https:\/\/researchchemworld.com\/es\/comercio\/balanza\/minibascula-digital-para-tanque-de-20-g-x-0001-g\/\">Minib\u00e1scula digital para tanques: 20 g x 0,001 g<\/a><a href=\"https:\/\/researchchemworld.com\/es\/comercio\/balanza\/minibascula-digital-biologica-20-g-x-0001-g\/\">B\u00e1scula digital peque\u00f1a biol\u00f3gica: 20 g x 0,001 g<\/a><\/p>","protected":false},"excerpt":{"rendered":"<p>$1 Por fruta, pedido m\u00ednimo = 100 frutas<\/p>","protected":false},"featured_media":29373,"comment_status":"closed","ping_status":"closed","template":"","meta":[],"product_brand":[],"product_cat":[1085],"product_tag":[912,911,909,910],"class_list":{"0":"post-26118","1":"product","2":"type-product","3":"status-publish","4":"has-post-thumbnail","6":"product_cat-okategoriserad","7":"product_tag-buy-iboga-seeds","8":"product_tag-iboga-plant-seeds","9":"product_tag-iboga-seeds","10":"product_tag-tabernanthe-iboga-seeds","12":"first","13":"instock","14":"taxable","15":"shipping-taxable","16":"purchasable","17":"product-type-simple"},"_links":{"self":[{"href":"https:\/\/researchchemworld.com\/es\/wp-json\/wp\/v2\/product\/26118","targetHints":{"allow":["GET"]}}],"collection":[{"href":"https:\/\/researchchemworld.com\/es\/wp-json\/wp\/v2\/product"}],"about":[{"href":"https:\/\/researchchemworld.com\/es\/wp-json\/wp\/v2\/types\/product"}],"replies":[{"embeddable":true,"href":"https:\/\/researchchemworld.com\/es\/wp-json\/wp\/v2\/comments?post=26118"}],"version-history":[{"count":4,"href":"https:\/\/researchchemworld.com\/es\/wp-json\/wp\/v2\/product\/26118\/revisions"}],"predecessor-version":[{"id":26155,"href":"https:\/\/researchchemworld.com\/es\/wp-json\/wp\/v2\/product\/26118\/revisions\/26155"}],"wp:featuredmedia":[{"embeddable":true,"href":"https:\/\/researchchemworld.com\/es\/wp-json\/wp\/v2\/media\/29373"}],"wp:attachment":[{"href":"https:\/\/researchchemworld.com\/es\/wp-json\/wp\/v2\/media?parent=26118"}],"wp:term":[{"taxonomy":"product_brand","embeddable":true,"href":"https:\/\/researchchemworld.com\/es\/wp-json\/wp\/v2\/product_brand?post=26118"},{"taxonomy":"product_cat","embeddable":true,"href":"https:\/\/researchchemworld.com\/es\/wp-json\/wp\/v2\/product_cat?post=26118"},{"taxonomy":"product_tag","embeddable":true,"href":"https:\/\/researchchemworld.com\/es\/wp-json\/wp\/v2\/product_tag?post=26118"}],"curies":[{"name":"gracias","href":"https:\/\/api.w.org\/{rel}","templated":true}]}}