{"id":26126,"date":"2025-05-01T01:31:17","date_gmt":"2025-05-01T01:31:17","guid":{"rendered":"https:\/\/researchchemworld.com\/?post_type=product&#038;p=26126"},"modified":"2026-02-19T11:14:07","modified_gmt":"2026-02-19T11:14:07","slug":"comprar-iboga-ta","status":"publish","type":"product","link":"https:\/\/researchchemworld.com\/es\/comercio\/iboga-ibogaina\/comprar-iboga-ta\/","title":{"rendered":"Comprar Iboga TA"},"content":{"rendered":"<h2>Comprar Iboga TA<\/h2>\n<p>Compre Iboga TA, TA significa \u201calcaloide total\u201d. Iboga TA es un extracto que contiene todos los alcaloides presentes en la corteza de la ra\u00edz de iboga. Los alcaloides se pueden extraer de la corteza de la ra\u00edz con relativa facilidad mediante una extracci\u00f3n \u00e1cido\/base. comprar iboga en l\u00ednea<\/p>\n<p>Las investigaciones cient\u00edficas muestran una reducci\u00f3n dr\u00e1stica de los s\u00edntomas de abstinencia despu\u00e9s de tomar la corteza de la ra\u00edz de Iboga o los extractos conocidos como HCL y TA, hasta el punto de que se rompe casi por completo. Las investigaciones muestran que el 90% de los tratamientos realizados son exitosos e incluso meses despu\u00e9s del tratamiento los pacientes no tienen ganas de recaer. Adem\u00e1s de romper la adicci\u00f3n, proporciona a los pacientes claridad y comprensi\u00f3n de sus propias vidas.<\/p>\n<p>Realizamos el env\u00edo y embalaje de polvo de iboga con profesionalismo para lograr un env\u00edo exitoso de 100%. Ofrecemos servicios especializados en nuestro respectivo destino y directorios sobre la forma de uso, dosis y otras estad\u00edsticas esenciales se pueden proporcionar a su llamado y consultas.<\/p>","protected":false},"excerpt":{"rendered":"<p>Comprar Iboga TA Comprar Iboga TA, TA significa \u201calcaloide total\u201d. Iboga TA es un extracto que contiene todos los alcaloides<\/p>","protected":false},"featured_media":29310,"comment_status":"closed","ping_status":"closed","template":"","meta":[],"product_brand":[],"product_cat":[908],"product_tag":[],"class_list":{"0":"post-26126","1":"product","2":"type-product","3":"status-publish","4":"has-post-thumbnail","6":"product_cat-iboga-ibogaine","8":"first","9":"instock","10":"taxable","11":"shipping-taxable","12":"purchasable","13":"product-type-variable"},"_links":{"self":[{"href":"https:\/\/researchchemworld.com\/es\/wp-json\/wp\/v2\/product\/26126","targetHints":{"allow":["GET"]}}],"collection":[{"href":"https:\/\/researchchemworld.com\/es\/wp-json\/wp\/v2\/product"}],"about":[{"href":"https:\/\/researchchemworld.com\/es\/wp-json\/wp\/v2\/types\/product"}],"replies":[{"embeddable":true,"href":"https:\/\/researchchemworld.com\/es\/wp-json\/wp\/v2\/comments?post=26126"}],"version-history":[{"count":2,"href":"https:\/\/researchchemworld.com\/es\/wp-json\/wp\/v2\/product\/26126\/revisions"}],"predecessor-version":[{"id":28847,"href":"https:\/\/researchchemworld.com\/es\/wp-json\/wp\/v2\/product\/26126\/revisions\/28847"}],"wp:featuredmedia":[{"embeddable":true,"href":"https:\/\/researchchemworld.com\/es\/wp-json\/wp\/v2\/media\/29310"}],"wp:attachment":[{"href":"https:\/\/researchchemworld.com\/es\/wp-json\/wp\/v2\/media?parent=26126"}],"wp:term":[{"taxonomy":"product_brand","embeddable":true,"href":"https:\/\/researchchemworld.com\/es\/wp-json\/wp\/v2\/product_brand?post=26126"},{"taxonomy":"product_cat","embeddable":true,"href":"https:\/\/researchchemworld.com\/es\/wp-json\/wp\/v2\/product_cat?post=26126"},{"taxonomy":"product_tag","embeddable":true,"href":"https:\/\/researchchemworld.com\/es\/wp-json\/wp\/v2\/product_tag?post=26126"}],"curies":[{"name":"gracias","href":"https:\/\/api.w.org\/{rel}","templated":true}]}}