{"id":27449,"date":"2025-09-02T16:11:46","date_gmt":"2025-09-02T16:11:46","guid":{"rendered":"https:\/\/researchchemworld.com\/?post_type=product&#038;p=27449"},"modified":"2026-02-19T11:02:11","modified_gmt":"2026-02-19T11:02:11","slug":"fentanilo","status":"publish","type":"product","link":"https:\/\/researchchemworld.com\/es\/comercio\/okategoriserad\/fentanilo\/","title":{"rendered":"fentanilo"},"content":{"rendered":"<h3 data-start=\"230\" data-end=\"288\">Fentanilo \u2013 Informaci\u00f3n del producto (Neutral e informativa)<\/h3>\n<p data-start=\"290\" data-end=\"722\"><strong data-start=\"290\" data-end=\"316\">Descripci\u00f3n general:<\/strong><br data-start=\"316\" data-end=\"319\" \/>El fentanilo es un opioide sint\u00e9tico que se utiliza como analg\u00e9sico potente. Pertenece al grupo de los analg\u00e9sicos opioides y es mucho m\u00e1s potente que la morfina. Debido a su alta eficacia, el fentanilo se utiliza en la atenci\u00f3n m\u00e9dica para tratar el dolor intenso y prolongado, por ejemplo, despu\u00e9s de una cirug\u00eda, en casos de c\u00e1ncer o en pacientes que no responden adecuadamente a otros analg\u00e9sicos.<\/p>\n<p data-start=\"724\" data-end=\"991\"><strong data-start=\"724\" data-end=\"747\">Mecanismo de acci\u00f3n:<\/strong><br data-start=\"747\" data-end=\"750\" \/>El fentanilo act\u00faa uni\u00e9ndose a los receptores opioides del sistema nervioso central. Esto reduce la percepci\u00f3n del dolor y suele inducir una sensaci\u00f3n de relajaci\u00f3n. El f\u00e1rmaco puede surtir efecto r\u00e1pidamente, dependiendo de la dosificaci\u00f3n.<\/p>\n<p data-start=\"993\" data-end=\"1095\"><strong data-start=\"993\" data-end=\"1015\">Formas de dosificaci\u00f3n:<\/strong><br data-start=\"1015\" data-end=\"1018\" \/>El fentanilo est\u00e1 disponible en varias formas farmac\u00e9uticas, entre ellas:<\/p>\n<ul data-start=\"1096\" data-end=\"1287\">\n<li data-start=\"1096\" data-end=\"1154\">\n<p data-start=\"1098\" data-end=\"1154\">Inyecciones (para el tratamiento del dolor agudo en hospitales)<\/p>\n<\/li>\n<li data-start=\"1155\" data-end=\"1214\">\n<p data-start=\"1157\" data-end=\"1214\">Parches (transd\u00e9rmicos, para el alivio continuo del dolor)<\/p>\n<\/li>\n<li data-start=\"1215\" data-end=\"1287\">\n<p data-start=\"1217\" data-end=\"1287\">Pastillas o aerosoles nasales (para el dolor irruptivo en pacientes con c\u00e1ncer)<\/p>\n<\/li>\n<\/ul>\n<p data-start=\"1289\" data-end=\"1317\"><strong data-start=\"1289\" data-end=\"1315\">Aplicaciones m\u00e9dicas:<\/strong><\/p>\n<ul data-start=\"1318\" data-end=\"1482\">\n<li data-start=\"1318\" data-end=\"1372\">\n<p data-start=\"1320\" data-end=\"1372\">Dolor cr\u00f3nico severo (por ejemplo, debido a c\u00e1ncer)<\/p>\n<\/li>\n<li data-start=\"1373\" data-end=\"1400\">\n<p data-start=\"1375\" data-end=\"1400\">Dolor despu\u00e9s de una cirug\u00eda mayor<\/p>\n<\/li>\n<li data-start=\"1401\" data-end=\"1482\">\n<p data-start=\"1403\" data-end=\"1482\">Manejo del dolor en pacientes que se han vuelto tolerantes a otros opioides<\/p>\n<\/li>\n<\/ul>\n<p data-start=\"1484\" data-end=\"1805\"><strong data-start=\"1484\" data-end=\"1527\">Advertencias y riesgos importantes:<\/strong><br data-start=\"1527\" data-end=\"1530\" \/>Aunque el fentanilo es altamente efectivo, conlleva riesgos significativos, como depresi\u00f3n respiratoria, dependencia y sobredosis. Por lo tanto, el fentanilo solo debe usarse bajo estricta supervisi\u00f3n m\u00e9dica. El abuso de esta droga puede ser potencialmente mortal.<\/p>\n<p data-start=\"1807\" data-end=\"2037\"><strong data-start=\"1807\" data-end=\"1821\">Conclusi\u00f3n:<\/strong><br data-start=\"1821\" data-end=\"1824\" \/>El fentanilo es un medicamento extremadamente potente, de gran utilidad para el manejo del dolor, siempre que se use de forma correcta y cuidadosa. Su uso est\u00e1 estrictamente regulado y siempre est\u00e1 sujeto a prescripci\u00f3n m\u00e9dica.<\/p>\n<h2 data-start=\"139\" data-end=\"177\">Preguntas frecuentes sobre el fentanilo<\/h2>\n<p data-start=\"179\" data-end=\"413\"><strong data-start=\"179\" data-end=\"202\">1. \u00bfQu\u00e9 es el fentanilo?<\/strong><br data-start=\"202\" data-end=\"205\" \/>El fentanilo es un opioide sint\u00e9tico que se utiliza en medicina para tratar el dolor intenso. Es mucho m\u00e1s potente que la morfina y se receta cuando otros analg\u00e9sicos no son eficaces.<\/p>\n<p data-start=\"415\" data-end=\"717\"><strong data-start=\"415\" data-end=\"477\">2. \u00bfC\u00f3mo se utiliza el fentanilo en el tratamiento m\u00e9dico?<\/strong><br data-start=\"477\" data-end=\"480\" \/>Los m\u00e9dicos recetan fentanilo a pacientes con dolor cr\u00f3nico e intenso, como el dolor causado por el c\u00e1ncer, o despu\u00e9s de una cirug\u00eda mayor. Puede administrarse en forma de inyecci\u00f3n, parche, pastilla o aerosol nasal, seg\u00fan la situaci\u00f3n del paciente.<\/p>\n<p data-start=\"719\" data-end=\"978\"><strong data-start=\"719\" data-end=\"773\">3. \u00bfPor qu\u00e9 se considera peligroso el fentanilo?<\/strong><br data-start=\"773\" data-end=\"776\" \/>Debido a su extrema potencia, incluso peque\u00f1as cantidades de fentanilo pueden causar problemas respiratorios potencialmente mortales. El abuso o la sobredosis accidental conllevan un riesgo significativo.<\/p>\n<p data-start=\"980\" data-end=\"1186\"><strong data-start=\"980\" data-end=\"1016\">4. \u00bfPuede el fentanilo ser adictivo?<\/strong><br data-start=\"1016\" data-end=\"1019\" \/>S\u00ed. Al igual que otros opioides, el fentanilo puede causar dependencia y adicci\u00f3n. Los pacientes que consumen fentanilo deben ser supervisados cuidadosamente por su m\u00e9dico.<\/p>\n<p data-start=\"1188\" data-end=\"1436\"><strong data-start=\"1188\" data-end=\"1251\">5. \u00bfCu\u00e1les son los efectos secundarios m\u00e1s comunes del fentanilo?<\/strong><br data-start=\"1251\" data-end=\"1254\" \/>Los posibles efectos secundarios incluyen somnolencia, n\u00e1useas, estre\u00f1imiento, confusi\u00f3n y mareos. Entre los efectos secundarios graves se incluye respiraci\u00f3n lenta, que puede ser mortal.<\/p>\n<p data-start=\"1438\" data-end=\"1690\"><strong data-start=\"1438\" data-end=\"1492\">6. \u00bfC\u00f3mo se puede prevenir el abuso de fentanilo?<\/strong><br data-start=\"1492\" data-end=\"1495\" \/>El fentanilo solo debe usarse bajo estricta supervisi\u00f3n m\u00e9dica. Los pacientes deben seguir atentamente las instrucciones de su m\u00e9dico, almacenar el medicamento de forma segura y nunca compartirlo con otras personas.<\/p>\n<p data-start=\"1692\" data-end=\"2007\"><strong data-start=\"1692\" data-end=\"1757\">7. \u00bfEl fentanilo farmac\u00e9utico es lo mismo que el fentanilo ilegal?<\/strong><br data-start=\"1757\" data-end=\"1760\" \/>No. El fentanilo farmac\u00e9utico se produce bajo estrictos est\u00e1ndares m\u00e9dicos y solo lo recetan m\u00e9dicos. El fentanilo il\u00edcito, que a menudo se mezcla con otras drogas, es una de las principales causas de sobredosis y muertes en todo el mundo.<\/p>","protected":false},"excerpt":{"rendered":"<p>Fentanyl \u2013 Productinformatie (Neutraal en Informatief) Algemene beschrijving:Fentanyl is een synthetisch opio\u00efd dat wordt gebruikt als sterk pijnstillend middel. Het<\/p>","protected":false},"featured_media":29348,"comment_status":"open","ping_status":"closed","template":"","meta":[],"product_brand":[],"product_cat":[1085],"product_tag":[],"class_list":{"0":"post-27449","1":"product","2":"type-product","3":"status-publish","4":"has-post-thumbnail","6":"product_cat-okategoriserad","8":"first","9":"instock","10":"taxable","11":"shipping-taxable","12":"purchasable","13":"product-type-variable"},"_links":{"self":[{"href":"https:\/\/researchchemworld.com\/es\/wp-json\/wp\/v2\/product\/27449","targetHints":{"allow":["GET"]}}],"collection":[{"href":"https:\/\/researchchemworld.com\/es\/wp-json\/wp\/v2\/product"}],"about":[{"href":"https:\/\/researchchemworld.com\/es\/wp-json\/wp\/v2\/types\/product"}],"replies":[{"embeddable":true,"href":"https:\/\/researchchemworld.com\/es\/wp-json\/wp\/v2\/comments?post=27449"}],"version-history":[{"count":2,"href":"https:\/\/researchchemworld.com\/es\/wp-json\/wp\/v2\/product\/27449\/revisions"}],"predecessor-version":[{"id":28845,"href":"https:\/\/researchchemworld.com\/es\/wp-json\/wp\/v2\/product\/27449\/revisions\/28845"}],"wp:featuredmedia":[{"embeddable":true,"href":"https:\/\/researchchemworld.com\/es\/wp-json\/wp\/v2\/media\/29348"}],"wp:attachment":[{"href":"https:\/\/researchchemworld.com\/es\/wp-json\/wp\/v2\/media?parent=27449"}],"wp:term":[{"taxonomy":"product_brand","embeddable":true,"href":"https:\/\/researchchemworld.com\/es\/wp-json\/wp\/v2\/product_brand?post=27449"},{"taxonomy":"product_cat","embeddable":true,"href":"https:\/\/researchchemworld.com\/es\/wp-json\/wp\/v2\/product_cat?post=27449"},{"taxonomy":"product_tag","embeddable":true,"href":"https:\/\/researchchemworld.com\/es\/wp-json\/wp\/v2\/product_tag?post=27449"}],"curies":[{"name":"gracias","href":"https:\/\/api.w.org\/{rel}","templated":true}]}}