{"id":24244,"date":"2025-04-13T17:41:18","date_gmt":"2025-04-13T17:41:18","guid":{"rendered":"https:\/\/researchchemworld.com\/?post_type=product&#038;p=24244"},"modified":"2026-02-25T16:58:13","modified_gmt":"2026-02-25T16:58:13","slug":"flubromazepami-kogemus","status":"publish","type":"product","link":"https:\/\/researchchemworld.com\/et\/pood\/bensodiasepiinid\/flubromazepami-kogemus\/","title":{"rendered":"Flubromasepaam 10 mg graanulid"},"content":{"rendered":"<h2><span data-sheets-value=\"{\" data-sheets-userformat=\"{\"><span dir=\"auto\" style=\"vertical-align: inherit;\"><span dir=\"auto\" style=\"vertical-align: inherit;\">Flubromazepam experience 10 MG pellets<\/span><\/span><br \/>\n<\/span><\/h2>\n<p><span dir=\"auto\" style=\"vertical-align: inherit;\"><span dir=\"auto\" style=\"vertical-align: inherit;\">Flubromazepam experience pellets contain 10 MG of active substance (Flubromazepam).<\/span><\/span><\/p>\n<p><strong><span dir=\"auto\" style=\"vertical-align: inherit;\"><span dir=\"auto\" style=\"vertical-align: inherit;\">Flubromazepam 10 MG pellets are produced in-house and are of the highest quality. These pellets contain 10 milligrams of the active ingredient (flubromazepam). Each pellet has a diameter of approximately 8 mm with a break line. These flubromazepam pellets are blistered in packs of 10 to ensure freshness, and orders of 5 or more blisters are delivered in a convenient box. <\/span><\/span><a title=\"1V-LSD 150 MCG blotterid\" href=\"https:\/\/researchchemworld.com\/et\/pood\/lusergamiidid\/1v-lsd-150-mcg-blotters\/\" target=\"_blank\" rel=\"noopener\"><span dir=\"auto\" style=\"vertical-align: inherit;\"><span dir=\"auto\" style=\"vertical-align: inherit;\">1V-LSD 150 MCG blotterid<\/span><\/span><\/a><\/strong><\/p>\n<p><span dir=\"auto\" style=\"vertical-align: inherit;\"><span dir=\"auto\" style=\"vertical-align: inherit;\">Flubromazepam is a substance that is only sold for research purposes <\/span><\/span><a href=\"http:\/\/google.nl\" target=\"_blank\" rel=\"noopener\"><span dir=\"auto\" style=\"vertical-align: inherit;\"><span dir=\"auto\" style=\"vertical-align: inherit;\">ja<\/span><\/span><\/a><span dir=\"auto\" style=\"vertical-align: inherit;\"><span dir=\"auto\" style=\"vertical-align: inherit;\"> is therefore not intended for consumption.<\/span><\/span><\/p>\n<p><span dir=\"auto\" style=\"vertical-align: inherit;\"><span dir=\"auto\" style=\"vertical-align: inherit;\">Flubromazepam remains stable for up to 2 years when stored in the correct environment. Flubromazepam is intended for research purposes and not for human consumption. Therefore, it is important to store the product out of the reach of children and pets. <\/span><\/span><a title=\"6-CL-ADBA\" href=\"https:\/\/researchchemworld.com\/et\/pood\/peaaegu-keelatud\/6-cl-adba\/\" target=\"_blank\" rel=\"noopener\"><span dir=\"auto\" style=\"vertical-align: inherit;\"><span dir=\"auto\" style=\"vertical-align: inherit;\">6-CL-ADBA<\/span><\/span><\/a><\/p>\n<p><span dir=\"auto\" style=\"vertical-align: inherit;\"><span dir=\"auto\" style=\"vertical-align: inherit;\">We offer high-quality research chemicals at a fair price. Your order is shipped within 24 hours every day. Order <\/span><\/span><em><span dir=\"auto\" style=\"vertical-align: inherit;\"><span dir=\"auto\" style=\"vertical-align: inherit;\">Flubromasepaam<\/span><\/span><\/em><span dir=\"auto\" style=\"vertical-align: inherit;\"><span dir=\"auto\" style=\"vertical-align: inherit;\"> safely and quickly.<\/span><\/span><\/p>\n<h3><span data-sheets-value=\"{\" data-sheets-userformat=\"{\"><span dir=\"auto\" style=\"vertical-align: inherit;\"><span dir=\"auto\" style=\"vertical-align: inherit;\">Flubromazepam properties<\/span><\/span><\/span><\/h3>\n<p><strong><span dir=\"auto\" style=\"vertical-align: inherit;\"><span dir=\"auto\" style=\"vertical-align: inherit;\">S\u00fcnon\u00fc\u00fcm:<\/span><\/span><\/strong><span dir=\"auto\" style=\"vertical-align: inherit;\"><span dir=\"auto\" style=\"vertical-align: inherit;\"> Flubromasepaam <\/span><\/span><br \/>\n<strong><span dir=\"auto\" style=\"vertical-align: inherit;\"><span dir=\"auto\" style=\"vertical-align: inherit;\">CAS-number:<\/span><\/span><\/strong><span dir=\"auto\" style=\"vertical-align: inherit;\"><span dir=\"auto\" style=\"vertical-align: inherit;\"> 2647-50-9 <\/span><\/span><br \/>\n<strong><span dir=\"auto\" style=\"vertical-align: inherit;\"><span dir=\"auto\" style=\"vertical-align: inherit;\">Valem:<\/span><\/span><\/strong><span dir=\"auto\" style=\"vertical-align: inherit;\"><span dir=\"auto\" style=\"vertical-align: inherit;\"> 7-bromo-5-(2-fluorofen\u00fc\u00fcl)-1,3-dih\u00fcdro-2H-1,4-bensodiasepiin-2-oon <\/span><\/span><br \/>\n<strong><span dir=\"auto\" style=\"vertical-align: inherit;\"><span dir=\"auto\" style=\"vertical-align: inherit;\">Molaarmass:<\/span><\/span><\/strong><span dir=\"auto\" style=\"vertical-align: inherit;\"><span dir=\"auto\" style=\"vertical-align: inherit;\"> 333,2 g\/mol <\/span><\/span><br \/>\n<strong><span dir=\"auto\" style=\"vertical-align: inherit;\"><span dir=\"auto\" style=\"vertical-align: inherit;\">Puhtus:<\/span><\/span><\/strong><span dir=\"auto\" style=\"vertical-align: inherit;\"><span dir=\"auto\" style=\"vertical-align: inherit;\"> &gt;98%<\/span><\/span><\/p>\n<h3><span dir=\"auto\" style=\"vertical-align: inherit;\"><span dir=\"auto\" style=\"vertical-align: inherit;\">Hazard statement<\/span><\/span><\/h3>\n<p><span dir=\"auto\" style=\"vertical-align: inherit;\"><span dir=\"auto\" style=\"vertical-align: inherit;\">Flubromazepam may cause respiratory irritation. <\/span><\/span><br \/>\n<span dir=\"auto\" style=\"vertical-align: inherit;\"><span dir=\"auto\" style=\"vertical-align: inherit;\">Flubromazepam may cause eye irritation. <\/span><\/span><br \/>\n<span dir=\"auto\" style=\"vertical-align: inherit;\"><span dir=\"auto\" style=\"vertical-align: inherit;\">Uurimiskemikaalide keskkonda juhtimine on keelatud.<\/span><\/span><\/p>\n<p><span dir=\"auto\" style=\"vertical-align: inherit;\"><span dir=\"auto\" style=\"vertical-align: inherit;\">Flubromazepam IN EYES: Rinse eyes gently with water for five minutes. Remove contact lenses, if present and <\/span><\/span><a title=\"MEAI\" href=\"https:\/\/researchchemworld.com\/et\/pood\/muu\/meai\/\" target=\"_blank\" rel=\"noopener\"><span dir=\"auto\" style=\"vertical-align: inherit;\"><span dir=\"auto\" style=\"vertical-align: inherit;\">easy to do .<\/span><\/span><\/a><\/p>\n<p><span dir=\"auto\" style=\"vertical-align: inherit;\"><span dir=\"auto\" style=\"vertical-align: inherit;\">Flubromazepam IN CONTACT WITH SKIN: Wash skin with soap and water.<\/span><\/span><\/p>\n<p><span dir=\"auto\" style=\"vertical-align: inherit;\"><span dir=\"auto\" style=\"vertical-align: inherit;\">IF INHALED Flubromazepam: Remove the victim to fresh air and keep the victim in a position comfortable for breathing.<\/span><\/span><\/p>","protected":false},"excerpt":{"rendered":"<p>Flubromazepam experience 10 MG pellets Flubromazepam experience pellets contain 10 MG of active substance (Flubromazepam). Flubromazepam 10 MG pellets are<\/p>","protected":false},"featured_media":29353,"comment_status":"closed","ping_status":"closed","template":"","meta":[],"product_brand":[82],"product_cat":[76,386,392,324],"product_tag":[139,140,142,141,143,326],"class_list":{"0":"post-24244","1":"product","2":"type-product","3":"status-publish","4":"has-post-thumbnail","6":"product_brand-research-chemical","7":"product_cat-benzodiazepinen","8":"product_cat-flubromazepam","9":"product_cat-flubromazepam-pellets","10":"product_cat-pellets-for-pellet","11":"product_tag-flubromazepam-effects","12":"product_tag-flubromazepam-ervaring","13":"product_tag-flubromazepam-halfwaardetijd","14":"product_tag-flubromazepam-werking","15":"product_tag-how-to-test-flubromazepam-pellets","16":"product_tag-nl","18":"first","19":"instock","20":"taxable","21":"shipping-taxable","22":"purchasable","23":"product-type-variable"},"_links":{"self":[{"href":"https:\/\/researchchemworld.com\/et\/wp-json\/wp\/v2\/product\/24244","targetHints":{"allow":["GET"]}}],"collection":[{"href":"https:\/\/researchchemworld.com\/et\/wp-json\/wp\/v2\/product"}],"about":[{"href":"https:\/\/researchchemworld.com\/et\/wp-json\/wp\/v2\/types\/product"}],"replies":[{"embeddable":true,"href":"https:\/\/researchchemworld.com\/et\/wp-json\/wp\/v2\/comments?post=24244"}],"version-history":[{"count":4,"href":"https:\/\/researchchemworld.com\/et\/wp-json\/wp\/v2\/product\/24244\/revisions"}],"predecessor-version":[{"id":28023,"href":"https:\/\/researchchemworld.com\/et\/wp-json\/wp\/v2\/product\/24244\/revisions\/28023"}],"wp:featuredmedia":[{"embeddable":true,"href":"https:\/\/researchchemworld.com\/et\/wp-json\/wp\/v2\/media\/29353"}],"wp:attachment":[{"href":"https:\/\/researchchemworld.com\/et\/wp-json\/wp\/v2\/media?parent=24244"}],"wp:term":[{"taxonomy":"product_brand","embeddable":true,"href":"https:\/\/researchchemworld.com\/et\/wp-json\/wp\/v2\/product_brand?post=24244"},{"taxonomy":"product_cat","embeddable":true,"href":"https:\/\/researchchemworld.com\/et\/wp-json\/wp\/v2\/product_cat?post=24244"},{"taxonomy":"product_tag","embeddable":true,"href":"https:\/\/researchchemworld.com\/et\/wp-json\/wp\/v2\/product_tag?post=24244"}],"curies":[{"name":"t\u00f6\u00f6leht","href":"https:\/\/api.w.org\/{rel}","templated":true}]}}