{"id":24330,"date":"2025-04-13T17:41:30","date_gmt":"2025-04-13T17:41:30","guid":{"rendered":"https:\/\/researchchemworld.com\/?post_type=product&#038;p=24330"},"modified":"2026-02-25T16:31:51","modified_gmt":"2026-02-25T16:31:51","slug":"fluor-4-120-mg-blisterpakend","status":"publish","type":"product","link":"https:\/\/researchchemworld.com\/et\/pood\/ettevotetelt-ettevotetele\/fluor-4-120-mg-blisterpakend\/","title":{"rendered":"RC+ 4-fluori 120 mg blisterpakend"},"content":{"rendered":"<h2 class=\"ds-markdown-paragraph\"><strong>RC+ 4-fluoro 120 mg blisterpakend \u2013 esmaklassiline uurimiskeemia teaduslikeks rakendusteks<\/strong><\/h2>\n<p class=\"ds-markdown-paragraph\"><strong>Toote nimi:<\/strong>\u00a0RC+ 4-Fluor (4-fluoromfetamiin \/ 4-FA) \u2013 120 mg tableti kohta \u2013 blisterpakend<br \/>\n<strong>Kategooria:<\/strong>\u00a0Uurimiskemikaalid (stimulantide klass)<br \/>\n<strong>Kohaldamisala:<\/strong> Neurokeemiline uuring ja anal\u00fc\u00fctiline uuring.<a title=\"1cP-LSD 150 MCG kunstipaberit\" href=\"https:\/\/researchchemworld.com\/et\/pood\/lusergamiidid\/1cp-lsd-150-mcg\/\" target=\"_blank\" rel=\"noopener\">1cP-LSD 150 MCG kunstipaberit<\/a><\/p>\n<hr \/>\n<h3><strong>Toote omadused: <span class=\"___SText_anxqe-ko_\" data-ui-name=\"Link.Text\">fluor 4<\/span><\/strong><\/h3>\n<p class=\"ds-markdown-paragraph\">\ud83d\udd2c\u00a0<strong>K\u00f5rge puhtusastmega<\/strong>\u00a0\u2013 Optimeeritud t\u00e4psete uurimistulemuste saamiseks<br \/>\n\ud83d\udc8a\u00a0<strong>120 mg tableti kohta<\/strong>\u00a0\u2013 Standardiseeritud annus reprodutseeritavate katsete jaoks<br \/>\n\ud83d\udce6\u00a0<strong>Professionaalne blisterpakend<\/strong>\u00a0\u2013 Kaitseb niiskuse, valguse ja oks\u00fcdeerumise eest<br \/>\n\ud83d\udcca\u00a0<strong>Kvaliteet kontrollitud<\/strong> \u2013 Anal\u00fc\u00fctiliste HPLC\/MS-testide aruanded on saadaval n\u00f5udmisel.<a title=\"1V-LSD 150 MCG blotterid\" href=\"https:\/\/researchchemworld.com\/et\/pood\/lusergamiidid\/1v-lsd-150-mcg-blotters\/\" target=\"_blank\" rel=\"noopener\">1V-LSD 150 MCG blotterid<\/a><\/p>\n<h3><strong>RC+ 4 Fluori (4-FA) kohta:<\/strong><\/h3>\n<p class=\"ds-markdown-paragraph\">4-fluoromfetamiin (4-FA) on amfetamiiniklassi kuuluv stimuleerivate ja kergelt entaktogeensete omadustega uurimiskemikaal.<\/p>\n<p class=\"ds-markdown-paragraph\"><strong>Peamine uurimisvaldkond:<\/strong><\/p>\n<ul>\n<li>\n<p class=\"ds-markdown-paragraph\">Neurotransmitterite vabanemise mehhanismid<\/p>\n<\/li>\n<li>\n<p class=\"ds-markdown-paragraph\">Dopamiini\/serotoniini koostoime uuringud<\/p>\n<\/li>\n<li>\n<p class=\"ds-markdown-paragraph\">V\u00f5rdlevad farmakod\u00fcnaamilised anal\u00fc\u00fcsid<\/p>\n<\/li>\n<\/ul>\n<p class=\"ds-markdown-paragraph\"><strong>NB!<\/strong><\/p>\n<ul>\n<li>\n<p class=\"ds-markdown-paragraph\">Ainult eksklusiivseks kasutamiseks\u00a0<em>in vitro<\/em>\u00a0uurimist\u00f6\u00f6<\/p>\n<\/li>\n<li>\n<p class=\"ds-markdown-paragraph\">Mitte inimtoiduks ega loomadele m\u00f5eldud<\/p>\n<\/li>\n<li>\n<p class=\"ds-markdown-paragraph\">Mitte meditsiiniliseks ega meelelahutuslikuks kasutamiseks<\/p>\n<\/li>\n<\/ul>\n<hr \/>\n<h3><strong>Ohutusteave: <\/strong><strong><span class=\"___SText_anxqe-ko_\" data-ui-name=\"Link.Text\">fluor 4<\/span><\/strong><\/h3>\n<p class=\"ds-markdown-paragraph\">\u26a0\u00a0<strong>Labori ohutusprotokoll:<\/strong><\/p>\n<ul>\n<li>\n<p class=\"ds-markdown-paragraph\">Kandke isikukaitsevahendeid (kindaid, laborikitlit).<a title=\"2-CMC 250 mg graanulid\" href=\"https:\/\/researchchemworld.com\/et\/pood\/katinoonid\/osta-2-cmc-d\/\" target=\"_blank\" rel=\"noopener\">2-CMC 250 mg graanulid<\/a><\/p>\n<\/li>\n<li>\n<p class=\"ds-markdown-paragraph\">T\u00f6\u00f6 kontrollitud tingimustes<\/p>\n<\/li>\n<li>\n<p class=\"ds-markdown-paragraph\">V\u00e4ltida kokkupuudet naha\/silmadega<\/p>\n<\/li>\n<\/ul>\n<p class=\"ds-markdown-paragraph\">\u26a0\u00a0<strong>\u00d5iguslik staatus:<\/strong><\/p>\n<ul>\n<li>\n<p class=\"ds-markdown-paragraph\">Madalmaades reguleeritud vastavalt\u00a0<strong>Oopiumiseadus<\/strong><\/p>\n<\/li>\n<li>\n<p class=\"ds-markdown-paragraph\">V\u00f5ivad kehtida EL-i piirangud<\/p>\n<\/li>\n<li>\n<p class=\"ds-markdown-paragraph\">N\u00f5uete t\u00e4itmise eest vastutab ostja<\/p>\n<\/li>\n<\/ul>\n<hr \/>\n<h3><strong>Miks osta meie RC+ 4 Fluor?<\/strong><\/h3>\n<p class=\"ds-markdown-paragraph\">\u2705\u00a0<strong>T\u00e4iustatud kvaliteedikontroll<\/strong>\u00a0\u2013 Iga partii anal\u00fc\u00fcsimine<br \/>\n\u2705\u00a0<strong>Diskreetne saatmine<\/strong>\u00a0\u2013 Neutraalne pakend ilma m\u00e4rgistusteta<br \/>\n\u2705\u00a0<strong>Kiire kohaletoimetamine EL-is<\/strong>\u00a0\u2013 Laos Euroopa laost<br \/>\n\u2705\u00a0<strong>Teaduslik tugi<\/strong>\u00a0\u2013 P\u00f5hjalik tootedokumentatsioon<\/p>","protected":false},"excerpt":{"rendered":"<p><strong>CAS-number:<\/strong> 52063-62-4<br \/>\n<strong>Valem:<\/strong> C10H14FN \u2022 HCl<br \/>\n<strong>Molaarmass:<\/strong> 203,7 g\/mol<br \/>\n<strong>Puhtus:<\/strong> \u226599%<\/p>","protected":false},"featured_media":29424,"comment_status":"closed","ping_status":"closed","template":"","meta":[],"product_brand":[82],"product_cat":[555],"product_tag":[853,854,855,856,852,326],"class_list":{"0":"post-24330","1":"product","2":"type-product","3":"status-publish","4":"has-post-thumbnail","6":"product_brand-research-chemical","7":"product_cat-b2b","8":"product_tag-3-fluor-4-tributylstanyl-pyridine","9":"product_tag-4-fluor-amfetamine-74","10":"product_tag-4-fluor-amfetamine-kopen","11":"product_tag-4-fluor-amfetamine-wiki","12":"product_tag-fluor-4","13":"product_tag-nl","15":"first","16":"instock","17":"taxable","18":"shipping-taxable","19":"purchasable","20":"product-type-variable"},"_links":{"self":[{"href":"https:\/\/researchchemworld.com\/et\/wp-json\/wp\/v2\/product\/24330","targetHints":{"allow":["GET"]}}],"collection":[{"href":"https:\/\/researchchemworld.com\/et\/wp-json\/wp\/v2\/product"}],"about":[{"href":"https:\/\/researchchemworld.com\/et\/wp-json\/wp\/v2\/types\/product"}],"replies":[{"embeddable":true,"href":"https:\/\/researchchemworld.com\/et\/wp-json\/wp\/v2\/comments?post=24330"}],"version-history":[{"count":4,"href":"https:\/\/researchchemworld.com\/et\/wp-json\/wp\/v2\/product\/24330\/revisions"}],"predecessor-version":[{"id":25992,"href":"https:\/\/researchchemworld.com\/et\/wp-json\/wp\/v2\/product\/24330\/revisions\/25992"}],"wp:featuredmedia":[{"embeddable":true,"href":"https:\/\/researchchemworld.com\/et\/wp-json\/wp\/v2\/media\/29424"}],"wp:attachment":[{"href":"https:\/\/researchchemworld.com\/et\/wp-json\/wp\/v2\/media?parent=24330"}],"wp:term":[{"taxonomy":"product_brand","embeddable":true,"href":"https:\/\/researchchemworld.com\/et\/wp-json\/wp\/v2\/product_brand?post=24330"},{"taxonomy":"product_cat","embeddable":true,"href":"https:\/\/researchchemworld.com\/et\/wp-json\/wp\/v2\/product_cat?post=24330"},{"taxonomy":"product_tag","embeddable":true,"href":"https:\/\/researchchemworld.com\/et\/wp-json\/wp\/v2\/product_tag?post=24330"}],"curies":[{"name":"t\u00f6\u00f6leht","href":"https:\/\/api.w.org\/{rel}","templated":true}]}}