{"id":27570,"date":"2025-09-23T07:05:38","date_gmt":"2025-09-23T07:05:38","guid":{"rendered":"https:\/\/researchchemworld.com\/?post_type=product&#038;p=27570"},"modified":"2026-02-19T10:58:40","modified_gmt":"2026-02-19T10:58:40","slug":"osta-4mmc","status":"publish","type":"product","link":"https:\/\/researchchemworld.com\/et\/pood\/kategooriatesse\/osta-4mmc\/","title":{"rendered":"osta 4mmc"},"content":{"rendered":"<h1 data-start=\"660\" data-end=\"708\"><strong data-start=\"662\" data-end=\"706\">4-MMC (mefedroon) \u2013 toimeaine profiil ja KKK<\/strong><\/h1>\n<h3 data-start=\"710\" data-end=\"732\"><strong data-start=\"714\" data-end=\"730\">Kirjeldus<\/strong><\/h3>\n<p data-start=\"733\" data-end=\"1149\">Osta 4mmc, 4-MMC, muidu bekannt als <strong data-start=\"757\" data-end=\"770\">Mefedroon<\/strong>, mis on seotud Synthetic Groupiga <strong data-start=\"808\" data-end=\"821\">Katinoon<\/strong>See toimib iseenesest ps\u00fchhoaktiivse ainega, mida 2000. aastatel kasutati sogenannte&#039;ina. <strong data-start=\"910\" data-end=\"933\">Research Chemical<\/strong> (RC) auftauchte. Aufgrund ihrer <strong data-start=\"966\" data-end=\"1009\">stimuleeriv ja empaatiline toime<\/strong> Kui nad tegutseksid &quot;legaalsete uimastitena&quot;, oleksid nad kaitstud nii liidumaal kui ka Saksamaal. <strong data-start=\"1117\" data-end=\"1140\">seadusega keelatud<\/strong> sai.<\/p>\n<p data-start=\"1151\" data-end=\"1386\">Mefedroon on sellega keemiliselt seotud. <strong data-start=\"1187\" data-end=\"1203\">Amfetamiinid<\/strong> ja <strong data-start=\"1208\" data-end=\"1216\">MDMA<\/strong> ja me peame vormis olema <strong data-start=\"1245\" data-end=\"1280\">Pulber, kristallid v\u00f5i kapslid<\/strong> angeboten. Heute gilt es als <strong data-start=\"1310\" data-end=\"1328\">ebaseaduslik kuiv<\/strong> hea tervise ja heaolu riskiga.<\/p>\n<h3 data-start=\"1393\" data-end=\"1432\"><strong data-start=\"1397\" data-end=\"1430\">4-MMC (mefedrooni) toime<\/strong><\/h3>\n<p data-start=\"1433\" data-end=\"1503\">T\u00f6\u00f6 on parim <strong data-start=\"1455\" data-end=\"1468\">l\u00fchiealine<\/strong> ja teised stimuleerivad ained:<\/p>\n<ul data-start=\"1504\" data-end=\"1691\">\n<li data-start=\"1504\" data-end=\"1549\">\n<p data-start=\"1506\" data-end=\"1549\">K\u00f5rgus <strong data-start=\"1514\" data-end=\"1526\">Eufooria<\/strong> ja <strong data-start=\"1531\" data-end=\"1547\">S\u00f5bralikkus<\/strong><\/p>\n<\/li>\n<li data-start=\"1550\" data-end=\"1616\">\n<p data-start=\"1552\" data-end=\"1616\">Intensiivkursused <strong data-start=\"1563\" data-end=\"1579\">Wohlbefinden<\/strong> ja tellingutega <strong data-start=\"1596\" data-end=\"1614\">vestlusoskus<\/strong><\/p>\n<\/li>\n<li data-start=\"1617\" data-end=\"1659\">\n<p data-start=\"1619\" data-end=\"1659\">K\u00f5rgus <strong data-start=\"1627\" data-end=\"1657\">S\u00fcdamesagedus ja bluntdruck<\/strong><\/p>\n<\/li>\n<li data-start=\"1660\" data-end=\"1691\">\n<p data-start=\"1662\" data-end=\"1691\">M\u00fcdigkeiti alltr\u00fckkimine<\/p>\n<\/li>\n<\/ul>\n<h3 data-start=\"1698\" data-end=\"1732\"><strong data-start=\"1702\" data-end=\"1730\">Riskid ja ohud<\/strong><\/h3>\n<p data-start=\"1733\" data-end=\"1813\">Der Konsum von Mephedron ist mit <strong data-start=\"1766\" data-end=\"1800\">t\u00f5sised terviseriskid<\/strong> \u00fchendatud:<\/p>\n<ul data-start=\"1814\" data-end=\"2094\">\n<li data-start=\"1814\" data-end=\"1893\">\n<p data-start=\"1816\" data-end=\"1893\"><strong data-start=\"1816\" data-end=\"1844\">S\u00fcdame-ringi-jooksu maks<\/strong> (Herzrasen, Bluthochdruck, Herzinfarkt-Risiko)<\/p>\n<\/li>\n<li data-start=\"1894\" data-end=\"1965\">\n<p data-start=\"1896\" data-end=\"1965\"><strong data-start=\"1896\" data-end=\"1918\">Ps\u00fc\u00fchilised efektid<\/strong> wie Angstzust\u00e4nde, Paranoia, Schlaflosigkeit<\/p>\n<\/li>\n<li data-start=\"1966\" data-end=\"2020\">\n<p data-start=\"1968\" data-end=\"2020\"><strong data-start=\"1968\" data-end=\"1994\">Abh\u00e4ngigkeitspotenzial<\/strong> regulaarse tarbimisega<\/p>\n<\/li>\n<li data-start=\"2021\" data-end=\"2094\">\n<p data-start=\"2023\" data-end=\"2094\"><strong data-start=\"2023\" data-end=\"2053\">\u00c4ge \u00fcledoseerimiskiirus<\/strong> durch unsichere Cleanheit und Dosierung<\/p>\n<\/li>\n<\/ul>\n<h3 data-start=\"2101\" data-end=\"2136\"><strong data-start=\"2105\" data-end=\"2134\">Kohtumenetlused Saksamaal<\/strong><\/h3>\n<ul data-start=\"2137\" data-end=\"2384\">\n<li data-start=\"2137\" data-end=\"2232\">\n<p data-start=\"2139\" data-end=\"2232\">4-MMC asub Saksamaal <strong data-start=\"2164\" data-end=\"2175\">ebaseaduslik<\/strong> ja kukkus selle alla <strong data-start=\"2196\" data-end=\"2229\">Betaubungsmittelgesetz (BtMG)<\/strong>.<\/p>\n<\/li>\n<li data-start=\"2233\" data-end=\"2287\">\n<p data-start=\"2235\" data-end=\"2287\">Bezitz, Handel v\u00f5i Herstellung sind <strong data-start=\"2272\" data-end=\"2284\">karistatav<\/strong>.<\/p>\n<\/li>\n<li data-start=\"2288\" data-end=\"2384\">\n<p data-start=\"2290\" data-end=\"2384\">Der Kauf (&quot;osta&quot;) im Internet ist <strong data-start=\"2325\" data-end=\"2343\">gesetzeswidrig<\/strong> ja saab algatada kriminaalmenetluse.<\/p>\n<\/li>\n<\/ul>\n<h2 data-start=\"2391\" data-end=\"2450\"><strong data-start=\"2394\" data-end=\"2448\">4-MMC (mefedrooni) p\u00f5hiteave (KKK)<\/strong><\/h2>\n<p data-start=\"2452\" data-end=\"2575\"><strong data-start=\"2452\" data-end=\"2473\">1. Kas see oli 4-MMC?<\/strong><br data-start=\"2473\" data-end=\"2476\" \/>4-MMC (mefedroon) on s\u00fcnteetiline kuivaine sellest r\u00fchmast. <strong data-start=\"2541\" data-end=\"2572\">kathinonhaltigen Substanzen<\/strong>.<\/p>\n<p data-start=\"2577\" data-end=\"2779\"><strong data-start=\"2577\" data-end=\"2609\">2. Kas 4-MMC on keelatud?<\/strong><br data-start=\"2609\" data-end=\"2612\" \/>Teesid <strong data-start=\"2622\" data-end=\"2707\">terviseriskid, tervisega seotud eelised ja arstiabi<\/strong> leiti riikidest, kus kehtivad \u00f5igusaktid.<\/p>\n<p data-start=\"2781\" data-end=\"2914\"><strong data-start=\"2781\" data-end=\"2817\">3. Kuidas mefedrooni kasutada?<\/strong><br data-start=\"2817\" data-end=\"2820\" \/>See toimib <strong data-start=\"2829\" data-end=\"2876\">stimuleeriv, eufooriline ja empaatiline<\/strong>, ka MDMA v\u00f5i amfetamiiniga.<\/p>\n<p data-start=\"2916\" data-end=\"3090\"><strong data-start=\"2916\" data-end=\"2958\">4. Kui mugav sa end tunned?<\/strong><br data-start=\"2958\" data-end=\"2961\" \/>Mittetoimivad osad <strong data-start=\"2988\" data-end=\"3022\">Herzrasen, \u00dcbelkeit, Schwitzen<\/strong> bis hin zu <strong data-start=\"3034\" data-end=\"3059\">ps\u00fchholoogilised h\u00e4ired<\/strong> kuidas \u00e4hvardus v\u00f5i agressioon.<\/p>\n<p data-start=\"3092\" data-end=\"3224\"><strong data-start=\"3092\" data-end=\"3130\">5. Kas 4-MMC on Saksamaal seaduslik?<\/strong><br data-start=\"3130\" data-end=\"3133\" \/>Ei, mefedron on Saksamaal. <strong data-start=\"3168\" data-end=\"3187\">rangelt keelatud<\/strong>. Bezitz und Verkauf on seadusega karistatav.<\/p>\n<p data-start=\"3226\" data-end=\"3495\"><strong data-start=\"3226\" data-end=\"3261\">6. Kas on olemas seaduslikke alternatiive?<\/strong><br data-start=\"3261\" data-end=\"3264\" \/>See ei eksisteeri <strong data-start=\"3284\" data-end=\"3322\">turvaline v\u00f5i seaduslik asendustoffe<\/strong> identsete t\u00f6\u00f6meetoditega. Seri\u00f6se Beratung empfiehlt ausschlie\u00dflich <strong data-start=\"3390\" data-end=\"3414\">tervislikud alternatiivid<\/strong> wie Sport, Ern\u00e4hrung und psychologische Unterst\u00fctzung zursaufhellung.<\/p>","protected":false},"excerpt":{"rendered":"<p>4-MMC (Mephedron) \u2013 Substanzprofil &amp; FAQ Beschreibung 4mmc kopen, 4-MMC, auch bekannt als Mephedron, geh\u00f6rt zur Gruppe der synthetischen Cathinone.<\/p>","protected":false},"featured_media":29270,"comment_status":"open","ping_status":"closed","template":"","meta":[],"product_brand":[],"product_cat":[1085],"product_tag":[],"class_list":{"0":"post-27570","1":"product","2":"type-product","3":"status-publish","4":"has-post-thumbnail","6":"product_cat-okategoriserad","8":"first","9":"instock","10":"taxable","11":"shipping-taxable","12":"purchasable","13":"product-type-variable"},"_links":{"self":[{"href":"https:\/\/researchchemworld.com\/et\/wp-json\/wp\/v2\/product\/27570","targetHints":{"allow":["GET"]}}],"collection":[{"href":"https:\/\/researchchemworld.com\/et\/wp-json\/wp\/v2\/product"}],"about":[{"href":"https:\/\/researchchemworld.com\/et\/wp-json\/wp\/v2\/types\/product"}],"replies":[{"embeddable":true,"href":"https:\/\/researchchemworld.com\/et\/wp-json\/wp\/v2\/comments?post=27570"}],"version-history":[{"count":3,"href":"https:\/\/researchchemworld.com\/et\/wp-json\/wp\/v2\/product\/27570\/revisions"}],"predecessor-version":[{"id":29159,"href":"https:\/\/researchchemworld.com\/et\/wp-json\/wp\/v2\/product\/27570\/revisions\/29159"}],"wp:featuredmedia":[{"embeddable":true,"href":"https:\/\/researchchemworld.com\/et\/wp-json\/wp\/v2\/media\/29270"}],"wp:attachment":[{"href":"https:\/\/researchchemworld.com\/et\/wp-json\/wp\/v2\/media?parent=27570"}],"wp:term":[{"taxonomy":"product_brand","embeddable":true,"href":"https:\/\/researchchemworld.com\/et\/wp-json\/wp\/v2\/product_brand?post=27570"},{"taxonomy":"product_cat","embeddable":true,"href":"https:\/\/researchchemworld.com\/et\/wp-json\/wp\/v2\/product_cat?post=27570"},{"taxonomy":"product_tag","embeddable":true,"href":"https:\/\/researchchemworld.com\/et\/wp-json\/wp\/v2\/product_tag?post=27570"}],"curies":[{"name":"t\u00f6\u00f6leht","href":"https:\/\/api.w.org\/{rel}","templated":true}]}}