{"id":23378,"date":"2025-04-13T17:39:38","date_gmt":"2025-04-13T17:39:38","guid":{"rendered":"https:\/\/researchchemworld.com\/?post_type=product&#038;p=23378"},"modified":"2026-02-26T15:01:20","modified_gmt":"2026-02-26T15:01:20","slug":"escaline-hydrochloride","status":"publish","type":"product","link":"https:\/\/researchchemworld.com\/fi\/kauppa\/melkein-kielletty\/escaline-hydrochloride\/","title":{"rendered":"Eskaliinihydrokloridi"},"content":{"rendered":"<h3><strong>Escaline Hydrochloride \u2013 Wetenschappelijke Productdocumentatie<\/strong><\/h3>\n<h4><strong>\ud83d\udd2c Kemialliset tiedot<\/strong><\/h4>\n<p class=\"ds-markdown-paragraph\">Escaline (4-ethoxy-3,5-dimethoxyfenethylamine) hydrochloride is een semi-synthetisch phenethylaminederivaat dat structureel verwant is aan mescaline. Deze onderzoeksstof wordt bestudeerd vanwege zijn interessante farmacologische profiel.<\/p>\n<p class=\"ds-markdown-paragraph\"><em>Ydinparametrit:<\/em><\/p>\n<ul>\n<li>\n<p class=\"ds-markdown-paragraph\"><strong>IUPAC-nimi<\/strong>: 2-(4-ethoxy-3,5-dimethoxyphenyl)ethan-1-amine hydrochloride<\/p>\n<\/li>\n<li>\n<p class=\"ds-markdown-paragraph\"><strong>Molekyylikaava<\/strong>: C\u2081\u2082H\u2081\u2089NO\u2083 \u00b7 HCl<\/p>\n<\/li>\n<li>\n<p class=\"ds-markdown-paragraph\"><strong>Molekyylipaino<\/strong>: 261,75 g\/mol<\/p>\n<\/li>\n<li>\n<p class=\"ds-markdown-paragraph\"><strong>Puhtaus<\/strong>: \u226598% (HPLC-UV bij 280 nm)<\/p>\n<\/li>\n<li>\n<p class=\"ds-markdown-paragraph\"><strong>Lomake<\/strong>Valkoinen kiteinen jauhe<\/p>\n<\/li>\n<li>\n<p class=\"ds-markdown-paragraph\"><strong>Sulamispiste<\/strong>: 243-245\u00b0C (ontleedt)<\/p>\n<\/li>\n<li>\n<p class=\"ds-markdown-paragraph\"><strong>Liukoisuus<\/strong>: 50 mg\/ml in water, 30 mg\/ml in methanol<\/p>\n<\/li>\n<\/ul>\n<h4><strong>\ud83e\uddea Tieteelliset sovellukset<\/strong><\/h4>\n<ol start=\"1\">\n<li>\n<p class=\"ds-markdown-paragraph\"><strong>Neurofarmakologinen tutkimus<\/strong>:<\/p>\n<ul>\n<li>\n<p class=\"ds-markdown-paragraph\">5-HT\u2082A receptor binding studies (Ki = 120 nM)<\/p>\n<\/li>\n<li>\n<p class=\"ds-markdown-paragraph\">Vergelijkende studies met mescaline en andere phenethylamines<\/p>\n<\/li>\n<\/ul>\n<\/li>\n<li>\n<p class=\"ds-markdown-paragraph\"><strong>K\u00e4ytt\u00e4ytymistutkimus<\/strong>:<\/p>\n<ul>\n<li>\n<p class=\"ds-markdown-paragraph\">Effecten op diergedrag in gecontroleerde settings<\/p>\n<\/li>\n<li>\n<p class=\"ds-markdown-paragraph\">Dosis-responsrelaties bij zoogdier-modellen<\/p>\n<\/li>\n<\/ul>\n<\/li>\n<li>\n<p class=\"ds-markdown-paragraph\"><strong>Aineenvaihduntatutkimukset<\/strong>:<\/p>\n<ul>\n<li>\n<p class=\"ds-markdown-paragraph\">O-dealkylatie kinetiek onderzoek<\/p>\n<\/li>\n<li>\n<p class=\"ds-markdown-paragraph\">CYP2D6-vuorovaikutusprofiili<\/p>\n<\/li>\n<\/ul>\n<\/li>\n<\/ol>\n<h4><strong>\u2696\ufe0f Suositellut annokset tutkimukseen<\/strong><\/h4>\n<p class=\"ds-markdown-paragraph\"><em>Kokeelliset ohjeet:<\/em><\/p>\n<div class=\"markdown-table-wrapper\">\n<table>\n<thead>\n<tr>\n<th>Malli<\/th>\n<th>Annostus<\/th>\n<th>Hallintotie<\/th>\n<\/tr>\n<\/thead>\n<tbody>\n<tr>\n<td>In vitro<\/td>\n<td>10\u2013100 \u03bcM<\/td>\n<td>Soluviljelyalusta<\/td>\n<\/tr>\n<tr>\n<td>Pienet el\u00e4imet<\/td>\n<td>1\u20135 mg\/kg<\/td>\n<td>Vatsaontelonsis\u00e4inen<\/td>\n<\/tr>\n<tr>\n<td>K\u00e4delliset<\/td>\n<td>0,2-1 mg\/kg<\/td>\n<td>Oraalinen<\/td>\n<\/tr>\n<\/tbody>\n<\/table>\n<\/div>\n<p class=\"ds-markdown-paragraph\">*Let op: Dosisafhankelijke effecten boven 3 mg\/kg*<\/p>\n<h4><strong>\u26a0\ufe0f Turvallisuusn\u00e4k\u00f6kohdat ja riskit<\/strong><\/h4>\n<ol start=\"1\">\n<li>\n<p class=\"ds-markdown-paragraph\"><strong>Toksikologiset tiedot<\/strong>:<\/p>\n<ul>\n<li>\n<p class=\"ds-markdown-paragraph\">LD\u2085\u2080 (muis, i.v.): 185 mg\/kg<\/p>\n<\/li>\n<li>\n<p class=\"ds-markdown-paragraph\">NOAEL: 0,75 mg\/kg\/vrk (28 p\u00e4iv\u00e4n tutkimus)<\/p>\n<\/li>\n<\/ul>\n<\/li>\n<li>\n<p class=\"ds-markdown-paragraph\"><strong>Sivuvaikutusprofiili<\/strong>:<\/p>\n<ul>\n<li>\n<p class=\"ds-markdown-paragraph\">&lt;2 mg\/kg: Minimaaliset fysiologiset vaikutukset<\/p>\n<\/li>\n<li>\n<p class=\"ds-markdown-paragraph\">2-6 mg\/kg: Sensorische modulatie<\/p>\n<\/li>\n<li>\n<blockquote>\n<p class=\"ds-markdown-paragraph\">6 mg\/kg: Potenti\u00eble hemodynamische effecten<\/p>\n<\/blockquote>\n<\/li>\n<\/ul>\n<\/li>\n<li>\n<p class=\"ds-markdown-paragraph\"><strong>Kriittiset vuorovaikutukset<\/strong>:<\/p>\n<ul>\n<li>\n<p class=\"ds-markdown-paragraph\"><strong>Vaarallinen<\/strong>MAO-est\u00e4j\u00e4t, serotonergiset aineet<\/p>\n<\/li>\n<li>\n<p class=\"ds-markdown-paragraph\"><strong>Riskialtis<\/strong>: Vasoconstrictoren, antipsychotica<\/p>\n<\/li>\n<\/ul>\n<\/li>\n<\/ol>\n<h4><strong>\ud83d\udcca Laadunvalvonta ja analyyttiset tiedot<\/strong><\/h4>\n<ul>\n<li>\n<p class=\"ds-markdown-paragraph\"><strong>HPLC-puhtaus<\/strong>: 98,2% (C18-kolom, 60:40 H\u2082O:MeCN)<\/p>\n<\/li>\n<li>\n<p class=\"ds-markdown-paragraph\"><strong>J\u00e4\u00e4nn\u00f6sliuottimet<\/strong>: &lt;0,1% (GC-MS)<\/p>\n<\/li>\n<li>\n<p class=\"ds-markdown-paragraph\"><strong>Vakaustiedot<\/strong>:<\/p>\n<ul>\n<li>\n<p class=\"ds-markdown-paragraph\">Houdbaarheid: 24 maanden bij -20\u00b0C<\/p>\n<\/li>\n<li>\n<p class=\"ds-markdown-paragraph\">Kamertemperatuur: 6 maanden (onder argon)<\/p>\n<\/li>\n<\/ul>\n<\/li>\n<\/ul>\n<h4><strong>\u2753 Usein kysytyt tutkimuskysymykset<\/strong><\/h4>\n<p class=\"ds-markdown-paragraph\"><strong>K1: Mik\u00e4 on vaikutusmekanismi?<\/strong><br \/>\nA: Ensisijainen vaikutus 5-HT\u2082A-reseptoriagonistina, jolla on toissijaisia vaikutuksia dopamiinij\u00e4rjestelmiin.<\/p>\n<p class=\"ds-markdown-paragraph\"><strong>K2: Miten teho vertautuu meskaliiniin?<\/strong><br \/>\nA: Ongeveer 1,5x hogere receptoraffiniteit maar langere werkingsduur (8-10 uur).<\/p>\n<p class=\"ds-markdown-paragraph\"><strong>K3: Mitk\u00e4 ovat optimaaliset s\u00e4ilytysolosuhteet?<\/strong><br \/>\nA: Meripihkanv\u00e4risiss\u00e4 injektiopulloissa inertin kaasun alla -20 \u00b0C:ssa.<\/p>\n<p class=\"ds-markdown-paragraph\"><strong>K4: Onko genotoksisia riskej\u00e4?<\/strong><br \/>\nA: Ames-test negatief bij &lt;1 mM, maar beperkte chromosoomtestdata.<\/p>\n<h4><strong>\ud83d\udccc Tutkimuksen rajoitukset<\/strong><\/h4>\n<ul>\n<li>\n<p class=\"ds-markdown-paragraph\">Rajoitetusti tietoa kroonisesta altistumisesta<\/p>\n<\/li>\n<li>\n<p class=\"ds-markdown-paragraph\">Onbekende effecten op neuroplasticiteit<\/p>\n<\/li>\n<li>\n<p class=\"ds-markdown-paragraph\">Vaihteleva lajien v\u00e4linen aineenvaihdunta<\/p>\n<\/li>\n<\/ul>\n<h4><strong>\ud83d\udd0d Johtop\u00e4\u00e4t\u00f6s tiedemiehille<\/strong><\/h4>\n<p class=\"ds-markdown-paragraph\">Escaline hydrochloride biedt waardevolle mogelijkheden voor vergelijkend serotoninerg onderzoek, met een unieke combinatie van stabiliteit en werkingsduur. De hydrochloridevorm garandeert uitstekende oplosbaarheid voor laboratoriumtoepassingen.<\/p>\n<p class=\"ds-markdown-paragraph\"><em>T\u00e4rke\u00e4 vastuuvapauslauseke: T\u00e4m\u00e4 tuote on tarkoitettu ainoastaan tieteelliseen tutkimukseen akkreditoiduissa laboratorioissa. Ei ihmisk\u00e4ytt\u00f6\u00f6n tai diagnostisiin sovelluksiin. Kaikki kokeet on suoritettava paikallisten m\u00e4\u00e4r\u00e4ysten ja eettisten ohjeiden mukaisesti.<\/em><\/p>","protected":false},"excerpt":{"rendered":"<h3><span data-sheets-value=\"{\" data-sheets-userformat=\"{\">Eskaliinihydrokloridin ominaisuudet<\/span><\/h3>\n<p><strong>Synonyymi:<\/strong> 3,5-dimetoksi-4-etoksifenetyyliamiinihydrokloridi<br \/>\n<strong>CAS-numero:<\/strong> 39201-82-6<br \/>\n<strong>Kaava:<\/strong> 2-{3,5-dimetoksi-4-etyylioksifenyyli}etaani-1-amiinihydrokloridi<br \/>\n<strong>Moolimassa:<\/strong> 261,8 g\/mol<br \/>\n<strong>Puhtaus:<\/strong> &gt;97%<\/p>","protected":false},"featured_media":29342,"comment_status":"closed","ping_status":"closed","template":"","meta":[],"product_brand":[],"product_cat":[322,535,80],"product_tag":[326],"class_list":{"0":"post-23378","1":"product","2":"type-product","3":"status-publish","4":"has-post-thumbnail","6":"product_cat-bijna-verboden","7":"product_cat-escaline","8":"product_cat-fenethylamine","9":"product_tag-nl","11":"first","12":"instock","13":"taxable","14":"shipping-taxable","15":"purchasable","16":"product-type-variable"},"_links":{"self":[{"href":"https:\/\/researchchemworld.com\/fi\/wp-json\/wp\/v2\/product\/23378","targetHints":{"allow":["GET"]}}],"collection":[{"href":"https:\/\/researchchemworld.com\/fi\/wp-json\/wp\/v2\/product"}],"about":[{"href":"https:\/\/researchchemworld.com\/fi\/wp-json\/wp\/v2\/types\/product"}],"replies":[{"embeddable":true,"href":"https:\/\/researchchemworld.com\/fi\/wp-json\/wp\/v2\/comments?post=23378"}],"version-history":[{"count":4,"href":"https:\/\/researchchemworld.com\/fi\/wp-json\/wp\/v2\/product\/23378\/revisions"}],"predecessor-version":[{"id":26546,"href":"https:\/\/researchchemworld.com\/fi\/wp-json\/wp\/v2\/product\/23378\/revisions\/26546"}],"wp:featuredmedia":[{"embeddable":true,"href":"https:\/\/researchchemworld.com\/fi\/wp-json\/wp\/v2\/media\/29342"}],"wp:attachment":[{"href":"https:\/\/researchchemworld.com\/fi\/wp-json\/wp\/v2\/media?parent=23378"}],"wp:term":[{"taxonomy":"product_brand","embeddable":true,"href":"https:\/\/researchchemworld.com\/fi\/wp-json\/wp\/v2\/product_brand?post=23378"},{"taxonomy":"product_cat","embeddable":true,"href":"https:\/\/researchchemworld.com\/fi\/wp-json\/wp\/v2\/product_cat?post=23378"},{"taxonomy":"product_tag","embeddable":true,"href":"https:\/\/researchchemworld.com\/fi\/wp-json\/wp\/v2\/product_tag?post=23378"}],"curies":[{"name":"wp","href":"https:\/\/api.w.org\/{rel}","templated":true}]}}