{"id":23908,"date":"2025-04-13T17:40:39","date_gmt":"2025-04-13T17:40:39","guid":{"rendered":"https:\/\/researchchemworld.com\/?post_type=product&#038;p=23908"},"modified":"2026-02-26T12:24:59","modified_gmt":"2026-02-26T12:24:59","slug":"nb-5-meo-mipt-oxalaat","status":"publish","type":"product","link":"https:\/\/researchchemworld.com\/fi\/kauppa\/nb-5-meo-mipt\/nb-5-meo-mipt-oxalaat\/","title":{"rendered":"NB-5-MeO-MiPT-oksalaatti"},"content":{"rendered":"<h3><strong>NB-5-MeO-MiPT-oksalaatti \u2013 Research Chemicals<\/strong><\/h3>\n<p class=\"ds-markdown-paragraph\"><strong>Tuotteen kuvaus:<\/strong><br \/>\n<strong>NB-5-MeO-MiPT-oksalaatti<\/strong>\u00a0(tunnetaan my\u00f6s nimell\u00e4\u00a0<strong>Moxy<\/strong>) on synteettinen tryptamiini, jota k\u00e4ytet\u00e4\u00e4n p\u00e4\u00e4asiassa\u00a0<strong>tieteellinen tutkimus<\/strong>Se on 5-MeO-DMT:n ja psilosiinin analogi, jolla on ainutlaatuisia vaikutuksia serotonergisiin reseptoreihin. T\u00e4t\u00e4 ainetta tutkitaan usein sen mahdollisen vaikutuksen vuoksi\u00a0<strong>havaintokyky, mieliala ja kognitiiviset prosessit<\/strong>.<\/p>\n<p class=\"ds-markdown-paragraph\">Tuotetta on saatavilla nimell\u00e4\u00a0<strong>eritt\u00e4in puhdasta jauhetta (oksalaattisuolamuoto)<\/strong>\u00a0ja mukana tulee\u00a0<strong>yksityiskohtainen laboratorioraportti<\/strong>\u00a0laadunvalvontaa varten.<\/p>\n<hr \/>\n<h3><strong>NB-5-MeO-MiPT-oksalaatin k\u00e4ytt\u00f6<\/strong><\/h3>\n<ul>\n<li>\n<p class=\"ds-markdown-paragraph\"><strong>Tieteellinen tutkimus:<\/strong>\u00a0Reseptorien v\u00e4listen vuorovaikutusten tutkimus (5-HT1A\/2A).<\/p>\n<\/li>\n<li>\n<p class=\"ds-markdown-paragraph\"><strong>Psykonautinen tutkimusmatka<\/strong>\u00a0(ei virkistysk\u00e4ytt\u00f6\u00f6n).<\/p>\n<\/li>\n<li>\n<p class=\"ds-markdown-paragraph\"><strong>Mikroannostelu:<\/strong>\u00a0Mahdollisia hienovaraisia vaikutuksia luovuuteen ja empatiaan (ei kliinisesti todistettuja).<\/p>\n<\/li>\n<\/ul>\n<p class=\"ds-markdown-paragraph\">\u26a0\ufe0f\u00a0<strong>Ei tarkoitettu ihmisravinnoksi \u2013 ainoastaan in vitro -tutkimukseen.<\/strong><\/p>\n<hr \/>\n<h3><strong>Suositeltu annostus (tutkimukseen)<\/strong><\/h3>\n<ul>\n<li>\n<p class=\"ds-markdown-paragraph\"><strong>Kynnys (tutkimusannos):<\/strong>\u00a01\u20133 mg<\/p>\n<\/li>\n<li>\n<p class=\"ds-markdown-paragraph\"><strong>Valoefektit:<\/strong>\u00a03\u20136 mg<\/p>\n<\/li>\n<li>\n<p class=\"ds-markdown-paragraph\"><strong>Keskim\u00e4\u00e4r\u00e4inen tutkimusannos:<\/strong>\u00a06\u201310 mg<\/p>\n<\/li>\n<li>\n<p class=\"ds-markdown-paragraph\"><strong>Voimakkaat vaikutukset (vain kokeneille tutkijoille):<\/strong>\u00a010\u201315 mg+<\/p>\n<\/li>\n<\/ul>\n<p class=\"ds-markdown-paragraph\">\ud83d\udd2c\u00a0<strong>Menetelm\u00e4:<\/strong>\u00a0Suun kautta, kielen alle tai liuoksena (k\u00e4yt\u00e4\u00a0<strong>milligramma-asteikko<\/strong>\u00a0tarkkuuden vuoksi).<\/p>\n<hr \/>\n<h3><strong>Mahdolliset vaikutukset ja sivuvaikutukset<\/strong><\/h3>\n<h4><strong>Odotetut vaikutukset (perustuu anekdoottiseen tutkimukseen)<\/strong><\/h4>\n<ul>\n<li>\n<p class=\"ds-markdown-paragraph\">Lis\u00e4\u00e4ntyneet tuntoaistimukset<\/p>\n<\/li>\n<li>\n<p class=\"ds-markdown-paragraph\">Visuaalinen ja auditiivinen vahvistus<\/p>\n<\/li>\n<li>\n<p class=\"ds-markdown-paragraph\">Empaattiset ominaisuudet<\/p>\n<\/li>\n<li>\n<p class=\"ds-markdown-paragraph\">Kognitiivinen joustavuus<\/p>\n<\/li>\n<\/ul>\n<h4><strong>Mahdolliset sivuvaikutukset<\/strong><\/h4>\n<ul>\n<li>\n<p class=\"ds-markdown-paragraph\">Pahoinvointi (etenkin suurilla annoksilla)<\/p>\n<\/li>\n<li>\n<p class=\"ds-markdown-paragraph\">Liev\u00e4 tai kohtalainen ahdistuneisuus tai levottomuus<\/p>\n<\/li>\n<li>\n<p class=\"ds-markdown-paragraph\">Lis\u00e4\u00e4ntynyt syke<\/p>\n<\/li>\n<li>\n<p class=\"ds-markdown-paragraph\">H\u00e4iriintynyt uni, kun otetaan my\u00f6h\u00e4\u00e4n<\/p>\n<\/li>\n<\/ul>\n<p class=\"ds-markdown-paragraph\">\u26a0\ufe0f\u00a0<strong>Ei saa yhdist\u00e4\u00e4 MAO-est\u00e4jien, SSRI-l\u00e4\u00e4kkeiden tai muiden serotonergisten aineiden kanssa.<\/strong><\/p>\n<hr \/>\n<h3><strong>Usein kysytyt kysymykset (UKK)<\/strong><\/h3>\n<p class=\"ds-markdown-paragraph\"><strong>1. Onko NB-5-MeO-MiPT laillista Alankomaissa?<\/strong><br \/>\nSe kuuluu seuraavien piiriin:\u00a0<strong>Oopiumilaki<\/strong>\u00a0tutkimusaineena ja on\u00a0<strong>ei hyv\u00e4ksytty ihmisille<\/strong>.<\/p>\n<p class=\"ds-markdown-paragraph\"><strong>2. Kuinka kauan vaikutukset kest\u00e4v\u00e4t?<\/strong><\/p>\n<ul>\n<li>\n<p class=\"ds-markdown-paragraph\"><strong>Suun kautta otettava:<\/strong>\u00a0~4\u20137 tuntia<\/p>\n<\/li>\n<li>\n<p class=\"ds-markdown-paragraph\"><strong>Kielenalainen otto:<\/strong>\u00a0~3\u20135 tuntia<\/p>\n<\/li>\n<\/ul>\n<p class=\"ds-markdown-paragraph\"><strong>3. Voidaanko sit\u00e4 k\u00e4ytt\u00e4\u00e4 mikroannosteluun?<\/strong><br \/>\nJotkut tutkijat kokeilevat\u00a0<strong>mikroannokset (0,5\u20132 mg)<\/strong>, mutta tieteellist\u00e4 tietoa on saatavilla vain v\u00e4h\u00e4n.<\/p>\n<p class=\"ds-markdown-paragraph\"><strong>4. Miten se tulisi s\u00e4ilytt\u00e4\u00e4?<\/strong><br \/>\nTallenna kohteeseen\u00a0<strong>viile\u00e4, kuiva ja pime\u00e4 ymp\u00e4rist\u00f6<\/strong>\u00a0(mieluiten tyhji\u00f6pakkauksessa).<\/p>\n<hr \/>\n<h3><strong>Laboratorioraportti ja laadunvarmistus<\/strong><\/h3>\n<ul>\n<li>\n<p class=\"ds-markdown-paragraph\"><strong>Puhtaus:<\/strong>\u00a0\u226598% (HPLC-testattu)<\/p>\n<\/li>\n<li>\n<p class=\"ds-markdown-paragraph\"><strong>Ei sis\u00e4ll\u00e4 raskasmetalleja eik\u00e4 j\u00e4\u00e4mi\u00e4<\/strong><\/p>\n<\/li>\n<li>\n<p class=\"ds-markdown-paragraph\"><strong>Yhten\u00e4inen koostumus<\/strong><\/p>\n<\/li>\n<\/ul>\n<p class=\"ds-markdown-paragraph\">\ud83d\udcc4\u00a0<strong>Laboratorioanalyysit ovat saatavilla pyynn\u00f6st\u00e4.<\/strong><\/p>\n<hr \/>\n<h3><strong>Turvallisuusohjeet<\/strong><\/h3>\n<ul>\n<li>\n<p class=\"ds-markdown-paragraph\"><strong>Aloita aina pienell\u00e4 annoksella<\/strong>\u00a0(1\u20132 mg) toleranssin testaamiseksi.<\/p>\n<\/li>\n<li>\n<p class=\"ds-markdown-paragraph\"><strong>\u00c4l\u00e4 k\u00e4yt\u00e4 yksin\u00e4\u00e4n<\/strong>\u00a0\u2013 tutkimus kontrolloidussa ymp\u00e4rist\u00f6ss\u00e4.<\/p>\n<\/li>\n<li>\n<p class=\"ds-markdown-paragraph\"><strong>\u00c4l\u00e4 k\u00e4yt\u00e4, jos sinulla on mielenterveysongelmia<\/strong>\u00a0(pahenemisen riski).<\/p>\n<\/li>\n<\/ul>\n<p class=\"ds-markdown-paragraph\">\ud83d\udd2c\u00a0<strong>Vain tutkimustarkoituksiin \u2013 ei kulutukseen.<\/strong><\/p>\n<hr \/>\n<p class=\"ds-markdown-paragraph\"><strong>Kysy\u00e4?<\/strong>\u00a0Ota meihin yhteytt\u00e4 saadaksesi lis\u00e4tietoja vastuullisesta tutkimuksesta. \ud83e\uddea<\/p>","protected":false},"excerpt":{"rendered":"<h3><span data-sheets-value=\"{\" data-sheets-userformat=\"{\"><span style=\"vertical-align: inherit;\"><span style=\"vertical-align: inherit;\">NB-5-MeO-MiPT oxalate properties<\/span><\/span><\/span><\/h3>\n<p><strong><span style=\"vertical-align: inherit;\"><span style=\"vertical-align: inherit;\">Synonym:<\/span><\/span><\/strong><span style=\"vertical-align: inherit;\"><span style=\"vertical-align: inherit;\"> tert-butyl 3-(2-(isopropyl(methyl)amino)ethyl)-5-methoxy-1H-indole-1-carboxylate oxalate <\/span><\/span><br \/>\n<strong><span style=\"vertical-align: inherit;\"><span style=\"vertical-align: inherit;\">CAS Number:<\/span><\/span><\/strong><span style=\"vertical-align: inherit;\"><span style=\"vertical-align: inherit;\"> none <\/span><\/span><br \/>\n<strong><span style=\"vertical-align: inherit;\"><span style=\"vertical-align: inherit;\">Formula:<\/span><\/span><\/strong><span style=\"vertical-align: inherit;\"><span style=\"vertical-align: inherit;\"> 3-[2-(isopropylmethylamino)ethyl]-5-methoxyindole freebase <\/span><\/span><br \/>\n<strong><span style=\"vertical-align: inherit;\"><span style=\"vertical-align: inherit;\">Mole mass:<\/span><\/span><\/strong><span style=\"vertical-align: inherit;\"><span style=\"vertical-align: inherit;\"> xx <\/span><\/span><br \/>\n<strong><span style=\"vertical-align: inherit;\"><span style=\"vertical-align: inherit;\">Purity:<\/span><\/span><\/strong><span style=\"vertical-align: inherit;\"><span style=\"vertical-align: inherit;\"> 98%&gt;<\/span><\/span><\/p>\n","protected":false},"featured_media":29396,"comment_status":"closed","ping_status":"closed","template":"","meta":[],"product_brand":[],"product_cat":[490,381],"product_tag":[452],"class_list":{"0":"post-23908","1":"product","2":"type-product","3":"status-publish","4":"has-post-thumbnail","6":"product_cat-nb-5-meo-mipt","7":"product_cat-tryptamines","8":"product_tag-de","10":"first","11":"instock","12":"taxable","13":"shipping-taxable","14":"purchasable","15":"product-type-variable"},"_links":{"self":[{"href":"https:\/\/researchchemworld.com\/fi\/wp-json\/wp\/v2\/product\/23908","targetHints":{"allow":["GET"]}}],"collection":[{"href":"https:\/\/researchchemworld.com\/fi\/wp-json\/wp\/v2\/product"}],"about":[{"href":"https:\/\/researchchemworld.com\/fi\/wp-json\/wp\/v2\/types\/product"}],"replies":[{"embeddable":true,"href":"https:\/\/researchchemworld.com\/fi\/wp-json\/wp\/v2\/comments?post=23908"}],"version-history":[{"count":4,"href":"https:\/\/researchchemworld.com\/fi\/wp-json\/wp\/v2\/product\/23908\/revisions"}],"predecessor-version":[{"id":26667,"href":"https:\/\/researchchemworld.com\/fi\/wp-json\/wp\/v2\/product\/23908\/revisions\/26667"}],"wp:featuredmedia":[{"embeddable":true,"href":"https:\/\/researchchemworld.com\/fi\/wp-json\/wp\/v2\/media\/29396"}],"wp:attachment":[{"href":"https:\/\/researchchemworld.com\/fi\/wp-json\/wp\/v2\/media?parent=23908"}],"wp:term":[{"taxonomy":"product_brand","embeddable":true,"href":"https:\/\/researchchemworld.com\/fi\/wp-json\/wp\/v2\/product_brand?post=23908"},{"taxonomy":"product_cat","embeddable":true,"href":"https:\/\/researchchemworld.com\/fi\/wp-json\/wp\/v2\/product_cat?post=23908"},{"taxonomy":"product_tag","embeddable":true,"href":"https:\/\/researchchemworld.com\/fi\/wp-json\/wp\/v2\/product_tag?post=23908"}],"curies":[{"name":"wp","href":"https:\/\/api.w.org\/{rel}","templated":true}]}}