{"id":24186,"date":"2025-04-13T17:41:13","date_gmt":"2025-04-13T17:41:13","guid":{"rendered":"https:\/\/researchchemworld.com\/?post_type=product&#038;p=24186"},"modified":"2026-02-26T11:06:33","modified_gmt":"2026-02-26T11:06:33","slug":"rc-bromonordiatsepaami-25-mg-pakkaus","status":"publish","type":"product","link":"https:\/\/researchchemworld.com\/fi\/kauppa\/yritysten-valinen\/rc-bromonordiatsepaami-25-mg-pakkaus\/","title":{"rendered":"RC+ Bromonordiatsepaami 2,5 mg pakkaus"},"content":{"rendered":"<h2><span data-sheets-value=\"{\" data-sheets-userformat=\"{\">Bromonordiatsepaami 2,5 mg, laatikko, jossa 50 pelletti\u00e4<br \/>\n<\/span><\/h2>\n<ul>\n<li><strong>V\u00e4hitt\u00e4ismyyntipakkaukset, <span class=\"___SText_pr68d-red-team\" data-ui-name=\"Link.Text\">bromonordiatsepaami<\/span><br \/>\n<\/strong><\/li>\n<li><strong>Pellettien m\u00e4\u00e4r\u00e4 laatikossa: 50 (5 l\u00e4pipainopakkausta)<\/strong><\/li>\n<li><strong>Hinnat eiv\u00e4t sis\u00e4ll\u00e4 21%:n ALV:t\u00e4<\/strong><\/li>\n<li><strong>Suositeltu v\u00e4hitt\u00e4ishinta: 41,95 \u20ac sis. alv<\/strong><\/li>\n<\/ul>\n<p><a href=\"https:\/\/researchchemworld.com\/fi\/kauppa\/lysergamidit\/1-cp-lsd-150-mikrogrammaa\/\">1cP-LSD 150 MCG taidepaperia<\/a><a href=\"https:\/\/researchchemworld.com\/fi\/kauppa\/pellets\/o-dsmt-50mg-pellets\/\">O-DSMT 50 mg -pelletit<\/a><a href=\"https:\/\/researchchemworld.com\/fi\/kauppa\/lysergamidit\/1v-lsd-150-mcg-blotters\/\">1V-LSD 150 MCG -n\u00e4ytteenotot<\/a><a href=\"https:\/\/researchchemworld.com\/fi\/kauppa\/melkein-kielletty\/6-cl-adbaa\/\">6-CL-ADBA<\/a><a href=\"https:\/\/researchchemworld.com\/fi\/kauppa\/katinonit\/osta-2-cmcta\/\">2-CMC 250 mg -pelletti\u00e4<\/a><\/p>","protected":false},"excerpt":{"rendered":"<p>Bromonordiatsepaami 2,5 MG 50 pelletin pakkaus V\u00e4hitt\u00e4ismyyntipakkaus, bromonordiatsepaami Pellettien m\u00e4\u00e4r\u00e4 laatikossa: 50 (5 l\u00e4pipainopakkausta) Hinnat eiv\u00e4t sis\u00e4ll\u00e4 ALV:t\u00e4 21%<\/p>","protected":false},"featured_media":29429,"comment_status":"closed","ping_status":"closed","template":"","meta":[],"product_brand":[],"product_cat":[555],"product_tag":[185,326],"class_list":{"0":"post-24186","1":"product","2":"type-product","3":"status-publish","4":"has-post-thumbnail","6":"product_cat-b2b","7":"product_tag-bromonordiazepam","8":"product_tag-nl","10":"first","11":"instock","12":"taxable","13":"shipping-taxable","14":"purchasable","15":"product-type-variable"},"_links":{"self":[{"href":"https:\/\/researchchemworld.com\/fi\/wp-json\/wp\/v2\/product\/24186","targetHints":{"allow":["GET"]}}],"collection":[{"href":"https:\/\/researchchemworld.com\/fi\/wp-json\/wp\/v2\/product"}],"about":[{"href":"https:\/\/researchchemworld.com\/fi\/wp-json\/wp\/v2\/types\/product"}],"replies":[{"embeddable":true,"href":"https:\/\/researchchemworld.com\/fi\/wp-json\/wp\/v2\/comments?post=24186"}],"version-history":[{"count":3,"href":"https:\/\/researchchemworld.com\/fi\/wp-json\/wp\/v2\/product\/24186\/revisions"}],"predecessor-version":[{"id":25916,"href":"https:\/\/researchchemworld.com\/fi\/wp-json\/wp\/v2\/product\/24186\/revisions\/25916"}],"wp:featuredmedia":[{"embeddable":true,"href":"https:\/\/researchchemworld.com\/fi\/wp-json\/wp\/v2\/media\/29429"}],"wp:attachment":[{"href":"https:\/\/researchchemworld.com\/fi\/wp-json\/wp\/v2\/media?parent=24186"}],"wp:term":[{"taxonomy":"product_brand","embeddable":true,"href":"https:\/\/researchchemworld.com\/fi\/wp-json\/wp\/v2\/product_brand?post=24186"},{"taxonomy":"product_cat","embeddable":true,"href":"https:\/\/researchchemworld.com\/fi\/wp-json\/wp\/v2\/product_cat?post=24186"},{"taxonomy":"product_tag","embeddable":true,"href":"https:\/\/researchchemworld.com\/fi\/wp-json\/wp\/v2\/product_tag?post=24186"}],"curies":[{"name":"wp","href":"https:\/\/api.w.org\/{rel}","templated":true}]}}