{"id":24194,"date":"2025-04-13T17:41:13","date_gmt":"2025-04-13T17:41:13","guid":{"rendered":"https:\/\/researchchemworld.com\/?post_type=product&#038;p=24194"},"modified":"2026-02-26T11:24:34","modified_gmt":"2026-02-26T11:24:34","slug":"2-fma","status":"publish","type":"product","link":"https:\/\/researchchemworld.com\/fi\/kauppa\/yritysten-valinen\/2-fma\/","title":{"rendered":"RC+ Fluor 2-FMA 30 mg pakkaus"},"content":{"rendered":"<h2><strong>2-FMA<\/strong><\/h2>\n<p><strong>2-FMA<\/strong>\u00a0on aine, jota myymme vain tutkimustarkoituksiin, eik\u00e4 sit\u00e4 siksi ole tarkoitettu ihmisravinnoksi. 2-FMA toimitetaan jauheena, ja sit\u00e4 voidaan tutkia jopa kahden vuoden ajan, kun sit\u00e4 s\u00e4ilytet\u00e4\u00e4n oikeassa ymp\u00e4rist\u00f6ss\u00e4.<a title=\"1V-LSD 150 MCG -n\u00e4ytteenotot\" href=\"https:\/\/researchchemworld.com\/fi\/kauppa\/lysergamidit\/1v-lsd-150-mcg-blotters\/\" target=\"_blank\" rel=\"noopener\">1V-LSD 150 MCG -n\u00e4ytteenotot<\/a><\/p>\n<p>Koska 2-FMA on tarkoitettu vain tutkimustarkoituksiin eik\u00e4 nautittavaksi, on t\u00e4rke\u00e4\u00e4, ett\u00e4 se pidet\u00e4\u00e4n poissa lasten ja lemmikkien ulottuvilta.<a title=\"6-CL-ADBA\" href=\"https:\/\/researchchemworld.com\/fi\/kauppa\/melkein-kielletty\/6-cl-adbaa\/\" target=\"_blank\" rel=\"noopener\">6-CL-ADBA<\/a><\/p>\n<p>Tarjoamme korkealaatuisia tutkimuskemikaaleja kohtuulliseen hintaan. Tilauksesi l\u00e4hetet\u00e4\u00e4n 24 tunnin sis\u00e4ll\u00e4 joka p\u00e4iv\u00e4. Tilaa 2FMA turvallisesti ja nopeasti kauttamme!<a title=\"2-CMC 250 mg -pelletti\u00e4\" href=\"https:\/\/researchchemworld.com\/fi\/kauppa\/katinonit\/osta-2-cmcta\/\" target=\"_blank\" rel=\"noopener\">2-CMC 250 mg -pelletti\u00e4<\/a><\/p>\n<h2>2-FMA-ominaisuudet<\/h2>\n<p><strong>Synonyymi<\/strong>Fluorometamfetamiini<br \/>\n<strong>CAS-numero<\/strong>: 1780004-19-4<br \/>\n<strong>Kaava<\/strong>C10H14FN \u2022 HCl<br \/>\n<strong>Moolimassa<\/strong>203,7 g\/mol<br \/>\n<strong>Puhtaus<\/strong>: \u226599%<\/p>\n<h2>Vaaralausekkeet<\/h2>\n<p>2-FMA voi aiheuttaa hengitysteiden \u00e4rsytyst\u00e4<br \/>\n2-FMA voi aiheuttaa \u00e4rsytyst\u00e4 <a href=\"http:\/\/google.nl\" target=\"_blank\" rel=\"noopener\">the<\/a> silm\u00e4t aiheuttavat<br \/>\nTutkimuskemikaalien p\u00e4\u00e4st\u00e4minen ymp\u00e4rist\u00f6\u00f6n on kielletty<\/p>\n<p>2-FMA JOUTUU SILMIIN: Huuhtele silmi\u00e4 varovasti vedell\u00e4 viiden minuutin ajan. Poista piilolinssit, jos sen voi tehd\u00e4 helposti.<\/p>\n<p>2-FMA IHON KANSSA: Pese iho saippualla ja vedell\u00e4.<\/p>\n<p>JOS HENGITETTY 2-FMA: Siirr\u00e4 uhri raittiiseen ilmaan ja pid\u00e4 asennossa, jossa hengitys on helppoa.<\/p>","protected":false},"excerpt":{"rendered":"<p><strong>Synonyymi<\/strong>Fluorometamfetamiini<br \/>\n<strong>CAS-numero<\/strong>: 1780004-19-4<br \/>\n<strong>Kaava<\/strong>C10H14FN \u2022 HCl<br \/>\n<strong>Moolimassa<\/strong>203,7 g\/mol<br \/>\n<strong>Puhtaus<\/strong>: \u226599%<\/p>","protected":false},"featured_media":29433,"comment_status":"closed","ping_status":"closed","template":"","meta":[],"product_brand":[82],"product_cat":[555],"product_tag":[572,617,618,589,619,326],"class_list":{"0":"post-24194","1":"product","2":"type-product","3":"status-publish","4":"has-post-thumbnail","6":"product_brand-research-chemical","7":"product_cat-b2b","8":"product_tag-2-fma-kopen","9":"product_tag-2-fma","10":"product_tag-2fma","11":"product_tag-2fma-drugs","12":"product_tag-2fma-kopen","13":"product_tag-nl","15":"first","16":"instock","17":"taxable","18":"shipping-taxable","19":"purchasable","20":"product-type-variable"},"_links":{"self":[{"href":"https:\/\/researchchemworld.com\/fi\/wp-json\/wp\/v2\/product\/24194","targetHints":{"allow":["GET"]}}],"collection":[{"href":"https:\/\/researchchemworld.com\/fi\/wp-json\/wp\/v2\/product"}],"about":[{"href":"https:\/\/researchchemworld.com\/fi\/wp-json\/wp\/v2\/types\/product"}],"replies":[{"embeddable":true,"href":"https:\/\/researchchemworld.com\/fi\/wp-json\/wp\/v2\/comments?post=24194"}],"version-history":[{"count":4,"href":"https:\/\/researchchemworld.com\/fi\/wp-json\/wp\/v2\/product\/24194\/revisions"}],"predecessor-version":[{"id":25400,"href":"https:\/\/researchchemworld.com\/fi\/wp-json\/wp\/v2\/product\/24194\/revisions\/25400"}],"wp:featuredmedia":[{"embeddable":true,"href":"https:\/\/researchchemworld.com\/fi\/wp-json\/wp\/v2\/media\/29433"}],"wp:attachment":[{"href":"https:\/\/researchchemworld.com\/fi\/wp-json\/wp\/v2\/media?parent=24194"}],"wp:term":[{"taxonomy":"product_brand","embeddable":true,"href":"https:\/\/researchchemworld.com\/fi\/wp-json\/wp\/v2\/product_brand?post=24194"},{"taxonomy":"product_cat","embeddable":true,"href":"https:\/\/researchchemworld.com\/fi\/wp-json\/wp\/v2\/product_cat?post=24194"},{"taxonomy":"product_tag","embeddable":true,"href":"https:\/\/researchchemworld.com\/fi\/wp-json\/wp\/v2\/product_tag?post=24194"}],"curies":[{"name":"wp","href":"https:\/\/api.w.org\/{rel}","templated":true}]}}