{"id":24330,"date":"2025-04-13T17:41:30","date_gmt":"2025-04-13T17:41:30","guid":{"rendered":"https:\/\/researchchemworld.com\/?post_type=product&#038;p=24330"},"modified":"2026-02-25T16:31:51","modified_gmt":"2026-02-25T16:31:51","slug":"fluor-4-120-mg-lapipainopakkaus","status":"publish","type":"product","link":"https:\/\/researchchemworld.com\/fi\/kauppa\/yritysten-valinen\/fluor-4-120-mg-lapipainopakkaus\/","title":{"rendered":"RC+ 4-fluori 120 mg l\u00e4pipainopakkaus"},"content":{"rendered":"<h2 class=\"ds-markdown-paragraph\"><strong>RC+ 4-Fluor 120mg l\u00e4pipainopakkaus \u2013 Ensiluokkaista tutkimuskemiaa tieteellisiin sovelluksiin<\/strong><\/h2>\n<p class=\"ds-markdown-paragraph\"><strong>Tuotteen nimi:<\/strong>\u00a0RC+ 4-Fluor (4-fluoroamfetamiini \/ 4-FA) \u2013 120 mg tablettia kohden \u2013 l\u00e4pipainopakkaus<br \/>\n<strong>Luokka:<\/strong>\u00a0Tutkimuskemikaalit (stimulanttiluokka)<br \/>\n<strong>Soveltamisala:<\/strong> Neurokemiallinen tutkimus ja analyyttinen tutkimus.<a title=\"1cP-LSD 150 MCG taidepaperia\" href=\"https:\/\/researchchemworld.com\/fi\/kauppa\/lysergamidit\/1-cp-lsd-150-mikrogrammaa\/\" target=\"_blank\" rel=\"noopener\">1cP-LSD 150 MCG taidepaperia<\/a><\/p>\n<hr \/>\n<h3><strong>Tuotteen ominaisuudet: <span class=\"___SText_anxqe-ko_\" data-ui-name=\"Link.Text\">fluori 4<\/span><\/strong><\/h3>\n<p class=\"ds-markdown-paragraph\">\ud83d\udd2c\u00a0<strong>Korkea puhtaus<\/strong>\u00a0\u2013 Optimoitu tarkkojen tutkimustulosten saamiseksi<br \/>\n\ud83d\udc8a\u00a0<strong>120 mg tablettia kohden<\/strong>\u00a0\u2013 Standardoitu annostus toistettavissa kokeissa<br \/>\n\ud83d\udce6\u00a0<strong>Ammattimainen l\u00e4pipainopakkaus<\/strong>\u00a0\u2013 Suojaa kosteudelta, valolta ja hapettumiselta<br \/>\n\ud83d\udcca\u00a0<strong>Laadunvalvonta<\/strong> \u2013 Analyyttiset HPLC\/MS-testiraportit saatavilla pyynn\u00f6st\u00e4.<a title=\"1V-LSD 150 MCG -n\u00e4ytteenotot\" href=\"https:\/\/researchchemworld.com\/fi\/kauppa\/lysergamidit\/1v-lsd-150-mcg-blotters\/\" target=\"_blank\" rel=\"noopener\">1V-LSD 150 MCG -n\u00e4ytteenotot<\/a><\/p>\n<h3><strong>Tietoja RC+ 4 Fluorista (4-FA):<\/strong><\/h3>\n<p class=\"ds-markdown-paragraph\">4-fluoramfetamiini (4-FA) on tutkimuskemikaali, jolla on stimuloivia ja lievi\u00e4 entaktogeenisi\u00e4 ominaisuuksia ja joka kuuluu amfetamiiniluokkaan.<\/p>\n<p class=\"ds-markdown-paragraph\"><strong>Ensisijainen tutkimusalue:<\/strong><\/p>\n<ul>\n<li>\n<p class=\"ds-markdown-paragraph\">Neurotransmitterien vapautumismekanismit<\/p>\n<\/li>\n<li>\n<p class=\"ds-markdown-paragraph\">Dopamiinin ja serotoniinin yhteisvaikutustutkimukset<\/p>\n<\/li>\n<li>\n<p class=\"ds-markdown-paragraph\">Vertailevat farmakodynaamiset analyysit<\/p>\n<\/li>\n<\/ul>\n<p class=\"ds-markdown-paragraph\"><strong>HUOM:<\/strong><\/p>\n<ul>\n<li>\n<p class=\"ds-markdown-paragraph\">Vain yksinomaiseen k\u00e4ytt\u00f6\u00f6n\u00a0<em>in vitro<\/em>\u00a0tutkimus<\/p>\n<\/li>\n<li>\n<p class=\"ds-markdown-paragraph\">Ei ihmisten\/el\u00e4inten ravinnoksi<\/p>\n<\/li>\n<li>\n<p class=\"ds-markdown-paragraph\">Ei l\u00e4\u00e4kinn\u00e4lliseen tai viihdek\u00e4ytt\u00f6\u00f6n<\/p>\n<\/li>\n<\/ul>\n<hr \/>\n<h3><strong>Turvallisuustiedot: <\/strong><strong><span class=\"___SText_anxqe-ko_\" data-ui-name=\"Link.Text\">fluori 4<\/span><\/strong><\/h3>\n<p class=\"ds-markdown-paragraph\">\u26a0\u00a0<strong>Laboratorion turvallisuusprotokolla:<\/strong><\/p>\n<ul>\n<li>\n<p class=\"ds-markdown-paragraph\">K\u00e4yt\u00e4 henkil\u00f6kohtaisia suojavarusteita (k\u00e4sineit\u00e4, laboratoriotakkia).<a title=\"2-CMC 250 mg -pelletti\u00e4\" href=\"https:\/\/researchchemworld.com\/fi\/kauppa\/katinonit\/osta-2-cmcta\/\" target=\"_blank\" rel=\"noopener\">2-CMC 250 mg -pelletti\u00e4<\/a><\/p>\n<\/li>\n<li>\n<p class=\"ds-markdown-paragraph\">Ty\u00f6skentele valvotuissa olosuhteissa<\/p>\n<\/li>\n<li>\n<p class=\"ds-markdown-paragraph\">V\u00e4lt\u00e4 altistumista iholle\/silmiin<\/p>\n<\/li>\n<\/ul>\n<p class=\"ds-markdown-paragraph\">\u26a0\u00a0<strong>Oikeudellinen asema:<\/strong><\/p>\n<ul>\n<li>\n<p class=\"ds-markdown-paragraph\">S\u00e4\u00e4nnelty Alankomaissa lains\u00e4\u00e4d\u00e4nn\u00f6ll\u00e4\u00a0<strong>Oopiumilaki<\/strong><\/p>\n<\/li>\n<li>\n<p class=\"ds-markdown-paragraph\">EU:n laajuisia rajoituksia voidaan soveltaa<\/p>\n<\/li>\n<li>\n<p class=\"ds-markdown-paragraph\">Vastuu vaatimustenmukaisuudesta on ostajalla<\/p>\n<\/li>\n<\/ul>\n<hr \/>\n<h3><strong>Miksi ostaa RC+ 4 Fluor -lamppumme?<\/strong><\/h3>\n<p class=\"ds-markdown-paragraph\">\u2705\u00a0<strong>Edistynyt laadunvalvonta<\/strong>\u00a0\u2013 Jokainen er\u00e4 analysoitu<br \/>\n\u2705\u00a0<strong>Huomaamaton toimitus<\/strong>\u00a0\u2013 Neutraali pakkaus ilman merkint\u00f6j\u00e4<br \/>\n\u2705\u00a0<strong>Nopea toimitus EU:hun<\/strong>\u00a0\u2013 Varastossa Euroopan varastosta<br \/>\n\u2705\u00a0<strong>Tieteellinen tuki<\/strong>\u00a0\u2013 Yksityiskohtainen tuotedokumentaatio<\/p>","protected":false},"excerpt":{"rendered":"<p><strong>CAS-numero:<\/strong> 52063-62-4<br \/>\n<strong>Kaava:<\/strong> C10H14FN \u2022 HCl<br \/>\n<strong>Moolimassa:<\/strong> 203,7 g\/mol<br \/>\n<strong>Puhtaus:<\/strong> \u226599%<\/p>","protected":false},"featured_media":29424,"comment_status":"closed","ping_status":"closed","template":"","meta":[],"product_brand":[82],"product_cat":[555],"product_tag":[853,854,855,856,852,326],"class_list":{"0":"post-24330","1":"product","2":"type-product","3":"status-publish","4":"has-post-thumbnail","6":"product_brand-research-chemical","7":"product_cat-b2b","8":"product_tag-3-fluor-4-tributylstanyl-pyridine","9":"product_tag-4-fluor-amfetamine-74","10":"product_tag-4-fluor-amfetamine-kopen","11":"product_tag-4-fluor-amfetamine-wiki","12":"product_tag-fluor-4","13":"product_tag-nl","15":"first","16":"instock","17":"taxable","18":"shipping-taxable","19":"purchasable","20":"product-type-variable"},"_links":{"self":[{"href":"https:\/\/researchchemworld.com\/fi\/wp-json\/wp\/v2\/product\/24330","targetHints":{"allow":["GET"]}}],"collection":[{"href":"https:\/\/researchchemworld.com\/fi\/wp-json\/wp\/v2\/product"}],"about":[{"href":"https:\/\/researchchemworld.com\/fi\/wp-json\/wp\/v2\/types\/product"}],"replies":[{"embeddable":true,"href":"https:\/\/researchchemworld.com\/fi\/wp-json\/wp\/v2\/comments?post=24330"}],"version-history":[{"count":4,"href":"https:\/\/researchchemworld.com\/fi\/wp-json\/wp\/v2\/product\/24330\/revisions"}],"predecessor-version":[{"id":25992,"href":"https:\/\/researchchemworld.com\/fi\/wp-json\/wp\/v2\/product\/24330\/revisions\/25992"}],"wp:featuredmedia":[{"embeddable":true,"href":"https:\/\/researchchemworld.com\/fi\/wp-json\/wp\/v2\/media\/29424"}],"wp:attachment":[{"href":"https:\/\/researchchemworld.com\/fi\/wp-json\/wp\/v2\/media?parent=24330"}],"wp:term":[{"taxonomy":"product_brand","embeddable":true,"href":"https:\/\/researchchemworld.com\/fi\/wp-json\/wp\/v2\/product_brand?post=24330"},{"taxonomy":"product_cat","embeddable":true,"href":"https:\/\/researchchemworld.com\/fi\/wp-json\/wp\/v2\/product_cat?post=24330"},{"taxonomy":"product_tag","embeddable":true,"href":"https:\/\/researchchemworld.com\/fi\/wp-json\/wp\/v2\/product_tag?post=24330"}],"curies":[{"name":"wp","href":"https:\/\/api.w.org\/{rel}","templated":true}]}}