{"id":26112,"date":"2025-05-01T01:20:16","date_gmt":"2025-05-01T01:20:16","guid":{"rendered":"https:\/\/researchchemworld.com\/?post_type=product&#038;p=26112"},"modified":"2026-02-19T11:16:29","modified_gmt":"2026-02-19T11:16:29","slug":"caluanie-muelear-hapettuu","status":"publish","type":"product","link":"https:\/\/researchchemworld.com\/fi\/kauppa\/kategorisoitu\/caluanie-muelear-hapettuu\/","title":{"rendered":"Caluanie Muelear Oxidize"},"content":{"rendered":"<p class=\"\" data-start=\"268\" data-end=\"544\"><strong data-start=\"268\" data-end=\"296\">Caluanie Muelear Oxidize<\/strong> on voimakas <strong data-start=\"314\" data-end=\"337\">kemialliset reagenssit<\/strong> joka tunnetaan parhaiten kyvyst\u00e4\u00e4n <strong data-start=\"382\" data-end=\"427\">hajottaa vahvoja metalleja ja materiaaleja<\/strong>Sit\u00e4 k\u00e4ytet\u00e4\u00e4n laajalti <strong data-start=\"459\" data-end=\"541\">teollisuussektori, metallurgia, laboratoriotutkimus ja kaivossovellukset<\/strong>. caluanie muelear oxidize\u200b, caluanie muelear oxidize hinta Yhdysvalloissa\u200b, caluanie muelear oxidize Yhdysvalloissa\u200b, caluanie muelear oxidize hinta\u200b, caluanie muelear oxidize valmistaja Yhdysvalloissa\u200b, caluanie muelear oxidize myyt\u00e4v\u00e4n\u00e4\u200b<\/p>\n<p class=\"\" data-start=\"546\" data-end=\"822\">T\u00e4m\u00e4 korkeaviskositeettinen, meripihkanv\u00e4rinen neste tunnetaan syv\u00e4st\u00e4 <strong data-start=\"644\" data-end=\"672\">oksidatiiviset ominaisuudet<\/strong>Ainutlaatuisen kemiallisen koostumuksensa ansiosta Caluanie voi hy\u00f6k\u00e4t\u00e4 kovien materiaalien molekyylisidoksiin tehden niist\u00e4 pehme\u00e4mpi\u00e4 tai hauraampia.<a href=\"https:\/\/researchchemworld.com\/fi\/kauppa\/top-10-research-chemicals\/3-cmc-hcl\/\">3-CMC HCl-annospussi 1 g<\/a><\/p>\n<hr class=\"\" data-start=\"824\" data-end=\"827\" \/>\n<h2 class=\"\" data-start=\"829\" data-end=\"862\">\u2699\ufe0f Belangrijkste Eigenschappen<\/h2>\n<ul data-start=\"864\" data-end=\"1189\">\n<li class=\"\" data-start=\"864\" data-end=\"918\">\n<p class=\"\" data-start=\"866\" data-end=\"918\"><strong data-start=\"866\" data-end=\"885\">Kemiallinen muoto:<\/strong> Paksu, meripihkanv\u00e4rinen neste<\/p>\n<\/li>\n<li class=\"\" data-start=\"919\" data-end=\"1018\">\n<p class=\"\" data-start=\"921\" data-end=\"1018\"><strong data-start=\"921\" data-end=\"943\">T\u00e4rkeimm\u00e4t k\u00e4ytt\u00f6kohteet:<\/strong> Metallinjalostus, materiaalien purku, kaivostoiminta, tieteellinen tutkimus<\/p>\n<\/li>\n<li class=\"\" data-start=\"1019\" data-end=\"1071\">\n<p class=\"\" data-start=\"1021\" data-end=\"1071\"><strong data-start=\"1021\" data-end=\"1038\">Reaktiivisuus:<\/strong> Eritt\u00e4in voimakas hapetin<\/p>\n<\/li>\n<li class=\"\" data-start=\"1072\" data-end=\"1129\">\n<p class=\"\" data-start=\"1074\" data-end=\"1129\"><strong data-start=\"1074\" data-end=\"1085\">Vaara:<\/strong> Sy\u00f6vytt\u00e4v\u00e4\u00e4 ja haitallista v\u00e4\u00e4rin k\u00e4ytettyn\u00e4<\/p>\n<\/li>\n<li class=\"\" data-start=\"1130\" data-end=\"1189\">\n<p class=\"\" data-start=\"1132\" data-end=\"1189\"><strong data-start=\"1132\" data-end=\"1147\">Pakkaus:<\/strong> Ilmatiivis ja vuotamaton, turvallinen kuljetukseen, <a href=\"https:\/\/researchchemworld.com\/fi\/kauppa\/vaaat\/digitaalinen-biominivaaka\/\">Digitaalinen biominivaaka \u2013 20 g x 0,001 g<\/a><\/p>\n<\/li>\n<\/ul>\n<hr class=\"\" data-start=\"1191\" data-end=\"1194\" \/>\n<h2 class=\"\" data-start=\"1196\" data-end=\"1243\">\ud83d\udcbc Toepassingen van Caluanie Muelear Oxidize<\/h2>\n<h3 class=\"\" data-start=\"1245\" data-end=\"1287\">1. <strong data-start=\"1252\" data-end=\"1285\">Metallinjalostus ja kierr\u00e4tys<\/strong><\/h3>\n<p class=\"\" data-start=\"1288\" data-end=\"1468\">Caluaniea k\u00e4ytet\u00e4\u00e4n kovien metallien, kuten raudan ja ter\u00e4ksen, poistamiseen <strong data-start=\"1349\" data-end=\"1386\">pehment\u00e4\u00e4 tai heikent\u00e4\u00e4<\/strong>mik\u00e4 tekee k\u00e4sittelyprosessista huomattavasti helpompaa ilman raskaita laitteita. <a href=\"https:\/\/researchchemworld.com\/fi\/kauppa\/top-10-research-chemicals\/pyratsolaamin-vaikutus\/\">Pyratsolaami 2,5 mg pellettej\u00e4<\/a><\/p>\n<h3 class=\"\" data-start=\"1470\" data-end=\"1514\">2. <strong data-start=\"1477\" data-end=\"1512\">Kaivostoiminta ja jalometallien louhinta<\/strong><\/h3>\n<p class=\"\" data-start=\"1515\" data-end=\"1665\">Pieniss\u00e4 kaivostoiminnassa Caluanie on tottunut <strong data-start=\"1570\" data-end=\"1593\">hajottaa malmeja<\/strong> ja erottaa arvokkaita metalleja, kuten kultaa tai platinaa, tehokkaammin.<\/p>\n<h3 class=\"\" data-start=\"1667\" data-end=\"1701\">3. <strong data-start=\"1674\" data-end=\"1699\">Laboratoriotutkimus<\/strong><\/h3>\n<p class=\"\" data-start=\"1702\" data-end=\"1834\">Tutkimuslaitoksissa sit\u00e4 k\u00e4ytet\u00e4\u00e4n mm. <strong data-start=\"1752\" data-end=\"1779\">materiaalien hajoamistestit<\/strong> ja <strong data-start=\"1783\" data-end=\"1802\">hapetustutkimukset<\/strong> kemiassa ja materiaalitieteess\u00e4.<\/p>\n<h3 class=\"\" data-start=\"1836\" data-end=\"1872\">4. <strong data-start=\"1843\" data-end=\"1870\">Maalin ja hartsin k\u00e4sittely<\/strong><\/h3>\n<p class=\"\" data-start=\"1873\" data-end=\"2033\">Pienemmiss\u00e4 pitoisuuksissa Caluaniea voidaan k\u00e4ytt\u00e4\u00e4 <strong data-start=\"1935\" data-end=\"1975\">teollisuuspinnoitteiden poistaminen<\/strong>, hartsikerroksia tai polymeerej\u00e4 erikoissovelluksissa.<\/p>\n<hr class=\"\" data-start=\"2035\" data-end=\"2038\" \/>\n<h2 class=\"\" data-start=\"2040\" data-end=\"2068\">\u26a0\ufe0f Veiligheidsmaatregelen<\/h2>\n<p class=\"\" data-start=\"2070\" data-end=\"2185\">Caluanie Muelear Oxidize on <strong data-start=\"2102\" data-end=\"2132\">sy\u00f6vytt\u00e4v\u00e4 ja reaktiivinen aine<\/strong>K\u00e4ytt\u00f6 edellytt\u00e4\u00e4 tiukkoja turvallisuusprotokollia:<\/p>\n<ul data-start=\"2187\" data-end=\"2535\">\n<li class=\"\" data-start=\"2187\" data-end=\"2261\">\n<p class=\"\" data-start=\"2189\" data-end=\"2261\">K\u00e4yt\u00e4 aina <strong data-start=\"2202\" data-end=\"2259\">k\u00e4sineet, suojalasit ja suojavaatteet<\/strong><\/p>\n<\/li>\n<li class=\"\" data-start=\"2262\" data-end=\"2334\">\n<p class=\"\" data-start=\"2264\" data-end=\"2334\">K\u00e4yt\u00e4 ainoastaan hyvin ilmastoiduissa tiloissa tai vetokaapissa.<\/p>\n<\/li>\n<li class=\"\" data-start=\"2335\" data-end=\"2397\">\n<p class=\"\" data-start=\"2337\" data-end=\"2397\">Ei saa sekoittaa muiden kemikaalien kanssa, ellei sit\u00e4 ole erikseen testattu.<\/p>\n<\/li>\n<li class=\"\" data-start=\"2398\" data-end=\"2454\">\n<p class=\"\" data-start=\"2400\" data-end=\"2454\">Pid\u00e4 poissa lasten ja luvattomien henkil\u00f6iden ulottuvilta.<\/p>\n<\/li>\n<li class=\"\" data-start=\"2455\" data-end=\"2535\">\n<p class=\"\" data-start=\"2457\" data-end=\"2535\">S\u00e4ilyt\u00e4 viile\u00e4ss\u00e4, kuivassa ja turvallisessa paikassa kemikaaleja kest\u00e4v\u00e4ss\u00e4 pakkauksessa. <a href=\"https:\/\/researchchemworld.com\/fi\/kauppa\/vaaat\/digitaalinen-sailion-minivaaka\/\">Digitaalinen s\u00e4ili\u00f6vaaka \u2013 20 g x 0,001 g<\/a><\/p>\n<\/li>\n<\/ul>\n<hr class=\"\" data-start=\"2537\" data-end=\"2540\" \/>\n<h2 class=\"\" data-start=\"2542\" data-end=\"2601\">\u2705 Waarom Caluanie Kopen bij een Betrouwbare Leverancier?<\/h2>\n<p class=\"\" data-start=\"2603\" data-end=\"2729\">Jos etsit <strong data-start=\"2628\" data-end=\"2671\">puhdasta, teollista laatua olevaa Caluanie-tuotetta<\/strong>, on ratkaisevan t\u00e4rke\u00e4\u00e4 ostaa toimittajalta, joka:<\/p>\n<ul data-start=\"2731\" data-end=\"2973\">\n<li class=\"\" data-start=\"2731\" data-end=\"2793\">\n<p class=\"\" data-start=\"2733\" data-end=\"2793\"><strong data-start=\"2733\" data-end=\"2755\">Laboratoriotestit<\/strong> ja tarjoaa puhtaussertifikaatteja<\/p>\n<\/li>\n<li class=\"\" data-start=\"2794\" data-end=\"2843\">\n<p class=\"\" data-start=\"2796\" data-end=\"2843\"><strong data-start=\"2796\" data-end=\"2830\">Turvallinen ja huomaamaton pakkaus<\/strong> takuut<\/p>\n<\/li>\n<li class=\"\" data-start=\"2844\" data-end=\"2908\">\n<p class=\"\" data-start=\"2846\" data-end=\"2908\"><strong data-start=\"2846\" data-end=\"2877\">Nopea ja vakuutettu kuljetus<\/strong> Euroopan sis\u00e4ll\u00e4 mahdollista<\/p>\n<\/li>\n<li class=\"\" data-start=\"2909\" data-end=\"2973\">\n<p class=\"\" data-start=\"2911\" data-end=\"2973\"><strong data-start=\"2911\" data-end=\"2939\">Tekninen tuki<\/strong> k\u00e4yt\u00f6ss\u00e4 olevat tarjoukset ja sovellukset<\/p>\n<\/li>\n<\/ul>\n<hr class=\"\" data-start=\"2975\" data-end=\"2978\" \/>\n<h2 class=\"\" data-start=\"2980\" data-end=\"2995\">\ud83d\udd1a Conclusie<\/h2>\n<p class=\"\" data-start=\"2997\" data-end=\"3265\"><strong data-start=\"2997\" data-end=\"3025\">Caluanie Muelear Oxidize<\/strong> on ainutlaatuinen ja tehokas neste, jolla on laaja valikoima teollisia ja tieteellisi\u00e4 sovelluksia. Se voi merkitt\u00e4v\u00e4sti parantaa materiaalink\u00e4sittelyn ja metallinty\u00f6st\u00f6n tehokkuutta, kun sit\u00e4 k\u00e4ytet\u00e4\u00e4n oikein ja vastuullisesti.<\/p>\n<p class=\"\" data-start=\"3267\" data-end=\"3398\">Ammattilaisille <strong data-start=\"3289\" data-end=\"3322\">kemia, kaivostoiminta tai kierr\u00e4tys<\/strong> Onko Caluanie arvokas ty\u00f6kalu tutkimus- tai tuotantoprosessissa? <a href=\"https:\/\/researchchemworld.com\/fi\/kauppa\/vaaat\/digitaalinen-cs-vaaka\/\">Digitaalinen CS-vaaka \u2013 100 g x 0,01 g<\/a><\/p>","protected":false},"excerpt":{"rendered":"<p>Caluanie Muelear Oxidize on tehokas kemiallinen reagenssi, joka tunnetaan parhaiten kyvyst\u00e4\u00e4n hapettaa vahvoja metalleja ja materiaaleja.<\/p>","protected":false},"featured_media":29312,"comment_status":"open","ping_status":"closed","template":"","meta":[],"product_brand":[],"product_cat":[1085],"product_tag":[905,897,904,902,903,901,906,900,907,898,899],"class_list":{"0":"post-26112","1":"product","2":"type-product","3":"status-publish","4":"has-post-thumbnail","6":"product_cat-okategoriserad","7":"product_tag-buy-caluanie-muelear-oxidize-online","8":"product_tag-caluanie-muelear-oxidize","9":"product_tag-caluanie-muelear-oxidize-deutschland","10":"product_tag-caluanie-muelear-oxidize-for-sale","11":"product_tag-caluanie-muelear-oxidize-kaufen","12":"product_tag-caluanie-muelear-oxidize-manufacturer-in-usa","13":"product_tag-caluanie-muelear-oxidize-pasteurize","14":"product_tag-caluanie-muelear-oxidize-price","15":"product_tag-caluanie-muelear-oxidize-price-in-india","16":"product_tag-caluanie-muelear-oxidize-price-in-usa","17":"product_tag-caluanie-muelear-oxidize-usa","19":"first","20":"instock","21":"taxable","22":"shipping-taxable","23":"purchasable","24":"product-type-simple"},"_links":{"self":[{"href":"https:\/\/researchchemworld.com\/fi\/wp-json\/wp\/v2\/product\/26112","targetHints":{"allow":["GET"]}}],"collection":[{"href":"https:\/\/researchchemworld.com\/fi\/wp-json\/wp\/v2\/product"}],"about":[{"href":"https:\/\/researchchemworld.com\/fi\/wp-json\/wp\/v2\/types\/product"}],"replies":[{"embeddable":true,"href":"https:\/\/researchchemworld.com\/fi\/wp-json\/wp\/v2\/comments?post=26112"}],"version-history":[{"count":2,"href":"https:\/\/researchchemworld.com\/fi\/wp-json\/wp\/v2\/product\/26112\/revisions"}],"predecessor-version":[{"id":26116,"href":"https:\/\/researchchemworld.com\/fi\/wp-json\/wp\/v2\/product\/26112\/revisions\/26116"}],"wp:featuredmedia":[{"embeddable":true,"href":"https:\/\/researchchemworld.com\/fi\/wp-json\/wp\/v2\/media\/29312"}],"wp:attachment":[{"href":"https:\/\/researchchemworld.com\/fi\/wp-json\/wp\/v2\/media?parent=26112"}],"wp:term":[{"taxonomy":"product_brand","embeddable":true,"href":"https:\/\/researchchemworld.com\/fi\/wp-json\/wp\/v2\/product_brand?post=26112"},{"taxonomy":"product_cat","embeddable":true,"href":"https:\/\/researchchemworld.com\/fi\/wp-json\/wp\/v2\/product_cat?post=26112"},{"taxonomy":"product_tag","embeddable":true,"href":"https:\/\/researchchemworld.com\/fi\/wp-json\/wp\/v2\/product_tag?post=26112"}],"curies":[{"name":"wp","href":"https:\/\/api.w.org\/{rel}","templated":true}]}}