{"id":26118,"date":"2025-05-01T01:31:17","date_gmt":"2025-05-01T01:31:17","guid":{"rendered":"https:\/\/researchchemworld.com\/?post_type=product&#038;p=26118"},"modified":"2026-02-19T11:11:05","modified_gmt":"2026-02-19T11:11:05","slug":"iboga-seeds","status":"publish","type":"product","link":"https:\/\/researchchemworld.com\/fi\/kauppa\/kategorisoitu\/iboga-seeds\/","title":{"rendered":"Iboga-siemenet"},"content":{"rendered":"<h2>osta iboga-siemeni\u00e4<\/h2>\n<p>Osta iboga-siemeni\u00e4. Tabernanthe iboga kuuluu Apocynaceae-heimoon, joka on kotoisin L\u00e4nsi-Keski-Afrikan trooppisista alueista, p\u00e4\u00e4asiassa Kongosta ja Gabonista. Yleisnimi\u00e4 ovat Iboga, Eboka ja Eboga. Tabernanthe on pieni suku, johon kuuluu vain kaksi lajia, T<a href=\"https:\/\/caluanieoxidizeshop.com\" target=\"_blank\" rel=\"noopener\">.<\/a> iboga ja T. elliptica (t\u00e4ll\u00e4 lajilla on piikkisi\u00e4 hedelmi\u00e4, jotka muistuttavat Datura spp.:n hedelmi\u00e4). On kirjattu, ett\u00e4 n\u00e4m\u00e4 kaksi lajia voivat ristip\u00f6lytt\u00e4\u00e4 ja tuottaa hedelm\u00e4llisen hybridin (<em>Iboga ja Ibogaine, Nico Dauphin<\/em>). iboga-siemenet, tabernanthe iboga-siemenet, iboga-kasvin siemenet, osta iboga-siemeni\u00e4<\/p>\n<p>Tabernanthe-pensaat ovat puuvartisia kasveja, jotka ovat kotoper\u00e4isi\u00e4 kosteissa trooppisissa metsiss\u00e4. Tabernanthe-pensaat kasvavat yleens\u00e4 puolesta metrist\u00e4 kahteen metriin. Oksat esiintyv\u00e4t pareittain, ja kaksi hoikkaa, varsinaista kukintoa esiintyy pareittain juuri haarautumiskohtien yl\u00e4puolella. Tabernanthella on my\u00f6s verholehtim\u00e4isi\u00e4 suojuslehti\u00e4 ja silmiinpist\u00e4vi\u00e4 lehtiarpia. Kuten monilla muillakin Apocynaceae-heimon j\u00e4senill\u00e4,<a href=\"https:\/\/caluanieoxidizeshop.com\/product\/caluanie-muelear-oxidize-for-sale\/\" target=\"_blank\" rel=\"noopener\">,<\/a> Tabernanthelle on ominaista maitomainen mahla ja monien hy\u00f6dyllisten alkaloidien esiintyminen kuoressa, lehdiss\u00e4 ja juuressa (Iboga ja Ibogaine, Nico Dauphin). <a href=\"https:\/\/researchchemworld.com\/fi\/kauppa\/top-10-research-chemicals\/caluanie-muelear-hapettuu\/\">Caluanie Muelear Oxidize<\/a><a href=\"https:\/\/researchchemworld.com\/fi\/kauppa\/vaaat\/digitaalinen-cs-vaaka\/\">Digitaalinen CS-vaaka \u2013 100 g x 0,01 g<\/a><a href=\"https:\/\/researchchemworld.com\/fi\/kauppa\/top-10-research-chemicals\/pyratsolaamin-vaikutus\/\">Pyratsolaami 2,5 mg pellettej\u00e4<\/a><a href=\"https:\/\/researchchemworld.com\/fi\/kauppa\/vaaat\/digitaalinen-sailion-minivaaka\/\">Digitaalinen s\u00e4ili\u00f6vaaka \u2013 20 g x 0,001 g<\/a><a href=\"https:\/\/researchchemworld.com\/fi\/kauppa\/vaaat\/digitaalinen-biominivaaka\/\">Digitaalinen biominivaaka \u2013 20 g x 0,001 g<\/a><\/p>","protected":false},"excerpt":{"rendered":"<p>$1 Hedelm\u00e4\u00e4 kohden, v\u00e4himm\u00e4istilaus = 100 hedelm\u00e4\u00e4<\/p>","protected":false},"featured_media":29373,"comment_status":"closed","ping_status":"closed","template":"","meta":[],"product_brand":[],"product_cat":[1085],"product_tag":[912,911,909,910],"class_list":{"0":"post-26118","1":"product","2":"type-product","3":"status-publish","4":"has-post-thumbnail","6":"product_cat-okategoriserad","7":"product_tag-buy-iboga-seeds","8":"product_tag-iboga-plant-seeds","9":"product_tag-iboga-seeds","10":"product_tag-tabernanthe-iboga-seeds","12":"first","13":"instock","14":"taxable","15":"shipping-taxable","16":"purchasable","17":"product-type-simple"},"_links":{"self":[{"href":"https:\/\/researchchemworld.com\/fi\/wp-json\/wp\/v2\/product\/26118","targetHints":{"allow":["GET"]}}],"collection":[{"href":"https:\/\/researchchemworld.com\/fi\/wp-json\/wp\/v2\/product"}],"about":[{"href":"https:\/\/researchchemworld.com\/fi\/wp-json\/wp\/v2\/types\/product"}],"replies":[{"embeddable":true,"href":"https:\/\/researchchemworld.com\/fi\/wp-json\/wp\/v2\/comments?post=26118"}],"version-history":[{"count":4,"href":"https:\/\/researchchemworld.com\/fi\/wp-json\/wp\/v2\/product\/26118\/revisions"}],"predecessor-version":[{"id":26155,"href":"https:\/\/researchchemworld.com\/fi\/wp-json\/wp\/v2\/product\/26118\/revisions\/26155"}],"wp:featuredmedia":[{"embeddable":true,"href":"https:\/\/researchchemworld.com\/fi\/wp-json\/wp\/v2\/media\/29373"}],"wp:attachment":[{"href":"https:\/\/researchchemworld.com\/fi\/wp-json\/wp\/v2\/media?parent=26118"}],"wp:term":[{"taxonomy":"product_brand","embeddable":true,"href":"https:\/\/researchchemworld.com\/fi\/wp-json\/wp\/v2\/product_brand?post=26118"},{"taxonomy":"product_cat","embeddable":true,"href":"https:\/\/researchchemworld.com\/fi\/wp-json\/wp\/v2\/product_cat?post=26118"},{"taxonomy":"product_tag","embeddable":true,"href":"https:\/\/researchchemworld.com\/fi\/wp-json\/wp\/v2\/product_tag?post=26118"}],"curies":[{"name":"wp","href":"https:\/\/api.w.org\/{rel}","templated":true}]}}