{"id":24179,"date":"2025-04-13T17:41:13","date_gmt":"2025-04-13T17:41:13","guid":{"rendered":"https:\/\/researchchemworld.com\/?post_type=product&#038;p=24179"},"modified":"2026-02-25T17:12:41","modified_gmt":"2026-02-25T17:12:41","slug":"boite-de-bromazolam-rc-25-mg","status":"publish","type":"product","link":"https:\/\/researchchemworld.com\/fr\/boutique\/b2b\/boite-de-bromazolam-rc-25-mg\/","title":{"rendered":"Bo\u00eete de RC+ Bromazolam 2,5 mg"},"content":{"rendered":"<h1><strong>Bromazolam 2,5 mg en bo\u00eete \u2013 Produits chimiques de recherche qualitative<\/strong><\/h1>\n<p class=\"ds-markdown-paragraph\"><strong>Nom du produit :<\/strong>\u00a0RC+ Bromazolam 2,5 mg par comprim\u00e9 (bo\u00eete)<br \/>\n<strong>Substance active principale :<\/strong><br \/>\n<strong>Contenu:<\/strong>\u00a02,5 mg par comprim\u00e9, emball\u00e9 dans une bo\u00eete pratique<br \/>\n<strong>Convient pour :<\/strong>\u00a0Recherche scientifique (non destin\u00e9e \u00e0 la consommation humaine)<a title=\"buvards 1V-LSD 150 MCG\" href=\"https:\/\/researchchemworld.com\/fr\/boutique\/lysergamides\/1v-lsd-150-mcg-blotters\/\" target=\"_blank\" rel=\"noopener\">buvards 1V-LSD 150 MCG<\/a><\/p>\n<p class=\"ds-markdown-paragraph\">est un produit chimique de recherche appartenant \u00e0 la classe des benzodiaz\u00e9pines. Il est connu pour ses effets potentiels dans les \u00e9tudes scientifiques et est vendu uniquement \u00e0 des fins de recherche.<\/p>\n<h2><strong>Pourquoi acheter la bo\u00eete RC+ 2,5 mg ?<\/strong><\/h2>\n<p class=\"ds-markdown-paragraph\">\u2705\u00a0<strong>Haute qualit\u00e9:<\/strong>\u00a0Formul\u00e9 de mani\u00e8re pure et coh\u00e9rente pour des r\u00e9sultats de recherche fiables.<br \/>\n\u2705\u00a0<strong>Dos\u00e9 avec pr\u00e9cision :<\/strong>\u00a0Chaque comprim\u00e9 contient 2,5 mg de bromazolam pour des exp\u00e9riences pr\u00e9cises.<br \/>\n\u2705\u00a0<strong>Emball\u00e9 en toute s\u00e9curit\u00e9 :<\/strong>\u00a0Emballage discret et professionnel.<br \/>\n\u2705\u00a0<strong>Livraison rapide:<\/strong>\u00a0Command\u00e9 avant 15h ? Souvent exp\u00e9di\u00e9 le jour m\u00eame !<a title=\"Granul\u00e9s de 2-CMC 250 mg\" href=\"https:\/\/researchchemworld.com\/fr\/boutique\/cathinones\/%f0%9f%92%a1-2-mmc-poudre-cristalline-pour-toutes-questions-et-reponses-pour-lachat\/\" target=\"_blank\" rel=\"noopener\">Granul\u00e9s de 2-CMC 250 mg<\/a><\/p>\n<h2><strong>Informations importantes sur l&#039;utilisation<\/strong><\/h2>\n<p class=\"ds-markdown-paragraph\">\u26a0\ufe0f\u00a0<strong>\u00c0 des fins de recherche uniquement<\/strong>\u00a0\u2013 Non destin\u00e9 \u00e0 la consommation humaine ou animale.<br \/>\n\u26a0\ufe0f\u00a0<strong>Conseils de conservation :<\/strong>\u00a0Garder au sec et hors de port\u00e9e des enfants.<\/p>\n<h2><strong>Commandez maintenant la bo\u00eete RC+ 2,5 mg<\/strong><\/h2>\n<p class=\"ds-markdown-paragraph\">\u00cates-vous un chercheur \u00e0 la recherche de produits chimiques de recherche de haute qualit\u00e9 ? Alors commandez aujourd&#039;hui\u00a0<strong>Bo\u00eete RC+ 2,5 mg<\/strong>\u00a0et recevez votre produit rapidement !<a title=\"6-CL-ADBA\" href=\"https:\/\/researchchemworld.com\/fr\/boutique\/presque-interdit\/6-cl-dadba\/\" target=\"_blank\" rel=\"noopener\">6-CL-ADBA<\/a><\/p>","protected":false},"excerpt":{"rendered":"<p>Bromazolam 2,5 mg Bo\u00eete \u2013 Produits chimiques de recherche qualitative Nom du produit : RC+ Bromazolam 2,5 mg par comprim\u00e9 (bo\u00eete) Ingr\u00e9dient actif principal : Contenu : 2,5 mg par comprim\u00e9, conditionn\u00e9 dans un<\/p>","protected":false},"featured_media":29428,"comment_status":"closed","ping_status":"closed","template":"","meta":[],"product_brand":[82],"product_cat":[555],"product_tag":[174,183,184,176,175,178,177,180,326,179],"class_list":{"0":"post-24179","1":"product","2":"type-product","3":"status-publish","4":"has-post-thumbnail","6":"product_brand-research-chemical","7":"product_cat-b2b","8":"product_tag-bromazolam","9":"product_tag-bromazolam-bijwerkingen","10":"product_tag-bromazolam-dosing","11":"product_tag-bromazolam-ervaringen","12":"product_tag-bromazolam-kopen","13":"product_tag-bromazolam-na-drugs","14":"product_tag-bromazolam-psychonaut","15":"product_tag-hoe-lang-werkt-bromazolam","16":"product_tag-nl","17":"product_tag-wat-is-bromazolam","19":"first","20":"instock","21":"taxable","22":"shipping-taxable","23":"purchasable","24":"product-type-variable"},"_links":{"self":[{"href":"https:\/\/researchchemworld.com\/fr\/wp-json\/wp\/v2\/product\/24179","targetHints":{"allow":["GET"]}}],"collection":[{"href":"https:\/\/researchchemworld.com\/fr\/wp-json\/wp\/v2\/product"}],"about":[{"href":"https:\/\/researchchemworld.com\/fr\/wp-json\/wp\/v2\/types\/product"}],"replies":[{"embeddable":true,"href":"https:\/\/researchchemworld.com\/fr\/wp-json\/wp\/v2\/comments?post=24179"}],"version-history":[{"count":5,"href":"https:\/\/researchchemworld.com\/fr\/wp-json\/wp\/v2\/product\/24179\/revisions"}],"predecessor-version":[{"id":26024,"href":"https:\/\/researchchemworld.com\/fr\/wp-json\/wp\/v2\/product\/24179\/revisions\/26024"}],"wp:featuredmedia":[{"embeddable":true,"href":"https:\/\/researchchemworld.com\/fr\/wp-json\/wp\/v2\/media\/29428"}],"wp:attachment":[{"href":"https:\/\/researchchemworld.com\/fr\/wp-json\/wp\/v2\/media?parent=24179"}],"wp:term":[{"taxonomy":"product_brand","embeddable":true,"href":"https:\/\/researchchemworld.com\/fr\/wp-json\/wp\/v2\/product_brand?post=24179"},{"taxonomy":"product_cat","embeddable":true,"href":"https:\/\/researchchemworld.com\/fr\/wp-json\/wp\/v2\/product_cat?post=24179"},{"taxonomy":"product_tag","embeddable":true,"href":"https:\/\/researchchemworld.com\/fr\/wp-json\/wp\/v2\/product_tag?post=24179"}],"curies":[{"name":"wp","href":"https:\/\/api.w.org\/{rel}","templated":true}]}}