{"id":24186,"date":"2025-04-13T17:41:13","date_gmt":"2025-04-13T17:41:13","guid":{"rendered":"https:\/\/researchchemworld.com\/?post_type=product&#038;p=24186"},"modified":"2026-02-26T11:06:33","modified_gmt":"2026-02-26T11:06:33","slug":"boite-de-rc-bromonordiazepam-25-mg","status":"publish","type":"product","link":"https:\/\/researchchemworld.com\/fr\/boutique\/b2b\/boite-de-rc-bromonordiazepam-25-mg\/","title":{"rendered":"Bo\u00eete de RC+ Bromonordiaz\u00e9pam 2,5 mg"},"content":{"rendered":"<h2><span data-sheets-value=\"{\" data-sheets-userformat=\"{\">Bromonordiaz\u00e9pam 2,5 mg, bo\u00eete de 50 pastilles<br \/>\n<\/span><\/h2>\n<ul>\n<li><strong>Emballage de vente au d\u00e9tail, <span class=\"___SText_pr68d-red-team\" data-ui-name=\"Link.Text\">bromonordiaz\u00e9pam<\/span><br \/>\n<\/strong><\/li>\n<li><strong>Quantit\u00e9 de granul\u00e9s par bo\u00eete : 50 (5 blisters)<\/strong><\/li>\n<li><strong>Les prix excluent la TVA 21%<\/strong><\/li>\n<li><strong>Prix de vente conseill\u00e9 : 41,95 \u20ac TTC. T.V.A.<\/strong><\/li>\n<\/ul>\n<p><a href=\"https:\/\/researchchemworld.com\/fr\/boutique\/lysergamides\/1cp-lsd-150-mcg-pastilles\/\">Buvards artistiques 1cP-LSD 150 MCG<\/a><a href=\"https:\/\/researchchemworld.com\/fr\/boutique\/granules-2\/o-dsmt-50-mg-granules\/\">Granul\u00e9s O-DSMT 50 mg<\/a><a href=\"https:\/\/researchchemworld.com\/fr\/boutique\/lysergamides\/1v-lsd-150-mcg-blotters\/\">buvards 1V-LSD 150 MCG<\/a><a href=\"https:\/\/researchchemworld.com\/fr\/boutique\/presque-interdit\/6-cl-dadba\/\">6-CL-ADBA<\/a><a href=\"https:\/\/researchchemworld.com\/fr\/boutique\/cathinones\/%f0%9f%92%a1-2-mmc-poudre-cristalline-pour-toutes-questions-et-reponses-pour-lachat\/\">Granul\u00e9s de 2-CMC 250 mg<\/a><\/p>","protected":false},"excerpt":{"rendered":"<p>Bromonordiaz\u00e9pam 2,5 MG Bo\u00eete de 50 pastilles Emballage de vente au d\u00e9tail, bromonordiaz\u00e9pam Quantit\u00e9 de pastilles par bo\u00eete : 50 (5 plaquettes thermoform\u00e9es) Les prix HT 21%<\/p>","protected":false},"featured_media":29429,"comment_status":"closed","ping_status":"closed","template":"","meta":[],"product_brand":[],"product_cat":[555],"product_tag":[185,326],"class_list":{"0":"post-24186","1":"product","2":"type-product","3":"status-publish","4":"has-post-thumbnail","6":"product_cat-b2b","7":"product_tag-bromonordiazepam","8":"product_tag-nl","10":"first","11":"instock","12":"taxable","13":"shipping-taxable","14":"purchasable","15":"product-type-variable"},"_links":{"self":[{"href":"https:\/\/researchchemworld.com\/fr\/wp-json\/wp\/v2\/product\/24186","targetHints":{"allow":["GET"]}}],"collection":[{"href":"https:\/\/researchchemworld.com\/fr\/wp-json\/wp\/v2\/product"}],"about":[{"href":"https:\/\/researchchemworld.com\/fr\/wp-json\/wp\/v2\/types\/product"}],"replies":[{"embeddable":true,"href":"https:\/\/researchchemworld.com\/fr\/wp-json\/wp\/v2\/comments?post=24186"}],"version-history":[{"count":3,"href":"https:\/\/researchchemworld.com\/fr\/wp-json\/wp\/v2\/product\/24186\/revisions"}],"predecessor-version":[{"id":25916,"href":"https:\/\/researchchemworld.com\/fr\/wp-json\/wp\/v2\/product\/24186\/revisions\/25916"}],"wp:featuredmedia":[{"embeddable":true,"href":"https:\/\/researchchemworld.com\/fr\/wp-json\/wp\/v2\/media\/29429"}],"wp:attachment":[{"href":"https:\/\/researchchemworld.com\/fr\/wp-json\/wp\/v2\/media?parent=24186"}],"wp:term":[{"taxonomy":"product_brand","embeddable":true,"href":"https:\/\/researchchemworld.com\/fr\/wp-json\/wp\/v2\/product_brand?post=24186"},{"taxonomy":"product_cat","embeddable":true,"href":"https:\/\/researchchemworld.com\/fr\/wp-json\/wp\/v2\/product_cat?post=24186"},{"taxonomy":"product_tag","embeddable":true,"href":"https:\/\/researchchemworld.com\/fr\/wp-json\/wp\/v2\/product_tag?post=24186"}],"curies":[{"name":"wp","href":"https:\/\/api.w.org\/{rel}","templated":true}]}}