{"id":24259,"date":"2025-04-13T17:41:21","date_gmt":"2025-04-13T17:41:21","guid":{"rendered":"https:\/\/researchchemworld.com\/?post_type=product&#038;p=24259"},"modified":"2026-02-25T16:51:54","modified_gmt":"2026-02-25T16:51:54","slug":"acheter-newphoria","status":"publish","type":"product","link":"https:\/\/researchchemworld.com\/fr\/boutique\/b2b\/acheter-newphoria\/","title":{"rendered":"Sac RC+ Newphoria 3 pastilles"},"content":{"rendered":"<h2><span data-sheets-value=\"{\" data-sheets-userformat=\"{\"><strong>Achetez Newphoria 2\/3-FEA 35 MG\/100 MG en sachet de 3 pastilles<\/strong> <\/span><\/h2>\n<p class=\"ds-markdown-paragraph\"><strong>Nom du produit :<\/strong> Achetez RC+ Newphoria (nouveau compos\u00e9 entactog\u00e8ne) \u2013 3 pastilles par sachet<br \/>\n<strong>Cat\u00e9gorie:<\/strong>\u00a0Produits chimiques de recherche (classe entactog\u00e8ne)<br \/>\n<strong>Champ d&#039;application :<\/strong>\u00a0Recherche neuropsychologique et pharmacologique<\/p>\n<hr \/>\n<h3><strong>Caract\u00e9ristiques du produit :<\/strong><\/h3>\n<p class=\"ds-markdown-paragraph\">\ud83d\udd2c\u00a0<strong>Formulation avanc\u00e9e<\/strong>\u00a0\u2013 D\u00e9velopp\u00e9 pour des r\u00e9sultats de recherche coh\u00e9rents<br \/>\n\ud83d\udc8a\u00a0<strong>3 granul\u00e9s par sac<\/strong>\u00a0\u2013 Id\u00e9al pour les \u00e9tudes pilotes et la recherche dose-r\u00e9ponse<br \/>\n\ud83d\udce6\u00a0<strong>Emballage brevet\u00e9 sans oxyg\u00e8ne<\/strong>\u00a0\u2013 Garantit une stabilit\u00e9 \u00e0 long terme<br \/>\n\ud83d\udcca\u00a0<strong>Analyse du spectre complet<\/strong> \u2013 Rapports de tests GC\/MS et HPLC disponibles.<a title=\"buvards 1V-LSD 150 MCG\" href=\"https:\/\/researchchemworld.com\/fr\/boutique\/lysergamides\/1v-lsd-150-mcg-blotters\/\" target=\"_blank\" rel=\"noopener\">buvards 1V-LSD 150 MCG<\/a><\/p>\n<h3><strong>\u00c0 propos de Newphoria :<\/strong><\/h3>\n<p class=\"ds-markdown-paragraph\">Un compos\u00e9 de recherche innovant aux propri\u00e9t\u00e9s pharmacologiques uniques, pertinent pour :<\/p>\n<ul>\n<li>\n<p class=\"ds-markdown-paragraph\">M\u00e9canismes de lib\u00e9ration des neurotransmetteurs<\/p>\n<\/li>\n<li>\n<p class=\"ds-markdown-paragraph\">Etudes d&#039;affinit\u00e9 des r\u00e9cepteurs (SERT, DAT)<\/p>\n<\/li>\n<li>\n<p class=\"ds-markdown-paragraph\">\u00c9tude comparative avec les entactog\u00e8nes classiques<\/p>\n<\/li>\n<\/ul>\n<p class=\"ds-markdown-paragraph\"><strong>Note critique :<\/strong><\/p>\n<ul>\n<li>\n<p class=\"ds-markdown-paragraph\">Pour la recherche scientifique in vitro uniquement<\/p>\n<\/li>\n<li>\n<p class=\"ds-markdown-paragraph\">Absolument pas pour les bio-essais (humains\/animaux)<\/p>\n<\/li>\n<li>\n<p class=\"ds-markdown-paragraph\">Aucune application grand public.<a title=\"6-CL-ADBA\" href=\"https:\/\/researchchemworld.com\/fr\/boutique\/presque-interdit\/6-cl-dadba\/\" target=\"_blank\" rel=\"noopener\">6-CL-ADBA<\/a><\/p>\n<\/li>\n<\/ul>\n<hr \/>\n<h3><strong>Protocoles de s\u00e9curit\u00e9 :<\/strong><\/h3>\n<p class=\"ds-markdown-paragraph\">\u26a0\u00a0<strong>Exigences du laboratoire :<\/strong><\/p>\n<ul>\n<li>\n<p class=\"ds-markdown-paragraph\">Armoire de s\u00e9curit\u00e9 de classe II recommand\u00e9e<\/p>\n<\/li>\n<li>\n<p class=\"ds-markdown-paragraph\">EPI complet (blouse de laboratoire, gants, protection oculaire)<\/p>\n<\/li>\n<li>\n<p class=\"ds-markdown-paragraph\">Travailler dans un environnement conditionn\u00e9<\/p>\n<\/li>\n<\/ul>\n<p class=\"ds-markdown-paragraph\">\u26a0\u00a0<strong>Statut r\u00e9glementaire :<\/strong><\/p>\n<ul>\n<li>\n<p class=\"ds-markdown-paragraph\">Statut de la loi n\u00e9erlandaise sur l&#039;opium\u00a0: nouvelle substance psychoactive (NPS)<\/p>\n<\/li>\n<li>\n<p class=\"ds-markdown-paragraph\">Liste de surveillance des m\u00e9dicaments de l&#039;UE (\u00e9ventuellement r\u00e9glement\u00e9e)<\/p>\n<\/li>\n<li>\n<p class=\"ds-markdown-paragraph\">Les institutions de recherche doivent v\u00e9rifier leur propre conformit\u00e9.<a title=\"Granul\u00e9s de 2-CMC 250 mg\" href=\"https:\/\/researchchemworld.com\/fr\/boutique\/cathinones\/%f0%9f%92%a1-2-mmc-poudre-cristalline-pour-toutes-questions-et-reponses-pour-lachat\/\" target=\"_blank\" rel=\"noopener\">Granul\u00e9s de 2-CMC 250 mg<\/a><\/p>\n<\/li>\n<\/ul>\n<hr \/>\n<h3><strong>Avantages de la recherche :<\/strong><\/h3>\n<p class=\"ds-markdown-paragraph\">\u2705\u00a0<strong>Formule r\u00e9volutionnaire<\/strong>\u00a0\u2013 Architecture chimique unique<br \/>\n\u2705\u00a0<strong>Options de microdosage<\/strong>\u00a0\u2013 Recherche de pr\u00e9cision possible<br \/>\n\u2705\u00a0<strong>Soutien scientifique<\/strong>\u00a0\u2013 Dossier technique disponible<br \/>\n\u2705\u00a0<strong>Logistique rapide de l&#039;UE<\/strong>\u00a0\u2013 Exp\u00e9ditions de laboratoire certifi\u00e9es<\/p>","protected":false},"excerpt":{"rendered":"<p><strong>Num\u00e9ro CAS<\/strong>: 1780004-19-4<br \/>\n<strong>Formule<\/strong>: C11H16FN<br \/>\n<strong>Masse molaire<\/strong>: 181,25 g\/mol<br \/>\n<strong>Puret\u00e9<\/strong>: \u226598%<\/p>","protected":false},"featured_media":29442,"comment_status":"closed","ping_status":"closed","template":"","meta":[],"product_brand":[82],"product_cat":[555],"product_tag":[843,840,844,841,845,846,842,866,865,839,326],"class_list":{"0":"post-24259","1":"product","2":"type-product","3":"status-publish","4":"has-post-thumbnail","6":"product_brand-research-chemical","7":"product_cat-b2b","8":"product_tag-100mg-newphoria-review","9":"product_tag-2-fea-3-fea-research-chemical","10":"product_tag-2-fea-stimulant-effect","11":"product_tag-2-3-fea-ervaring","12":"product_tag-3-fea-comparison","13":"product_tag-fluorinated-amphetamines","14":"product_tag-newphoria-35mg-pellets","15":"product_tag-newphoria-drug","16":"product_tag-newphoria-kopen","17":"product_tag-newphoria-pellets","18":"product_tag-nl","20":"first","21":"instock","22":"taxable","23":"shipping-taxable","24":"purchasable","25":"product-type-variable"},"_links":{"self":[{"href":"https:\/\/researchchemworld.com\/fr\/wp-json\/wp\/v2\/product\/24259","targetHints":{"allow":["GET"]}}],"collection":[{"href":"https:\/\/researchchemworld.com\/fr\/wp-json\/wp\/v2\/product"}],"about":[{"href":"https:\/\/researchchemworld.com\/fr\/wp-json\/wp\/v2\/types\/product"}],"replies":[{"embeddable":true,"href":"https:\/\/researchchemworld.com\/fr\/wp-json\/wp\/v2\/comments?post=24259"}],"version-history":[{"count":3,"href":"https:\/\/researchchemworld.com\/fr\/wp-json\/wp\/v2\/product\/24259\/revisions"}],"predecessor-version":[{"id":26002,"href":"https:\/\/researchchemworld.com\/fr\/wp-json\/wp\/v2\/product\/24259\/revisions\/26002"}],"wp:featuredmedia":[{"embeddable":true,"href":"https:\/\/researchchemworld.com\/fr\/wp-json\/wp\/v2\/media\/29442"}],"wp:attachment":[{"href":"https:\/\/researchchemworld.com\/fr\/wp-json\/wp\/v2\/media?parent=24259"}],"wp:term":[{"taxonomy":"product_brand","embeddable":true,"href":"https:\/\/researchchemworld.com\/fr\/wp-json\/wp\/v2\/product_brand?post=24259"},{"taxonomy":"product_cat","embeddable":true,"href":"https:\/\/researchchemworld.com\/fr\/wp-json\/wp\/v2\/product_cat?post=24259"},{"taxonomy":"product_tag","embeddable":true,"href":"https:\/\/researchchemworld.com\/fr\/wp-json\/wp\/v2\/product_tag?post=24259"}],"curies":[{"name":"wp","href":"https:\/\/api.w.org\/{rel}","templated":true}]}}