{"id":24262,"date":"2025-04-13T17:41:21","date_gmt":"2025-04-13T17:41:21","guid":{"rendered":"https:\/\/researchchemworld.com\/?post_type=product&#038;p=24262"},"modified":"2026-02-25T16:53:38","modified_gmt":"2026-02-25T16:53:38","slug":"sac-de-3-plombs-rc-beta-k-2c-b","status":"publish","type":"product","link":"https:\/\/researchchemworld.com\/fr\/boutique\/b2b\/sac-de-3-plombs-rc-beta-k-2c-b\/","title":{"rendered":"Sac RC+ Beta-k-2C-B 3 pastilles"},"content":{"rendered":"<h2 class=\"ds-markdown-paragraph\"><strong>Pastilles de b\u00eata-K-2C-B 3 \u2013 Chimie de recherche innovante sur la ph\u00e9n\u00e9thylamine<\/strong><\/h2>\n<p class=\"ds-markdown-paragraph\"><strong>Nom du produit :<\/strong>\u00a0RC+ Beta-K-2C-B (\u03b2k-2C-B) \u2013 3 pastilles par sachet<br \/>\n<strong>Cat\u00e9gorie:<\/strong>\u00a0Produits chimiques de recherche (classe des ph\u00e9n\u00e9thylamines psych\u00e9d\u00e9liques)<br \/>\n<strong>Application:<\/strong> Recherche neuropsychologique et \u00e9tudes sur les r\u00e9cepteurs.<a title=\"G\u00e9lules de 2C-EF 2 mg\" href=\"https:\/\/researchchemworld.com\/fr\/boutique\/phenethylamine\/gelules-2c-ef-2-mg\/\" target=\"_blank\" rel=\"noopener\">G\u00e9lules de 2C-EF 2 mg<\/a><\/p>\n<hr \/>\n<h3><strong>Caract\u00e9ristiques du produit :<\/strong><\/h3>\n<p class=\"ds-markdown-paragraph\">\ud83d\udd2c\u00a0<strong>Compos\u00e9 de haute puret\u00e9<\/strong>\u00a0(&gt;98% puret\u00e9)<br \/>\n\ud83d\udc8a\u00a0<strong>3 granul\u00e9s par sac<\/strong>\u00a0(dosage standardis\u00e9)<br \/>\n\ud83d\udce6\u00a0<strong>Emballage sous vide<\/strong>\u00a0pour une stabilit\u00e9 optimale<br \/>\n\ud83d\udcca\u00a0<strong>Contr\u00f4le qualit\u00e9 approfondi<\/strong>\u00a0(Analyse HPLC et GC\/MS)<\/p>\n<h3><strong>Pertinence scientifique :<\/strong><\/h3>\n<p class=\"ds-markdown-paragraph\">Le b\u00eata-K-2C-B est un compos\u00e9 int\u00e9ressant pour la recherche sur :<\/p>\n<ul>\n<li>\n<p class=\"ds-markdown-paragraph\">Interactions avec les r\u00e9cepteurs s\u00e9rotoninergiques (5-HT2A\/2C)<\/p>\n<\/li>\n<li>\n<p class=\"ds-markdown-paragraph\">\u00c9tudes de la relation structure-activit\u00e9 (SAR)<\/p>\n<\/li>\n<li>\n<p class=\"ds-markdown-paragraph\">Pharmacodynamique compar\u00e9e avec les psych\u00e9d\u00e9liques classiques.<a title=\"Granul\u00e9s de 2-CMC 250 mg\" href=\"https:\/\/researchchemworld.com\/fr\/boutique\/cathinones\/%f0%9f%92%a1-2-mmc-poudre-cristalline-pour-toutes-questions-et-reponses-pour-lachat\/\" target=\"_blank\" rel=\"noopener\">Granul\u00e9s de 2-CMC 250 mg<\/a><\/p>\n<\/li>\n<\/ul>\n<p class=\"ds-markdown-paragraph\"><strong>Remarque importante :<\/strong><\/p>\n<ul>\n<li>\n<p class=\"ds-markdown-paragraph\">Pour la recherche in vitro uniquement<\/p>\n<\/li>\n<li>\n<p class=\"ds-markdown-paragraph\">Ne convient pas \u00e0 la consommation humaine\/animale<\/p>\n<\/li>\n<li>\n<p class=\"ds-markdown-paragraph\">Non destin\u00e9 \u00e0 un usage m\u00e9dicinal ou r\u00e9cr\u00e9atif<\/p>\n<\/li>\n<\/ul>\n<hr \/>\n<h3><strong>S\u00e9curit\u00e9 en laboratoire :<\/strong><\/h3>\n<p class=\"ds-markdown-paragraph\">\u26a0\u00a0<strong>Protocoles standards :<\/strong><\/p>\n<ul>\n<li>\n<p class=\"ds-markdown-paragraph\">Travailler dans un environnement conditionn\u00e9<\/p>\n<\/li>\n<li>\n<p class=\"ds-markdown-paragraph\">Protection individuelle compl\u00e8te (blouse, gants, lunettes de s\u00e9curit\u00e9).<a title=\"buvards 1V-LSD 150 MCG\" href=\"https:\/\/researchchemworld.com\/fr\/boutique\/lysergamides\/1v-lsd-150-mcg-blotters\/\" target=\"_blank\" rel=\"noopener\">buvards 1V-LSD 150 MCG<\/a><\/p>\n<\/li>\n<li>\n<p class=\"ds-markdown-paragraph\">Une ventilation ad\u00e9quate est requise<\/p>\n<\/li>\n<\/ul>\n<p class=\"ds-markdown-paragraph\">\u26a0\u00a0<strong>Statut juridique :<\/strong><\/p>\n<ul>\n<li>\n<p class=\"ds-markdown-paragraph\">Peut-\u00eatre r\u00e9glement\u00e9 comme NPS (nouvelle substance psychoactive)<\/p>\n<\/li>\n<li>\n<p class=\"ds-markdown-paragraph\">Les chercheurs devraient v\u00e9rifier les lois locales<\/p>\n<\/li>\n<li>\n<p class=\"ds-markdown-paragraph\">Responsabilit\u00e9 totale de l&#039;acheteur<\/p>\n<\/li>\n<\/ul>\n<hr \/>\n<h3><strong>Avantages de la recherche :<\/strong><\/h3>\n<p class=\"ds-markdown-paragraph\">\u2705\u00a0<strong>Qualit\u00e9 constante<\/strong>\u00a0par lot de production<br \/>\n\u2705\u00a0<strong>Petites quantit\u00e9s<\/strong>\u00a0pour les \u00e9tudes pilotes<br \/>\n\u2705\u00a0<strong>Documentation scientifique<\/strong>\u00a0disponible<br \/>\n\u2705\u00a0<strong>Exp\u00e9dition discr\u00e8te<\/strong>\u00a0au sein de l&#039;UE<\/p>","protected":false},"excerpt":{"rendered":"<p><strong>Synonyme:<\/strong> bk-2C-B<br \/>\n<strong>Num\u00e9ro CAS :<\/strong><br \/>\n<strong>Formule:<\/strong> chlorhydrate de 2-amino-1-(4-bromo-2,5-dim\u00e9thoxyph\u00e9nyl)-\u00e9thanone<br \/>\n<strong>Masse molaire :<\/strong> 296,6 g\/mol<br \/>\n<strong>Puret\u00e9:<\/strong> &gt;97%<\/p>","protected":false},"featured_media":29427,"comment_status":"closed","ping_status":"closed","template":"","meta":[],"product_brand":[82],"product_cat":[555],"product_tag":[869,244,867,326,868],"class_list":{"0":"post-24262","1":"product","2":"type-product","3":"status-publish","4":"has-post-thumbnail","6":"product_brand-research-chemical","7":"product_cat-b2b","8":"product_tag-2c-b-analogon-pellets","9":"product_tag-beta-k-2c-b","10":"product_tag-beta-k-2c-b-onderzoek","11":"product_tag-nl","12":"product_tag-rc-psychedelische-fenethylamine","14":"first","15":"instock","16":"taxable","17":"shipping-taxable","18":"purchasable","19":"product-type-variable"},"_links":{"self":[{"href":"https:\/\/researchchemworld.com\/fr\/wp-json\/wp\/v2\/product\/24262","targetHints":{"allow":["GET"]}}],"collection":[{"href":"https:\/\/researchchemworld.com\/fr\/wp-json\/wp\/v2\/product"}],"about":[{"href":"https:\/\/researchchemworld.com\/fr\/wp-json\/wp\/v2\/types\/product"}],"replies":[{"embeddable":true,"href":"https:\/\/researchchemworld.com\/fr\/wp-json\/wp\/v2\/comments?post=24262"}],"version-history":[{"count":3,"href":"https:\/\/researchchemworld.com\/fr\/wp-json\/wp\/v2\/product\/24262\/revisions"}],"predecessor-version":[{"id":26004,"href":"https:\/\/researchchemworld.com\/fr\/wp-json\/wp\/v2\/product\/24262\/revisions\/26004"}],"wp:featuredmedia":[{"embeddable":true,"href":"https:\/\/researchchemworld.com\/fr\/wp-json\/wp\/v2\/media\/29427"}],"wp:attachment":[{"href":"https:\/\/researchchemworld.com\/fr\/wp-json\/wp\/v2\/media?parent=24262"}],"wp:term":[{"taxonomy":"product_brand","embeddable":true,"href":"https:\/\/researchchemworld.com\/fr\/wp-json\/wp\/v2\/product_brand?post=24262"},{"taxonomy":"product_cat","embeddable":true,"href":"https:\/\/researchchemworld.com\/fr\/wp-json\/wp\/v2\/product_cat?post=24262"},{"taxonomy":"product_tag","embeddable":true,"href":"https:\/\/researchchemworld.com\/fr\/wp-json\/wp\/v2\/product_tag?post=24262"}],"curies":[{"name":"wp","href":"https:\/\/api.w.org\/{rel}","templated":true}]}}