{"id":26112,"date":"2025-05-01T01:20:16","date_gmt":"2025-05-01T01:20:16","guid":{"rendered":"https:\/\/researchchemworld.com\/?post_type=product&#038;p=26112"},"modified":"2026-02-19T11:16:29","modified_gmt":"2026-02-19T11:16:29","slug":"caluanie-muelear-oxyder","status":"publish","type":"product","link":"https:\/\/researchchemworld.com\/fr\/boutique\/non-classe-2\/caluanie-muelear-oxyder\/","title":{"rendered":"Caluanie Muelear Oxyder"},"content":{"rendered":"<p class=\"\" data-start=\"268\" data-end=\"544\"><strong data-start=\"268\" data-end=\"296\">Caluanie Muelear Oxyder<\/strong> est un puissant <strong data-start=\"314\" data-end=\"337\">r\u00e9actifs chimiques<\/strong> qui est surtout connu pour sa capacit\u00e9 \u00e0 <strong data-start=\"382\" data-end=\"427\">pour d\u00e9composer les m\u00e9taux et mat\u00e9riaux r\u00e9sistants<\/strong>. Il est largement utilis\u00e9 dans le <strong data-start=\"459\" data-end=\"541\">secteur industriel, m\u00e9tallurgie, recherche en laboratoire et applications mini\u00e8res<\/strong>. Caluanie Muelear Oxydation, Prix de Caluanie Muelear Oxydation aux \u00c9tats-Unis, Caluanie Muelear Oxydation aux \u00c9tats-Unis, Prix de Caluanie Muelear Oxydation, Fabricant de Caluanie Muelear Oxydation aux \u00c9tats-Unis, Caluanie Muelear Oxydation \u00e0 vendre<\/p>\n<p class=\"\" data-start=\"546\" data-end=\"822\">Ce liquide de couleur ambr\u00e9e \u00e0 haute viscosit\u00e9 est connu pour sa profondeur <strong data-start=\"644\" data-end=\"672\">propri\u00e9t\u00e9s oxydantes<\/strong>. En raison de sa composition chimique unique, Caluanie peut attaquer les liaisons mol\u00e9culaires des mat\u00e9riaux durs, les rendant plus mous ou cassants.<a href=\"https:\/\/researchchemworld.com\/fr\/boutique\/top-10-research-chemicals\/3-cmc-hcl\/\">Sachet de 3-CMC HCl 1 g<\/a><\/p>\n<hr class=\"\" data-start=\"824\" data-end=\"827\" \/>\n<h2 class=\"\" data-start=\"829\" data-end=\"862\">\u2699\ufe0f Principales caract\u00e9ristiques<\/h2>\n<ul data-start=\"864\" data-end=\"1189\">\n<li class=\"\" data-start=\"864\" data-end=\"918\">\n<p class=\"\" data-start=\"866\" data-end=\"918\"><strong data-start=\"866\" data-end=\"885\">Forme chimique :<\/strong> Liquide \u00e9pais et ambr\u00e9<\/p>\n<\/li>\n<li class=\"\" data-start=\"919\" data-end=\"1018\">\n<p class=\"\" data-start=\"921\" data-end=\"1018\"><strong data-start=\"921\" data-end=\"943\">Principales applications :<\/strong> Traitement des m\u00e9taux, d\u00e9molition de mat\u00e9riaux, exploitation mini\u00e8re, recherche scientifique<\/p>\n<\/li>\n<li class=\"\" data-start=\"1019\" data-end=\"1071\">\n<p class=\"\" data-start=\"1021\" data-end=\"1071\"><strong data-start=\"1021\" data-end=\"1038\">R\u00e9activit\u00e9:<\/strong> Agent oxydant tr\u00e8s puissant<\/p>\n<\/li>\n<li class=\"\" data-start=\"1072\" data-end=\"1129\">\n<p class=\"\" data-start=\"1074\" data-end=\"1129\"><strong data-start=\"1074\" data-end=\"1085\">Danger:<\/strong> Corrosif et nocif s&#039;il est mal utilis\u00e9<\/p>\n<\/li>\n<li class=\"\" data-start=\"1130\" data-end=\"1189\">\n<p class=\"\" data-start=\"1132\" data-end=\"1189\"><strong data-start=\"1132\" data-end=\"1147\">Conditionnement:<\/strong> Herm\u00e9tique et \u00e9tanche, s\u00fbr pour le transport, <a href=\"https:\/\/researchchemworld.com\/fr\/boutique\/balance\/mini-balance-bio-numerique-20-g-x-0001-g\/\">Mini-balance num\u00e9rique bio \u2013 20 g x 0,001 g<\/a><\/p>\n<\/li>\n<\/ul>\n<hr class=\"\" data-start=\"1191\" data-end=\"1194\" \/>\n<h2 class=\"\" data-start=\"1196\" data-end=\"1243\">\ud83d\udcbc Applications de Caluanie Muelear Oxidize<\/h2>\n<h3 class=\"\" data-start=\"1245\" data-end=\"1287\">1. <strong data-start=\"1252\" data-end=\"1285\">Traitement et recyclage des m\u00e9taux<\/strong><\/h3>\n<p class=\"\" data-start=\"1288\" data-end=\"1468\">La caluanie est utilis\u00e9e pour \u00e9liminer les m\u00e9taux durs tels que le fer et l&#039;acier <strong data-start=\"1349\" data-end=\"1386\">adoucir ou affaiblir<\/strong>, ce qui rend le processus de traitement consid\u00e9rablement plus facile sans \u00e9quipement lourd. <a href=\"https:\/\/researchchemworld.com\/fr\/boutique\/top-10-research-chemicals\/action-du-pyrazolam\/\">Granul\u00e9s de pyrazolam 2,5 mg<\/a><\/p>\n<h3 class=\"\" data-start=\"1470\" data-end=\"1514\">2. <strong data-start=\"1477\" data-end=\"1512\">Exploitation mini\u00e8re et extraction de m\u00e9taux pr\u00e9cieux<\/strong><\/h3>\n<p class=\"\" data-start=\"1515\" data-end=\"1665\">Dans les petites exploitations mini\u00e8res, Caluanie est habitu\u00e9 \u00e0 <strong data-start=\"1570\" data-end=\"1593\">d\u00e9composer les minerais<\/strong> et extraire des m\u00e9taux pr\u00e9cieux tels que l\u2019or ou le platine plus efficacement.<\/p>\n<h3 class=\"\" data-start=\"1667\" data-end=\"1701\">3. <strong data-start=\"1674\" data-end=\"1699\">Recherche en laboratoire<\/strong><\/h3>\n<p class=\"\" data-start=\"1702\" data-end=\"1834\">Dans les institutions de recherche, il est utilis\u00e9 pour <strong data-start=\"1752\" data-end=\"1779\">tests de d\u00e9gradation des mat\u00e9riaux<\/strong> et <strong data-start=\"1783\" data-end=\"1802\">\u00e9tudes d&#039;oxydation<\/strong> en chimie et science des mat\u00e9riaux.<\/p>\n<h3 class=\"\" data-start=\"1836\" data-end=\"1872\">4. <strong data-start=\"1843\" data-end=\"1870\">Traitement de la peinture et de la r\u00e9sine<\/strong><\/h3>\n<p class=\"\" data-start=\"1873\" data-end=\"2033\">\u00c0 des concentrations plus faibles, Caluanie peut \u00eatre utilis\u00e9 pour <strong data-start=\"1935\" data-end=\"1975\">\u00e9limination des rev\u00eatements industriels<\/strong>, couches de r\u00e9sine ou polym\u00e8res dans des applications sp\u00e9cialis\u00e9es.<\/p>\n<hr class=\"\" data-start=\"2035\" data-end=\"2038\" \/>\n<h2 class=\"\" data-start=\"2040\" data-end=\"2068\">\u26a0\ufe0f Mesures de s\u00e9curit\u00e9<\/h2>\n<p class=\"\" data-start=\"2070\" data-end=\"2185\">Caluanie Muelear Oxidize est un <strong data-start=\"2102\" data-end=\"2132\">substance corrosive et r\u00e9active<\/strong>. Son utilisation n\u00e9cessite des protocoles de s\u00e9curit\u00e9 stricts :<\/p>\n<ul data-start=\"2187\" data-end=\"2535\">\n<li class=\"\" data-start=\"2187\" data-end=\"2261\">\n<p class=\"\" data-start=\"2189\" data-end=\"2261\">Toujours porter <strong data-start=\"2202\" data-end=\"2259\">gants, lunettes de s\u00e9curit\u00e9 et v\u00eatements de protection<\/strong><\/p>\n<\/li>\n<li class=\"\" data-start=\"2262\" data-end=\"2334\">\n<p class=\"\" data-start=\"2264\" data-end=\"2334\">Utiliser uniquement dans des zones bien ventil\u00e9es ou sous une hotte aspirante.<\/p>\n<\/li>\n<li class=\"\" data-start=\"2335\" data-end=\"2397\">\n<p class=\"\" data-start=\"2337\" data-end=\"2397\">Ne pas m\u00e9langer avec d&#039;autres produits chimiques, sauf si sp\u00e9cifiquement test\u00e9<\/p>\n<\/li>\n<li class=\"\" data-start=\"2398\" data-end=\"2454\">\n<p class=\"\" data-start=\"2400\" data-end=\"2454\">Tenir hors de port\u00e9e des enfants et des personnes non autoris\u00e9es<\/p>\n<\/li>\n<li class=\"\" data-start=\"2455\" data-end=\"2535\">\n<p class=\"\" data-start=\"2457\" data-end=\"2535\">Conserver dans un endroit frais, sec et s\u00fbr, dans un emballage r\u00e9sistant aux produits chimiques. <a href=\"https:\/\/researchchemworld.com\/fr\/boutique\/balance\/mini-balance-numerique-pour-reservoir-20-g-x-0001-g\/\">Mini-balance num\u00e9rique pour r\u00e9servoir \u2013 20 g x 0,001 g<\/a><\/p>\n<\/li>\n<\/ul>\n<hr class=\"\" data-start=\"2537\" data-end=\"2540\" \/>\n<h2 class=\"\" data-start=\"2542\" data-end=\"2601\">\u2705 Pourquoi acheter Caluanie aupr\u00e8s d&#039;un fournisseur fiable ?<\/h2>\n<p class=\"\" data-start=\"2603\" data-end=\"2729\">Si vous cherchez <strong data-start=\"2628\" data-end=\"2671\">Caluanie pure et de qualit\u00e9 industrielle<\/strong>, il est alors crucial d\u2019acheter aupr\u00e8s d\u2019un fournisseur qui :<\/p>\n<ul data-start=\"2731\" data-end=\"2973\">\n<li class=\"\" data-start=\"2731\" data-end=\"2793\">\n<p class=\"\" data-start=\"2733\" data-end=\"2793\"><strong data-start=\"2733\" data-end=\"2755\">Tests de laboratoire<\/strong> et offre des certificats de puret\u00e9<\/p>\n<\/li>\n<li class=\"\" data-start=\"2794\" data-end=\"2843\">\n<p class=\"\" data-start=\"2796\" data-end=\"2843\"><strong data-start=\"2796\" data-end=\"2830\">Emballage s\u00fbr et discret<\/strong> garanties<\/p>\n<\/li>\n<li class=\"\" data-start=\"2844\" data-end=\"2908\">\n<p class=\"\" data-start=\"2846\" data-end=\"2908\"><strong data-start=\"2846\" data-end=\"2877\">Transport rapide et assur\u00e9<\/strong> au sein de l&#039;Europe rend possible<\/p>\n<\/li>\n<li class=\"\" data-start=\"2909\" data-end=\"2973\">\n<p class=\"\" data-start=\"2911\" data-end=\"2973\"><strong data-start=\"2911\" data-end=\"2939\">Support technique<\/strong> offres d&#039;utilisation et applications<\/p>\n<\/li>\n<\/ul>\n<hr class=\"\" data-start=\"2975\" data-end=\"2978\" \/>\n<h2 class=\"\" data-start=\"2980\" data-end=\"2995\">\ud83d\udd1a Conclusion<\/h2>\n<p class=\"\" data-start=\"2997\" data-end=\"3265\"><strong data-start=\"2997\" data-end=\"3025\">Caluanie Muelear Oxyder<\/strong> est un fluide unique et puissant avec une large gamme d&#039;applications industrielles et scientifiques. Il peut augmenter consid\u00e9rablement l\u2019efficacit\u00e9 du traitement des mat\u00e9riaux et du travail des m\u00e9taux s\u2019il est utilis\u00e9 correctement et de mani\u00e8re responsable.<\/p>\n<p class=\"\" data-start=\"3267\" data-end=\"3398\">Pour les professionnels de <strong data-start=\"3289\" data-end=\"3322\">chimie, exploitation mini\u00e8re ou recyclage<\/strong> Caluanie est-il un outil pr\u00e9cieux dans le processus de recherche ou de production. <a href=\"https:\/\/researchchemworld.com\/fr\/boutique\/balance\/balance-numerique-cs-100-g-x-001-g\/\">Balance num\u00e9rique CS \u2013 100 g x 0,01 g<\/a><\/p>","protected":false},"excerpt":{"rendered":"<p>Caluanie Muelear Oxidize est un r\u00e9actif chimique puissant surtout connu pour sa capacit\u00e9 \u00e0 oxyder les m\u00e9taux et mat\u00e9riaux r\u00e9sistants<\/p>","protected":false},"featured_media":29312,"comment_status":"open","ping_status":"closed","template":"","meta":[],"product_brand":[],"product_cat":[1085],"product_tag":[905,897,904,902,903,901,906,900,907,898,899],"class_list":{"0":"post-26112","1":"product","2":"type-product","3":"status-publish","4":"has-post-thumbnail","6":"product_cat-okategoriserad","7":"product_tag-buy-caluanie-muelear-oxidize-online","8":"product_tag-caluanie-muelear-oxidize","9":"product_tag-caluanie-muelear-oxidize-deutschland","10":"product_tag-caluanie-muelear-oxidize-for-sale","11":"product_tag-caluanie-muelear-oxidize-kaufen","12":"product_tag-caluanie-muelear-oxidize-manufacturer-in-usa","13":"product_tag-caluanie-muelear-oxidize-pasteurize","14":"product_tag-caluanie-muelear-oxidize-price","15":"product_tag-caluanie-muelear-oxidize-price-in-india","16":"product_tag-caluanie-muelear-oxidize-price-in-usa","17":"product_tag-caluanie-muelear-oxidize-usa","19":"first","20":"instock","21":"taxable","22":"shipping-taxable","23":"purchasable","24":"product-type-simple"},"_links":{"self":[{"href":"https:\/\/researchchemworld.com\/fr\/wp-json\/wp\/v2\/product\/26112","targetHints":{"allow":["GET"]}}],"collection":[{"href":"https:\/\/researchchemworld.com\/fr\/wp-json\/wp\/v2\/product"}],"about":[{"href":"https:\/\/researchchemworld.com\/fr\/wp-json\/wp\/v2\/types\/product"}],"replies":[{"embeddable":true,"href":"https:\/\/researchchemworld.com\/fr\/wp-json\/wp\/v2\/comments?post=26112"}],"version-history":[{"count":2,"href":"https:\/\/researchchemworld.com\/fr\/wp-json\/wp\/v2\/product\/26112\/revisions"}],"predecessor-version":[{"id":26116,"href":"https:\/\/researchchemworld.com\/fr\/wp-json\/wp\/v2\/product\/26112\/revisions\/26116"}],"wp:featuredmedia":[{"embeddable":true,"href":"https:\/\/researchchemworld.com\/fr\/wp-json\/wp\/v2\/media\/29312"}],"wp:attachment":[{"href":"https:\/\/researchchemworld.com\/fr\/wp-json\/wp\/v2\/media?parent=26112"}],"wp:term":[{"taxonomy":"product_brand","embeddable":true,"href":"https:\/\/researchchemworld.com\/fr\/wp-json\/wp\/v2\/product_brand?post=26112"},{"taxonomy":"product_cat","embeddable":true,"href":"https:\/\/researchchemworld.com\/fr\/wp-json\/wp\/v2\/product_cat?post=26112"},{"taxonomy":"product_tag","embeddable":true,"href":"https:\/\/researchchemworld.com\/fr\/wp-json\/wp\/v2\/product_tag?post=26112"}],"curies":[{"name":"wp","href":"https:\/\/api.w.org\/{rel}","templated":true}]}}