{"id":27210,"date":"2025-08-14T11:12:54","date_gmt":"2025-08-14T11:12:54","guid":{"rendered":"https:\/\/researchchemworld.com\/?page_id=27210"},"modified":"2026-01-06T04:35:46","modified_gmt":"2026-01-06T04:35:46","slug":"delai-de-livraison-et-frais-dexpedition","status":"publish","type":"page","link":"https:\/\/researchchemworld.com\/fr_be\/delai-de-livraison-et-frais-dexpedition\/","title":{"rendered":"D\u00e9lai de livraison et frais d&#039;exp\u00e9dition"},"content":{"rendered":"<p>D\u00e9lai de livraison et frais d&#039;exp\u00e9dition<br>Nous faisons de notre mieux pour livrer votre commande le plus rapidement possible. Les commandes pass\u00e9es en semaine avant 17h00 sont exp\u00e9di\u00e9es le jour m\u00eame. Cependant, ce n&#039;est pas toujours possible\u00a0; il arrive que des produits soient en rupture de stock et que la livraison prenne un peu plus de temps. Le d\u00e9lai de livraison est indiqu\u00e9 sur la page produit. Si, pour une raison quelconque, nous ne pouvons pas respecter ce d\u00e9lai de livraison, nous vous en informerons bien s\u00fbr d\u00e8s que possible.<\/p>\n\n\n\n<p>Apr\u00e8s votre achat, nous vous enverrons un e-mail de confirmation contenant votre num\u00e9ro de commande, que vous pourrez utiliser pour v\u00e9rifier l&#039;\u00e9tat de votre achat. Une fois votre commande emball\u00e9e et exp\u00e9di\u00e9e, vous recevrez un autre e-mail contenant les d\u00e9tails de votre achat. Nous vous recommandons de v\u00e9rifier votre dossier spam, car l&#039;e-mail de confirmation pourrait s&#039;y \u00eatre retrouv\u00e9. Si vous n&#039;avez pas re\u00e7u d&#039;e-mail apr\u00e8s un jour ouvr\u00e9 et que vous avez v\u00e9rifi\u00e9 votre dossier spam, veuillez nous contacter imm\u00e9diatement.<\/p>\n\n\n\n<p>Service mondial de livraison de produits chimiques<br>Bestellingen in Nederland die v\u00f3\u00f3r 17:00 uur bij researchchemicallab.eu worden geplaatst, worden de volgende werkdag bezorgd, met uitzondering van de Waddeneilanden vanwege vertragingen door boottransport. PostNL zorgt voor een veilige en snelle levering. Bij besteding vanaf \u20ac 50 in onze webshop is de verzending binnen Nederland gratis.<\/p>\n\n\n\n<p>Emballage discret et anonyme<br>Nos produits sont emball\u00e9s discr\u00e8tement et anonymement, afin que personne ne puisse voir ce que vous avez command\u00e9. Seule votre adresse de livraison est imprim\u00e9e \u00e0 l&#039;ext\u00e9rieur du colis.<\/p>\n\n\n\n<p>Livraison de vos commandes<br>Om uw bestelling te ontvangen, moet u op de bezorgdag thuis zijn. Bent u niet thuis, dan wordt de bestelling, afhankelijk van de vervoerder, meerdere keren opnieuw ingediend. Bent u dan nog steeds niet thuis, dan probeert de bezorger het bij de buren af te leveren of naar een nabijgelegen afhaalpunt te brengen. De bezorger laat u altijd via een briefje weten waar uw pakket zich bevindt. researchchemicallab.eu zorgt voor de bezorging bij het afhaalpunt, waarna u het zelf moet ophalen. Levering vindt doorgaans plaats van dinsdag tot en met zaterdag tussen 08:00 en 18:00 uur. We kunnen geen exacte levertijden garanderen vanwege de afhankelijkheid van de vervoerder.<\/p>\n\n\n\n<p>Frais d&#039;exp\u00e9dition et d&#039;exp\u00e9dition vers les pays europ\u00e9ens<br>Aux Pays-Bas, vous pouvez choisir parmi les options de livraison suivantes :<\/p>\n\n\n\n<p>Colis en bo\u00eete aux lettres avec suivi pour suivre votre commande, pour 4,75 \u20ac. Livraison gratuite aux Pays-Bas pour les commandes sup\u00e9rieures \u00e0 50 \u20ac.<\/p>\n\n\n\n<p>En Belgique, les options sont :<\/p>\n\n\n\n<p>Colis en bo\u00eete aux lettres avec suivi pour 9,95 \u20ac. Livraison gratuite en Belgique pour les commandes sup\u00e9rieures \u00e0 100 \u20ac.<\/p>\n\n\n\n<p>Attention\u00a0: les commandes pass\u00e9es hors des Pays-Bas sont exp\u00e9di\u00e9es \u00e0 vos propres risques\u00a0! (Consultez notre page de paiement pour conna\u00eetre les tarifs et m\u00e9thodes d&#039;exp\u00e9dition en vigueur.)<\/p>\n\n\n\n<p>Vous trouverez ci-dessous un tableau avec les frais de livraison par pays :<\/p>\n\n\n\n<p>Consignes de s\u00e9curit\u00e9 des produits<br>We benadrukken dat onze researchchemicallab.eu uitsluitend bedoeld zijn voor onderzoeksdoeleinden en niet voor persoonlijk gebruik. Raadpleeg onze algemene voorwaarden en veiligheidsrichtlijnen voordat u een aankoop doet bij researchchemicallab.eu Als u om welke reden dan ook niet tevreden bent met uw bestelling, bekijk dan ons retourbeleid.<\/p>\n\n\n\n<p><\/p>","protected":false},"excerpt":{"rendered":"<p>Levertijd en verzendkostenWe doen ons best om de bestelling zo snel mogelijk bij u af te leveren. Bestellingen die op<\/p>","protected":false},"author":1,"featured_media":0,"parent":0,"menu_order":0,"comment_status":"closed","ping_status":"closed","template":"","meta":{"footnotes":""},"class_list":["post-27210","page","type-page","status-publish","hentry"],"_links":{"self":[{"href":"https:\/\/researchchemworld.com\/fr_be\/wp-json\/wp\/v2\/pages\/27210","targetHints":{"allow":["GET"]}}],"collection":[{"href":"https:\/\/researchchemworld.com\/fr_be\/wp-json\/wp\/v2\/pages"}],"about":[{"href":"https:\/\/researchchemworld.com\/fr_be\/wp-json\/wp\/v2\/types\/page"}],"author":[{"embeddable":true,"href":"https:\/\/researchchemworld.com\/fr_be\/wp-json\/wp\/v2\/users\/1"}],"replies":[{"embeddable":true,"href":"https:\/\/researchchemworld.com\/fr_be\/wp-json\/wp\/v2\/comments?post=27210"}],"version-history":[{"count":3,"href":"https:\/\/researchchemworld.com\/fr_be\/wp-json\/wp\/v2\/pages\/27210\/revisions"}],"predecessor-version":[{"id":28543,"href":"https:\/\/researchchemworld.com\/fr_be\/wp-json\/wp\/v2\/pages\/27210\/revisions\/28543"}],"wp:attachment":[{"href":"https:\/\/researchchemworld.com\/fr_be\/wp-json\/wp\/v2\/media?parent=27210"}],"curies":[{"name":"wp","href":"https:\/\/api.w.org\/{rel}","templated":true}]}}