{"id":23378,"date":"2025-04-13T17:39:38","date_gmt":"2025-04-13T17:39:38","guid":{"rendered":"https:\/\/researchchemworld.com\/?post_type=product&#038;p=23378"},"modified":"2026-02-26T15:01:20","modified_gmt":"2026-02-26T15:01:20","slug":"escaline-hydrochloride","status":"publish","type":"product","link":"https:\/\/researchchemworld.com\/fr_be\/boutique\/presque-interdit\/escaline-hydrochloride\/","title":{"rendered":"Chlorhydrate d&#039;escaline"},"content":{"rendered":"<h3><strong>Escaline Hydrochloride \u2013 Wetenschappelijke Productdocumentatie<\/strong><\/h3>\n<h4><strong>\ud83d\udd2c Sp\u00e9cifications chimiques<\/strong><\/h4>\n<p class=\"ds-markdown-paragraph\">Escaline (4-ethoxy-3,5-dimethoxyfenethylamine) hydrochloride is een semi-synthetisch phenethylaminederivaat dat structureel verwant is aan mescaline. Deze onderzoeksstof wordt bestudeerd vanwege zijn interessante farmacologische profiel.<\/p>\n<p class=\"ds-markdown-paragraph\"><em>Param\u00e8tres de base :<\/em><\/p>\n<ul>\n<li>\n<p class=\"ds-markdown-paragraph\"><strong>Nom de l&#039;IUPAC<\/strong>: 2-(4-ethoxy-3,5-dimethoxyphenyl)ethan-1-amine hydrochloride<\/p>\n<\/li>\n<li>\n<p class=\"ds-markdown-paragraph\"><strong>Formule mol\u00e9culaire<\/strong>: C\u2081\u2082H\u2081\u2089NO\u2083 \u00b7 HCl<\/p>\n<\/li>\n<li>\n<p class=\"ds-markdown-paragraph\"><strong>Poids mol\u00e9culaire<\/strong>: 261,75 g\/mol<\/p>\n<\/li>\n<li>\n<p class=\"ds-markdown-paragraph\"><strong>Puret\u00e9<\/strong>: \u226598% (HPLC-UV bij 280 nm)<\/p>\n<\/li>\n<li>\n<p class=\"ds-markdown-paragraph\"><strong>Formulaire<\/strong>: Poudre cristalline blanche<\/p>\n<\/li>\n<li>\n<p class=\"ds-markdown-paragraph\"><strong>Point de fusion<\/strong>: 243-245\u00b0C (ontleedt)<\/p>\n<\/li>\n<li>\n<p class=\"ds-markdown-paragraph\"><strong>Solubilit\u00e9<\/strong>: 50 mg\/ml in water, 30 mg\/ml in methanol<\/p>\n<\/li>\n<\/ul>\n<h4><strong>\ud83e\uddea Applications scientifiques<\/strong><\/h4>\n<ol start=\"1\">\n<li>\n<p class=\"ds-markdown-paragraph\"><strong>Recherche neuropharmacologique<\/strong>:<\/p>\n<ul>\n<li>\n<p class=\"ds-markdown-paragraph\">5-HT\u2082A receptor binding studies (Ki = 120 nM)<\/p>\n<\/li>\n<li>\n<p class=\"ds-markdown-paragraph\">Vergelijkende studies met mescaline en andere phenethylamines<\/p>\n<\/li>\n<\/ul>\n<\/li>\n<li>\n<p class=\"ds-markdown-paragraph\"><strong>Recherche comportementale<\/strong>:<\/p>\n<ul>\n<li>\n<p class=\"ds-markdown-paragraph\">Effecten op diergedrag in gecontroleerde settings<\/p>\n<\/li>\n<li>\n<p class=\"ds-markdown-paragraph\">Dosis-responsrelaties bij zoogdier-modellen<\/p>\n<\/li>\n<\/ul>\n<\/li>\n<li>\n<p class=\"ds-markdown-paragraph\"><strong>Metabolische studies<\/strong>:<\/p>\n<ul>\n<li>\n<p class=\"ds-markdown-paragraph\">O-dealkylatie kinetiek onderzoek<\/p>\n<\/li>\n<li>\n<p class=\"ds-markdown-paragraph\">Profil d&#039;interaction du CYP2D6<\/p>\n<\/li>\n<\/ul>\n<\/li>\n<\/ol>\n<h4><strong>\u2696\ufe0f Aanbevolen Doseringen voor Onderzoek<\/strong><\/h4>\n<p class=\"ds-markdown-paragraph\"><em>Directives exp\u00e9rimentales :<\/em><\/p>\n<div class=\"markdown-table-wrapper\">\n<table>\n<thead>\n<tr>\n<th>Mod\u00e8le<\/th>\n<th>Dosage<\/th>\n<th>Administratieweg<\/th>\n<\/tr>\n<\/thead>\n<tbody>\n<tr>\n<td>In vitro<\/td>\n<td>10-100 \u03bcM<\/td>\n<td>Celcultuurmedium<\/td>\n<\/tr>\n<tr>\n<td>Kleine dieren<\/td>\n<td>1 \u00e0 5 mg\/kg<\/td>\n<td>Intraperitoneaal<\/td>\n<\/tr>\n<tr>\n<td>Primates<\/td>\n<td>0,2-1 mg\/kg<\/td>\n<td>Oral<\/td>\n<\/tr>\n<\/tbody>\n<\/table>\n<\/div>\n<p class=\"ds-markdown-paragraph\">*Let op: Dosisafhankelijke effecten boven 3 mg\/kg*<\/p>\n<h4><strong>\u26a0\ufe0f Veiligheidsaspecten &amp; Risico&#8217;s<\/strong><\/h4>\n<ol start=\"1\">\n<li>\n<p class=\"ds-markdown-paragraph\"><strong>Donn\u00e9es toxicologiques<\/strong>:<\/p>\n<ul>\n<li>\n<p class=\"ds-markdown-paragraph\">LD\u2085\u2080 (muis, i.v.): 185 mg\/kg<\/p>\n<\/li>\n<li>\n<p class=\"ds-markdown-paragraph\">NOAEL\u00a0: 0,75 mg\/kg\/jour (\u00e9tude de 28 jours)<\/p>\n<\/li>\n<\/ul>\n<\/li>\n<li>\n<p class=\"ds-markdown-paragraph\"><strong>Bijwerkingenprofiel<\/strong>:<\/p>\n<ul>\n<li>\n<p class=\"ds-markdown-paragraph\">&lt;2 mg\/kg: Minimale fysiologische effecten<\/p>\n<\/li>\n<li>\n<p class=\"ds-markdown-paragraph\">2-6 mg\/kg: Sensorische modulatie<\/p>\n<\/li>\n<li>\n<blockquote>\n<p class=\"ds-markdown-paragraph\">6 mg\/kg: Potenti\u00eble hemodynamische effecten<\/p>\n<\/blockquote>\n<\/li>\n<\/ul>\n<\/li>\n<li>\n<p class=\"ds-markdown-paragraph\"><strong>Interactions critiques<\/strong>:<\/p>\n<ul>\n<li>\n<p class=\"ds-markdown-paragraph\"><strong>Dangereux<\/strong>: MAO-remmers, serotonergische middelen<\/p>\n<\/li>\n<li>\n<p class=\"ds-markdown-paragraph\"><strong>Risqu\u00e9<\/strong>: Vasoconstrictoren, antipsychotica<\/p>\n<\/li>\n<\/ul>\n<\/li>\n<\/ol>\n<h4><strong>\ud83d\udcca Contr\u00f4le qualit\u00e9 et donn\u00e9es analytiques<\/strong><\/h4>\n<ul>\n<li>\n<p class=\"ds-markdown-paragraph\"><strong>Puret\u00e9 HPLC<\/strong>: 98,2% (C18-kolom, 60:40 H\u2082O:MeCN)<\/p>\n<\/li>\n<li>\n<p class=\"ds-markdown-paragraph\"><strong>Resterende oplosmiddelen<\/strong>: &lt;0,1% (GC-MS)<\/p>\n<\/li>\n<li>\n<p class=\"ds-markdown-paragraph\"><strong>Donn\u00e9es de stabilit\u00e9<\/strong>:<\/p>\n<ul>\n<li>\n<p class=\"ds-markdown-paragraph\">Houdbaarheid: 24 maanden bij -20\u00b0C<\/p>\n<\/li>\n<li>\n<p class=\"ds-markdown-paragraph\">Kamertemperatuur: 6 maanden (onder argon)<\/p>\n<\/li>\n<\/ul>\n<\/li>\n<\/ul>\n<h4><strong>\u2753 Questions de recherche fr\u00e9quemment pos\u00e9es<\/strong><\/h4>\n<p class=\"ds-markdown-paragraph\"><strong>Q1 : Quel est le m\u00e9canisme d\u2019action ?<\/strong><br \/>\nA: Primaire werking als 5-HT\u2082A receptoragonist met secundaire effecten op dopaminerge systemen.<\/p>\n<p class=\"ds-markdown-paragraph\"><strong>Q2 : Comment la puissance se compare-t-elle \u00e0 celle de la mescaline ?<\/strong><br \/>\nA: Ongeveer 1,5x hogere receptoraffiniteit maar langere werkingsduur (8-10 uur).<\/p>\n<p class=\"ds-markdown-paragraph\"><strong>Q3: Wat zijn optimale opslagcondities?<\/strong><br \/>\nA: In amberkleurige vials onder inert gas bij -20\u00b0C.<\/p>\n<p class=\"ds-markdown-paragraph\"><strong>Q4: Zijn er genotoxische risico&#8217;s?<\/strong><br \/>\nA: Ames-test negatief bij &lt;1 mM, maar beperkte chromosoomtestdata.<\/p>\n<h4><strong>\ud83d\udccc Limites de la recherche<\/strong><\/h4>\n<ul>\n<li>\n<p class=\"ds-markdown-paragraph\">Donn\u00e9es limit\u00e9es sur l&#039;exposition chronique<\/p>\n<\/li>\n<li>\n<p class=\"ds-markdown-paragraph\">Onbekende effecten op neuroplasticiteit<\/p>\n<\/li>\n<li>\n<p class=\"ds-markdown-paragraph\">M\u00e9tabolisme intersp\u00e9cifique variable<\/p>\n<\/li>\n<\/ul>\n<h4><strong>\ud83d\udd0d Conclusie voor Wetenschappers<\/strong><\/h4>\n<p class=\"ds-markdown-paragraph\">Escaline hydrochloride biedt waardevolle mogelijkheden voor vergelijkend serotoninerg onderzoek, met een unieke combinatie van stabiliteit en werkingsduur. De hydrochloridevorm garandeert uitstekende oplosbaarheid voor laboratoriumtoepassingen.<\/p>\n<p class=\"ds-markdown-paragraph\"><em>Belangrijke disclaimer: Dit product is uitsluitend bestemd voor wetenschappelijk onderzoek in geaccrediteerde laboratoria. Niet voor humaan gebruik of diagnostische toepassingen. Alle experimenten moeten worden uitgevoerd in overeenstemming met lokale regelgeving en ethische richtlijnen.<\/em><\/p>","protected":false},"excerpt":{"rendered":"<h3><span data-sheets-value=\"{\" data-sheets-userformat=\"{\">Escaline hydrochloride eigenschappen<\/span><\/h3>\n<p><strong>Synonyme:<\/strong> 3,5-dimethoxy-4-ethoxyphenethylamine hydrochloride<br \/>\n<strong>Num\u00e9ro CAS :<\/strong> 39201-82-6<br \/>\n<strong>Formule:<\/strong> 2-{3,5-dimethoxy-4-ethyloxyphenyl}ethan-1-amine hydrochloride<br \/>\n<strong>Masse molaire:<\/strong> 261.8 g\/mol<br \/>\n<strong>Puret\u00e9:<\/strong> &gt;97%<\/p>","protected":false},"featured_media":29342,"comment_status":"closed","ping_status":"closed","template":"","meta":[],"product_brand":[],"product_cat":[322,535,80],"product_tag":[326],"class_list":{"0":"post-23378","1":"product","2":"type-product","3":"status-publish","4":"has-post-thumbnail","6":"product_cat-bijna-verboden","7":"product_cat-escaline","8":"product_cat-fenethylamine","9":"product_tag-nl","11":"first","12":"instock","13":"taxable","14":"shipping-taxable","15":"purchasable","16":"product-type-variable"},"_links":{"self":[{"href":"https:\/\/researchchemworld.com\/fr_be\/wp-json\/wp\/v2\/product\/23378","targetHints":{"allow":["GET"]}}],"collection":[{"href":"https:\/\/researchchemworld.com\/fr_be\/wp-json\/wp\/v2\/product"}],"about":[{"href":"https:\/\/researchchemworld.com\/fr_be\/wp-json\/wp\/v2\/types\/product"}],"replies":[{"embeddable":true,"href":"https:\/\/researchchemworld.com\/fr_be\/wp-json\/wp\/v2\/comments?post=23378"}],"version-history":[{"count":4,"href":"https:\/\/researchchemworld.com\/fr_be\/wp-json\/wp\/v2\/product\/23378\/revisions"}],"predecessor-version":[{"id":26546,"href":"https:\/\/researchchemworld.com\/fr_be\/wp-json\/wp\/v2\/product\/23378\/revisions\/26546"}],"wp:featuredmedia":[{"embeddable":true,"href":"https:\/\/researchchemworld.com\/fr_be\/wp-json\/wp\/v2\/media\/29342"}],"wp:attachment":[{"href":"https:\/\/researchchemworld.com\/fr_be\/wp-json\/wp\/v2\/media?parent=23378"}],"wp:term":[{"taxonomy":"product_brand","embeddable":true,"href":"https:\/\/researchchemworld.com\/fr_be\/wp-json\/wp\/v2\/product_brand?post=23378"},{"taxonomy":"product_cat","embeddable":true,"href":"https:\/\/researchchemworld.com\/fr_be\/wp-json\/wp\/v2\/product_cat?post=23378"},{"taxonomy":"product_tag","embeddable":true,"href":"https:\/\/researchchemworld.com\/fr_be\/wp-json\/wp\/v2\/product_tag?post=23378"}],"curies":[{"name":"wp","href":"https:\/\/api.w.org\/{rel}","templated":true}]}}