{"id":24332,"date":"2025-04-13T17:41:30","date_gmt":"2025-04-13T17:41:30","guid":{"rendered":"https:\/\/researchchemworld.com\/?post_type=product&#038;p=24332"},"modified":"2026-02-25T16:33:27","modified_gmt":"2026-02-25T16:33:27","slug":"moxy-5-meo-mipt","status":"publish","type":"product","link":"https:\/\/researchchemworld.com\/fr_be\/boutique\/b2b\/moxy-5-meo-mipt\/","title":{"rendered":"Plaquette thermoform\u00e9e RC+ Moxy 10 mg"},"content":{"rendered":"<p class=\"ds-markdown-paragraph\"><strong><span class=\"___SText_anxqe-ko_\" data-ui-name=\"Link.Text\">Moxy 5 meo mipt <\/span>10mg Blister \u2013 Premium Onderzoekschemie voor Wetenschappelijke Doeleinden<\/strong><\/p>\n<p class=\"ds-markdown-paragraph\"><strong>Nom du produit:<\/strong>\u00a0RC+ Moxy (5-MeO-MiPT) \u2013 10mg per tablet \u2013 Blisterverpakking<br \/>\n<strong>Cat\u00e9gorie:<\/strong>\u00a0Onderzoekschemicali\u00ebn (Psychedelische\/Tryptamine-klasse)<br \/>\n<strong>Champ d&#039;application :<\/strong> Neurochemisch onderzoek en farmacologische studies.<a title=\"Buvards artistiques 1cP-LSD 150 MCG\" href=\"https:\/\/researchchemworld.com\/fr_be\/boutique\/lysergamides\/1-cp-lsd-150-mcg\/\" target=\"_blank\" rel=\"noopener\">Buvards artistiques 1cP-LSD 150 MCG<\/a><\/p>\n<hr \/>\n<h3><strong>Caract\u00e9ristiques du produit : <span class=\"___SText_anxqe-ko_\" data-ui-name=\"Link.Text\">moxy 5 m\u00e9o mipt<\/span><\/strong><\/h3>\n<p class=\"ds-markdown-paragraph\">\ud83d\udd2c\u00a0<strong>Hoogwaardige zuiverheid<\/strong>\u00a0(&gt;98%) \u2013 Geoptimaliseerd voor precieze onderzoeksresultaten<br \/>\n\ud83d\udc8a\u00a0<strong>10mg per tablet<\/strong>\u00a0\u2013 Nauwkeurige microdosering voor gecontroleerde experimenten<br \/>\n\ud83d\udce6\u00a0<strong>Professionele blisterverpakking<\/strong>\u00a0\u2013 Beschermt tegen degradatie door licht\/vocht<br \/>\n\ud83d\udcca\u00a0<strong>Qualit\u00e9 certifi\u00e9e<\/strong>\u00a0\u2013 HPLC\/MS-analyserapporten beschikbaar op aanvraag<\/p>\n<h3><strong>Over <span class=\"___SText_anxqe-ko_\" data-ui-name=\"Link.Text\">moxy 5 m\u00e9o mipt<\/span>:<\/strong><\/h3>\n<p class=\"ds-markdown-paragraph\">Een onderzoeksstof uit de tryptaminefamilie met interessante farmacologische eigenschappen voor:<\/p>\n<ul>\n<li>\n<p class=\"ds-markdown-paragraph\">Serotonerg receptoronderzoek<\/p>\n<\/li>\n<li>\n<p class=\"ds-markdown-paragraph\">Neurotransmissie-studies<\/p>\n<\/li>\n<li>\n<p class=\"ds-markdown-paragraph\">Vergelijkende psychoactieve profielanalyses.<a title=\"Granul\u00e9s O-DSMT 50 mg\" href=\"https:\/\/researchchemworld.com\/fr_be\/boutique\/pellets\/granules-de-dsmt-50-mg\/\" target=\"_blank\" rel=\"noopener\">Granul\u00e9s O-DSMT 50 mg<\/a><\/p>\n<\/li>\n<\/ul>\n<p class=\"ds-markdown-paragraph\"><strong>Important:<\/strong><\/p>\n<ul>\n<li>\n<p class=\"ds-markdown-paragraph\">Uitsluitend bestemd voor in vitro onderzoek<\/p>\n<\/li>\n<li>\n<p class=\"ds-markdown-paragraph\">Ne convient pas \u00e0 la consommation humaine ou animale<\/p>\n<\/li>\n<li>\n<p class=\"ds-markdown-paragraph\">Niet bedoeld voor medicinaal of recreatief gebruik.<a title=\"Granul\u00e9s de 2-CMC 250 mg\" href=\"https:\/\/researchchemworld.com\/fr_be\/boutique\/cathinones\/acheter-2-cmc\/\" target=\"_blank\" rel=\"noopener\">Granul\u00e9s de 2-CMC 250 mg<\/a><\/p>\n<\/li>\n<\/ul>\n<hr \/>\n<h3><strong>Protocole de s\u00e9curit\u00e9 :<span class=\"___SText_anxqe-ko_\" data-ui-name=\"Link.Text\">moxy 5 m\u00e9o mipt<\/span><\/strong><\/h3>\n<p class=\"ds-markdown-paragraph\">\u26a0\u00a0<strong>Labvoorschriften:<\/strong><\/p>\n<ul>\n<li>\n<p class=\"ds-markdown-paragraph\">Altijd werken met handschoenen\/labjas<\/p>\n<\/li>\n<li>\n<p class=\"ds-markdown-paragraph\">Uitsluitend gebruiken in gecontroleerde laboratoriumomgeving<\/p>\n<\/li>\n<li>\n<p class=\"ds-markdown-paragraph\">Vermijd direct contact met huid\/ogen<\/p>\n<\/li>\n<\/ul>\n<p class=\"ds-markdown-paragraph\">\u26a0\u00a0<strong>Juridische status:<\/strong><\/p>\n<ul>\n<li>\n<p class=\"ds-markdown-paragraph\">In Nederland gereguleerd onder de Opiumwet<\/p>\n<\/li>\n<li>\n<p class=\"ds-markdown-paragraph\">EU-brede beperkingen mogelijk van toepassing<\/p>\n<\/li>\n<li>\n<p class=\"ds-markdown-paragraph\">Aankoopverantwoordelijkheid ligt bij onderzoeker<\/p>\n<\/li>\n<\/ul>\n<hr \/>\n<h3><strong>Waarom RC+ Moxy 10mg Blister?<\/strong><\/h3>\n<p class=\"ds-markdown-paragraph\">\u2705\u00a0<strong>Contr\u00f4le qualit\u00e9 avanc\u00e9<\/strong>\u00a0\u2013 Elke batch onafhankelijk getest<br \/>\n\u2705\u00a0<strong>Exp\u00e9dition discr\u00e8te<\/strong>\u00a0\u2013 Volledig anonieme verpakking<br \/>\n\u2705\u00a0<strong>Livraison rapide dans l&#039;UE<\/strong>\u00a0\u2013 Voorradig in Europese warehouses<br \/>\n\u2705\u00a0<strong>Documentation scientifique<\/strong> \u2013 Gedetailleerde productinformatie beschikbaar.<a title=\"G\u00e9lules de 2C-EF 2 mg\" href=\"https:\/\/researchchemworld.com\/fr_be\/boutique\/phenethylamine\/gelules-2c-ef-2-mg\/\" target=\"_blank\" rel=\"noopener\">G\u00e9lules de 2C-EF 2 mg<\/a><\/p>","protected":false},"excerpt":{"rendered":"<p><strong>CAS Nummer:<\/strong> 96096-55-8<br \/>\n<strong>Formule:<\/strong> N-[2-(5-methoxy-1H-indol-3-yl)ethyl]-N-methylpropan-2-amine<br \/>\n<strong>Molmassa:<\/strong> 246.354 g\u00b7mol<br \/>\n<strong>Zuiverheid:<\/strong> &gt;97%<\/p>\n","protected":false},"featured_media":29440,"comment_status":"closed","ping_status":"closed","template":"","meta":[],"product_brand":[82],"product_cat":[555],"product_tag":[824,826,825,326,827],"class_list":{"0":"post-24332","1":"product","2":"type-product","3":"status-publish","4":"has-post-thumbnail","6":"product_brand-research-chemical","7":"product_cat-b2b","8":"product_tag-5-meo-mipt-moxy","9":"product_tag-5-meo-mipt-moxy-purifie","10":"product_tag-moxy-5-meo-mipt","11":"product_tag-nl","12":"product_tag-purifie-moxy-5-meo-mipt","14":"first","15":"instock","16":"taxable","17":"shipping-taxable","18":"purchasable","19":"product-type-variable"},"_links":{"self":[{"href":"https:\/\/researchchemworld.com\/fr_be\/wp-json\/wp\/v2\/product\/24332","targetHints":{"allow":["GET"]}}],"collection":[{"href":"https:\/\/researchchemworld.com\/fr_be\/wp-json\/wp\/v2\/product"}],"about":[{"href":"https:\/\/researchchemworld.com\/fr_be\/wp-json\/wp\/v2\/types\/product"}],"replies":[{"embeddable":true,"href":"https:\/\/researchchemworld.com\/fr_be\/wp-json\/wp\/v2\/comments?post=24332"}],"version-history":[{"count":3,"href":"https:\/\/researchchemworld.com\/fr_be\/wp-json\/wp\/v2\/product\/24332\/revisions"}],"predecessor-version":[{"id":25994,"href":"https:\/\/researchchemworld.com\/fr_be\/wp-json\/wp\/v2\/product\/24332\/revisions\/25994"}],"wp:featuredmedia":[{"embeddable":true,"href":"https:\/\/researchchemworld.com\/fr_be\/wp-json\/wp\/v2\/media\/29440"}],"wp:attachment":[{"href":"https:\/\/researchchemworld.com\/fr_be\/wp-json\/wp\/v2\/media?parent=24332"}],"wp:term":[{"taxonomy":"product_brand","embeddable":true,"href":"https:\/\/researchchemworld.com\/fr_be\/wp-json\/wp\/v2\/product_brand?post=24332"},{"taxonomy":"product_cat","embeddable":true,"href":"https:\/\/researchchemworld.com\/fr_be\/wp-json\/wp\/v2\/product_cat?post=24332"},{"taxonomy":"product_tag","embeddable":true,"href":"https:\/\/researchchemworld.com\/fr_be\/wp-json\/wp\/v2\/product_tag?post=24332"}],"curies":[{"name":"wp","href":"https:\/\/api.w.org\/{rel}","templated":true}]}}