{"id":27210,"date":"2025-08-14T11:12:54","date_gmt":"2025-08-14T11:12:54","guid":{"rendered":"https:\/\/researchchemworld.com\/?page_id=27210"},"modified":"2026-01-06T04:35:46","modified_gmt":"2026-01-06T04:35:46","slug":"vrijeme-isporuke-i-troskovi-dostave","status":"publish","type":"page","link":"https:\/\/researchchemworld.com\/hr\/vrijeme-isporuke-i-troskovi-dostave\/","title":{"rendered":"Vrijeme isporuke i tro\u0161kovi dostave"},"content":{"rendered":"<p>Vrijeme isporuke i tro\u0161kovi dostave<br>Trudimo se \u0161to br\u017ee isporu\u010diti va\u0161u narud\u017ebu. Narud\u017ebe izvr\u0161ene radnim danom prije 17:00 sati \u0161alju se isti dan. Me\u0111utim, to nije uvijek mogu\u0107e; ponekad proizvodi nisu na zalihi, pa dostava mo\u017ee potrajati malo du\u017ee. Vrijeme isporuke navedeno je na stranici proizvoda. Ako iz bilo kojeg razloga ne mo\u017eemo ispo\u0161tovati ovo vrijeme isporuke, naravno \u0107emo vas obavijestiti u najkra\u0107em mogu\u0107em roku.<\/p>\n\n\n\n<p>Nakon \u0161to obavite kupnju, poslat \u0107emo vam e-poruku s potvrdom. Ona sadr\u017ei broj va\u0161e narud\u017ebe koji mo\u017eete koristiti za provjeru statusa kupnje. Nakon \u0161to va\u0161a narud\u017eba bude zapakirana i poslana, primit \u0107ete jo\u0161 jednu e-poruku s detaljima o va\u0161oj kupnji. Preporu\u010dujemo da provjerite mapu ne\u017eeljene po\u0161te jer je e-poruka s potvrdom mo\u017eda zavr\u0161ila tamo. Ako niste primili e-poruku nakon jednog radnog dana i provjerili ste mapu ne\u017eeljene po\u0161te, odmah nas kontaktirajte.<\/p>\n\n\n\n<p>Global Source Chemicals Delivery Service<br>Bestellingen in Nederland die v\u00f3\u00f3r 17:00 uur bij researchchemicallab.eu worden geplaatst, worden de volgende werkdag bezorgd, met uitzondering van de Waddeneilanden vanwege vertragingen door boottransport. PostNL zorgt voor een veilige en snelle levering. Bij besteding vanaf \u20ac 50 in onze webshop is de verzending binnen Nederland gratis.<\/p>\n\n\n\n<p>Diskretno i anonimno pakiranje<br>Na\u0161i proizvodi su diskretno i anonimno pakirani, tako da nitko ne mo\u017ee vidjeti \u0161to ste naru\u010dili. Na vanjskoj strani paketa otisnuta je samo va\u0161a adresa za dostavu.<\/p>\n\n\n\n<p>Dostava va\u0161ih narud\u017ebi<br>Om uw bestelling te ontvangen, moet u op de bezorgdag thuis zijn. Bent u niet thuis, dan wordt de bestelling, afhankelijk van de vervoerder, meerdere keren opnieuw ingediend. Bent u dan nog steeds niet thuis, dan probeert de bezorger het bij de buren af te leveren of naar een nabijgelegen afhaalpunt te brengen. De bezorger laat u altijd via een briefje weten waar uw pakket zich bevindt. researchchemicallab.eu zorgt voor de bezorging bij het afhaalpunt, waarna u het zelf moet ophalen. Levering vindt doorgaans plaats van dinsdag tot en met zaterdag tussen 08:00 en 18:00 uur. We kunnen geen exacte levertijden garanderen vanwege de afhankelijkheid van de vervoerder.<\/p>\n\n\n\n<p>Tro\u0161kovi dostave i dostave u europske zemlje<br>U Nizozemskoj mo\u017eete birati izme\u0111u sljede\u0107ih opcija dostave:<\/p>\n\n\n\n<p>Po\u0161tanski sandu\u010di\u0107 s opcijom pra\u0107enja, tako da mo\u017eete pratiti svoju narud\u017ebu, za 4,75 \u20ac. Narud\u017ebe iznad 50 \u20ac dostavljaju se besplatno unutar Nizozemske.<\/p>\n\n\n\n<p>U Belgiji su opcije:<\/p>\n\n\n\n<p>Po\u0161tanski paket s pra\u0107enjem za 9,95 \u20ac. Narud\u017ebe iznad 100 \u20ac dostavljaju se besplatno unutar Belgije.<\/p>\n\n\n\n<p>Napomena: Narud\u017ebe izvan Nizozemske \u0161alju se na vlastiti rizik! (Trenutne cijene i na\u010dine dostave potra\u017eite na na\u0161oj stranici za pla\u0107anje.)<\/p>\n\n\n\n<p>U nastavku mo\u017eete prona\u0107i tablicu s tro\u0161kovima dostave po dr\u017eavama:<\/p>\n\n\n\n<p>Smjernice za sigurnost proizvoda<br>We benadrukken dat onze researchchemicallab.eu uitsluitend bedoeld zijn voor onderzoeksdoeleinden en niet voor persoonlijk gebruik. Raadpleeg onze algemene voorwaarden en veiligheidsrichtlijnen voordat u een aankoop doet bij researchchemicallab.eu Als u om welke reden dan ook niet tevreden bent met uw bestelling, bekijk dan ons retourbeleid.<\/p>\n\n\n\n<p><\/p>","protected":false},"excerpt":{"rendered":"<p>Levertijd en verzendkostenWe doen ons best om de bestelling zo snel mogelijk bij u af te leveren. Bestellingen die op<\/p>","protected":false},"author":1,"featured_media":0,"parent":0,"menu_order":0,"comment_status":"closed","ping_status":"closed","template":"","meta":{"footnotes":""},"class_list":["post-27210","page","type-page","status-publish","hentry"],"_links":{"self":[{"href":"https:\/\/researchchemworld.com\/hr\/wp-json\/wp\/v2\/pages\/27210","targetHints":{"allow":["GET"]}}],"collection":[{"href":"https:\/\/researchchemworld.com\/hr\/wp-json\/wp\/v2\/pages"}],"about":[{"href":"https:\/\/researchchemworld.com\/hr\/wp-json\/wp\/v2\/types\/page"}],"author":[{"embeddable":true,"href":"https:\/\/researchchemworld.com\/hr\/wp-json\/wp\/v2\/users\/1"}],"replies":[{"embeddable":true,"href":"https:\/\/researchchemworld.com\/hr\/wp-json\/wp\/v2\/comments?post=27210"}],"version-history":[{"count":3,"href":"https:\/\/researchchemworld.com\/hr\/wp-json\/wp\/v2\/pages\/27210\/revisions"}],"predecessor-version":[{"id":28543,"href":"https:\/\/researchchemworld.com\/hr\/wp-json\/wp\/v2\/pages\/27210\/revisions\/28543"}],"wp:attachment":[{"href":"https:\/\/researchchemworld.com\/hr\/wp-json\/wp\/v2\/media?parent=27210"}],"curies":[{"name":"radni list","href":"https:\/\/api.w.org\/{rel}","templated":true}]}}