{"id":27570,"date":"2025-09-23T07:05:38","date_gmt":"2025-09-23T07:05:38","guid":{"rendered":"https:\/\/researchchemworld.com\/?post_type=product&#038;p=27570"},"modified":"2026-02-19T10:58:40","modified_gmt":"2026-02-19T10:58:40","slug":"kupiti-4mmc","status":"publish","type":"product","link":"https:\/\/researchchemworld.com\/hr\/ducan\/okategoriserad\/kupiti-4mmc\/","title":{"rendered":"kupiti 4mmc"},"content":{"rendered":"<h1 data-start=\"660\" data-end=\"708\"><strong data-start=\"662\" data-end=\"706\">4-MMC (Mefedron) \u2013 Profil supstance i \u010desto postavljana pitanja<\/strong><\/h1>\n<h3 data-start=\"710\" data-end=\"732\"><strong data-start=\"714\" data-end=\"730\">Opis<\/strong><\/h3>\n<p data-start=\"733\" data-end=\"1149\">Kupite 4mmc, 4-MMC, ina\u010de bekannt als <strong data-start=\"757\" data-end=\"770\">Mefedron<\/strong>, povezano sa sinteti\u010dkom skupinom <strong data-start=\"808\" data-end=\"821\">Katinone<\/strong>Djeluje samo po sebi s psihoaktivnom tvari, koja se u 2000-ima kao sogenannte <strong data-start=\"910\" data-end=\"933\">Istra\u017eivanje kemikalija<\/strong> (RC) auftauchte. Aufgrund ihrer <strong data-start=\"966\" data-end=\"1009\">stimuliraju\u0107i i empatogeni u\u010dinak<\/strong> Kad bi djelovali kao &quot;legalni drogirani&quot;, bili bi za\u0161ti\u0107eni u Saveznoj dr\u017eavi, a i u Njema\u010dkoj, <strong data-start=\"1117\" data-end=\"1140\">zakonski zabranjeno<\/strong> postao.<\/p>\n<p data-start=\"1151\" data-end=\"1386\">Mefedron je kemijski srodan njemu. <strong data-start=\"1187\" data-end=\"1203\">Amfetamini<\/strong> i <strong data-start=\"1208\" data-end=\"1216\">MDMA<\/strong> i mi smo visoki u obliku <strong data-start=\"1245\" data-end=\"1280\">Prah, kristali ili kapsule<\/strong> ponude. Danas je tako\u0111er pozla\u0107eno <strong data-start=\"1310\" data-end=\"1328\">ilegalno suho<\/strong> s dobrim rizikom za zdravlje i dobrobit.<\/p>\n<h3 data-start=\"1393\" data-end=\"1432\"><strong data-start=\"1397\" data-end=\"1430\">Djelovanje 4-MMC-a (mefedrona)<\/strong><\/h3>\n<p data-start=\"1433\" data-end=\"1503\">Rad je moj <strong data-start=\"1455\" data-end=\"1468\">kratkotrajan<\/strong> i drugi stimulansi:<\/p>\n<ul data-start=\"1504\" data-end=\"1691\">\n<li data-start=\"1504\" data-end=\"1549\">\n<p data-start=\"1506\" data-end=\"1549\">Visina <strong data-start=\"1514\" data-end=\"1526\">Euforija<\/strong> i <strong data-start=\"1531\" data-end=\"1547\">Dru\u017eeljubivost<\/strong><\/p>\n<\/li>\n<li data-start=\"1550\" data-end=\"1616\">\n<p data-start=\"1552\" data-end=\"1616\">Intenzivni te\u010dajevi <strong data-start=\"1563\" data-end=\"1579\">Wohlbefinden<\/strong> i skela <strong data-start=\"1596\" data-end=\"1614\">konverzacijske sposobnosti<\/strong><\/p>\n<\/li>\n<li data-start=\"1617\" data-end=\"1659\">\n<p data-start=\"1619\" data-end=\"1659\">Visina <strong data-start=\"1627\" data-end=\"1657\">U\u010destalost srca i otisak krvi<\/strong><\/p>\n<\/li>\n<li data-start=\"1660\" data-end=\"1691\">\n<p data-start=\"1662\" data-end=\"1691\">Dodirivanje mrlje<\/p>\n<\/li>\n<\/ul>\n<h3 data-start=\"1698\" data-end=\"1732\"><strong data-start=\"1702\" data-end=\"1730\">Rizik i neposredna posljedica<\/strong><\/h3>\n<p data-start=\"1733\" data-end=\"1813\">Der Konsum von Mephedron ist mit <strong data-start=\"1766\" data-end=\"1800\">ozbiljni zdravstveni rizici<\/strong> povezano:<\/p>\n<ul data-start=\"1814\" data-end=\"2094\">\n<li data-start=\"1814\" data-end=\"1893\">\n<p data-start=\"1816\" data-end=\"1893\"><strong data-start=\"1816\" data-end=\"1844\">Porez na Heart-Round-Run<\/strong> (Herzrasen, Bluthochdruck, Herzinfarkt-Risiko)<\/p>\n<\/li>\n<li data-start=\"1894\" data-end=\"1965\">\n<p data-start=\"1896\" data-end=\"1965\"><strong data-start=\"1896\" data-end=\"1918\">Psihi\u010dki u\u010dinci<\/strong> wie Angstzust\u00e4nde, Paranoia, Schlaflosigkeit<\/p>\n<\/li>\n<li data-start=\"1966\" data-end=\"2020\">\n<p data-start=\"1968\" data-end=\"2020\"><strong data-start=\"1968\" data-end=\"1994\">Potencijalna sposobnost prianjanja<\/strong> kod redovite potro\u0161nje<\/p>\n<\/li>\n<li data-start=\"2021\" data-end=\"2094\">\n<p data-start=\"2023\" data-end=\"2094\"><strong data-start=\"2023\" data-end=\"2053\">Akute \u00dcberdosierungsgefahr<\/strong> durch unsichere Cleanheit und Dosierung<\/p>\n<\/li>\n<\/ul>\n<h3 data-start=\"2101\" data-end=\"2136\"><strong data-start=\"2105\" data-end=\"2134\">Sudski postupci u Njema\u010dkoj<\/strong><\/h3>\n<ul data-start=\"2137\" data-end=\"2384\">\n<li data-start=\"2137\" data-end=\"2232\">\n<p data-start=\"2139\" data-end=\"2232\">4-MMC se nalazi u Njema\u010dkoj <strong data-start=\"2164\" data-end=\"2175\">ilegalno<\/strong> i padne ispod <strong data-start=\"2196\" data-end=\"2229\">Zakon o poreznim propisima (BtMG)<\/strong>.<\/p>\n<\/li>\n<li data-start=\"2233\" data-end=\"2287\">\n<p data-start=\"2235\" data-end=\"2287\">Besitz, Handel oder Herstellung sind <strong data-start=\"2272\" data-end=\"2284\">ka\u017enjiv<\/strong>.<\/p>\n<\/li>\n<li data-start=\"2288\" data-end=\"2384\">\n<p data-start=\"2290\" data-end=\"2384\">Der Kauf (&quot;kupiti&quot;) im Internet ist <strong data-start=\"2325\" data-end=\"2343\">zakonski propis<\/strong> i mo\u017ee biti kazneno gonjen.<\/p>\n<\/li>\n<\/ul>\n<h2 data-start=\"2391\" data-end=\"2450\"><strong data-start=\"2394\" data-end=\"2448\">Osnovne informacije (FAQ) za 4-MMC (mefedron)<\/strong><\/h2>\n<p data-start=\"2452\" data-end=\"2575\"><strong data-start=\"2452\" data-end=\"2473\">1. Je li to bio 4-MMC?<\/strong><br data-start=\"2473\" data-end=\"2476\" \/>4-MMC (Mephedron) je sinteti\u010dki suhi sastojak iz skupine <strong data-start=\"2541\" data-end=\"2572\">kathinonhaltigen tvari<\/strong>.<\/p>\n<p data-start=\"2577\" data-end=\"2779\"><strong data-start=\"2577\" data-end=\"2609\">2. Za\u0161to je 4-MMC zabranjen?<\/strong><br data-start=\"2609\" data-end=\"2612\" \/>Na\u010dini <strong data-start=\"2622\" data-end=\"2707\">zdravstveni rizici, zdravstvene koristi i medicinska skrb<\/strong> prona\u0111eni su u zemljama prema zakonodavstvu koje regulira zakonodavstvo.<\/p>\n<p data-start=\"2781\" data-end=\"2914\"><strong data-start=\"2781\" data-end=\"2817\">3. Kako se koristi mefedron?<\/strong><br data-start=\"2817\" data-end=\"2820\" \/>Radi <strong data-start=\"2829\" data-end=\"2876\">stimuliraju\u0107e, eufori\u010dno i empati\u010dno<\/strong>, tako\u0111er s MDMA-om ili amfetaminom.<\/p>\n<p data-start=\"2916\" data-end=\"3090\"><strong data-start=\"2916\" data-end=\"2958\">4. Koliko vam je udobno?<\/strong><br data-start=\"2958\" data-end=\"2961\" \/>Nebenefrungen reichen von <strong data-start=\"2988\" data-end=\"3022\">Herzrasen, \u00dcbelkeit, Schwitzen<\/strong> bis hin zu <strong data-start=\"3034\" data-end=\"3059\">psiholo\u0161ki poreme\u0107aji<\/strong> kao \u0161to su strah ili agresija.<\/p>\n<p data-start=\"3092\" data-end=\"3224\"><strong data-start=\"3092\" data-end=\"3130\">5. Je li 4-MMC legalan u Njema\u010dkoj?<\/strong><br data-start=\"3130\" data-end=\"3133\" \/>Ne, Mephedron je u Njema\u010dkoj. <strong data-start=\"3168\" data-end=\"3187\">strogo zabranjeno<\/strong>. Besitz und Verkauf ka\u017enjivo je zakonom.<\/p>\n<p data-start=\"3226\" data-end=\"3495\"><strong data-start=\"3226\" data-end=\"3261\">6. Jesu li dostupne pravne alternative?<\/strong><br data-start=\"3261\" data-end=\"3264\" \/>Ne postoji <strong data-start=\"3284\" data-end=\"3322\">sigurna ili legalna zamjenska roba<\/strong> s identi\u010dnim metodama rada. Seri\u00f6se Beratung empfiehlt ausschlie\u00dflich <strong data-start=\"3390\" data-end=\"3414\">zdrave alternative<\/strong> wie Sport, Ern\u00e4hrung und psychologische Unterst\u00fctzung zur Stimmungsaufhellung.<\/p>","protected":false},"excerpt":{"rendered":"<p>4-MMC (Mephedron) \u2013 Substanzprofil &amp; FAQ Beschreibung 4mmc kopen, 4-MMC, auch bekannt als Mephedron, geh\u00f6rt zur Gruppe der synthetischen Cathinone.<\/p>","protected":false},"featured_media":29270,"comment_status":"open","ping_status":"closed","template":"","meta":[],"product_brand":[],"product_cat":[1085],"product_tag":[],"class_list":{"0":"post-27570","1":"product","2":"type-product","3":"status-publish","4":"has-post-thumbnail","6":"product_cat-okategoriserad","8":"first","9":"instock","10":"taxable","11":"shipping-taxable","12":"purchasable","13":"product-type-variable"},"_links":{"self":[{"href":"https:\/\/researchchemworld.com\/hr\/wp-json\/wp\/v2\/product\/27570","targetHints":{"allow":["GET"]}}],"collection":[{"href":"https:\/\/researchchemworld.com\/hr\/wp-json\/wp\/v2\/product"}],"about":[{"href":"https:\/\/researchchemworld.com\/hr\/wp-json\/wp\/v2\/types\/product"}],"replies":[{"embeddable":true,"href":"https:\/\/researchchemworld.com\/hr\/wp-json\/wp\/v2\/comments?post=27570"}],"version-history":[{"count":3,"href":"https:\/\/researchchemworld.com\/hr\/wp-json\/wp\/v2\/product\/27570\/revisions"}],"predecessor-version":[{"id":29159,"href":"https:\/\/researchchemworld.com\/hr\/wp-json\/wp\/v2\/product\/27570\/revisions\/29159"}],"wp:featuredmedia":[{"embeddable":true,"href":"https:\/\/researchchemworld.com\/hr\/wp-json\/wp\/v2\/media\/29270"}],"wp:attachment":[{"href":"https:\/\/researchchemworld.com\/hr\/wp-json\/wp\/v2\/media?parent=27570"}],"wp:term":[{"taxonomy":"product_brand","embeddable":true,"href":"https:\/\/researchchemworld.com\/hr\/wp-json\/wp\/v2\/product_brand?post=27570"},{"taxonomy":"product_cat","embeddable":true,"href":"https:\/\/researchchemworld.com\/hr\/wp-json\/wp\/v2\/product_cat?post=27570"},{"taxonomy":"product_tag","embeddable":true,"href":"https:\/\/researchchemworld.com\/hr\/wp-json\/wp\/v2\/product_tag?post=27570"}],"curies":[{"name":"radni list","href":"https:\/\/api.w.org\/{rel}","templated":true}]}}