{"id":23335,"date":"2025-04-13T17:39:34","date_gmt":"2025-04-13T17:39:34","guid":{"rendered":"https:\/\/researchchemworld.com\/?post_type=product&#038;p=23335"},"modified":"2026-02-26T15:08:34","modified_gmt":"2026-02-26T15:08:34","slug":"4-acodet-20-mg-kulur","status":"publish","type":"product","link":"https:\/\/researchchemworld.com\/is\/bud\/4-aco-det\/4-acodet-20-mg-kulur\/","title":{"rendered":"4-AcO-DET 20 mg k\u00falur"},"content":{"rendered":"<h1>4-AcO-DET 20 mg k\u00falur \u2013 Fagleg g\u00e6\u00f0i fyrir v\u00edsindaranns\u00f3knir<\/h1>\n<h2>Inngangur<\/h2>\n<p>Hinn <strong>4-AcO-DET 20 mg k\u00falur<\/strong> eru h\u00e1g\u00e6\u00f0a ranns\u00f3knarefni fyrir v\u00edsindamenn og greinendur sem leita a\u00f0 \u00e1rei\u00f0anlegri og n\u00e1kv\u00e6mri sk\u00f6mmtun. \u00deessar k\u00falur eru framleiddar undir str\u00f6ngu g\u00e6\u00f0aeftirliti, sem tryggir a\u00f0 hver eining s\u00e9 n\u00e1kv\u00e6mlega <strong>20 mg af 4-AcO-DET<\/strong> inniheldur. \u00deetta tryggir endurtakanlegar og samr\u00e6mdar ni\u00f0urst\u00f6\u00f0ur \u00feegar eiginleikar \u00feessa efnasambands eru rannsaka\u00f0ir.<\/p>\n<h2>V\u00f6rueiginleikar<\/h2>\n<ul>\n<li><strong>N\u00e1kv\u00e6mur skammtur<\/strong>Hvert pilla inniheldur n\u00e1kv\u00e6mt magn af <strong>20 mg af 4-AcO-DET<\/strong>sem tryggir \u00e1rei\u00f0anlegar ranns\u00f3knarni\u00f0urst\u00f6\u00f0ur<\/li>\n<li><strong>Bjarts\u00fdni samsetningar<\/strong>Framleitt me\u00f0 lyfjafr\u00e6\u00f0ilegri n\u00e1kv\u00e6mni fyrir h\u00e1marks st\u00f6\u00f0ugleika og hreinleika<\/li>\n<li><strong>Au\u00f0velt \u00ed notkun<\/strong>Jafn l\u00f6gun k\u00falunnar au\u00f0veldar sk\u00f6mmtun og vinnslu<\/li>\n<li><strong>Langvarandi geymslu\u00feol<\/strong>S\u00e9rstaklega pakka\u00f0 til a\u00f0 koma \u00ed veg fyrir ni\u00f0urbrot vegna lj\u00f3ss, raka e\u00f0a s\u00farefnis<\/li>\n<\/ul>\n<h2>T\u00e6knilegar uppl\u00fdsingar<\/h2>\n<h3>Almennar uppl\u00fdsingar<\/h3>\n<ul>\n<li>Virkt innihaldsefni: 4-asetox\u00fd-N,N-d\u00edet\u00fdltryptam\u00edn (4-AcO-DET)<\/li>\n<li>Skammtur \u00ed hverri k\u00falu: 20 mg (\u00b1 0,5 mg \u00feol)<\/li>\n<li>L\u00edkamlegt form: Hringlaga, \u00fe\u00e9ttar k\u00falur<\/li>\n<li>R\u00e1\u00f0l\u00f6g\u00f0 geymsla: \u00deurr, vi\u00f0 stofuhita (15\u201325\u00b0C), vari\u00f0 gegn lj\u00f3si<\/li>\n<\/ul>\n<h2>Notkunarsvi\u00f0<\/h2>\n<p>\u00deessar k\u00falur eru eing\u00f6ngu \u00e6tla\u00f0ar fyrir:<\/p>\n<ul>\n<li>V\u00edsindalegar ranns\u00f3knir \u00e1 lyfjafr\u00e6\u00f0ilegum eiginleikum<\/li>\n<li>Efnagreiningarranns\u00f3knir<\/li>\n<li>Forkl\u00edn\u00edskar ranns\u00f3knir \u00ed st\u00fdr\u00f0u umhverfi<\/li>\n<\/ul>\n<h2>\u00d6ryggisreglur<\/h2>\n<ul>\n<li>A\u00f0eins til notkunar \u00ed faglegum ranns\u00f3knarstofumhverfi<\/li>\n<li>Pers\u00f3nulegur hl\u00edf\u00f0arb\u00fana\u00f0ur (ranns\u00f3knarstofusloppur, hanskar, \u00f6ryggisgleraugu) er nau\u00f0synlegur.<\/li>\n<li>Ekki hentugt fyrir notkun in vivo<\/li>\n<li>For\u00f0ist snertingu vi\u00f0 h\u00fa\u00f0 og augu<\/li>\n<\/ul>\n<h2>Geymslur\u00e1\u00f0<\/h2>\n<p>Geymi\u00f0 \u00ed upprunalegum umb\u00fa\u00f0um \u00e1:<\/p>\n<ul>\n<li>Hitastig \u00e1 bilinu 15\u201325\u00b0C<\/li>\n<li>Rakastig &lt;60%<\/li>\n<li>Vernda\u00f0 gegn beinu s\u00f3larlj\u00f3si<\/li>\n<li>Fyrir utan mat og lyf<\/li>\n<\/ul>\n<h2>Uppl\u00fdsingar um umb\u00fa\u00f0ir<\/h2>\n<ul>\n<li>Sta\u00f0la\u00f0ar umb\u00fa\u00f0ir: 10 k\u00falur \u00ed hverri \u00feynnu<\/li>\n<li>Aukaumb\u00fa\u00f0ir: Lj\u00f3s\u00fe\u00e9tt \u00e1lpapp\u00edr<\/li>\n<li>Ytri umb\u00fa\u00f0ir: Svartur UV-\u00feolinn plast\u00edl\u00e1t<\/li>\n<\/ul>\n<h2>Mikilv\u00e6g athugasemd<\/h2>\n<p>\u00deessi vara er eing\u00f6ngu \u00e6tlu\u00f0 til ranns\u00f3kna fyrir h\u00e6fa s\u00e9rfr\u00e6\u00f0inga. H\u00fan er s\u00e9rstaklega ekki \u00e6tlu\u00f0 til neyslu fyrir menn e\u00f0a d\u00fdr. Kaupandi l\u00fdsir \u00fev\u00ed yfir a\u00f0 hann s\u00e9 me\u00f0vita\u00f0ur um og \u00e1byrgur fyrir \u00f6llum gildandi l\u00f6gum og regluger\u00f0um var\u00f0andi kaup, v\u00f6rslu og notkun \u00feessa efnis.<\/p>\n<h2>L\u00f6gleg sta\u00f0a<\/h2>\n<p>Sta\u00f0a 4-AcO-DET er mismunandi eftir l\u00f6gsagnarumd\u00e6mum. Kaupendur \u00e6ttu a\u00f0 kanna gildandi l\u00f6g \u00ed s\u00ednu landi\/sv\u00e6\u00f0i \u00e1\u00f0ur en \u00feeir kaupa. Seljandi ber enga \u00e1byrg\u00f0 \u00e1 lagalegum aflei\u00f0ingum sem kunna a\u00f0 lei\u00f0a af kaupum e\u00f0a eignarhaldi \u00feessarar v\u00f6ru.<\/p>\n<h2>G\u00e6\u00f0a\u00e1byrg\u00f0<\/h2>\n<p>V\u00f6rur okkar gangast undir:<\/p>\n<ul>\n<li>HPLC greining til a\u00f0 \u00e1kvar\u00f0a hreinleika<\/li>\n<li>Massagreining til a\u00f0 sta\u00f0festa au\u00f0kenni<\/li>\n<li>\u00d6rverufr\u00e6\u00f0ileg mengunarpr\u00f3f<\/li>\n<li>St\u00f6\u00f0ugleikaranns\u00f3knir<\/li>\n<\/ul>\n<p>Fyrir ranns\u00f3knarstofnanir og ranns\u00f3knarstofur bj\u00f3\u00f0um vi\u00f0 upp \u00e1 \u00edtarleg g\u00e6\u00f0avottor\u00f0 og greiningarsk\u00fdrslur ef \u00f3ska\u00f0 er.<\/p>\n<h2>Uppl\u00fdsingar um p\u00f6ntun<\/h2>\n<p>F\u00e1anlegt \u00ed mismunandi pakkningast\u00e6r\u00f0um:<\/p>\n<ul>\n<li>10 k\u00falur (grunnpakki)<\/li>\n<li>50 k\u00falur (ranns\u00f3knarpakki)<\/li>\n<li>100 k\u00falur (ranns\u00f3knarstofubirg\u00f0ir)<\/li>\n<\/ul>\n<p>S\u00e9rsni\u00f0nar umb\u00fa\u00f0ir og magn \u00ed lausu magni eru \u00ed bo\u00f0i ef \u00f3ska\u00f0 er eftir \u00fev\u00ed fyrir vi\u00f0urkenndar ranns\u00f3knarstofnanir.<a href=\"https:\/\/researchchemworld.com\/is\/bud\/lysergamid\/1cp-lsd\/\">1cP-LSD 150 MCG listabletti<\/a><\/p>\n<h2>T\u00e6knileg a\u00f0sto\u00f0<\/h2>\n<p>V\u00edsindaf\u00f3lk okkar er tilb\u00fai\u00f0 fyrir:<\/p>\n<ul>\n<li>R\u00e1\u00f0leggingar um skammta<\/li>\n<li>St\u00f6\u00f0ugleikavandam\u00e1l<\/li>\n<li>Leysnig\u00f6gn<\/li>\n<li>Samspilsranns\u00f3knir<\/li>\n<\/ul>\n<p>Ef \u00fe\u00fa hefur einhverjar t\u00e6knilegar spurningar um \u00feessa v\u00f6ru, vinsamlegast haf\u00f0u samband vi\u00f0 ranns\u00f3knardeild okkar.<\/p>\n<h2>Flutningsskilyr\u00f0i<\/h2>\n<p>Allar sendingar innihalda:<\/p>\n<ul>\n<li>\u00d6ryggisbl\u00f6\u00f0 efnis (MSDS)<\/li>\n<li>Greiningarvottor\u00f0<\/li>\n<li>L\u00f6gbo\u00f0nar lagalegar vi\u00f0varanir<\/li>\n<\/ul>\n<p>Flutningur fer fram \u00ed samr\u00e6mi vi\u00f0 al\u00fej\u00f3\u00f0legar lei\u00f0beiningar um efnafr\u00e6\u00f0ileg efni.<a href=\"https:\/\/researchchemworld.com\/is\/bud\/pellets\/o-dsmt-50-mg-kulur\/\">O-DSMT 50 mg k\u00falur<\/a><\/p>\n<h2>Fyrirvari<\/h2>\n<p>\u00deessi vara er ekki \u00e6tlu\u00f0 til manneldis og \u00e6tti a\u00f0eins a\u00f0 vera notu\u00f0 af \u00fej\u00e1lfu\u00f0u starfsf\u00f3lki \u00ed st\u00fdr\u00f0u ranns\u00f3knarumhverfi. Seljandi ber enga \u00e1byrg\u00f0 \u00e1 \u00f3heimilli notkun e\u00f0a vanr\u00e6kslu vi\u00f0 notkun \u00feessarar v\u00f6ru.<a href=\"https:\/\/researchchemworld.com\/is\/bud\/iboga-ibogain\/kaupa-ibogaine-hcl-a-netinu\/\">Kaupa \u00edb\u00f3gain HCL<\/a><\/p>\n<p>&nbsp;<\/p>","protected":false},"excerpt":{"rendered":"<p>4-AcO-DET 20 mg k\u00falur \u2013 Fagleg g\u00e6\u00f0i fyrir v\u00edsindaranns\u00f3knir Inngangur 4-AcO-DET 20 mg k\u00falurnar eru h\u00e1g\u00e6\u00f0a ranns\u00f3knarefni fyrir v\u00edsindamenn<\/p>","protected":false},"featured_media":29237,"comment_status":"closed","ping_status":"closed","template":"","meta":[],"product_brand":[82],"product_cat":[533,534,324,381],"product_tag":[628,626,326],"class_list":{"0":"post-23335","1":"product","2":"type-product","3":"status-publish","4":"has-post-thumbnail","6":"product_brand-research-chemical","7":"product_cat-4-aco-det","8":"product_cat-4-aco-det-pellets","9":"product_cat-pellets-for-pellet","10":"product_cat-tryptamines","11":"product_tag-4-aco-det","12":"product_tag-bromazolam-pellets","13":"product_tag-nl","15":"first","16":"instock","17":"taxable","18":"shipping-taxable","19":"purchasable","20":"product-type-variable"},"_links":{"self":[{"href":"https:\/\/researchchemworld.com\/is\/wp-json\/wp\/v2\/product\/23335","targetHints":{"allow":["GET"]}}],"collection":[{"href":"https:\/\/researchchemworld.com\/is\/wp-json\/wp\/v2\/product"}],"about":[{"href":"https:\/\/researchchemworld.com\/is\/wp-json\/wp\/v2\/types\/product"}],"replies":[{"embeddable":true,"href":"https:\/\/researchchemworld.com\/is\/wp-json\/wp\/v2\/comments?post=23335"}],"version-history":[{"count":4,"href":"https:\/\/researchchemworld.com\/is\/wp-json\/wp\/v2\/product\/23335\/revisions"}],"predecessor-version":[{"id":26344,"href":"https:\/\/researchchemworld.com\/is\/wp-json\/wp\/v2\/product\/23335\/revisions\/26344"}],"wp:featuredmedia":[{"embeddable":true,"href":"https:\/\/researchchemworld.com\/is\/wp-json\/wp\/v2\/media\/29237"}],"wp:attachment":[{"href":"https:\/\/researchchemworld.com\/is\/wp-json\/wp\/v2\/media?parent=23335"}],"wp:term":[{"taxonomy":"product_brand","embeddable":true,"href":"https:\/\/researchchemworld.com\/is\/wp-json\/wp\/v2\/product_brand?post=23335"},{"taxonomy":"product_cat","embeddable":true,"href":"https:\/\/researchchemworld.com\/is\/wp-json\/wp\/v2\/product_cat?post=23335"},{"taxonomy":"product_tag","embeddable":true,"href":"https:\/\/researchchemworld.com\/is\/wp-json\/wp\/v2\/product_tag?post=23335"}],"curies":[{"name":"wp","href":"https:\/\/api.w.org\/{rel}","templated":true}]}}