{"id":24179,"date":"2025-04-13T17:41:13","date_gmt":"2025-04-13T17:41:13","guid":{"rendered":"https:\/\/researchchemworld.com\/?post_type=product&#038;p=24179"},"modified":"2026-02-25T17:12:41","modified_gmt":"2026-02-25T17:12:41","slug":"bromazolam-25mg-box","status":"publish","type":"product","link":"https:\/\/researchchemworld.com\/is\/bud\/fyrirtaeki-til-fyrirtaekja\/bromazolam-25mg-box\/","title":{"rendered":"RC+ Br\u00f3mas\u00f3lam 2,5 mg kassi"},"content":{"rendered":"<h1><strong>Bromazolam 2,5 mg kassi \u2013 Eigindleg ranns\u00f3knarefni<\/strong><\/h1>\n<p class=\"ds-markdown-paragraph\"><strong>V\u00f6ruheiti:<\/strong>\u00a0RC+ Br\u00f3mas\u00f3lam 2,5 mg \u00ed hverri t\u00f6flu (kassi)<br \/>\n<strong>Helsta virka efni\u00f0:<\/strong><br \/>\n<strong>Efnisyfirlit:<\/strong>\u00a02,5 mg \u00ed hverri t\u00f6flu, pakka\u00f0 \u00ed handh\u00e6gum kassa<br \/>\n<strong>Hentar fyrir:<\/strong>\u00a0V\u00edsindaranns\u00f3knir (ekki til manneldis)<a title=\"1V-LSD 150 MCG \u00feynnur\" href=\"https:\/\/researchchemworld.com\/is\/bud\/lysergamid\/1v-lsd-150-mcg-blotters\/\" target=\"_blank\" rel=\"noopener\">1V-LSD 150 MCG \u00feynnur<\/a><\/p>\n<p class=\"ds-markdown-paragraph\">er ranns\u00f3knarefni sem tilheyrir flokki bens\u00f3d\u00edazep\u00edna. \u00dea\u00f0 er \u00feekkt fyrir hugsanleg \u00e1hrif s\u00edn \u00ed v\u00edsindaranns\u00f3knum og er eing\u00f6ngu selt \u00ed ranns\u00f3knarskyni.<\/p>\n<h2><strong>Af hverju a\u00f0 kaupa RC+ 2,5 mg kassa?<\/strong><\/h2>\n<p class=\"ds-markdown-paragraph\">\u2705\u00a0<strong>H\u00e1g\u00e6\u00f0a:<\/strong>\u00a0Hreint og samr\u00e6mt framleitt fyrir \u00e1rei\u00f0anlegar ranns\u00f3knarni\u00f0urst\u00f6\u00f0ur.<br \/>\n\u2705\u00a0<strong>N\u00e1kv\u00e6mlega skammta\u00f0:<\/strong>\u00a0Hver tafla inniheldur 2,5 mg af br\u00f3mazolami fyrir n\u00e1kv\u00e6mar tilraunir.<br \/>\n\u2705\u00a0<strong>\u00d6rugglega pakka\u00f0:<\/strong>\u00a0N\u00e6randi og fagmannleg umb\u00fa\u00f0ir.<br \/>\n\u2705\u00a0<strong>Hra\u00f0 afhending:<\/strong>\u00a0Panta\u00f0 fyrir kl. 15:00? Sendist oft sama dag!<a title=\"2-CMC 250 mg k\u00falur\" href=\"https:\/\/researchchemworld.com\/is\/bud\/katinon\/kaupa-2-cm\/\" target=\"_blank\" rel=\"noopener\">2-CMC 250 mg k\u00falur<\/a><\/p>\n<h2><strong>Mikilv\u00e6gar uppl\u00fdsingar um notkun<\/strong><\/h2>\n<p class=\"ds-markdown-paragraph\">\u26a0\ufe0f\u00a0<strong>Eing\u00f6ngu \u00ed ranns\u00f3knarskyni<\/strong>\u00a0\u2013 Ekki \u00e6tla\u00f0 til neyslu manna e\u00f0a d\u00fdra.<br \/>\n\u26a0\ufe0f\u00a0<strong>Geymslur\u00e1\u00f0:<\/strong>\u00a0Geymi\u00f0 \u00feurrt og \u00fear sem b\u00f6rn n\u00e1 ekki til.<\/p>\n<h2><strong>Panta\u00f0u RC+ 2,5 mg kassa n\u00fana<\/strong><\/h2>\n<p class=\"ds-markdown-paragraph\">Ertu rannsakandi sem leitar a\u00f0 h\u00e1g\u00e6\u00f0a ranns\u00f3knarefnum? Panta\u00f0u \u00ed dag.\u00a0<strong>RC+ 2,5 mg kassi<\/strong>\u00a0og f\u00e1\u00f0u v\u00f6runa \u00fe\u00edna flj\u00f3tt!<a title=\"6-CL-ADBA\" href=\"https:\/\/researchchemworld.com\/is\/bud\/naestum-bannad\/6-cl-adba\/\" target=\"_blank\" rel=\"noopener\">6-CL-ADBA<\/a><\/p>","protected":false},"excerpt":{"rendered":"<p>Bromazolam 2,5 mg kassi \u2013 Eigindleg ranns\u00f3knarefni V\u00f6ruheiti: RC+ Bromazolam 2,5 mg \u00ed hverri t\u00f6flu (kassi) Helsta virka innihaldsefni\u00f0: Innihald: 2,5 mg \u00ed hverri t\u00f6flu, pakka\u00f0 \u00ed<\/p>","protected":false},"featured_media":29428,"comment_status":"closed","ping_status":"closed","template":"","meta":[],"product_brand":[82],"product_cat":[555],"product_tag":[174,183,184,176,175,178,177,180,326,179],"class_list":{"0":"post-24179","1":"product","2":"type-product","3":"status-publish","4":"has-post-thumbnail","6":"product_brand-research-chemical","7":"product_cat-b2b","8":"product_tag-bromazolam","9":"product_tag-bromazolam-bijwerkingen","10":"product_tag-bromazolam-dosing","11":"product_tag-bromazolam-ervaringen","12":"product_tag-bromazolam-kopen","13":"product_tag-bromazolam-na-drugs","14":"product_tag-bromazolam-psychonaut","15":"product_tag-hoe-lang-werkt-bromazolam","16":"product_tag-nl","17":"product_tag-wat-is-bromazolam","19":"first","20":"instock","21":"taxable","22":"shipping-taxable","23":"purchasable","24":"product-type-variable"},"_links":{"self":[{"href":"https:\/\/researchchemworld.com\/is\/wp-json\/wp\/v2\/product\/24179","targetHints":{"allow":["GET"]}}],"collection":[{"href":"https:\/\/researchchemworld.com\/is\/wp-json\/wp\/v2\/product"}],"about":[{"href":"https:\/\/researchchemworld.com\/is\/wp-json\/wp\/v2\/types\/product"}],"replies":[{"embeddable":true,"href":"https:\/\/researchchemworld.com\/is\/wp-json\/wp\/v2\/comments?post=24179"}],"version-history":[{"count":5,"href":"https:\/\/researchchemworld.com\/is\/wp-json\/wp\/v2\/product\/24179\/revisions"}],"predecessor-version":[{"id":26024,"href":"https:\/\/researchchemworld.com\/is\/wp-json\/wp\/v2\/product\/24179\/revisions\/26024"}],"wp:featuredmedia":[{"embeddable":true,"href":"https:\/\/researchchemworld.com\/is\/wp-json\/wp\/v2\/media\/29428"}],"wp:attachment":[{"href":"https:\/\/researchchemworld.com\/is\/wp-json\/wp\/v2\/media?parent=24179"}],"wp:term":[{"taxonomy":"product_brand","embeddable":true,"href":"https:\/\/researchchemworld.com\/is\/wp-json\/wp\/v2\/product_brand?post=24179"},{"taxonomy":"product_cat","embeddable":true,"href":"https:\/\/researchchemworld.com\/is\/wp-json\/wp\/v2\/product_cat?post=24179"},{"taxonomy":"product_tag","embeddable":true,"href":"https:\/\/researchchemworld.com\/is\/wp-json\/wp\/v2\/product_tag?post=24179"}],"curies":[{"name":"wp","href":"https:\/\/api.w.org\/{rel}","templated":true}]}}