{"id":24190,"date":"2025-04-13T17:41:13","date_gmt":"2025-04-13T17:41:13","guid":{"rendered":"https:\/\/researchchemworld.com\/?post_type=product&#038;p=24190"},"modified":"2026-02-26T11:10:54","modified_gmt":"2026-02-26T11:10:54","slug":"rc-fluor-4f-mph-30mg-box","status":"publish","type":"product","link":"https:\/\/researchchemworld.com\/is\/bud\/fyrirtaeki-til-fyrirtaekja\/rc-fluor-4f-mph-30mg-box\/","title":{"rendered":"RC+ Fl\u00faor 4F-MPH 30 mg kassi"},"content":{"rendered":"<h2>Fluor 4F-MPH 30 MG Box met 50 pellets<\/h2>\n<ul>\n<li><strong>Sm\u00e1s\u00f6luumb\u00fa\u00f0ir<br \/>\n<\/strong><\/li>\n<li><strong>Magn af k\u00falum \u00ed hverjum kassa: 50 (5 \u00feynnur)<\/strong><\/li>\n<li><strong>Ver\u00f0 \u00e1n VSK 21%<\/strong><\/li>\n<li><strong>Adviesverkoopprijs: \u20ac70,95 incl. BTW<\/strong><\/li>\n<\/ul>","protected":false},"excerpt":{"rendered":"<p>Fluor 4F-MPH 30 MG Kassi me\u00f0 50 k\u00falum Sm\u00e1s\u00f6luumb\u00fa\u00f0ir Magn k\u00falna \u00ed hverjum kassa: 50 (5 \u00feynnur) Ver\u00f0 \u00e1n VSK 21%<\/p>","protected":false},"featured_media":29435,"comment_status":"closed","ping_status":"closed","template":"","meta":[],"product_brand":[],"product_cat":[555],"product_tag":[571,326],"class_list":{"0":"post-24190","1":"product","2":"type-product","3":"status-publish","4":"has-post-thumbnail","6":"product_cat-b2b","7":"product_tag-4f-mph","8":"product_tag-nl","10":"first","11":"instock","12":"taxable","13":"shipping-taxable","14":"purchasable","15":"product-type-variable"},"_links":{"self":[{"href":"https:\/\/researchchemworld.com\/is\/wp-json\/wp\/v2\/product\/24190","targetHints":{"allow":["GET"]}}],"collection":[{"href":"https:\/\/researchchemworld.com\/is\/wp-json\/wp\/v2\/product"}],"about":[{"href":"https:\/\/researchchemworld.com\/is\/wp-json\/wp\/v2\/types\/product"}],"replies":[{"embeddable":true,"href":"https:\/\/researchchemworld.com\/is\/wp-json\/wp\/v2\/comments?post=24190"}],"version-history":[{"count":3,"href":"https:\/\/researchchemworld.com\/is\/wp-json\/wp\/v2\/product\/24190\/revisions"}],"predecessor-version":[{"id":28849,"href":"https:\/\/researchchemworld.com\/is\/wp-json\/wp\/v2\/product\/24190\/revisions\/28849"}],"wp:featuredmedia":[{"embeddable":true,"href":"https:\/\/researchchemworld.com\/is\/wp-json\/wp\/v2\/media\/29435"}],"wp:attachment":[{"href":"https:\/\/researchchemworld.com\/is\/wp-json\/wp\/v2\/media?parent=24190"}],"wp:term":[{"taxonomy":"product_brand","embeddable":true,"href":"https:\/\/researchchemworld.com\/is\/wp-json\/wp\/v2\/product_brand?post=24190"},{"taxonomy":"product_cat","embeddable":true,"href":"https:\/\/researchchemworld.com\/is\/wp-json\/wp\/v2\/product_cat?post=24190"},{"taxonomy":"product_tag","embeddable":true,"href":"https:\/\/researchchemworld.com\/is\/wp-json\/wp\/v2\/product_tag?post=24190"}],"curies":[{"name":"wp","href":"https:\/\/api.w.org\/{rel}","templated":true}]}}