{"id":24194,"date":"2025-04-13T17:41:13","date_gmt":"2025-04-13T17:41:13","guid":{"rendered":"https:\/\/researchchemworld.com\/?post_type=product&#038;p=24194"},"modified":"2026-02-26T11:24:34","modified_gmt":"2026-02-26T11:24:34","slug":"2-fma","status":"publish","type":"product","link":"https:\/\/researchchemworld.com\/is\/bud\/fyrirtaeki-til-fyrirtaekja\/2-fma\/","title":{"rendered":"RC+ Fluor 2-FMA 30 mg kassi"},"content":{"rendered":"<h2><strong>2-FMA<\/strong><\/h2>\n<p><strong>2-FMA<\/strong>\u00a0er efni sem vi\u00f0 seljum eing\u00f6ngu \u00ed ranns\u00f3knarskyni og er \u00fev\u00ed ekki \u00e6tla\u00f0 til manneldis. 2-FMA f\u00e6st \u00ed duftformi og h\u00e6gt er a\u00f0 rannsaka \u00fea\u00f0 \u00ed allt a\u00f0 tv\u00f6 \u00e1r \u00feegar \u00fea\u00f0 er geymt \u00ed r\u00e9ttu umhverfi.<a title=\"1V-LSD 150 MCG \u00feynnur\" href=\"https:\/\/researchchemworld.com\/is\/bud\/lysergamid\/1v-lsd-150-mcg-blotters\/\" target=\"_blank\" rel=\"noopener\">1V-LSD 150 MCG \u00feynnur<\/a><\/p>\n<p>\u00dear sem 2-FMA er eing\u00f6ngu \u00e6tla\u00f0 til ranns\u00f3kna en ekki til neyslu, er mikilv\u00e6gt a\u00f0 geyma 2-FMA \u00fear sem b\u00f6rn og g\u00e6lud\u00fdr n\u00e1 ekki til.<a title=\"6-CL-ADBA\" href=\"https:\/\/researchchemworld.com\/is\/bud\/naestum-bannad\/6-cl-adba\/\" target=\"_blank\" rel=\"noopener\">6-CL-ADBA<\/a><\/p>\n<p>Vi\u00f0 bj\u00f3\u00f0um upp \u00e1 h\u00e1g\u00e6\u00f0a ranns\u00f3knarefni \u00e1 sanngj\u00f6rnu ver\u00f0i. P\u00f6ntunin \u00fe\u00edn ver\u00f0ur send innan s\u00f3larhrings alla daga. Panta\u00f0u 2FMA \u00f6rugglega og flj\u00f3tt \u00ed gegnum okkur!<a title=\"2-CMC 250 mg k\u00falur\" href=\"https:\/\/researchchemworld.com\/is\/bud\/katinon\/kaupa-2-cm\/\" target=\"_blank\" rel=\"noopener\">2-CMC 250 mg k\u00falur<\/a><\/p>\n<h2>2-FMA eignir<\/h2>\n<p><strong>Samheiti<\/strong>Fl\u00faormetamfetam\u00edn<br \/>\n<strong>CAS-n\u00famer<\/strong>: 1780004-19-4<br \/>\n<strong>Form\u00fala<\/strong>C10H14FN \u2022 HCL<br \/>\n<strong>M\u00f3lmassi<\/strong>: 203,7 g\/m\u00f3l<br \/>\n<strong>Hreinleiki<\/strong>: \u226599%<\/p>\n<h2>H\u00e6ttuyfirl\u00fdsingar<\/h2>\n<p>2-FMA getur valdi\u00f0 ertingu \u00ed \u00f6ndunarf\u00e6rum<br \/>\n2-FMA getur valdi\u00f0 ertingu \u00ed <a href=\"http:\/\/google.nl\" target=\"_blank\" rel=\"noopener\">\u00fea\u00f0<\/a> augu valda<br \/>\n\u00dea\u00f0 er banna\u00f0 a\u00f0 losa ranns\u00f3knarefni \u00fat \u00ed umhverfi\u00f0<\/p>\n<p>2-FMA \u00cd AUGU: Skoli\u00f0 augun varlega me\u00f0 vatni \u00ed fimm m\u00edn\u00fatur. Fjarl\u00e6gi\u00f0 snertilinsur ef \u00fe\u00e6r eru til sta\u00f0ar og au\u00f0velt er a\u00f0 gera \u00fea\u00f0.<\/p>\n<p>2-FMA \u00cd SNERTINGU VI\u00d0 H\u00da\u00d0: \u00devoi\u00f0 h\u00fa\u00f0ina me\u00f0 s\u00e1pu og vatni.<\/p>\n<p>VI\u00d0 INN\u00d6NDUN 2-FMA: F\u00e6ri\u00f0 vi\u00f0komandi \u00fat \u00ed ferskt loft og haldi\u00f0 honum \u00ed \u00fe\u00e6gilegri \u00f6ndunarstellingu.<\/p>","protected":false},"excerpt":{"rendered":"<p><strong>Samheiti<\/strong>Fl\u00faormetamfetam\u00edn<br \/>\n<strong>CAS-n\u00famer<\/strong>: 1780004-19-4<br \/>\n<strong>Form\u00fala<\/strong>C10H14FN \u2022 HCL<br \/>\n<strong>M\u00f3lmassi<\/strong>: 203,7 g\/m\u00f3l<br \/>\n<strong>Hreinleiki<\/strong>: \u226599%<\/p>","protected":false},"featured_media":29433,"comment_status":"closed","ping_status":"closed","template":"","meta":[],"product_brand":[82],"product_cat":[555],"product_tag":[572,617,618,589,619,326],"class_list":{"0":"post-24194","1":"product","2":"type-product","3":"status-publish","4":"has-post-thumbnail","6":"product_brand-research-chemical","7":"product_cat-b2b","8":"product_tag-2-fma-kopen","9":"product_tag-2-fma","10":"product_tag-2fma","11":"product_tag-2fma-drugs","12":"product_tag-2fma-kopen","13":"product_tag-nl","15":"first","16":"instock","17":"taxable","18":"shipping-taxable","19":"purchasable","20":"product-type-variable"},"_links":{"self":[{"href":"https:\/\/researchchemworld.com\/is\/wp-json\/wp\/v2\/product\/24194","targetHints":{"allow":["GET"]}}],"collection":[{"href":"https:\/\/researchchemworld.com\/is\/wp-json\/wp\/v2\/product"}],"about":[{"href":"https:\/\/researchchemworld.com\/is\/wp-json\/wp\/v2\/types\/product"}],"replies":[{"embeddable":true,"href":"https:\/\/researchchemworld.com\/is\/wp-json\/wp\/v2\/comments?post=24194"}],"version-history":[{"count":4,"href":"https:\/\/researchchemworld.com\/is\/wp-json\/wp\/v2\/product\/24194\/revisions"}],"predecessor-version":[{"id":25400,"href":"https:\/\/researchchemworld.com\/is\/wp-json\/wp\/v2\/product\/24194\/revisions\/25400"}],"wp:featuredmedia":[{"embeddable":true,"href":"https:\/\/researchchemworld.com\/is\/wp-json\/wp\/v2\/media\/29433"}],"wp:attachment":[{"href":"https:\/\/researchchemworld.com\/is\/wp-json\/wp\/v2\/media?parent=24194"}],"wp:term":[{"taxonomy":"product_brand","embeddable":true,"href":"https:\/\/researchchemworld.com\/is\/wp-json\/wp\/v2\/product_brand?post=24194"},{"taxonomy":"product_cat","embeddable":true,"href":"https:\/\/researchchemworld.com\/is\/wp-json\/wp\/v2\/product_cat?post=24194"},{"taxonomy":"product_tag","embeddable":true,"href":"https:\/\/researchchemworld.com\/is\/wp-json\/wp\/v2\/product_tag?post=24194"}],"curies":[{"name":"wp","href":"https:\/\/api.w.org\/{rel}","templated":true}]}}