{"id":24256,"date":"2025-04-13T17:41:21","date_gmt":"2025-04-13T17:41:21","guid":{"rendered":"https:\/\/researchchemworld.com\/?post_type=product&#038;p=24256"},"modified":"2026-02-25T16:50:42","modified_gmt":"2026-02-25T16:50:42","slug":"rc-maxtc-poki-med-3-kulum","status":"publish","type":"product","link":"https:\/\/researchchemworld.com\/is\/bud\/fyrirtaeki-til-fyrirtaekja\/rc-maxtc-poki-med-3-kulum\/","title":{"rendered":"RC+ MaXTC poki 3 k\u00falur"},"content":{"rendered":"<h2><strong>MaXTC 5-MAPB\/4-FMA\/5-MeO-MiPT 75MG\/30MG\/3MG poki me\u00f0 3 k\u00f6gglum<\/strong><\/h2>\n<p>kaupa 4 fma, 4 fma, 4-fma,<\/p>\n<ul>\n<li><strong>Sm\u00e1s\u00f6luumb\u00fa\u00f0ir<br \/>\n<\/strong><\/li>\n<li><strong>Fj\u00f6ldi k\u00falna \u00ed hverjum poka: 3<\/strong><\/li>\n<li><strong>Ver\u00f0 \u00e1n VSK 21%<\/strong><\/li>\n<li><strong>R\u00e1\u00f0lagt sm\u00e1s\u00f6luver\u00f0: 29,95 evrur me\u00f0 VSK<\/strong><\/li>\n<\/ul>\n<p><a href=\"https:\/\/researchchemworld.com\/is\/bud\/lysergamid\/1cp-lsd-150-mcg\/\">1cP-LSD 150 MCG listabletti<\/a><a href=\"https:\/\/researchchemworld.com\/is\/bud\/pellets\/o-dsmt-50-mg-kulur\/\">O-DSMT 50 mg k\u00falur<\/a><a href=\"https:\/\/researchchemworld.com\/is\/bud\/lysergamid\/1v-lsd-150-mcg-blotters\/\">1V-LSD 150 MCG \u00feynnur<\/a><a href=\"https:\/\/researchchemworld.com\/is\/bud\/katinon\/kaupa-2-cm\/\">2-CMC 250 mg k\u00falur<\/a><a href=\"https:\/\/researchchemworld.com\/is\/bud\/fenetylamin\/2c-ef-2-mg-hylki\/\">2C-EF 2 mg hylki<\/a><\/p>","protected":false},"excerpt":{"rendered":"<p>MaXTC 5-MAPB\/4-FMA\/5-MeO-MiPT 75MG\/30MG\/3MG poki me\u00f0 3 k\u00falum 4 fma kaupa, 4 fma, 4-fma, Sm\u00e1s\u00f6luumb\u00fa\u00f0ir Fj\u00f6ldi k\u00falna \u00ed hverjum poka: 3 Ver\u00f0<\/p>","protected":false},"featured_media":29437,"comment_status":"closed","ping_status":"closed","template":"","meta":[],"product_brand":[],"product_cat":[555],"product_tag":[629,644,326],"class_list":{"0":"post-24256","1":"product","2":"type-product","3":"status-publish","4":"has-post-thumbnail","6":"product_cat-b2b","7":"product_tag-4-fma-kopen","8":"product_tag-4-fma","9":"product_tag-nl","11":"first","12":"instock","13":"taxable","14":"shipping-taxable","15":"purchasable","16":"product-type-variable"},"_links":{"self":[{"href":"https:\/\/researchchemworld.com\/is\/wp-json\/wp\/v2\/product\/24256","targetHints":{"allow":["GET"]}}],"collection":[{"href":"https:\/\/researchchemworld.com\/is\/wp-json\/wp\/v2\/product"}],"about":[{"href":"https:\/\/researchchemworld.com\/is\/wp-json\/wp\/v2\/types\/product"}],"replies":[{"embeddable":true,"href":"https:\/\/researchchemworld.com\/is\/wp-json\/wp\/v2\/comments?post=24256"}],"version-history":[{"count":2,"href":"https:\/\/researchchemworld.com\/is\/wp-json\/wp\/v2\/product\/24256\/revisions"}],"predecessor-version":[{"id":25919,"href":"https:\/\/researchchemworld.com\/is\/wp-json\/wp\/v2\/product\/24256\/revisions\/25919"}],"wp:featuredmedia":[{"embeddable":true,"href":"https:\/\/researchchemworld.com\/is\/wp-json\/wp\/v2\/media\/29437"}],"wp:attachment":[{"href":"https:\/\/researchchemworld.com\/is\/wp-json\/wp\/v2\/media?parent=24256"}],"wp:term":[{"taxonomy":"product_brand","embeddable":true,"href":"https:\/\/researchchemworld.com\/is\/wp-json\/wp\/v2\/product_brand?post=24256"},{"taxonomy":"product_cat","embeddable":true,"href":"https:\/\/researchchemworld.com\/is\/wp-json\/wp\/v2\/product_cat?post=24256"},{"taxonomy":"product_tag","embeddable":true,"href":"https:\/\/researchchemworld.com\/is\/wp-json\/wp\/v2\/product_tag?post=24256"}],"curies":[{"name":"wp","href":"https:\/\/api.w.org\/{rel}","templated":true}]}}