{"id":24330,"date":"2025-04-13T17:41:30","date_gmt":"2025-04-13T17:41:30","guid":{"rendered":"https:\/\/researchchemworld.com\/?post_type=product&#038;p=24330"},"modified":"2026-02-25T16:31:51","modified_gmt":"2026-02-25T16:31:51","slug":"fluor-4-120-mg-thynnupakkning","status":"publish","type":"product","link":"https:\/\/researchchemworld.com\/is\/bud\/fyrirtaeki-til-fyrirtaekja\/fluor-4-120-mg-thynnupakkning\/","title":{"rendered":"RC+ 4-fl\u00faor 120 mg \u00feynnupakkning"},"content":{"rendered":"<h2 class=\"ds-markdown-paragraph\"><strong>RC+ 4-fl\u00faor 120 mg \u00feynna \u2013 Fyrsta flokks ranns\u00f3knarefnafr\u00e6\u00f0i fyrir v\u00edsindalegar notkunar<\/strong><\/h2>\n<p class=\"ds-markdown-paragraph\"><strong>V\u00f6ruheiti:<\/strong>\u00a0RC+ 4-fl\u00faor (4-fl\u00faoramfetam\u00edn \/ 4-FA) \u2013 120 mg \u00ed hverri t\u00f6flu \u2013 \u00deynnupakkning<br \/>\n<strong>Flokkur:<\/strong>\u00a0Ranns\u00f3knarefni (\u00f6rvandi flokkur)<br \/>\n<strong>Gildissvi\u00f0:<\/strong> Taugaefnafr\u00e6\u00f0ileg ranns\u00f3kn og greiningarranns\u00f3kn.<a title=\"1cP-LSD 150 MCG listabletti\" href=\"https:\/\/researchchemworld.com\/is\/bud\/lysergamid\/1cp-lsd-150-mcg\/\" target=\"_blank\" rel=\"noopener\">1cP-LSD 150 MCG listabletti<\/a><\/p>\n<hr \/>\n<h3><strong>V\u00f6rueiginleikar: <span class=\"___SText_anxqe-ko_\" data-ui-name=\"Link.Text\">fl\u00faor 4<\/span><\/strong><\/h3>\n<p class=\"ds-markdown-paragraph\">\ud83d\udd2c\u00a0<strong>Mikil hreinleiki<\/strong>\u00a0\u2013 Bjarts\u00fdni fyrir n\u00e1kv\u00e6mar ranns\u00f3knarni\u00f0urst\u00f6\u00f0ur<br \/>\n\ud83d\udc8a\u00a0<strong>120 mg \u00ed hverri t\u00f6flu<\/strong>\u00a0\u2013 Sta\u00f0la\u00f0ur skammtur fyrir endurtakanlegar tilraunir<br \/>\n\ud83d\udce6\u00a0<strong>Fagleg \u00feynnupakkning<\/strong>\u00a0\u2013 Verndar gegn raka, lj\u00f3si og oxun<br \/>\n\ud83d\udcca\u00a0<strong>G\u00e6\u00f0aeftirlit<\/strong> \u2013 Greiningarsk\u00fdrslur um HPLC\/MS pr\u00f3fanir eru f\u00e1anlegar ef \u00f3ska\u00f0 er.<a title=\"1V-LSD 150 MCG \u00feynnur\" href=\"https:\/\/researchchemworld.com\/is\/bud\/lysergamid\/1v-lsd-150-mcg-blotters\/\" target=\"_blank\" rel=\"noopener\">1V-LSD 150 MCG \u00feynnur<\/a><\/p>\n<h3><strong>Um RC+ 4 fl\u00faor (4-FA):<\/strong><\/h3>\n<p class=\"ds-markdown-paragraph\">4-fl\u00faoramfetam\u00edn (4-FA) er ranns\u00f3knarefni me\u00f0 \u00f6rvandi og v\u00e6ga sl\u00edmmyndandi eiginleika, tengt amfetam\u00ednflokknum.<\/p>\n<p class=\"ds-markdown-paragraph\"><strong>A\u00f0alranns\u00f3knarsvi\u00f0:<\/strong><\/p>\n<ul>\n<li>\n<p class=\"ds-markdown-paragraph\">Losunarferli taugabo\u00f0efna<\/p>\n<\/li>\n<li>\n<p class=\"ds-markdown-paragraph\">Ranns\u00f3knir \u00e1 milliverkunum d\u00f3pam\u00edns\/ser\u00f3t\u00f3n\u00edns<\/p>\n<\/li>\n<li>\n<p class=\"ds-markdown-paragraph\">Samanbur\u00f0argreiningar \u00e1 lyfhrifum<\/p>\n<\/li>\n<\/ul>\n<p class=\"ds-markdown-paragraph\"><strong>Athugi\u00f0:<\/strong><\/p>\n<ul>\n<li>\n<p class=\"ds-markdown-paragraph\">A\u00f0eins til einkanota\u00a0<em>\u00ed tilraunaglasi<\/em>\u00a0ranns\u00f3knir<\/p>\n<\/li>\n<li>\n<p class=\"ds-markdown-paragraph\">Ekki til manneldis\/d\u00fdraneyslu<\/p>\n<\/li>\n<li>\n<p class=\"ds-markdown-paragraph\">Ekki til l\u00e6kninga e\u00f0a af\u00fereyingar<\/p>\n<\/li>\n<\/ul>\n<hr \/>\n<h3><strong>\u00d6ryggisuppl\u00fdsingar: <\/strong><strong><span class=\"___SText_anxqe-ko_\" data-ui-name=\"Link.Text\">fl\u00faor 4<\/span><\/strong><\/h3>\n<p class=\"ds-markdown-paragraph\">\u26a0\u00a0<strong>\u00d6ryggisreglur ranns\u00f3knarstofu:<\/strong><\/p>\n<ul>\n<li>\n<p class=\"ds-markdown-paragraph\">Noti\u00f0 pers\u00f3nuhl\u00edfar (hanska, ranns\u00f3knarstofuslopp).<a title=\"2-CMC 250 mg k\u00falur\" href=\"https:\/\/researchchemworld.com\/is\/bud\/katinon\/kaupa-2-cm\/\" target=\"_blank\" rel=\"noopener\">2-CMC 250 mg k\u00falur<\/a><\/p>\n<\/li>\n<li>\n<p class=\"ds-markdown-paragraph\">Vinna undir st\u00fdr\u00f0um a\u00f0st\u00e6\u00f0um<\/p>\n<\/li>\n<li>\n<p class=\"ds-markdown-paragraph\">For\u00f0ist snertingu vi\u00f0 h\u00fa\u00f0\/augu<\/p>\n<\/li>\n<\/ul>\n<p class=\"ds-markdown-paragraph\">\u26a0\u00a0<strong>L\u00f6gleg sta\u00f0a:<\/strong><\/p>\n<ul>\n<li>\n<p class=\"ds-markdown-paragraph\">L\u00f6ggilt \u00ed Hollandi samkv\u00e6mt\u00a0<strong>\u00d3p\u00eduml\u00f6gin<\/strong><\/p>\n<\/li>\n<li>\n<p class=\"ds-markdown-paragraph\">Takmarkanir kunna a\u00f0 eiga vi\u00f0 um allt ESB<\/p>\n<\/li>\n<li>\n<p class=\"ds-markdown-paragraph\">\u00c1byrg\u00f0 \u00e1 a\u00f0 fari\u00f0 s\u00e9 eftir reglum er hj\u00e1 kaupanda.<\/p>\n<\/li>\n<\/ul>\n<hr \/>\n<h3><strong>Af hverju a\u00f0 kaupa RC+ 4 Fluor lj\u00f3sin okkar?<\/strong><\/h3>\n<p class=\"ds-markdown-paragraph\">\u2705\u00a0<strong>\u00cdtarleg g\u00e6\u00f0aeftirlit<\/strong>\u00a0\u2013 S\u00e9rhver lota greind<br \/>\n\u2705\u00a0<strong>N\u00e6\u00f0i sendingar<\/strong>\u00a0\u2013 Hlutlausar umb\u00fa\u00f0ir \u00e1n merkinga<br \/>\n\u2705\u00a0<strong>Hra\u00f0 afhending til ESB<\/strong>\u00a0\u2013 Til \u00e1 lager fr\u00e1 evr\u00f3psku v\u00f6ruh\u00fasi<br \/>\n\u2705\u00a0<strong>V\u00edsindalegur stu\u00f0ningur<\/strong>\u00a0\u2013 \u00cdtarleg v\u00f6ruuppl\u00fdsingar<\/p>","protected":false},"excerpt":{"rendered":"<p><strong>CAS-n\u00famer:<\/strong> 52063-62-4<br \/>\n<strong>Form\u00fala:<\/strong> C10H14FN \u2022 HCL<br \/>\n<strong>M\u00f3lmassi:<\/strong> 203,7 g\/m\u00f3l<br \/>\n<strong>Hreinleiki:<\/strong> \u226599%<\/p>","protected":false},"featured_media":29424,"comment_status":"closed","ping_status":"closed","template":"","meta":[],"product_brand":[82],"product_cat":[555],"product_tag":[853,854,855,856,852,326],"class_list":{"0":"post-24330","1":"product","2":"type-product","3":"status-publish","4":"has-post-thumbnail","6":"product_brand-research-chemical","7":"product_cat-b2b","8":"product_tag-3-fluor-4-tributylstanyl-pyridine","9":"product_tag-4-fluor-amfetamine-74","10":"product_tag-4-fluor-amfetamine-kopen","11":"product_tag-4-fluor-amfetamine-wiki","12":"product_tag-fluor-4","13":"product_tag-nl","15":"first","16":"instock","17":"taxable","18":"shipping-taxable","19":"purchasable","20":"product-type-variable"},"_links":{"self":[{"href":"https:\/\/researchchemworld.com\/is\/wp-json\/wp\/v2\/product\/24330","targetHints":{"allow":["GET"]}}],"collection":[{"href":"https:\/\/researchchemworld.com\/is\/wp-json\/wp\/v2\/product"}],"about":[{"href":"https:\/\/researchchemworld.com\/is\/wp-json\/wp\/v2\/types\/product"}],"replies":[{"embeddable":true,"href":"https:\/\/researchchemworld.com\/is\/wp-json\/wp\/v2\/comments?post=24330"}],"version-history":[{"count":4,"href":"https:\/\/researchchemworld.com\/is\/wp-json\/wp\/v2\/product\/24330\/revisions"}],"predecessor-version":[{"id":25992,"href":"https:\/\/researchchemworld.com\/is\/wp-json\/wp\/v2\/product\/24330\/revisions\/25992"}],"wp:featuredmedia":[{"embeddable":true,"href":"https:\/\/researchchemworld.com\/is\/wp-json\/wp\/v2\/media\/29424"}],"wp:attachment":[{"href":"https:\/\/researchchemworld.com\/is\/wp-json\/wp\/v2\/media?parent=24330"}],"wp:term":[{"taxonomy":"product_brand","embeddable":true,"href":"https:\/\/researchchemworld.com\/is\/wp-json\/wp\/v2\/product_brand?post=24330"},{"taxonomy":"product_cat","embeddable":true,"href":"https:\/\/researchchemworld.com\/is\/wp-json\/wp\/v2\/product_cat?post=24330"},{"taxonomy":"product_tag","embeddable":true,"href":"https:\/\/researchchemworld.com\/is\/wp-json\/wp\/v2\/product_tag?post=24330"}],"curies":[{"name":"wp","href":"https:\/\/api.w.org\/{rel}","templated":true}]}}