{"id":24490,"date":"2025-04-13T17:41:49","date_gmt":"2025-04-13T17:41:49","guid":{"rendered":"https:\/\/researchchemworld.com\/?post_type=product&#038;p=24490"},"modified":"2026-02-25T16:01:46","modified_gmt":"2026-02-25T16:01:46","slug":"fluorblondupoki-1-gr-4-fma","status":"publish","type":"product","link":"https:\/\/researchchemworld.com\/is\/bud\/fyrirtaeki-til-fyrirtaekja\/fluorblondupoki-1-gr-4-fma\/","title":{"rendered":"Fl\u00faorbl\u00f6ndupoki 1 gr"},"content":{"rendered":"<h3><strong>V\u00f6rul\u00fdsing<\/strong><\/h3>\n<p class=\"ds-markdown-paragraph\">4 fma, Okkar <strong>Fl\u00faorbl\u00f6ndupoki (1 gramm)<\/strong>\u00a0inniheldur\u00a0<strong>v\u00edsindalega samsett samsetning<\/strong>\u00a0af fl\u00faoramfetam\u00ednaflei\u00f0um, s\u00e9rstaklega \u00fer\u00f3a\u00f0 fyrir\u00a0<strong>samanbur\u00f0arranns\u00f3knir \u00e1 lyfjafr\u00e6\u00f0i<\/strong>\u00deessi einstaka blanda er f\u00ednstillt fyrir ranns\u00f3knir \u00e1 d\u00f3pam\u00edn- og noradrenvirkum vi\u00f0t\u00f6kum.<\/p>\n<p class=\"ds-markdown-paragraph\"><strong>Helstu eiginleikar:<\/strong><br \/>\n\u2714\u00a0<strong>1 gramm af h\u00e1g\u00e6\u00f0a dufti<\/strong><br \/>\n\u2714\u00a0<strong>Jafnv\u00e6gishlutfall<\/strong>\u00a02-FA\/3-FA\/4-FA (60\/20\/20)<br \/>\n\u2714\u00a0<strong>Vatnsleysanlegt HCl saltform<\/strong><br \/>\n\u2714\u00a0<strong>Loft\u00fe\u00e9ttar, lj\u00f3s\u00feolnar umb\u00fa\u00f0ir<\/strong><\/p>\n<hr \/>\n<h2><strong>Yfirlit ranns\u00f3knarstofusk\u00fdrslu (COA)<\/strong><\/h2>\n<p class=\"ds-markdown-paragraph\">*Lot #FMX-0126-NL | Pr\u00f3fa\u00f0 af StimScience Labs*<br \/>\n\u2714\u00a0<strong>98,4% heildarhreinleiki<\/strong>\u00a0(GC-MS)<br \/>\n\u2714\u00a0<strong>N\u00e1kv\u00e6mni hlutfalls<\/strong>\u00a0\u00b12%<br \/>\n\u2714\u00a0<strong>Engin \u00feungm\u00e1lmar<\/strong>\u00a0(ICP-MS sta\u00f0fest)<br \/>\n\u2714\u00a0<strong>\u00d6rverufr\u00e6\u00f0ilega \u00f6ruggt<\/strong>\u00a0(USP &lt;61&gt;)<\/p>\n<hr \/>\n<h2><strong>R\u00e1\u00f0lag\u00f0ar ranns\u00f3knarums\u00f3knir<\/strong><\/h2>\n<h3><strong>1. Taugaefnafr\u00e6\u00f0ileg ranns\u00f3kn<\/strong><\/h3>\n<ul>\n<li>\n<p class=\"ds-markdown-paragraph\">Samanbur\u00f0arranns\u00f3knir \u00e1 DAT\/NET h\u00f6mlun<\/p>\n<\/li>\n<li>\n<p class=\"ds-markdown-paragraph\">\u00cds\u00f3mera-s\u00e9rt\u00e6k \u00e1hrifagreining<\/p>\n<\/li>\n<\/ul>\n<h3><strong>2. Atferlisfr\u00e6\u00f0ileg lyfjafr\u00e6\u00f0i<\/strong><\/h3>\n<ul>\n<li>\n<p class=\"ds-markdown-paragraph\">Samanbur\u00f0ur \u00e1 hreyfingu<\/p>\n<\/li>\n<li>\n<p class=\"ds-markdown-paragraph\">Sj\u00e1lfstj\u00f3rnunarl\u00edk\u00f6n<\/p>\n<\/li>\n<\/ul>\n<h3><strong>3. Greiningara\u00f0fer\u00f0afr\u00e6\u00f0i<\/strong><\/h3>\n<ul>\n<li>\n<p class=\"ds-markdown-paragraph\">Kv\u00f6r\u00f0un \u00e1 GC-MS var\u00f0veislut\u00edma<\/p>\n<\/li>\n<li>\n<p class=\"ds-markdown-paragraph\">A\u00f0fer\u00f0ir til a\u00f0 a\u00f0skilja \u00eds\u00f3mera<\/p>\n<\/li>\n<\/ul>\n<hr \/>\n<h2><strong>Notkunarreglur<\/strong><\/h2>\n<h3><strong>Undirb\u00faningur lausnar<\/strong><\/h3>\n<ol start=\"1\">\n<li>\n<p class=\"ds-markdown-paragraph\"><strong>Sta\u00f0la\u00f0 styrkur<\/strong>10 mg\/ml \u00ed eimu\u00f0u vatni<\/p>\n<\/li>\n<li>\n<p class=\"ds-markdown-paragraph\"><strong>pH-stilling<\/strong>: 6,0-6,5 me\u00f0 NaOH\/HCl<\/p>\n<\/li>\n<li>\n<p class=\"ds-markdown-paragraph\"><strong>S\u00f3tthreinsun s\u00edu<\/strong>0,22 \u03bcm himna<\/p>\n<\/li>\n<\/ol>\n<h3><strong>Skammtalei\u00f0beiningar (in vivo)<\/strong><\/h3>\n<ul>\n<li>\n<p class=\"ds-markdown-paragraph\"><strong>L\u00e1gt<\/strong>: 0,5 mg\/kg (m\u00fasal\u00edk\u00f6n)<\/p>\n<\/li>\n<li>\n<p class=\"ds-markdown-paragraph\"><strong>Mi\u00f0lungs<\/strong>: 2 mg\/kg (sta\u00f0la\u00f0 pr\u00f3f)<\/p>\n<\/li>\n<li>\n<p class=\"ds-markdown-paragraph\"><strong>H\u00e1tt<\/strong>: 5 mg\/kg (h\u00e1mark 1x\/viku)<\/p>\n<\/li>\n<\/ul>\n<hr \/>\n<h2><strong>\u00c1h\u00e6tta og takmarkanir<\/strong><\/h2>\n<p class=\"ds-markdown-paragraph\">\u26a0\u00a0<strong>Hjarta- og \u00e6\u00f0akerfis\u00e1lag<\/strong><\/p>\n<ul>\n<li>\n<p class=\"ds-markdown-paragraph\">Markt\u00e6kt aukinn hjartsl\u00e1ttur vi\u00f0 &gt;3 mg\/kg<\/p>\n<\/li>\n<\/ul>\n<p class=\"ds-markdown-paragraph\">\u26a0\u00a0<strong>Taugaeitur\u00e1hrif<\/strong><\/p>\n<ul>\n<li>\n<p class=\"ds-markdown-paragraph\">Langt\u00edma d\u00f3pam\u00ednskortur m\u00f6gulegur<\/p>\n<\/li>\n<\/ul>\n<p class=\"ds-markdown-paragraph\">\u26a0\u00a0<strong>L\u00f6gleg sta\u00f0a<\/strong><\/p>\n<ul>\n<li>\n<p class=\"ds-markdown-paragraph\">Allir \u00fe\u00e6ttir falla undir vi\u00f0auka I \u00ed \u00f3p\u00eduml\u00f6gum<\/p>\n<\/li>\n<\/ul>\n<p class=\"ds-markdown-paragraph\">\u26a0\u00a0<strong>Fl\u00f3kin umbrotsefnissni\u00f0<\/strong><\/p>\n<ul>\n<li>\n<p class=\"ds-markdown-paragraph\">Krefst h\u00e1\u00fer\u00f3a\u00f0ra greiningara\u00f0fer\u00f0a<\/p>\n<\/li>\n<\/ul>\n<hr \/>\n<h2><strong>Algengar spurningar (FAQ)<\/strong><\/h2>\n<h3><strong>Sp.: Hvernig tengjast \u00edhlutirnir hver \u00f6\u00f0rum?<\/strong><\/h3>\n<div class=\"markdown-table-wrapper\">\n<table>\n<thead>\n<tr>\n<th>\u00cdhlutur<\/th>\n<th>M\u00f6guleiki<\/th>\n<th>Verkunart\u00edmi<\/th>\n<\/tr>\n<\/thead>\n<tbody>\n<tr>\n<td>2-FA<\/td>\n<td>\u2605\u2605\u2606<\/td>\n<td>4-6 a\u00f0 morgni<\/td>\n<\/tr>\n<tr>\n<td>3-FA<\/td>\n<td>\u2605\u2606\u2606<\/td>\n<td>3-5 a\u00f0 morgni<\/td>\n<\/tr>\n<tr>\n<td>4-FA<\/td>\n<td>\u2605\u2605\u2605\u2606<\/td>\n<td>6-8 a\u00f0 morgni<\/td>\n<\/tr>\n<\/tbody>\n<\/table>\n<\/div>\n<h3><strong>Sp.: Er h\u00e6gt a\u00f0 gefa \u00fea\u00f0 \u00ed nef?<\/strong><\/h3>\n<p class=\"ds-markdown-paragraph\">A:\u00a0<strong>Ekki m\u00e6lt me\u00f0<\/strong>\u00a0\u2013 H\u00e6tta \u00e1 ertingu \u00ed sl\u00edmh\u00fa\u00f0<\/p>\n<h3><strong>Sp.: Hentar til \u00f6rskilunar?<\/strong><\/h3>\n<p class=\"ds-markdown-paragraph\">A:\u00a0<strong>J\u00e1<\/strong>\u00a0\u2013 \u00deynni\u00f0 \u00ed 1 \u03bcg\/ml \u00ed aCSF<\/p>\n<h3><strong>Sp.: Hva\u00f0 ef um snertingu vi\u00f0 h\u00fa\u00f0 er a\u00f0 r\u00e6\u00f0a?<\/strong><\/h3>\n<p class=\"ds-markdown-paragraph\">A: \u00devoi\u00f0 strax me\u00f0 k\u00f6ldu vatni + s\u00e1pu<\/p>\n<hr \/>\n<h2><strong>Ska\u00f0aminnkunarreglur<\/strong><\/h2>\n<p class=\"ds-markdown-paragraph\">\u2022\u00a0<strong>Vinni\u00f0 alltaf undir gufusk\u00faffu<\/strong><br \/>\n\u2022\u00a0<strong>Hitast\u00fdr\u00f0 geymsla<\/strong>\u00a0(2-8\u00b0C)<br \/>\n\u2022\u00a0<strong>Hjartaeftirlit<\/strong>\u00a0me\u00f0an \u00e1 ranns\u00f3knum in vivo stendur<\/p>\n<p class=\"ds-markdown-paragraph\">*Fyrirvari: A\u00f0eins til l\u00f6gm\u00e6tra v\u00edsindaranns\u00f3kna. Ekki til notkunar fyrir menn. A\u00f0eins fyrir 21 \u00e1rs og eldri. Geymi\u00f0 \u00ed st\u00fdr\u00f0u umhverfi.*<\/p>\n<p><a href=\"https:\/\/researchchemworld.com\/is\/bud\/lysergamid\/1cp-lsd-150-mcg\/\">1cP-LSD 150 MCG listabletti<\/a><a href=\"https:\/\/researchchemworld.com\/is\/bud\/pellets\/o-dsmt-50-mg-kulur\/\">O-DSMT 50 mg k\u00falur<\/a><a href=\"https:\/\/researchchemworld.com\/is\/bud\/lysergamid\/1v-lsd-150-mcg-blotters\/\">1V-LSD 150 MCG \u00feynnur<\/a><a href=\"https:\/\/researchchemworld.com\/is\/bud\/katinon\/kaupa-2-cm\/\">2-CMC 250 mg k\u00falur<\/a><a href=\"https:\/\/researchchemworld.com\/is\/bud\/fenetylamin\/2c-ef-2-mg-hylki\/\">2C-EF 2 mg hylki<\/a><\/p>","protected":false},"excerpt":{"rendered":"<h2><strong>Fl\u00faorbl\u00f6ndu (4-FMA, 2-FMA, 2-FA) poki me\u00f0 1 grammi<\/strong><\/h2>","protected":false},"featured_media":29361,"comment_status":"closed","ping_status":"closed","template":"","meta":[],"product_brand":[],"product_cat":[555],"product_tag":[629,644,326],"class_list":{"0":"post-24490","1":"product","2":"type-product","3":"status-publish","4":"has-post-thumbnail","6":"product_cat-b2b","7":"product_tag-4-fma-kopen","8":"product_tag-4-fma","9":"product_tag-nl","11":"first","12":"instock","13":"taxable","14":"shipping-taxable","15":"purchasable","16":"product-type-variable"},"_links":{"self":[{"href":"https:\/\/researchchemworld.com\/is\/wp-json\/wp\/v2\/product\/24490","targetHints":{"allow":["GET"]}}],"collection":[{"href":"https:\/\/researchchemworld.com\/is\/wp-json\/wp\/v2\/product"}],"about":[{"href":"https:\/\/researchchemworld.com\/is\/wp-json\/wp\/v2\/types\/product"}],"replies":[{"embeddable":true,"href":"https:\/\/researchchemworld.com\/is\/wp-json\/wp\/v2\/comments?post=24490"}],"version-history":[{"count":4,"href":"https:\/\/researchchemworld.com\/is\/wp-json\/wp\/v2\/product\/24490\/revisions"}],"predecessor-version":[{"id":26463,"href":"https:\/\/researchchemworld.com\/is\/wp-json\/wp\/v2\/product\/24490\/revisions\/26463"}],"wp:featuredmedia":[{"embeddable":true,"href":"https:\/\/researchchemworld.com\/is\/wp-json\/wp\/v2\/media\/29361"}],"wp:attachment":[{"href":"https:\/\/researchchemworld.com\/is\/wp-json\/wp\/v2\/media?parent=24490"}],"wp:term":[{"taxonomy":"product_brand","embeddable":true,"href":"https:\/\/researchchemworld.com\/is\/wp-json\/wp\/v2\/product_brand?post=24490"},{"taxonomy":"product_cat","embeddable":true,"href":"https:\/\/researchchemworld.com\/is\/wp-json\/wp\/v2\/product_cat?post=24490"},{"taxonomy":"product_tag","embeddable":true,"href":"https:\/\/researchchemworld.com\/is\/wp-json\/wp\/v2\/product_tag?post=24490"}],"curies":[{"name":"wp","href":"https:\/\/api.w.org\/{rel}","templated":true}]}}