{"id":24177,"date":"2025-04-13T17:41:13","date_gmt":"2025-04-13T17:41:13","guid":{"rendered":"https:\/\/researchchemworld.com\/?post_type=product&#038;p=24177"},"modified":"2026-02-25T17:11:40","modified_gmt":"2026-02-25T17:11:40","slug":"scatola-di-norflurazepam-rc-da-10-mg","status":"publish","type":"product","link":"https:\/\/researchchemworld.com\/it\/negozio\/b2b\/scatola-di-norflurazepam-rc-da-10-mg\/","title":{"rendered":"Scatola RC+ Norflurazepam da 10 mg"},"content":{"rendered":"<h2><strong>Norflurazepam: cosa devi sapere<\/strong><\/h2>\n<p>Il norflurazepam \u00e8 un derivato delle benzodiazepine con effetti sedativi, miorilassanti e ansiolitici. Sebbene a volte venga utilizzato come sonnifero o per l\u2019ansia, in molti paesi, tra cui Paesi Bassi e Belgio, <strong>non approvato<\/strong> per uso medicinale. A causa del rischio di abuso e dipendenza, spesso rientra nella <strong>Legge sull&#039;oppio<\/strong>.<\/p>\n<hr \/>\n<h3>\ud83d\udce6 Informazioni su Norflurazepam 10 mg (50 granuli)<\/h3>\n<h4>1. <strong>Stato giuridico<\/strong><\/h4>\n<ul>\n<li><strong>Paesi Bassi<\/strong>: Il norflurazepam \u00e8 attivo <strong>Elenco I della legge sull&#039;oppio<\/strong>. Il possesso, il commercio o la produzione senza autorizzazione sono punibili.<\/li>\n<li><strong>Belgio<\/strong>: Vietato anche ai sensi della <strong>leggi sulla droga<\/strong>. Non \u00e8 riconosciuto come medicinale.<a href=\"https:\/\/researchchemworld.com\/it\/negozio\/b2b\/rc-norflurazepam-5mg-box\/\">Scatola RC+ Norflurazepam 5 mg<\/a><\/li>\n<\/ul>\n<h4>2. <strong>Rischi per la salute<\/strong><\/h4>\n<ul>\n<li><strong>Alto rischio di dipendenza<\/strong>: Dipendenza sia fisica che psicologica.<\/li>\n<li><strong>Uso a lungo termine<\/strong> pu\u00f2 portare a:\n<ul>\n<li>Tolleranza (dose sempre pi\u00f9 elevata richiesta)<\/li>\n<li>Sintomi di astinenza come ansia, insonnia, convulsioni<\/li>\n<\/ul>\n<\/li>\n<li><strong>Combinazioni pericolose<\/strong>: L&#039;ingestione con alcol o altri depressori (come gli oppioidi) pu\u00f2 portare a depressione respiratoria e morte.<a title=\"6-CL-ADBA\" href=\"https:\/\/researchchemworld.com\/it\/negozio\/quasi-proibito\/6-cl-di-adba\/\" target=\"_blank\" rel=\"noopener\">6-CL-ADBA<\/a><\/li>\n<\/ul>\n<h4>3. <strong>Consulenza medica<\/strong><\/h4>\n<ul>\n<li>Usa questo rimedio <strong>solo sotto controllo medico<\/strong> nei paesi in cui \u00e8 legale.<\/li>\n<li>Soffri di abusi o dipendenza? <strong>Cerca aiuto professionale.<a title=\"Capsule 2C-EF da 2 mg\" href=\"https:\/\/researchchemworld.com\/it\/negozio\/fenetilammina\/capsule-2c-ef-2mg\/\" target=\"_blank\" rel=\"noopener\">Capsule 2C-EF da 2 mg<\/a><\/strong><\/li>\n<\/ul>\n<hr \/>\n<h3>\u26a0\ufe0fAvviso importante<\/h3>\n<p>Utilizzo <strong>Mai<\/strong> Norflurazepam senza prescrizione medica. Il commercio illegale \u2014 tramite Internet o tramite spacciatori ambulanti \u2014 comporta rischi notevoli:<\/p>\n<ul>\n<li>Possibile contaminazione delle pillole<\/li>\n<li>Dosaggio inaffidabile<\/li>\n<\/ul>\n<p>Per <strong>alternative sicure e legali<\/strong> Se hai problemi di sonno o disturbi d&#039;ansia, contatta il tuo <strong>medico di base o farmacista<\/strong>.<\/p>\n<p>&nbsp;<\/p>","protected":false},"excerpt":{"rendered":"<p>Norflurazepam: cosa c&#039;\u00e8 da sapere Il norflurazepam \u00e8 un derivato delle benzodiazepine con effetti sedativi, miorilassanti e ansiolitici. Anche se a volte \u00e8<\/p>","protected":false},"featured_media":29444,"comment_status":"closed","ping_status":"closed","template":"","meta":[],"product_brand":[82],"product_cat":[555],"product_tag":[326,132,137,135,134,136,133],"class_list":{"0":"post-24177","1":"product","2":"type-product","3":"status-publish","4":"has-post-thumbnail","6":"product_brand-research-chemical","7":"product_cat-b2b","8":"product_tag-nl","9":"product_tag-norflurazepam","10":"product_tag-norflurazepam-dosering","11":"product_tag-norflurazepam-ervaring","12":"product_tag-norflurazepam-ervaringen","13":"product_tag-norflurazepam-psychonaut","14":"product_tag-norflurazepam-werking","16":"first","17":"instock","18":"taxable","19":"shipping-taxable","20":"purchasable","21":"product-type-variable"},"_links":{"self":[{"href":"https:\/\/researchchemworld.com\/it\/wp-json\/wp\/v2\/product\/24177","targetHints":{"allow":["GET"]}}],"collection":[{"href":"https:\/\/researchchemworld.com\/it\/wp-json\/wp\/v2\/product"}],"about":[{"href":"https:\/\/researchchemworld.com\/it\/wp-json\/wp\/v2\/types\/product"}],"replies":[{"embeddable":true,"href":"https:\/\/researchchemworld.com\/it\/wp-json\/wp\/v2\/comments?post=24177"}],"version-history":[{"count":4,"href":"https:\/\/researchchemworld.com\/it\/wp-json\/wp\/v2\/product\/24177\/revisions"}],"predecessor-version":[{"id":26022,"href":"https:\/\/researchchemworld.com\/it\/wp-json\/wp\/v2\/product\/24177\/revisions\/26022"}],"wp:featuredmedia":[{"embeddable":true,"href":"https:\/\/researchchemworld.com\/it\/wp-json\/wp\/v2\/media\/29444"}],"wp:attachment":[{"href":"https:\/\/researchchemworld.com\/it\/wp-json\/wp\/v2\/media?parent=24177"}],"wp:term":[{"taxonomy":"product_brand","embeddable":true,"href":"https:\/\/researchchemworld.com\/it\/wp-json\/wp\/v2\/product_brand?post=24177"},{"taxonomy":"product_cat","embeddable":true,"href":"https:\/\/researchchemworld.com\/it\/wp-json\/wp\/v2\/product_cat?post=24177"},{"taxonomy":"product_tag","embeddable":true,"href":"https:\/\/researchchemworld.com\/it\/wp-json\/wp\/v2\/product_tag?post=24177"}],"curies":[{"name":"wp","href":"https:\/\/api.w.org\/{rel}","templated":true}]}}